{"id":6,"date":"2022-07-08T10:58:41","date_gmt":"2022-07-08T08:58:41","guid":{"rendered":"https:\/\/wortie.com\/at\/?page_id=6"},"modified":"2023-12-14T10:10:59","modified_gmt":"2023-12-14T09:10:59","slug":"wortie","status":"publish","type":"page","link":"https:\/\/wortie.com\/at\/","title":{"rendered":"Wortie"},"content":{"rendered":"\n<div class=\"wp-block-karopharma-product-promotion text-align-right pt-medium pb-medium bg-center bg-cover bg-no-repeat\" style=\"background-image:url(https:\/\/wortie.com\/cdn-cgi\/image\/format=auto\/app\/uploads\/sites\/8\/2023\/03\/Startpage-bg.jpg)\"><div class=\"container max-w-large\">\n<div class=\"wp-block-group is-layout-flow wp-block-group-is-layout-flow\">\n<figure class=\"wp-block-karopharma-product-promotion-image product-promotion-image\"><img fetchpriority=\"high\" decoding=\"async\" datatest=\"image\" src=\"https:\/\/wortie.com\/cdn-cgi\/image\/format=auto\/app\/uploads\/sites\/8\/2022\/07\/Wortie-Cool-AT.png\" loading=\"eager\" alt=\"Wortie-Cool-AT\" width=\"450\" height=\"450\" srcset=\"https:\/\/wortie.com\/cdn-cgi\/image\/format=auto,width=584\/app\/uploads\/sites\/8\/2022\/07\/Wortie-Cool-AT.png 584w, https:\/\/wortie.com\/cdn-cgi\/image\/format=auto,width=272\/app\/uploads\/sites\/8\/2022\/07\/Wortie-Cool-AT.png 272w\" sizes=\"(max-width: 584px) 100vw, 584px\"\/><\/figure>\n<\/div>\n\n\n\n<div class=\"wp-block-group is-layout-flow wp-block-group-is-layout-flow\">\n<h1 class=\"title is-style-heading-huge wp-block-heading\">Punktgenaue Warzenvereisung f\u00fcr Kinder und Erwachsene<\/h1>\n\n\n\n<h2 class=\"heading is-style-heading-h1 wp-block-heading\"><\/h2>\n\n\n\n<ul class=\"is-style-default wp-block-list\"><li>Optimale Vereisungsleistung<\/li><li>Besonders einfache Handhabung<\/li><li>Keine Verletzung der umliegenden Haut<\/li><\/ul>\n\n\n\n<div class=\"wp-block-buttons is-layout-flex wp-block-buttons-is-layout-flex\">\n<div class=\"wp-block-button\"><a class=\"wp-block-button__link\" href=\"https:\/\/wortie.com\/at\/produkt\/wortie-cool\/\">Weiterlesen<\/a><\/div>\n<\/div>\n<\/div>\n<\/div><\/div>\n\n\n\n<div style=\"height:100px\" aria-hidden=\"true\" class=\"wp-block-spacer\"><\/div>\n\n\n\n<div class=\"wp-block-karopharma-free-text pt-large pb-medium bg-center bg-cover bg-no-repeat  is-style-secondary\" style=\"background-image:url()\"><div class=\"free-text-wrapper container max-w-medium text-center\">\n<h2 class=\"is-style-heading-h2 wp-block-heading\">\u00dcber Warzen<\/h2>\n<\/div><\/div>\n\n\n\n<div class=\"wp-block-karopharma-several-images-with-text several-images-with-text is-style-secondary\"><div class=\"container large col-1 content-align-none\" test-data=\"inner-content\">\n<section class=\"wp-block-karopharma-image-with-text image-with-text image-with-text__full-width\"><div class=\"image-with-text-container \"><div class=\"image-with-text-container-image-container\"><img decoding=\"async\" loading=\"lazy\" src=\"https:\/\/wortie.com\/cdn-cgi\/image\/format=auto\/app\/uploads\/sites\/8\/2022\/07\/shutterstock_105224906.jpeg\" alt=\"Hands\"\/><\/div><div class=\"image-with-text-container-content\" style=\"text-align:left\" data-test=\"content\"><div class=\"content\"><p class=\"body\" data-test=\"body\"><strong>Was sind Warzen?<br><\/strong><br>Fast jeder bekommt im Laufe seines Lebens einmal eine Warze. Es handelt sich dabei meist um eine gutartige kleine Wucherung der Haut. Es gibt viele verschiedene Warzenarten, die sich durch ihr Aussehen und die K\u00f6rperstellen, an denen sie auftreten, voneinander unterscheiden. Die meisten Warzenarten werden durch eine Infektion mit dem humanen Papillomavirus (HPV) verursacht.<br>Warzen k\u00f6nnen sich \u00fcberall am K\u00f6rper bilden, \u00fcberwiegend treten sie jedoch an H\u00e4nden und F\u00fc\u00dfen auf. Warzen k\u00f6nnen in jedem Alter auftreten, besonders h\u00e4ufig sind Kinder und Jugendliche betroffen, aber auch Personen mit geschw\u00e4chtem Immunsystem.<\/p>\n<div class=\"wp-block-buttons is-layout-flex wp-block-buttons-is-layout-flex\"><\/div>\n<\/div><\/div><\/div><\/section>\n\n\n\n<section class=\"wp-block-karopharma-image-with-text image-with-text image-with-text__full-width\"><div class=\"image-with-text-container \"><div class=\"image-with-text-container-image-container\"><img decoding=\"async\" loading=\"lazy\" src=\"https:\/\/wortie.com\/cdn-cgi\/image\/format=auto\/app\/uploads\/sites\/8\/2022\/07\/hand-feet.jpeg\" alt=\"hand-feet\"\/><\/div><div class=\"image-with-text-container-content\" style=\"text-align:left\" data-test=\"content\"><div class=\"content\"><p class=\"body\" data-test=\"body\"><strong>Wie werden Warzen \u00fcbertragen?<br><\/strong><br>Die \u00dcbertragung erfolgt \u00fcber direkten Kontakt bzw. Schmierinfektion \u00fcber kleinste Verletzungen der Haut und Schleimh\u00e4ute. Die Papilloma-Viren k\u00f6nnen \u00fcber leichte Risse im Hauthepithel eindringen. Eine Warze kann durch gemeinsam verwendete Handt\u00fccher, Rasierer oder andere pers\u00f6nliche Gegenst\u00e4nde \u00fcbertragen werden.<br>Warzen k\u00f6nnen auch indirekt \u00fcbertragen werden \u2013 zum Beispiel in Schwimmb\u00e4dern, Duschr\u00e4umen, Turns\u00e4len. Denn ein Fu\u00df mit einer Dornwarze hinterl\u00e4sst virenhaltige Zellen auf dem Boden, wodurch die nasse und somit empf\u00e4nglichere Haut anderer Personen dann ansteckungsgef\u00e4hrdet ist.<\/p>\n<div class=\"wp-block-buttons is-layout-flex wp-block-buttons-is-layout-flex\"><\/div>\n<\/div><\/div><\/div><\/section>\n<\/div><\/div>\n","protected":false},"excerpt":{"rendered":"","protected":false},"author":2,"featured_media":0,"parent":0,"menu_order":0,"comment_status":"closed","ping_status":"closed","template":"","meta":{"_acf_changed":false,"footnotes":""},"from-article-database":[],"class_list":["post-6","page","type-page","status-publish","hentry"],"acf":[],"yoast_head":"<!-- This site is optimized with the Yoast SEO plugin v26.6 - https:\/\/yoast.com\/wordpress\/plugins\/seo\/ -->\n<title>Wortie - Wortie<\/title>\n<meta name=\"description\" content=\"Wortie\u00ae cool gegen gew\u00f6hnliche Warzen und DornwarzenWortie\u00ae ist ein einfach anzuwendendes Produkt zur Vereisung von gew\u00f6hnlichen Warzen und Dornwarzen, vergleichbar der Kryotherapie (K\u00e4ltetherapie), die von \u00c4rzten eingesetzt wird.\" \/>\n<meta name=\"robots\" content=\"index, follow, max-snippet:-1, max-image-preview:large, max-video-preview:-1\" \/>\n<link rel=\"canonical\" href=\"https:\/\/wortie.com\/at\/\" \/>\n<meta property=\"og:locale\" content=\"de_DE\" \/>\n<meta property=\"og:type\" content=\"article\" \/>\n<meta property=\"og:title\" content=\"Wortie - Wortie\" \/>\n<meta property=\"og:description\" content=\"Wortie\u00ae cool gegen gew\u00f6hnliche Warzen und DornwarzenWortie\u00ae ist ein einfach anzuwendendes Produkt zur Vereisung von gew\u00f6hnlichen Warzen und Dornwarzen, vergleichbar der Kryotherapie (K\u00e4ltetherapie), die von \u00c4rzten eingesetzt wird.\" \/>\n<meta property=\"og:url\" content=\"https:\/\/wortie.com\/at\/\" \/>\n<meta property=\"og:site_name\" content=\"Wortie\" \/>\n<meta property=\"article:modified_time\" content=\"2023-12-14T09:10:59+00:00\" \/>\n<meta property=\"og:image\" content=\"https:\/\/wortie.com\/cdn-cgi\/image\/format=auto\/app\/uploads\/sites\/8\/2022\/07\/Wortie-Cool-AT.png\" \/>\n<meta name=\"twitter:card\" content=\"summary_large_image\" \/>\n<meta name=\"twitter:label1\" content=\"Gesch\u00e4tzte Lesezeit\" \/>\n\t<meta name=\"twitter:data1\" content=\"2 Minuten\" \/>\n<script type=\"application\/ld+json\" class=\"yoast-schema-graph\">{\"@context\":\"https:\/\/schema.org\",\"@graph\":[{\"@type\":\"WebPage\",\"@id\":\"https:\/\/wortie.com\/at\/\",\"url\":\"https:\/\/wortie.com\/at\/\",\"name\":\"Wortie - Wortie\",\"isPartOf\":{\"@id\":\"https:\/\/wortie.com\/at\/#website\"},\"primaryImageOfPage\":{\"@id\":\"https:\/\/wortie.com\/at\/#primaryimage\"},\"image\":{\"@id\":\"https:\/\/wortie.com\/at\/#primaryimage\"},\"thumbnailUrl\":\"https:\/\/wortie.com\/cdn-cgi\/image\/format=auto\/app\/uploads\/sites\/8\/2022\/07\/Wortie-Cool-AT.png\",\"datePublished\":\"2022-07-08T08:58:41+00:00\",\"dateModified\":\"2023-12-14T09:10:59+00:00\",\"description\":\"Wortie\u00ae cool gegen gew\u00f6hnliche Warzen und DornwarzenWortie\u00ae ist ein einfach anzuwendendes Produkt zur Vereisung von gew\u00f6hnlichen Warzen und Dornwarzen, vergleichbar der Kryotherapie (K\u00e4ltetherapie), die von \u00c4rzten eingesetzt wird.\",\"breadcrumb\":{\"@id\":\"https:\/\/wortie.com\/at\/#breadcrumb\"},\"inLanguage\":\"de-AT\",\"potentialAction\":[{\"@type\":\"ReadAction\",\"target\":[\"https:\/\/wortie.com\/at\/\"]}]},{\"@type\":\"ImageObject\",\"inLanguage\":\"de-AT\",\"@id\":\"https:\/\/wortie.com\/at\/#primaryimage\",\"url\":\"https:\/\/wortie.com\/cdn-cgi\/image\/format=auto\/app\/uploads\/sites\/8\/2022\/07\/Wortie-Cool-AT.png\",\"contentUrl\":\"https:\/\/wortie.com\/cdn-cgi\/image\/format=auto\/app\/uploads\/sites\/8\/2022\/07\/Wortie-Cool-AT.png\"},{\"@type\":\"BreadcrumbList\",\"@id\":\"https:\/\/wortie.com\/at\/#breadcrumb\",\"itemListElement\":[{\"@type\":\"ListItem\",\"position\":1,\"name\":\"Home\",\"item\":\"https:\/\/wortie.com\/at\/\"},{\"@type\":\"ListItem\",\"position\":2,\"name\":\"Wortie\"}]},{\"@type\":\"WebSite\",\"@id\":\"https:\/\/wortie.com\/at\/#website\",\"url\":\"https:\/\/wortie.com\/at\/\",\"name\":\"Wortie\",\"description\":\"\",\"publisher\":{\"@id\":\"https:\/\/wortie.com\/at\/#organization\"},\"potentialAction\":[{\"@type\":\"SearchAction\",\"target\":{\"@type\":\"EntryPoint\",\"urlTemplate\":\"https:\/\/wortie.com\/at\/?s={search_term_string}\"},\"query-input\":{\"@type\":\"PropertyValueSpecification\",\"valueRequired\":true,\"valueName\":\"search_term_string\"}}],\"inLanguage\":\"de-AT\"},{\"@type\":\"Organization\",\"@id\":\"https:\/\/wortie.com\/at\/#organization\",\"name\":\"Wortie\",\"url\":\"https:\/\/wortie.com\/at\/\",\"logo\":{\"@type\":\"ImageObject\",\"inLanguage\":\"de-AT\",\"@id\":\"https:\/\/wortie.com\/at\/#\/schema\/logo\/image\/\",\"url\":\"https:\/\/wortie.com\/app\/uploads\/sites\/8\/2022\/07\/wortie-logotype.png\",\"contentUrl\":\"https:\/\/wortie.com\/app\/uploads\/sites\/8\/2022\/07\/wortie-logotype.png\",\"width\":116,\"height\":40,\"caption\":\"Wortie\"},\"image\":{\"@id\":\"https:\/\/wortie.com\/at\/#\/schema\/logo\/image\/\"}}]}<\/script>\n<!-- \/ Yoast SEO plugin. -->","yoast_head_json":{"title":"Wortie - Wortie","description":"Wortie\u00ae cool gegen gew\u00f6hnliche Warzen und DornwarzenWortie\u00ae ist ein einfach anzuwendendes Produkt zur Vereisung von gew\u00f6hnlichen Warzen und Dornwarzen, vergleichbar der Kryotherapie (K\u00e4ltetherapie), die von \u00c4rzten eingesetzt wird.","robots":{"index":"index","follow":"follow","max-snippet":"max-snippet:-1","max-image-preview":"max-image-preview:large","max-video-preview":"max-video-preview:-1"},"canonical":"https:\/\/wortie.com\/at\/","og_locale":"de_DE","og_type":"article","og_title":"Wortie - Wortie","og_description":"Wortie\u00ae cool gegen gew\u00f6hnliche Warzen und DornwarzenWortie\u00ae ist ein einfach anzuwendendes Produkt zur Vereisung von gew\u00f6hnlichen Warzen und Dornwarzen, vergleichbar der Kryotherapie (K\u00e4ltetherapie), die von \u00c4rzten eingesetzt wird.","og_url":"https:\/\/wortie.com\/at\/","og_site_name":"Wortie","article_modified_time":"2023-12-14T09:10:59+00:00","og_image":[{"url":"https:\/\/wortie.com\/cdn-cgi\/image\/format=auto\/app\/uploads\/sites\/8\/2022\/07\/Wortie-Cool-AT.png","type":"","width":"","height":""}],"twitter_card":"summary_large_image","twitter_misc":{"Gesch\u00e4tzte Lesezeit":"2 Minuten"},"schema":{"@context":"https:\/\/schema.org","@graph":[{"@type":"WebPage","@id":"https:\/\/wortie.com\/at\/","url":"https:\/\/wortie.com\/at\/","name":"Wortie - Wortie","isPartOf":{"@id":"https:\/\/wortie.com\/at\/#website"},"primaryImageOfPage":{"@id":"https:\/\/wortie.com\/at\/#primaryimage"},"image":{"@id":"https:\/\/wortie.com\/at\/#primaryimage"},"thumbnailUrl":"https:\/\/wortie.com\/cdn-cgi\/image\/format=auto\/app\/uploads\/sites\/8\/2022\/07\/Wortie-Cool-AT.png","datePublished":"2022-07-08T08:58:41+00:00","dateModified":"2023-12-14T09:10:59+00:00","description":"Wortie\u00ae cool gegen gew\u00f6hnliche Warzen und DornwarzenWortie\u00ae ist ein einfach anzuwendendes Produkt zur Vereisung von gew\u00f6hnlichen Warzen und Dornwarzen, vergleichbar der Kryotherapie (K\u00e4ltetherapie), die von \u00c4rzten eingesetzt wird.","breadcrumb":{"@id":"https:\/\/wortie.com\/at\/#breadcrumb"},"inLanguage":"de-AT","potentialAction":[{"@type":"ReadAction","target":["https:\/\/wortie.com\/at\/"]}]},{"@type":"ImageObject","inLanguage":"de-AT","@id":"https:\/\/wortie.com\/at\/#primaryimage","url":"https:\/\/wortie.com\/cdn-cgi\/image\/format=auto\/app\/uploads\/sites\/8\/2022\/07\/Wortie-Cool-AT.png","contentUrl":"https:\/\/wortie.com\/cdn-cgi\/image\/format=auto\/app\/uploads\/sites\/8\/2022\/07\/Wortie-Cool-AT.png"},{"@type":"BreadcrumbList","@id":"https:\/\/wortie.com\/at\/#breadcrumb","itemListElement":[{"@type":"ListItem","position":1,"name":"Home","item":"https:\/\/wortie.com\/at\/"},{"@type":"ListItem","position":2,"name":"Wortie"}]},{"@type":"WebSite","@id":"https:\/\/wortie.com\/at\/#website","url":"https:\/\/wortie.com\/at\/","name":"Wortie","description":"","publisher":{"@id":"https:\/\/wortie.com\/at\/#organization"},"potentialAction":[{"@type":"SearchAction","target":{"@type":"EntryPoint","urlTemplate":"https:\/\/wortie.com\/at\/?s={search_term_string}"},"query-input":{"@type":"PropertyValueSpecification","valueRequired":true,"valueName":"search_term_string"}}],"inLanguage":"de-AT"},{"@type":"Organization","@id":"https:\/\/wortie.com\/at\/#organization","name":"Wortie","url":"https:\/\/wortie.com\/at\/","logo":{"@type":"ImageObject","inLanguage":"de-AT","@id":"https:\/\/wortie.com\/at\/#\/schema\/logo\/image\/","url":"https:\/\/wortie.com\/app\/uploads\/sites\/8\/2022\/07\/wortie-logotype.png","contentUrl":"https:\/\/wortie.com\/app\/uploads\/sites\/8\/2022\/07\/wortie-logotype.png","width":116,"height":40,"caption":"Wortie"},"image":{"@id":"https:\/\/wortie.com\/at\/#\/schema\/logo\/image\/"}}]}},"_links":{"self":[{"href":"https:\/\/wortie.com\/at\/wp-json\/wp\/v2\/pages\/6","targetHints":{"allow":["GET"]}}],"collection":[{"href":"https:\/\/wortie.com\/at\/wp-json\/wp\/v2\/pages"}],"about":[{"href":"https:\/\/wortie.com\/at\/wp-json\/wp\/v2\/types\/page"}],"author":[{"embeddable":true,"href":"https:\/\/wortie.com\/at\/wp-json\/wp\/v2\/users\/2"}],"replies":[{"embeddable":true,"href":"https:\/\/wortie.com\/at\/wp-json\/wp\/v2\/comments?post=6"}],"version-history":[{"count":8,"href":"https:\/\/wortie.com\/at\/wp-json\/wp\/v2\/pages\/6\/revisions"}],"predecessor-version":[{"id":120,"href":"https:\/\/wortie.com\/at\/wp-json\/wp\/v2\/pages\/6\/revisions\/120"}],"wp:attachment":[{"href":"https:\/\/wortie.com\/at\/wp-json\/wp\/v2\/media?parent=6"}],"wp:term":[{"taxonomy":"from-article-database","embeddable":true,"href":"https:\/\/wortie.com\/at\/wp-json\/wp\/v2\/from-article-database?post=6"}],"curies":[{"name":"wp","href":"https:\/\/api.w.org\/{rel}","templated":true}]}}