{"id":113,"date":"2022-07-08T13:51:07","date_gmt":"2022-07-08T11:51:07","guid":{"rendered":"https:\/\/wortie.com\/be\/a-propos-de-wortie\/"},"modified":"2025-09-08T11:36:45","modified_gmt":"2025-09-08T09:36:45","slug":"a-propos-de-wortie","status":"publish","type":"page","link":"https:\/\/wortie.com\/be\/fr\/a-propos-de-wortie\/","title":{"rendered":"\u00c0 propos de Wortie"},"content":{"rendered":"\n<div class=\"wp-block-karopharma-background-image-with-text-v2 background-image-with-text-v2 undefined content-position-center fixed-height-layout\" datatest=\"root\"><div class=\"background-image-with-text-wrapper\"><picture class=\"background-image-with-text-image\"><source media=\"(max-width: 560px)\" srcset=\"https:\/\/wortie.com\/cdn-cgi\/image\/format=auto,width=560\/app\/uploads\/sites\/6\/2022\/07\/om-wortie.webp\"\/><source media=\"(max-width: 800px)\" srcset=\"https:\/\/wortie.com\/cdn-cgi\/image\/format=auto,width=800\/app\/uploads\/sites\/6\/2022\/07\/om-wortie.webp\"\/><source media=\"(max-width: 1920px)\" srcset=\"https:\/\/wortie.com\/cdn-cgi\/image\/format=auto,width=1920\/app\/uploads\/sites\/6\/2022\/07\/om-wortie.webp\"\/><img decoding=\"async\" width=\"1920\" height=\"721\" datatest=\"background-image\" loading=\"lazy\" class=\"object-center object-cover\" src=\"https:\/\/wortie.com\/cdn-cgi\/image\/format=auto\/app\/uploads\/sites\/6\/2022\/07\/om-wortie.webp\" alt=\"Background image\"\/><\/picture><div datatest=\"content-wrapper\" class=\"background-image-with-text-content-wrapper container max-w-medium text-alignment-left  pt-large pb-large\"><div class=\"content\"><h1 datatest=\"heading\" class=\"\"><strong>\u00c0 propos de Wortie<\/strong><\/h1>\n<div class=\"wp-block-buttons is-layout-flex wp-block-buttons-is-layout-flex\"><\/div>\n<\/div><\/div><\/div><\/div>\n\n\n\n<div class=\"wp-block-karopharma-free-text pt-large pb-large bg-center bg-cover bg-no-repeat\" style=\"background-image:url()\"><div class=\"free-text-wrapper container max-w-medium text-left\">\n<p class=\"has-text-align-center\">Wortie est la solution s\u00fbre pour vos verrues et celles de votre famille. Nous avons des produits \u00e0 partir de 4 ans sous forme de liquides, de pansements et de produits surgel\u00e9s. Notre embout de pr\u00e9cision unique permet de congeler soi-m\u00eame les verrues sur les mains et les pieds en toute s\u00e9curit\u00e9.<\/p>\n<\/div><\/div>\n\n\n<div class=\"product-list wp-block-karopharma-product-list\" data-testid=\"product-list\">\n      <div class=\"swiper-container\">\n      <div class=\"swiper\">\n        <div class=\"swiper-wrapper\">\n                      <div class=\"swiper-slide\">\n              <div class=\"product-card\" data-testid=\"product-card\">\n  <a\n    href=https:\/\/wortie.com\/be\/fr\/produit\/wortie-freeze-pro\/\n    class=\"product-card-link\"\n    title=\"Wortie Freeze Pro\"\n  >\n  <figure class=\"product-card-image\" data-testid=\"product-image\">\n                          <img decoding=\"async\" src=\"https:\/\/wortie.com\/cdn-cgi\/image\/width=700,format=auto\/app\/uploads\/sites\/6\/2023\/12\/wortie-freeze-pro-be.png\"\n        srcset=\"https:\/\/wortie.com\/cdn-cgi\/image\/width=250,format=auto\/app\/uploads\/sites\/6\/2023\/12\/wortie-freeze-pro-be.png 250w,\n                https:\/\/wortie.com\/cdn-cgi\/image\/width=500,format=auto\/app\/uploads\/sites\/6\/2023\/12\/wortie-freeze-pro-be.png 500w,\n                https:\/\/wortie.com\/cdn-cgi\/image\/width=700,format=auto\/app\/uploads\/sites\/6\/2023\/12\/wortie-freeze-pro-be.png 700w\"\n        sizes=\"(max-width: 400px) 250px, (max-width: 800px) 500px, 700px\"\n        alt=\"wortie-freeze-pro\"\n        class=\"img\">\n            <\/figure>\n    <div class=\"product-card-content\">\n      <div class=\"heading-wrapper\">\n        <h2 class=\"heading\">Wortie Freeze Pro<\/h2>\n      <\/div>\n      <div class=\"product-card-description\">G\u00e8le m\u00eame les verrues les plus tenaces en quelques secondes<\/div>\n                      <\/div>\n  <\/a>\n          <div class=\"button-wrapper buy-now no-resellers\" data-testid=\"buy-now\">\n          <div class=\"buy-now-container dropdown-container\">\n    <a\n      class=\"theme-button button-primary-color rounded-button\"\n      href=\"https:\/\/www.bol.com\/be\/nl\/p\/wortie-freeze-pro-wrattenverwijderaar-50-ml-eenvoudig-wratten-en-voetwratten-bevriezen-bevat-15-behandelingen-medische-hulpmiddelen-voor-voet-wrattenbehandeling-incl-geleidende-gel-beschermende-pleisters\/9300000182831087\/?bltgh=qzN02TCTV96TiISlG6tMXA.2_12.13.ProductTitle\" onclick=\"dataLayer.push({'event':'ga_event', 'eventCategory':'Click on Reseller', 'eventAction':'Bol', 'eventLabel':'Wortie Freeze Pro', 'eventValue': undefined})\" rel=\"noopener\" target=\"_blank\" title=\"Bol\"\n      data-testid=\"buy-now-reseller\">\n      Acheter maintenant\n    <\/a>\n    <\/div>\n  <\/div>\n  <\/div>\n            <\/div>\n                      <div class=\"swiper-slide\">\n              <div class=\"product-card\" data-testid=\"product-card\">\n  <a\n    href=https:\/\/wortie.com\/be\/fr\/produit\/wortie-cool\/\n    class=\"product-card-link\"\n    title=\"Wortie Freeze\"\n  >\n  <figure class=\"product-card-image\" data-testid=\"product-image\">\n                          <img decoding=\"async\" src=\"https:\/\/wortie.com\/cdn-cgi\/image\/width=700,format=auto\/app\/uploads\/sites\/6\/2022\/07\/WortieFreeze-Be.png\"\n        srcset=\"https:\/\/wortie.com\/cdn-cgi\/image\/width=250,format=auto\/app\/uploads\/sites\/6\/2022\/07\/WortieFreeze-Be.png 250w,\n                https:\/\/wortie.com\/cdn-cgi\/image\/width=500,format=auto\/app\/uploads\/sites\/6\/2022\/07\/WortieFreeze-Be.png 500w,\n                https:\/\/wortie.com\/cdn-cgi\/image\/width=700,format=auto\/app\/uploads\/sites\/6\/2022\/07\/WortieFreeze-Be.png 700w\"\n        sizes=\"(max-width: 400px) 250px, (max-width: 800px) 500px, 700px\"\n        alt=\"WortieFreeze\"\n        class=\"img\">\n            <\/figure>\n    <div class=\"product-card-content\">\n      <div class=\"heading-wrapper\">\n        <h2 class=\"heading\">Wortie Freeze<\/h2>\n      <\/div>\n      <div class=\"product-card-description\">Pr\u00e9cis et efficace, il convient \u00e0 toute la famille \u00e0 partir de 4 ans. Supprime les verrues et les verrues plantaires rapidement, une seule application suffit.<\/div>\n                      <\/div>\n  <\/a>\n          <div class=\"button-wrapper buy-now \" data-testid=\"buy-now\">\n      <div class=\"buy-now-container dropdown-container\">\n      <div class=\"theme-button button-primary-color dropdown-link\" aria-label=\"Acheter maintenant\">\n          Acheter maintenant <i class=\"dropdown\"><\/i>\n      <\/div>\n      <ul class=\"reseller-list submenu\">\n                    <li>\n              <a\n                href=\"https:\/\/www.bol.com\/be\/nl\/p\/wortie-wrattenverwijderaar-50-ml\/9200000043119713\/\" onclick=\"dataLayer.push({'event':'ga_event', 'eventCategory':'Click on Reseller', 'eventAction':'Bol', 'eventLabel':'Wortie Freeze', 'eventValue': undefined})\" rel=\"noopener\" target=\"_blank\" title=\"Bol\"\n                data-testid=\"buy-now-reseller\">\n                <i class=\"fa-solid fa-arrow-right\"><\/i> Bol\n              <\/a>\n          <\/li>\n                    <li>\n              <a\n                href=\"https:\/\/www.farmaline.be\/nl\/thuiszorg\/BE04860482\/wortie-freeze-wratten-voetwratten-verwijderaar-5.htm\" onclick=\"dataLayer.push({'event':'ga_event', 'eventCategory':'Click on Reseller', 'eventAction':'Farmaline', 'eventLabel':'Wortie Freeze', 'eventValue': undefined})\" rel=\"noopener\" target=\"_blank\" title=\"Farmaline\"\n                data-testid=\"buy-now-reseller\">\n                <i class=\"fa-solid fa-arrow-right\"><\/i> Farmaline\n              <\/a>\n          <\/li>\n                    <li>\n              <a\n                href=\"https:\/\/www.viata.be\/wortie-cool-antiwratten-wrat-applicator-50-ml-nl\" onclick=\"dataLayer.push({'event':'ga_event', 'eventCategory':'Click on Reseller', 'eventAction':'Viata', 'eventLabel':'Wortie Freeze', 'eventValue': undefined})\" rel=\"noopener\" target=\"_blank\" title=\"Viata\"\n                data-testid=\"buy-now-reseller\">\n                <i class=\"fa-solid fa-arrow-right\"><\/i> Viata\n              <\/a>\n          <\/li>\n                <\/ul>\n    <\/div>\n  <\/div>\n  <\/div>\n            <\/div>\n                  <\/div>\n        <div class=\"swiper-scrollbar\"><\/div>\n      <\/div>\n    <\/div>\n  <\/div>\n","protected":false},"excerpt":{"rendered":"","protected":false},"author":2,"featured_media":0,"parent":0,"menu_order":0,"comment_status":"closed","ping_status":"closed","template":"","meta":{"_acf_changed":false,"footnotes":""},"from-article-database":[],"class_list":["post-113","page","type-page","status-publish","hentry"],"acf":[],"yoast_head":"<!-- This site is optimized with the Yoast SEO plugin v26.6 - https:\/\/yoast.com\/wordpress\/plugins\/seo\/ -->\n<title>\u00c0 propos de Wortie - Wortie<\/title>\n<meta name=\"description\" content=\"Wortie est la solution s\u00fbre pour vos verrues et celles de votre famille. Nous avons des produits \u00e0 partir de 4 ans sous forme de liquides, de pansements et de produits surgel\u00e9s.\" \/>\n<meta name=\"robots\" content=\"index, follow, max-snippet:-1, max-image-preview:large, max-video-preview:-1\" \/>\n<link rel=\"canonical\" href=\"https:\/\/wortie.com\/be\/fr\/a-propos-de-wortie\/\" \/>\n<meta property=\"og:locale\" content=\"fr_FR\" \/>\n<meta property=\"og:type\" content=\"article\" \/>\n<meta property=\"og:title\" content=\"\u00c0 propos de Wortie - Wortie\" \/>\n<meta property=\"og:description\" content=\"Wortie est la solution s\u00fbre pour vos verrues et celles de votre famille. Nous avons des produits \u00e0 partir de 4 ans sous forme de liquides, de pansements et de produits surgel\u00e9s.\" \/>\n<meta property=\"og:url\" content=\"https:\/\/wortie.com\/be\/fr\/a-propos-de-wortie\/\" \/>\n<meta property=\"og:site_name\" content=\"Wortie\" \/>\n<meta property=\"article:modified_time\" content=\"2025-09-08T09:36:45+00:00\" \/>\n<meta property=\"og:image\" content=\"https:\/\/wortie.com\/cdn-cgi\/image\/format=auto\/app\/uploads\/sites\/6\/2022\/07\/om-wortie.webp\" \/>\n<meta name=\"twitter:card\" content=\"summary_large_image\" \/>\n<meta name=\"twitter:label1\" content=\"Dur\u00e9e de lecture est.\" \/>\n\t<meta name=\"twitter:data1\" content=\"1 minute\" \/>\n<script type=\"application\/ld+json\" class=\"yoast-schema-graph\">{\"@context\":\"https:\/\/schema.org\",\"@graph\":[{\"@type\":\"WebPage\",\"@id\":\"https:\/\/wortie.com\/be\/fr\/a-propos-de-wortie\/\",\"url\":\"https:\/\/wortie.com\/be\/fr\/a-propos-de-wortie\/\",\"name\":\"\u00c0 propos de Wortie - Wortie\",\"isPartOf\":{\"@id\":\"https:\/\/wortie.com\/be\/fr\/#website\"},\"primaryImageOfPage\":{\"@id\":\"https:\/\/wortie.com\/be\/fr\/a-propos-de-wortie\/#primaryimage\"},\"image\":{\"@id\":\"https:\/\/wortie.com\/be\/fr\/a-propos-de-wortie\/#primaryimage\"},\"thumbnailUrl\":\"https:\/\/wortie.com\/cdn-cgi\/image\/format=auto\/app\/uploads\/sites\/6\/2022\/07\/om-wortie.webp\",\"datePublished\":\"2022-07-08T11:51:07+00:00\",\"dateModified\":\"2025-09-08T09:36:45+00:00\",\"description\":\"Wortie est la solution s\u00fbre pour vos verrues et celles de votre famille. Nous avons des produits \u00e0 partir de 4 ans sous forme de liquides, de pansements et de produits surgel\u00e9s.\",\"breadcrumb\":{\"@id\":\"https:\/\/wortie.com\/be\/fr\/a-propos-de-wortie\/#breadcrumb\"},\"inLanguage\":\"fr-BE\",\"potentialAction\":[{\"@type\":\"ReadAction\",\"target\":[\"https:\/\/wortie.com\/be\/fr\/a-propos-de-wortie\/\"]}]},{\"@type\":\"ImageObject\",\"inLanguage\":\"fr-BE\",\"@id\":\"https:\/\/wortie.com\/be\/fr\/a-propos-de-wortie\/#primaryimage\",\"url\":\"https:\/\/wortie.com\/cdn-cgi\/image\/format=auto\/app\/uploads\/sites\/6\/2022\/07\/om-wortie.webp\",\"contentUrl\":\"https:\/\/wortie.com\/cdn-cgi\/image\/format=auto\/app\/uploads\/sites\/6\/2022\/07\/om-wortie.webp\"},{\"@type\":\"BreadcrumbList\",\"@id\":\"https:\/\/wortie.com\/be\/fr\/a-propos-de-wortie\/#breadcrumb\",\"itemListElement\":[{\"@type\":\"ListItem\",\"position\":1,\"name\":\"Home\",\"item\":\"https:\/\/wortie.com\/be\/fr\/\"},{\"@type\":\"ListItem\",\"position\":2,\"name\":\"\u00c0 propos de Wortie\"}]},{\"@type\":\"WebSite\",\"@id\":\"https:\/\/wortie.com\/be\/fr\/#website\",\"url\":\"https:\/\/wortie.com\/be\/fr\/\",\"name\":\"Wortie\",\"description\":\"\",\"publisher\":{\"@id\":\"https:\/\/wortie.com\/be\/fr\/#organization\"},\"potentialAction\":[{\"@type\":\"SearchAction\",\"target\":{\"@type\":\"EntryPoint\",\"urlTemplate\":\"https:\/\/wortie.com\/be\/fr\/?s={search_term_string}\"},\"query-input\":{\"@type\":\"PropertyValueSpecification\",\"valueRequired\":true,\"valueName\":\"search_term_string\"}}],\"inLanguage\":\"fr-BE\"},{\"@type\":\"Organization\",\"@id\":\"https:\/\/wortie.com\/be\/fr\/#organization\",\"name\":\"Wortie\",\"url\":\"https:\/\/wortie.com\/be\/fr\/\",\"logo\":{\"@type\":\"ImageObject\",\"inLanguage\":\"fr-BE\",\"@id\":\"https:\/\/wortie.com\/be\/fr\/#\/schema\/logo\/image\/\",\"url\":\"https:\/\/wortie.com\/app\/uploads\/sites\/6\/2022\/07\/wortie-logotype.png\",\"contentUrl\":\"https:\/\/wortie.com\/app\/uploads\/sites\/6\/2022\/07\/wortie-logotype.png\",\"width\":116,\"height\":40,\"caption\":\"Wortie\"},\"image\":{\"@id\":\"https:\/\/wortie.com\/be\/fr\/#\/schema\/logo\/image\/\"}}]}<\/script>\n<!-- \/ Yoast SEO plugin. -->","yoast_head_json":{"title":"\u00c0 propos de Wortie - Wortie","description":"Wortie est la solution s\u00fbre pour vos verrues et celles de votre famille. Nous avons des produits \u00e0 partir de 4 ans sous forme de liquides, de pansements et de produits surgel\u00e9s.","robots":{"index":"index","follow":"follow","max-snippet":"max-snippet:-1","max-image-preview":"max-image-preview:large","max-video-preview":"max-video-preview:-1"},"canonical":"https:\/\/wortie.com\/be\/fr\/a-propos-de-wortie\/","og_locale":"fr_FR","og_type":"article","og_title":"\u00c0 propos de Wortie - Wortie","og_description":"Wortie est la solution s\u00fbre pour vos verrues et celles de votre famille. Nous avons des produits \u00e0 partir de 4 ans sous forme de liquides, de pansements et de produits surgel\u00e9s.","og_url":"https:\/\/wortie.com\/be\/fr\/a-propos-de-wortie\/","og_site_name":"Wortie","article_modified_time":"2025-09-08T09:36:45+00:00","og_image":[{"url":"https:\/\/wortie.com\/cdn-cgi\/image\/format=auto\/app\/uploads\/sites\/6\/2022\/07\/om-wortie.webp","type":"","width":"","height":""}],"twitter_card":"summary_large_image","twitter_misc":{"Dur\u00e9e de lecture est.":"1 minute"},"schema":{"@context":"https:\/\/schema.org","@graph":[{"@type":"WebPage","@id":"https:\/\/wortie.com\/be\/fr\/a-propos-de-wortie\/","url":"https:\/\/wortie.com\/be\/fr\/a-propos-de-wortie\/","name":"\u00c0 propos de Wortie - Wortie","isPartOf":{"@id":"https:\/\/wortie.com\/be\/fr\/#website"},"primaryImageOfPage":{"@id":"https:\/\/wortie.com\/be\/fr\/a-propos-de-wortie\/#primaryimage"},"image":{"@id":"https:\/\/wortie.com\/be\/fr\/a-propos-de-wortie\/#primaryimage"},"thumbnailUrl":"https:\/\/wortie.com\/cdn-cgi\/image\/format=auto\/app\/uploads\/sites\/6\/2022\/07\/om-wortie.webp","datePublished":"2022-07-08T11:51:07+00:00","dateModified":"2025-09-08T09:36:45+00:00","description":"Wortie est la solution s\u00fbre pour vos verrues et celles de votre famille. Nous avons des produits \u00e0 partir de 4 ans sous forme de liquides, de pansements et de produits surgel\u00e9s.","breadcrumb":{"@id":"https:\/\/wortie.com\/be\/fr\/a-propos-de-wortie\/#breadcrumb"},"inLanguage":"fr-BE","potentialAction":[{"@type":"ReadAction","target":["https:\/\/wortie.com\/be\/fr\/a-propos-de-wortie\/"]}]},{"@type":"ImageObject","inLanguage":"fr-BE","@id":"https:\/\/wortie.com\/be\/fr\/a-propos-de-wortie\/#primaryimage","url":"https:\/\/wortie.com\/cdn-cgi\/image\/format=auto\/app\/uploads\/sites\/6\/2022\/07\/om-wortie.webp","contentUrl":"https:\/\/wortie.com\/cdn-cgi\/image\/format=auto\/app\/uploads\/sites\/6\/2022\/07\/om-wortie.webp"},{"@type":"BreadcrumbList","@id":"https:\/\/wortie.com\/be\/fr\/a-propos-de-wortie\/#breadcrumb","itemListElement":[{"@type":"ListItem","position":1,"name":"Home","item":"https:\/\/wortie.com\/be\/fr\/"},{"@type":"ListItem","position":2,"name":"\u00c0 propos de Wortie"}]},{"@type":"WebSite","@id":"https:\/\/wortie.com\/be\/fr\/#website","url":"https:\/\/wortie.com\/be\/fr\/","name":"Wortie","description":"","publisher":{"@id":"https:\/\/wortie.com\/be\/fr\/#organization"},"potentialAction":[{"@type":"SearchAction","target":{"@type":"EntryPoint","urlTemplate":"https:\/\/wortie.com\/be\/fr\/?s={search_term_string}"},"query-input":{"@type":"PropertyValueSpecification","valueRequired":true,"valueName":"search_term_string"}}],"inLanguage":"fr-BE"},{"@type":"Organization","@id":"https:\/\/wortie.com\/be\/fr\/#organization","name":"Wortie","url":"https:\/\/wortie.com\/be\/fr\/","logo":{"@type":"ImageObject","inLanguage":"fr-BE","@id":"https:\/\/wortie.com\/be\/fr\/#\/schema\/logo\/image\/","url":"https:\/\/wortie.com\/app\/uploads\/sites\/6\/2022\/07\/wortie-logotype.png","contentUrl":"https:\/\/wortie.com\/app\/uploads\/sites\/6\/2022\/07\/wortie-logotype.png","width":116,"height":40,"caption":"Wortie"},"image":{"@id":"https:\/\/wortie.com\/be\/fr\/#\/schema\/logo\/image\/"}}]}},"_links":{"self":[{"href":"https:\/\/wortie.com\/be\/fr\/wp-json\/wp\/v2\/pages\/113","targetHints":{"allow":["GET"]}}],"collection":[{"href":"https:\/\/wortie.com\/be\/fr\/wp-json\/wp\/v2\/pages"}],"about":[{"href":"https:\/\/wortie.com\/be\/fr\/wp-json\/wp\/v2\/types\/page"}],"author":[{"embeddable":true,"href":"https:\/\/wortie.com\/be\/fr\/wp-json\/wp\/v2\/users\/2"}],"replies":[{"embeddable":true,"href":"https:\/\/wortie.com\/be\/fr\/wp-json\/wp\/v2\/comments?post=113"}],"version-history":[{"count":3,"href":"https:\/\/wortie.com\/be\/fr\/wp-json\/wp\/v2\/pages\/113\/revisions"}],"predecessor-version":[{"id":303,"href":"https:\/\/wortie.com\/be\/fr\/wp-json\/wp\/v2\/pages\/113\/revisions\/303"}],"wp:attachment":[{"href":"https:\/\/wortie.com\/be\/fr\/wp-json\/wp\/v2\/media?parent=113"}],"wp:term":[{"taxonomy":"from-article-database","embeddable":true,"href":"https:\/\/wortie.com\/be\/fr\/wp-json\/wp\/v2\/from-article-database?post=113"}],"curies":[{"name":"wp","href":"https:\/\/api.w.org\/{rel}","templated":true}]}}