{"id":116,"date":"2022-07-08T13:52:25","date_gmt":"2022-07-08T11:52:25","guid":{"rendered":"https:\/\/wortie.com\/be\/faq\/"},"modified":"2025-09-08T11:36:41","modified_gmt":"2025-09-08T09:36:41","slug":"faq","status":"publish","type":"page","link":"https:\/\/wortie.com\/be\/fr\/faq\/","title":{"rendered":"FAQ"},"content":{"rendered":"\n<div class=\"wp-block-karopharma-background-image-with-text-v2 background-image-with-text-v2 undefined content-position-center fixed-height-layout\" datatest=\"root\"><div class=\"background-image-with-text-wrapper\"><picture class=\"background-image-with-text-image\"><source media=\"(max-width: 560px)\" srcset=\"https:\/\/wortie.com\/cdn-cgi\/image\/format=auto,width=560\/app\/uploads\/sites\/6\/2022\/07\/FAQ.webp\"\/><source media=\"(max-width: 800px)\" srcset=\"https:\/\/wortie.com\/cdn-cgi\/image\/format=auto,width=800\/app\/uploads\/sites\/6\/2022\/07\/FAQ.webp\"\/><source media=\"(max-width: 1920px)\" srcset=\"https:\/\/wortie.com\/cdn-cgi\/image\/format=auto,width=1920\/app\/uploads\/sites\/6\/2022\/07\/FAQ.webp\"\/><img decoding=\"async\" width=\"1920\" height=\"747\" datatest=\"background-image\" loading=\"lazy\" class=\"object-center object-cover\" src=\"https:\/\/wortie.com\/cdn-cgi\/image\/format=auto\/app\/uploads\/sites\/6\/2022\/07\/FAQ.webp\" alt=\"Background image\"\/><\/picture><div datatest=\"content-wrapper\" class=\"background-image-with-text-content-wrapper container max-w-medium text-alignment-left  pt-large pb-large\"><div class=\"content\"><h1 datatest=\"heading\" class=\"\"><strong>FAQ<\/strong><\/h1>\n<div class=\"wp-block-buttons is-layout-flex wp-block-buttons-is-layout-flex\"><\/div>\n<\/div><\/div><\/div><\/div>\n\n\n\n<div class=\"wp-block-karopharma-accordions\"><div class=\"container\">\n<details class=\"wp-block-karopharma-accordion\"><summary><h2 class=\"accordion-title\">Comment fonctionne Wortie?<\/h2><\/summary><div class=\"accordion-content\">\n<p>Wortie cong\u00e8le avec pr\u00e9cision la verrue ou la verrue plantaire jusqu&rsquo;au c\u0153ur gr\u00e2ce \u00e0 son embout de pr\u00e9cision unique, et permet ainsi d\u2019\u00e9liminer la verrue. La forme de l&#8217;embout m\u00e9tallique de pr\u00e9cision Wortie permet une application pr\u00e9cise du froid qui est limit\u00e9e \u00e0 la verrue ou \u00e0 la verrue plantaire en \u00e9vitant d\u2019endommager la peau saine environnante. Cette approche permet une application nettement moins douloureuse.<\/p>\n<\/div><\/details>\n\n\n\n<details class=\"wp-block-karopharma-accordion\"><summary><h2 class=\"accordion-title\">Que Contient Wortie?<\/h2><\/summary><div class=\"accordion-content\">\n<p>Il contient du dim\u00e9thyl \u00e9ther (DME), un gaz qui, une fois lib\u00e9r\u00e9, refroidit la pointe m\u00e9tallique de Wortie.<\/p>\n<\/div><\/details>\n\n\n\n<details class=\"wp-block-karopharma-accordion\"><summary><h2 class=\"accordion-title\">Est-ce que Wortie est sans danger pour les enfants?<\/h2><\/summary><div class=\"accordion-content\">\n<p>Le produit anti-verrues Wortie Wart &amp; Verruca est sans danger pour les enfants de 4 ans et plus.<\/p>\n\n\n\n<p>Wortie Advanced convient aux enfants de 12 ans et plus. Comme Wortie applique le froid \u00e0 travers un embout m\u00e9tallique de pr\u00e9cision, la zone de cong\u00e9lation peut \u00eatre contr\u00f4l\u00e9e par la quantit\u00e9 de pression exerc\u00e9e sur le flacon pendant l&rsquo;application : Plus de pression signifie qu&rsquo;une plus grande partie de l&#8217;embout m\u00e9tallique touche la peau, ce qui donne une plus grande surface de cong\u00e9lation. En exer\u00e7ant une l\u00e9g\u00e8re pression, le contact est minimis\u00e9, ce qui permet de traiter les verrues et les verrues plantaires plus petites avec la m\u00eame pr\u00e9cision, le m\u00eame confort et la m\u00eame s\u00e9curit\u00e9.<\/p>\n<\/div><\/details>\n\n\n\n<details class=\"wp-block-karopharma-accordion\"><summary><h2 class=\"accordion-title\">Comment devrais-je utiliser le produit anti-verrues Wortie Wart &amp; Verruca?<\/h2><\/summary><div class=\"accordion-content\">\n<ol class=\"wp-block-list is-style-icon\">\n<li>En cas de verrues matures tenaces, pressez doucement le tube de gel pour appliquer une seule goutte du gel conducteur exactement sur la verrue. Retirez le capuchon et suivez les \u00e9tapes ci-dessous:<\/li>\n\n\n\n<li>Placez le flacon \u00e0 la verticale sur une table en le tenant par la bague. Laissez le flacon sur la table. Tournez le c\u00f4ne sur la position \u00ab 1 \u00bb et appuyez dessus pendant 3 secondes. Vous entendez un sifflement. (NE PAS D\u00c9PASSER 3 SECONDES).<\/li>\n\n\n\n<li>Le c\u00f4ne revient automatiquement \u00e0 la position \u00ab 0 \u00bb et l\u2019embout m\u00e9tallique commence \u00e0 se refroidir.<\/li>\n\n\n\n<li>Appliquer l&#8217;embout avec pr\u00e9cision sur la verrue\/verrue plantaire pour la congeler.<\/li>\n<\/ol>\n<\/div><\/details>\n\n\n\n<details class=\"wp-block-karopharma-accordion\"><summary><h2 class=\"accordion-title\">Ma verrue ou verrue plantaire n\u00e9st pas \u00e9limin\u00e9e apr\u00e9s un traitement. Que dois-je faire?<\/h2><\/summary><div class=\"accordion-content\">\n<p>Dans certains cas, il peut \u00eatre utile de faire tremper la zone de la verrue dans de l&rsquo;eau ti\u00e8de pendant quelques minutes avant d&rsquo;utiliser Wortie, afin d&rsquo;augmenter la p\u00e9n\u00e9tration du liquide dans la peau calleuse qui s&rsquo;est form\u00e9e \u00e0 son sommet. Traiter chaque verrue restante s\u00e9par\u00e9ment, avec une p\u00e9riode minimale de deux semaines entre les traitements.<\/p>\n<\/div><\/details>\n\n\n\n<details class=\"wp-block-karopharma-accordion\"><summary><h2 class=\"accordion-title\">Vous pouvez aussi utiliser Wortie Advanced pour traiter les verrues tenaces ou matures. Comment savoir si le flacon Wortie est vide?<\/h2><\/summary><div class=\"accordion-content\">\n<p>Si l&#8217;embout m\u00e9tallique ne refroidit plus apr\u00e8s l&rsquo;activation, votre flacon Wortie est vide.<\/p>\n\n\n\n<p>Wortie permet 18 applications.<\/p>\n<\/div><\/details>\n\n\n\n<details class=\"wp-block-karopharma-accordion\"><summary><h2 class=\"accordion-title\">Que pouvez-vous ressentir apr\u00e8s avoir utilis\u00e9 Wortie Freeze Pro ?<\/h2><\/summary><div class=\"accordion-content\">\n<p>L\u2019utilisation de Wortie Freeze Pro provoque une sensation de picotement et la peau peut \u00eatre douloureuse ou irrit\u00e9e. Ne vous inqui\u00e9tez pas, ces effets devraient dispara\u00eetre apr\u00e8s quelques heures.<\/p>\n<\/div><\/details>\n\n\n\n<details class=\"wp-block-karopharma-accordion\"><summary><h2 class=\"accordion-title\">La peau apr\u00e8s l&rsquo;utilisation de Wortie Freeze Pro<\/h2><\/summary><div class=\"accordion-content\">\n<p>La peau sera blanche \u00e0 l\u2019endroit o\u00f9 vous avez utilis\u00e9 Wortie Freeze Pro. Apr\u00e8s un certain temps, la peau reprendra sa couleur normale et la verrue sera rouge.<\/p>\n<\/div><\/details>\n\n\n\n<details class=\"wp-block-karopharma-accordion\"><summary><h2 class=\"accordion-title\">Apr\u00e8s l\u2019utilisation de Wortie Freeze Pro<\/h2><\/summary><div class=\"accordion-content\">\n<p>Quelques minutes \u00e0 quelques jours apr\u00e8s la cryonisation, une ampoule peut se former, parfois remplie de sang. C\u2019est une cons\u00e9quence normale de la cryonisation et indique g\u00e9n\u00e9ralement que le traitement est une r\u00e9ussite. Essayez de ne pas faire \u00e9clater l\u2019ampoule. Si n\u00e9cessaire, prot\u00e9gez l\u2019ampoule avec un pansement st\u00e9rile. D\u00e9sinfectez correctement l\u2019ampoule si elle s\u00b4ouvre tout de m\u00eame.<\/p>\n<\/div><\/details>\n\n\n\n<details class=\"wp-block-karopharma-accordion\"><summary><h2 class=\"accordion-title\">Que faire en cas de douleur ?<\/h2><\/summary><div class=\"accordion-content\">\n<p>Si vous ou votre enfant avez une verrue sur la plante du pied qui est douloureuse lors de la marche, appliquez un pansement pour les cors \u00e0 cet endroit.<\/p>\n<\/div><\/details>\n\n\n\n<details class=\"wp-block-karopharma-accordion\"><summary><h2 class=\"accordion-title\">Puis-je me doucher apr\u00e8s le traitement ?<\/h2><\/summary><div class=\"accordion-content\">\n<p>Vous pouvez vous doucher et vous baigner sans probl\u00e8me apr\u00e8s le traitement.<\/p>\n<\/div><\/details>\n\n\n\n<details class=\"wp-block-karopharma-accordion\"><summary><h2 class=\"accordion-title\">A partir de quel \u00e2ge peut-on utiliser Wortie Freeze Pro ?<\/h2><\/summary><div class=\"accordion-content\">\n<p>Tout le monde \u00e0 partir de 4 ans peut utiliser Wortie Freeze Pro.<\/p>\n<\/div><\/details>\n\n\n\n<details class=\"wp-block-karopharma-accordion\"><summary><h2 class=\"accordion-title\">Quand utiliser Wortie Freeze Pro ?<\/h2><\/summary><div class=\"accordion-content\">\n<ul class=\"wp-block-list is-style-default\">\n<li>Wortie Freeze Pro ne doit \u00eatre utilis\u00e9 que sur les verrues communes.<\/li>\n\n\n\n<li>Ne pas utiliser Wortie Freeze Pro sur le visage, l\u2019aine, les organes g\u00e9nitaux, le cuir chevelu ou les muqueuses.<\/li>\n\n\n\n<li>Ne pas utiliser Wortie Freeze Pro sur une personne diab\u00e9tique ou une personne ayant des probl\u00e8mes de circulation ou coagulation sanguine.<\/li>\n\n\n\n<li>Si vous \u00eates enceinte ou si vous allaitez, consultez votre m\u00e9decin pour v\u00e9rifier que vous pouvez utiliser ce produit.<\/li>\n\n\n\n<li>Ne pas utiliser Wortie Freeze Pro sur des v\u00e9sicules remplies de liquide sur la peau (appel\u00e9es \u00ab molluscum contagiosum \u00bb, aussi connues sous le nom de verrues d\u00b4eau) ou sur toute autre v\u00e9sicule ou ampoule.<\/li>\n\n\n\n<li>Ne pas utiliser Wortie Freeze Pro pour retirer les grains de beaut\u00e9, de r\u00e9centes protub\u00e9rances vasculaires et irr\u00e9guli\u00e8res de la peau.<\/li>\n<\/ul>\n<\/div><\/details>\n\n\n\n<details class=\"wp-block-karopharma-accordion\"><summary><h2 class=\"accordion-title\">Parlez \u00e0 votre m\u00e9decin :<\/h2><\/summary><div class=\"accordion-content\">\n<ul class=\"wp-block-list is-style-default\">\n<li>Si vous ou votre enfant \u00e9prouvez des effets secondaires inattendus<\/li>\n\n\n\n<li>Si la verrue ne gu\u00e9rit pas<\/li>\n\n\n\n<li>Si la verrue n\u2019a pas disparu apr\u00e8s 3 traitements (voir ci-dessous).<\/li>\n<\/ul>\n<\/div><\/details>\n\n\n\n<details class=\"wp-block-karopharma-accordion\"><summary><h2 class=\"accordion-title\">Comment conserver Wortie Freeze Pro<\/h2><\/summary><div class=\"accordion-content\">\n<p>Replacez le capuchon transparent sur le stylo et mettez-le au frigo dans son emballage d\u2019origine (avec la notice).<\/p>\n<\/div><\/details>\n<\/div><\/div>\n","protected":false},"excerpt":{"rendered":"","protected":false},"author":2,"featured_media":0,"parent":0,"menu_order":0,"comment_status":"closed","ping_status":"closed","template":"","meta":{"_acf_changed":false,"footnotes":""},"from-article-database":[],"class_list":["post-116","page","type-page","status-publish","hentry"],"acf":[],"yoast_head":"<!-- This site is optimized with the Yoast SEO plugin v26.6 - https:\/\/yoast.com\/wordpress\/plugins\/seo\/ -->\n<title>FAQ - Wortie<\/title>\n<meta name=\"description\" content=\"Comment fonctionne Wortie? Que Contient Wortie? Est-ce que Wortie est sans danger pour les enfants?\" \/>\n<meta name=\"robots\" content=\"index, follow, max-snippet:-1, max-image-preview:large, max-video-preview:-1\" \/>\n<link rel=\"canonical\" href=\"https:\/\/wortie.com\/be\/fr\/faq\/\" \/>\n<meta property=\"og:locale\" content=\"fr_FR\" \/>\n<meta property=\"og:type\" content=\"article\" \/>\n<meta property=\"og:title\" content=\"FAQ - Wortie\" \/>\n<meta property=\"og:description\" content=\"Comment fonctionne Wortie? Que Contient Wortie? Est-ce que Wortie est sans danger pour les enfants?\" \/>\n<meta property=\"og:url\" content=\"https:\/\/wortie.com\/be\/fr\/faq\/\" \/>\n<meta property=\"og:site_name\" content=\"Wortie\" \/>\n<meta property=\"article:modified_time\" content=\"2025-09-08T09:36:41+00:00\" \/>\n<meta property=\"og:image\" content=\"https:\/\/wortie.com\/cdn-cgi\/image\/format=auto\/app\/uploads\/sites\/6\/2022\/07\/FAQ.webp\" \/>\n<meta name=\"twitter:card\" content=\"summary_large_image\" \/>\n<meta name=\"twitter:label1\" content=\"Dur\u00e9e de lecture est.\" \/>\n\t<meta name=\"twitter:data1\" content=\"4 minutes\" \/>\n<script type=\"application\/ld+json\" class=\"yoast-schema-graph\">{\"@context\":\"https:\/\/schema.org\",\"@graph\":[{\"@type\":\"WebPage\",\"@id\":\"https:\/\/wortie.com\/be\/fr\/faq\/\",\"url\":\"https:\/\/wortie.com\/be\/fr\/faq\/\",\"name\":\"FAQ - Wortie\",\"isPartOf\":{\"@id\":\"https:\/\/wortie.com\/be\/fr\/#website\"},\"primaryImageOfPage\":{\"@id\":\"https:\/\/wortie.com\/be\/fr\/faq\/#primaryimage\"},\"image\":{\"@id\":\"https:\/\/wortie.com\/be\/fr\/faq\/#primaryimage\"},\"thumbnailUrl\":\"https:\/\/wortie.com\/cdn-cgi\/image\/format=auto\/app\/uploads\/sites\/6\/2022\/07\/FAQ.webp\",\"datePublished\":\"2022-07-08T11:52:25+00:00\",\"dateModified\":\"2025-09-08T09:36:41+00:00\",\"description\":\"Comment fonctionne Wortie? Que Contient Wortie? Est-ce que Wortie est sans danger pour les enfants?\",\"breadcrumb\":{\"@id\":\"https:\/\/wortie.com\/be\/fr\/faq\/#breadcrumb\"},\"inLanguage\":\"fr-BE\",\"potentialAction\":[{\"@type\":\"ReadAction\",\"target\":[\"https:\/\/wortie.com\/be\/fr\/faq\/\"]}]},{\"@type\":\"ImageObject\",\"inLanguage\":\"fr-BE\",\"@id\":\"https:\/\/wortie.com\/be\/fr\/faq\/#primaryimage\",\"url\":\"https:\/\/wortie.com\/cdn-cgi\/image\/format=auto\/app\/uploads\/sites\/6\/2022\/07\/FAQ.webp\",\"contentUrl\":\"https:\/\/wortie.com\/cdn-cgi\/image\/format=auto\/app\/uploads\/sites\/6\/2022\/07\/FAQ.webp\"},{\"@type\":\"BreadcrumbList\",\"@id\":\"https:\/\/wortie.com\/be\/fr\/faq\/#breadcrumb\",\"itemListElement\":[{\"@type\":\"ListItem\",\"position\":1,\"name\":\"Home\",\"item\":\"https:\/\/wortie.com\/be\/fr\/\"},{\"@type\":\"ListItem\",\"position\":2,\"name\":\"FAQ\"}]},{\"@type\":\"WebSite\",\"@id\":\"https:\/\/wortie.com\/be\/fr\/#website\",\"url\":\"https:\/\/wortie.com\/be\/fr\/\",\"name\":\"Wortie\",\"description\":\"\",\"publisher\":{\"@id\":\"https:\/\/wortie.com\/be\/fr\/#organization\"},\"potentialAction\":[{\"@type\":\"SearchAction\",\"target\":{\"@type\":\"EntryPoint\",\"urlTemplate\":\"https:\/\/wortie.com\/be\/fr\/?s={search_term_string}\"},\"query-input\":{\"@type\":\"PropertyValueSpecification\",\"valueRequired\":true,\"valueName\":\"search_term_string\"}}],\"inLanguage\":\"fr-BE\"},{\"@type\":\"Organization\",\"@id\":\"https:\/\/wortie.com\/be\/fr\/#organization\",\"name\":\"Wortie\",\"url\":\"https:\/\/wortie.com\/be\/fr\/\",\"logo\":{\"@type\":\"ImageObject\",\"inLanguage\":\"fr-BE\",\"@id\":\"https:\/\/wortie.com\/be\/fr\/#\/schema\/logo\/image\/\",\"url\":\"https:\/\/wortie.com\/app\/uploads\/sites\/6\/2022\/07\/wortie-logotype.png\",\"contentUrl\":\"https:\/\/wortie.com\/app\/uploads\/sites\/6\/2022\/07\/wortie-logotype.png\",\"width\":116,\"height\":40,\"caption\":\"Wortie\"},\"image\":{\"@id\":\"https:\/\/wortie.com\/be\/fr\/#\/schema\/logo\/image\/\"}}]}<\/script>\n<!-- \/ Yoast SEO plugin. -->","yoast_head_json":{"title":"FAQ - Wortie","description":"Comment fonctionne Wortie? Que Contient Wortie? Est-ce que Wortie est sans danger pour les enfants?","robots":{"index":"index","follow":"follow","max-snippet":"max-snippet:-1","max-image-preview":"max-image-preview:large","max-video-preview":"max-video-preview:-1"},"canonical":"https:\/\/wortie.com\/be\/fr\/faq\/","og_locale":"fr_FR","og_type":"article","og_title":"FAQ - Wortie","og_description":"Comment fonctionne Wortie? Que Contient Wortie? Est-ce que Wortie est sans danger pour les enfants?","og_url":"https:\/\/wortie.com\/be\/fr\/faq\/","og_site_name":"Wortie","article_modified_time":"2025-09-08T09:36:41+00:00","og_image":[{"url":"https:\/\/wortie.com\/cdn-cgi\/image\/format=auto\/app\/uploads\/sites\/6\/2022\/07\/FAQ.webp","type":"","width":"","height":""}],"twitter_card":"summary_large_image","twitter_misc":{"Dur\u00e9e de lecture est.":"4 minutes"},"schema":{"@context":"https:\/\/schema.org","@graph":[{"@type":"WebPage","@id":"https:\/\/wortie.com\/be\/fr\/faq\/","url":"https:\/\/wortie.com\/be\/fr\/faq\/","name":"FAQ - Wortie","isPartOf":{"@id":"https:\/\/wortie.com\/be\/fr\/#website"},"primaryImageOfPage":{"@id":"https:\/\/wortie.com\/be\/fr\/faq\/#primaryimage"},"image":{"@id":"https:\/\/wortie.com\/be\/fr\/faq\/#primaryimage"},"thumbnailUrl":"https:\/\/wortie.com\/cdn-cgi\/image\/format=auto\/app\/uploads\/sites\/6\/2022\/07\/FAQ.webp","datePublished":"2022-07-08T11:52:25+00:00","dateModified":"2025-09-08T09:36:41+00:00","description":"Comment fonctionne Wortie? Que Contient Wortie? Est-ce que Wortie est sans danger pour les enfants?","breadcrumb":{"@id":"https:\/\/wortie.com\/be\/fr\/faq\/#breadcrumb"},"inLanguage":"fr-BE","potentialAction":[{"@type":"ReadAction","target":["https:\/\/wortie.com\/be\/fr\/faq\/"]}]},{"@type":"ImageObject","inLanguage":"fr-BE","@id":"https:\/\/wortie.com\/be\/fr\/faq\/#primaryimage","url":"https:\/\/wortie.com\/cdn-cgi\/image\/format=auto\/app\/uploads\/sites\/6\/2022\/07\/FAQ.webp","contentUrl":"https:\/\/wortie.com\/cdn-cgi\/image\/format=auto\/app\/uploads\/sites\/6\/2022\/07\/FAQ.webp"},{"@type":"BreadcrumbList","@id":"https:\/\/wortie.com\/be\/fr\/faq\/#breadcrumb","itemListElement":[{"@type":"ListItem","position":1,"name":"Home","item":"https:\/\/wortie.com\/be\/fr\/"},{"@type":"ListItem","position":2,"name":"FAQ"}]},{"@type":"WebSite","@id":"https:\/\/wortie.com\/be\/fr\/#website","url":"https:\/\/wortie.com\/be\/fr\/","name":"Wortie","description":"","publisher":{"@id":"https:\/\/wortie.com\/be\/fr\/#organization"},"potentialAction":[{"@type":"SearchAction","target":{"@type":"EntryPoint","urlTemplate":"https:\/\/wortie.com\/be\/fr\/?s={search_term_string}"},"query-input":{"@type":"PropertyValueSpecification","valueRequired":true,"valueName":"search_term_string"}}],"inLanguage":"fr-BE"},{"@type":"Organization","@id":"https:\/\/wortie.com\/be\/fr\/#organization","name":"Wortie","url":"https:\/\/wortie.com\/be\/fr\/","logo":{"@type":"ImageObject","inLanguage":"fr-BE","@id":"https:\/\/wortie.com\/be\/fr\/#\/schema\/logo\/image\/","url":"https:\/\/wortie.com\/app\/uploads\/sites\/6\/2022\/07\/wortie-logotype.png","contentUrl":"https:\/\/wortie.com\/app\/uploads\/sites\/6\/2022\/07\/wortie-logotype.png","width":116,"height":40,"caption":"Wortie"},"image":{"@id":"https:\/\/wortie.com\/be\/fr\/#\/schema\/logo\/image\/"}}]}},"_links":{"self":[{"href":"https:\/\/wortie.com\/be\/fr\/wp-json\/wp\/v2\/pages\/116","targetHints":{"allow":["GET"]}}],"collection":[{"href":"https:\/\/wortie.com\/be\/fr\/wp-json\/wp\/v2\/pages"}],"about":[{"href":"https:\/\/wortie.com\/be\/fr\/wp-json\/wp\/v2\/types\/page"}],"author":[{"embeddable":true,"href":"https:\/\/wortie.com\/be\/fr\/wp-json\/wp\/v2\/users\/2"}],"replies":[{"embeddable":true,"href":"https:\/\/wortie.com\/be\/fr\/wp-json\/wp\/v2\/comments?post=116"}],"version-history":[{"count":9,"href":"https:\/\/wortie.com\/be\/fr\/wp-json\/wp\/v2\/pages\/116\/revisions"}],"predecessor-version":[{"id":429,"href":"https:\/\/wortie.com\/be\/fr\/wp-json\/wp\/v2\/pages\/116\/revisions\/429"}],"wp:attachment":[{"href":"https:\/\/wortie.com\/be\/fr\/wp-json\/wp\/v2\/media?parent=116"}],"wp:term":[{"taxonomy":"from-article-database","embeddable":true,"href":"https:\/\/wortie.com\/be\/fr\/wp-json\/wp\/v2\/from-article-database?post=116"}],"curies":[{"name":"wp","href":"https:\/\/api.w.org\/{rel}","templated":true}]}}