{"id":163,"date":"2022-07-06T12:06:45","date_gmt":"2022-07-06T10:06:45","guid":{"rendered":"https:\/\/wortie.com\/be\/wortie\/"},"modified":"2025-09-08T11:36:56","modified_gmt":"2025-09-08T09:36:56","slug":"wortie","status":"publish","type":"page","link":"https:\/\/wortie.com\/be\/fr\/","title":{"rendered":"Page d&rsquo;accueil"},"content":{"rendered":"\n<div class=\"wp-block-karopharma-product-promotion text-align-right pt-none pb-medium bg-center bg-cover bg-no-repeat\" style=\"background-image:url(https:\/\/wortie.com\/cdn-cgi\/image\/format=auto\/app\/uploads\/sites\/6\/2022\/07\/Startpage-bg.jpg)\"><div class=\"container max-w-medium\">\n<div class=\"wp-block-group is-layout-flow wp-block-group-is-layout-flow\">\n<figure class=\"wp-block-karopharma-product-promotion-image product-promotion-image\"><img fetchpriority=\"high\" decoding=\"async\" datatest=\"image\" src=\"https:\/\/wortie.com\/cdn-cgi\/image\/format=auto\/app\/uploads\/sites\/6\/2022\/07\/hand-wortie-hero-start.png\" loading=\"eager\" alt=\"Startpage-bg\" width=\"400\" height=\"627\" srcset=\"  https:\/\/wortie.com\/cdn-cgi\/image\/format=auto,width=584\/app\/uploads\/sites\/6\/2022\/07\/hand-wortie-hero-start.png 584w, https:\/\/wortie.com\/cdn-cgi\/image\/format=auto,width=272\/app\/uploads\/sites\/6\/2022\/07\/hand-wortie-hero-start.png 272w\" sizes=\"(max-width: 584px) 100vw, 584px\"><\/figure>\n<\/div>\n\n\n\n<div class=\"wp-block-group is-layout-flow wp-block-group-is-layout-flow\">\n<h1 class=\"title is-style-heading-huge wp-block-heading\">Produit anti-verrues efficace<\/h1>\n\n\n\n<h2 class=\"heading is-style-heading-h1 wp-block-heading\"><\/h2>\n\n\n\n<ul class=\"is-style-icon wp-block-list\"><li>Traitement \u00e0 domicile facile \u00e0 utiliser<\/li><li>Aussi efficace que les traitements professionnels<\/li><li>Convient \u00e0 partir de 4 ans<\/li><\/ul>\n\n\n\n<div class=\"wp-block-buttons is-layout-flex wp-block-buttons-is-layout-flex\">\n<div class=\"wp-block-button\"><a class=\"wp-block-button__link\" href=\"https:\/\/wortie.com\/be\/fr\/produits\/\">En savoir plus<\/a><\/div>\n<\/div>\n<\/div>\n<\/div><\/div>\n\n\n<div class=\"product-list wp-block-karopharma-product-list\" data-testid=\"product-list\">\n      <div class=\"swiper-container\">\n      <div class=\"swiper\">\n        <div class=\"swiper-wrapper\">\n                      <div class=\"swiper-slide\">\n              <div class=\"product-card\" data-testid=\"product-card\">\n  <a\n    href=https:\/\/wortie.com\/be\/fr\/produit\/wortie-freeze-pro\/\n    class=\"product-card-link\"\n    title=\"Wortie Freeze Pro\"\n  >\n  <figure class=\"product-card-image\" data-testid=\"product-image\">\n                          <img decoding=\"async\" src=\"https:\/\/wortie.com\/cdn-cgi\/image\/width=700,format=auto\/app\/uploads\/sites\/6\/2023\/12\/wortie-freeze-pro-be.png\"\n        srcset=\"https:\/\/wortie.com\/cdn-cgi\/image\/width=250,format=auto\/app\/uploads\/sites\/6\/2023\/12\/wortie-freeze-pro-be.png 250w,\n                https:\/\/wortie.com\/cdn-cgi\/image\/width=500,format=auto\/app\/uploads\/sites\/6\/2023\/12\/wortie-freeze-pro-be.png 500w,\n                https:\/\/wortie.com\/cdn-cgi\/image\/width=700,format=auto\/app\/uploads\/sites\/6\/2023\/12\/wortie-freeze-pro-be.png 700w\"\n        sizes=\"(max-width: 400px) 250px, (max-width: 800px) 500px, 700px\"\n        alt=\"wortie-freeze-pro\"\n        class=\"img\">\n            <\/figure>\n    <div class=\"product-card-content\">\n      <div class=\"heading-wrapper\">\n        <h2 class=\"heading\">Wortie Freeze Pro<\/h2>\n      <\/div>\n      <div class=\"product-card-description\">G\u00e8le m\u00eame les verrues les plus tenaces en quelques secondes<\/div>\n                      <\/div>\n  <\/a>\n          <div class=\"button-wrapper buy-now no-resellers\" data-testid=\"buy-now\">\n          <div class=\"buy-now-container dropdown-container\">\n    <a\n      class=\"theme-button button-primary-color rounded-button\"\n      href=\"https:\/\/www.bol.com\/be\/nl\/p\/wortie-freeze-pro-wrattenverwijderaar-50-ml-eenvoudig-wratten-en-voetwratten-bevriezen-bevat-15-behandelingen-medische-hulpmiddelen-voor-voet-wrattenbehandeling-incl-geleidende-gel-beschermende-pleisters\/9300000182831087\/?bltgh=qzN02TCTV96TiISlG6tMXA.2_12.13.ProductTitle\" onclick=\"dataLayer.push({'event':'ga_event', 'eventCategory':'Click on Reseller', 'eventAction':'Bol', 'eventLabel':'Wortie Freeze Pro', 'eventValue': undefined})\" rel=\"noopener\" target=\"_blank\" title=\"Bol\"\n      data-testid=\"buy-now-reseller\">\n      Acheter maintenant\n    <\/a>\n    <\/div>\n  <\/div>\n  <\/div>\n            <\/div>\n                      <div class=\"swiper-slide\">\n              <div class=\"product-card\" data-testid=\"product-card\">\n  <a\n    href=https:\/\/wortie.com\/be\/fr\/produit\/wortie-cool\/\n    class=\"product-card-link\"\n    title=\"Wortie Freeze\"\n  >\n  <figure class=\"product-card-image\" data-testid=\"product-image\">\n                          <img decoding=\"async\" src=\"https:\/\/wortie.com\/cdn-cgi\/image\/width=700,format=auto\/app\/uploads\/sites\/6\/2022\/07\/WortieFreeze-Be.png\"\n        srcset=\"https:\/\/wortie.com\/cdn-cgi\/image\/width=250,format=auto\/app\/uploads\/sites\/6\/2022\/07\/WortieFreeze-Be.png 250w,\n                https:\/\/wortie.com\/cdn-cgi\/image\/width=500,format=auto\/app\/uploads\/sites\/6\/2022\/07\/WortieFreeze-Be.png 500w,\n                https:\/\/wortie.com\/cdn-cgi\/image\/width=700,format=auto\/app\/uploads\/sites\/6\/2022\/07\/WortieFreeze-Be.png 700w\"\n        sizes=\"(max-width: 400px) 250px, (max-width: 800px) 500px, 700px\"\n        alt=\"WortieFreeze\"\n        class=\"img\">\n            <\/figure>\n    <div class=\"product-card-content\">\n      <div class=\"heading-wrapper\">\n        <h2 class=\"heading\">Wortie Freeze<\/h2>\n      <\/div>\n      <div class=\"product-card-description\">Pr\u00e9cis et efficace, il convient \u00e0 toute la famille \u00e0 partir de 4 ans. Supprime les verrues et les verrues plantaires rapidement, une seule application suffit.<\/div>\n                      <\/div>\n  <\/a>\n          <div class=\"button-wrapper buy-now \" data-testid=\"buy-now\">\n      <div class=\"buy-now-container dropdown-container\">\n      <div class=\"theme-button button-primary-color dropdown-link\" aria-label=\"Acheter maintenant\">\n          Acheter maintenant <i class=\"dropdown\"><\/i>\n      <\/div>\n      <ul class=\"reseller-list submenu\">\n                    <li>\n              <a\n                href=\"https:\/\/www.bol.com\/be\/nl\/p\/wortie-wrattenverwijderaar-50-ml\/9200000043119713\/\" onclick=\"dataLayer.push({'event':'ga_event', 'eventCategory':'Click on Reseller', 'eventAction':'Bol', 'eventLabel':'Wortie Freeze', 'eventValue': undefined})\" rel=\"noopener\" target=\"_blank\" title=\"Bol\"\n                data-testid=\"buy-now-reseller\">\n                <i class=\"fa-solid fa-arrow-right\"><\/i> Bol\n              <\/a>\n          <\/li>\n                    <li>\n              <a\n                href=\"https:\/\/www.farmaline.be\/nl\/thuiszorg\/BE04860482\/wortie-freeze-wratten-voetwratten-verwijderaar-5.htm\" onclick=\"dataLayer.push({'event':'ga_event', 'eventCategory':'Click on Reseller', 'eventAction':'Farmaline', 'eventLabel':'Wortie Freeze', 'eventValue': undefined})\" rel=\"noopener\" target=\"_blank\" title=\"Farmaline\"\n                data-testid=\"buy-now-reseller\">\n                <i class=\"fa-solid fa-arrow-right\"><\/i> Farmaline\n              <\/a>\n          <\/li>\n                    <li>\n              <a\n                href=\"https:\/\/www.viata.be\/wortie-cool-antiwratten-wrat-applicator-50-ml-nl\" onclick=\"dataLayer.push({'event':'ga_event', 'eventCategory':'Click on Reseller', 'eventAction':'Viata', 'eventLabel':'Wortie Freeze', 'eventValue': undefined})\" rel=\"noopener\" target=\"_blank\" title=\"Viata\"\n                data-testid=\"buy-now-reseller\">\n                <i class=\"fa-solid fa-arrow-right\"><\/i> Viata\n              <\/a>\n          <\/li>\n                <\/ul>\n    <\/div>\n  <\/div>\n  <\/div>\n            <\/div>\n                  <\/div>\n        <div class=\"swiper-scrollbar\"><\/div>\n      <\/div>\n    <\/div>\n  <\/div>\n\n\n\n<div class=\"wp-block-karopharma-free-text pt-large pb-medium bg-center bg-cover bg-no-repeat  is-style-secondary\" style=\"background-image:url()\"><div class=\"free-text-wrapper container max-w-medium text-center\">\n<h2 class=\"is-style-heading-h2 wp-block-heading\">Verrues et verrues aux pieds<\/h2>\n<\/div><\/div>\n\n\n\n<div class=\"wp-block-karopharma-several-images-with-text several-images-with-text is-style-secondary\"><div class=\"container large col-1 content-align-none\" test-data=\"inner-content\">\n<section class=\"wp-block-karopharma-image-with-text image-with-text image-with-text__full-width\"><div class=\"image-with-text-container \"><div class=\"image-with-text-container-image-container\"><img decoding=\"async\" loading=\"lazy\" src=\"https:\/\/wortie.com\/cdn-cgi\/image\/format=auto\/app\/uploads\/sites\/2\/2022\/06\/shutterstock_105224906.jpeg\" alt=\"Vad \u00e4r v\u00e5rtor\"\/><\/div><div class=\"image-with-text-container-content\" style=\"text-align:left\" data-test=\"content\"><div class=\"content\"><p class=\"body\" data-test=\"body\"><strong>Que sont les verrues?<\/strong><br><br>Une verrue est une petite excroissance sur la peau des mains ou des pieds d&rsquo;une personne. Elle ressemble \u00e0 une ampoule solide ou \u00e0 une petite excroissance en forme de chou-fleur. Sa texture est rugueuse. Les verrues sont souvent de couleur chair et sont rugueuses au toucher, mais elles peuvent aussi \u00eatre fonc\u00e9es, brunes ou gris-noir, plates, verruqueuses et lisses. Les verrues peuvent avoir une surface dure verruqueuse. Vous pouvez souvent voir un minuscule point noir au milieu de chaque tache \u00e9cailleuse : il s\u2019agit d&rsquo;un vaisseau sanguin capillaire coagul\u00e9.<\/p>\n<div class=\"wp-block-buttons is-layout-flex wp-block-buttons-is-layout-flex\"><\/div>\n<\/div><\/div><\/div><\/section>\n\n\n\n<section class=\"wp-block-karopharma-image-with-text image-with-text image-with-text__full-width\"><div class=\"image-with-text-container \"><div class=\"image-with-text-container-image-container\"><img decoding=\"async\" loading=\"lazy\" src=\"https:\/\/wortie.com\/cdn-cgi\/image\/format=auto\/app\/uploads\/sites\/2\/2022\/06\/hand-feet.jpg\" alt=\"V\u00e5rtbehandling \/ V\u00e5rtbehandling f\u00f6r barn\"\/><\/div><div class=\"image-with-text-container-content\" style=\"text-align:left\" data-test=\"content\"><div class=\"content\"><p class=\"body\" data-test=\"body\"><strong>Traitement des verrues chez l\u2019enfant<\/strong><br><br>Les enfants peuvent \u00eatre g\u00ean\u00e9s par les verrues plantaires et vouloir qu\u2019on les \u00e9limine. Les verrues plantaires peuvent poser des probl\u00e8mes, \u00eatre source d\u2019inconfort et d\u2019une incapacit\u00e9 \u00e0 marcher, \u00e0 jouer et \u00e0 faire du sport. Si vous voulez traiter la verrue plantaire, choisissez un traitement s\u00fbr, facile et indolore, du moins au d\u00e9but.<\/p>\n<div class=\"wp-block-buttons is-layout-flex wp-block-buttons-is-layout-flex\"><\/div>\n<\/div><\/div><\/div><\/section>\n<\/div><\/div>\n","protected":false},"excerpt":{"rendered":"","protected":false},"author":2,"featured_media":0,"parent":0,"menu_order":0,"comment_status":"closed","ping_status":"closed","template":"","meta":{"_acf_changed":false,"footnotes":""},"from-article-database":[],"class_list":["post-163","page","type-page","status-publish","hentry"],"acf":[],"yoast_head":"<!-- This site is optimized with the Yoast SEO plugin v26.6 - https:\/\/yoast.com\/wordpress\/plugins\/seo\/ -->\n<title>Page d&#039;accueil - Wortie<\/title>\n<meta name=\"description\" content=\"Pr\u00e9cis et efficace, il convient \u00e0 toute la famille \u00e0 partir de 4 ans. Supprime les verrues et les verrues plantaires rapidement, une seule application suffit.\" \/>\n<meta name=\"robots\" content=\"index, follow, max-snippet:-1, max-image-preview:large, max-video-preview:-1\" \/>\n<link rel=\"canonical\" href=\"https:\/\/wortie.com\/be\/fr\/\" \/>\n<meta property=\"og:locale\" content=\"fr_FR\" \/>\n<meta property=\"og:type\" content=\"article\" \/>\n<meta property=\"og:title\" content=\"Page d&#039;accueil - Wortie\" \/>\n<meta property=\"og:description\" content=\"Pr\u00e9cis et efficace, il convient \u00e0 toute la famille \u00e0 partir de 4 ans. Supprime les verrues et les verrues plantaires rapidement, une seule application suffit.\" \/>\n<meta property=\"og:url\" content=\"https:\/\/wortie.com\/be\/fr\/\" \/>\n<meta property=\"og:site_name\" content=\"Wortie\" \/>\n<meta property=\"article:modified_time\" content=\"2025-09-08T09:36:56+00:00\" \/>\n<meta property=\"og:image\" content=\"https:\/\/wortie.com\/cdn-cgi\/image\/format=auto\/app\/uploads\/sites\/6\/2022\/07\/hand-wortie-hero-start.png\" \/>\n<meta name=\"twitter:card\" content=\"summary_large_image\" \/>\n<meta name=\"twitter:label1\" content=\"Dur\u00e9e de lecture est.\" \/>\n\t<meta name=\"twitter:data1\" content=\"2 minutes\" \/>\n<script type=\"application\/ld+json\" class=\"yoast-schema-graph\">{\"@context\":\"https:\/\/schema.org\",\"@graph\":[{\"@type\":\"WebPage\",\"@id\":\"https:\/\/wortie.com\/be\/fr\/\",\"url\":\"https:\/\/wortie.com\/be\/fr\/\",\"name\":\"Page d'accueil - Wortie\",\"isPartOf\":{\"@id\":\"https:\/\/wortie.com\/be\/fr\/#website\"},\"primaryImageOfPage\":{\"@id\":\"https:\/\/wortie.com\/be\/fr\/#primaryimage\"},\"image\":{\"@id\":\"https:\/\/wortie.com\/be\/fr\/#primaryimage\"},\"thumbnailUrl\":\"https:\/\/wortie.com\/cdn-cgi\/image\/format=auto\/app\/uploads\/sites\/6\/2022\/07\/hand-wortie-hero-start.png\",\"datePublished\":\"2022-07-06T10:06:45+00:00\",\"dateModified\":\"2025-09-08T09:36:56+00:00\",\"description\":\"Pr\u00e9cis et efficace, il convient \u00e0 toute la famille \u00e0 partir de 4 ans. Supprime les verrues et les verrues plantaires rapidement, une seule application suffit.\",\"breadcrumb\":{\"@id\":\"https:\/\/wortie.com\/be\/fr\/#breadcrumb\"},\"inLanguage\":\"fr-BE\",\"potentialAction\":[{\"@type\":\"ReadAction\",\"target\":[\"https:\/\/wortie.com\/be\/fr\/\"]}]},{\"@type\":\"ImageObject\",\"inLanguage\":\"fr-BE\",\"@id\":\"https:\/\/wortie.com\/be\/fr\/#primaryimage\",\"url\":\"https:\/\/wortie.com\/cdn-cgi\/image\/format=auto\/app\/uploads\/sites\/6\/2022\/07\/hand-wortie-hero-start.png\",\"contentUrl\":\"https:\/\/wortie.com\/cdn-cgi\/image\/format=auto\/app\/uploads\/sites\/6\/2022\/07\/hand-wortie-hero-start.png\"},{\"@type\":\"BreadcrumbList\",\"@id\":\"https:\/\/wortie.com\/be\/fr\/#breadcrumb\",\"itemListElement\":[{\"@type\":\"ListItem\",\"position\":1,\"name\":\"Home\",\"item\":\"https:\/\/wortie.com\/be\/fr\/\"},{\"@type\":\"ListItem\",\"position\":2,\"name\":\"Page d&#8217;accueil\"}]},{\"@type\":\"WebSite\",\"@id\":\"https:\/\/wortie.com\/be\/fr\/#website\",\"url\":\"https:\/\/wortie.com\/be\/fr\/\",\"name\":\"Wortie\",\"description\":\"\",\"publisher\":{\"@id\":\"https:\/\/wortie.com\/be\/fr\/#organization\"},\"potentialAction\":[{\"@type\":\"SearchAction\",\"target\":{\"@type\":\"EntryPoint\",\"urlTemplate\":\"https:\/\/wortie.com\/be\/fr\/?s={search_term_string}\"},\"query-input\":{\"@type\":\"PropertyValueSpecification\",\"valueRequired\":true,\"valueName\":\"search_term_string\"}}],\"inLanguage\":\"fr-BE\"},{\"@type\":\"Organization\",\"@id\":\"https:\/\/wortie.com\/be\/fr\/#organization\",\"name\":\"Wortie\",\"url\":\"https:\/\/wortie.com\/be\/fr\/\",\"logo\":{\"@type\":\"ImageObject\",\"inLanguage\":\"fr-BE\",\"@id\":\"https:\/\/wortie.com\/be\/fr\/#\/schema\/logo\/image\/\",\"url\":\"https:\/\/wortie.com\/app\/uploads\/sites\/6\/2022\/07\/wortie-logotype.png\",\"contentUrl\":\"https:\/\/wortie.com\/app\/uploads\/sites\/6\/2022\/07\/wortie-logotype.png\",\"width\":116,\"height\":40,\"caption\":\"Wortie\"},\"image\":{\"@id\":\"https:\/\/wortie.com\/be\/fr\/#\/schema\/logo\/image\/\"}}]}<\/script>\n<!-- \/ Yoast SEO plugin. -->","yoast_head_json":{"title":"Page d'accueil - Wortie","description":"Pr\u00e9cis et efficace, il convient \u00e0 toute la famille \u00e0 partir de 4 ans. Supprime les verrues et les verrues plantaires rapidement, une seule application suffit.","robots":{"index":"index","follow":"follow","max-snippet":"max-snippet:-1","max-image-preview":"max-image-preview:large","max-video-preview":"max-video-preview:-1"},"canonical":"https:\/\/wortie.com\/be\/fr\/","og_locale":"fr_FR","og_type":"article","og_title":"Page d'accueil - Wortie","og_description":"Pr\u00e9cis et efficace, il convient \u00e0 toute la famille \u00e0 partir de 4 ans. Supprime les verrues et les verrues plantaires rapidement, une seule application suffit.","og_url":"https:\/\/wortie.com\/be\/fr\/","og_site_name":"Wortie","article_modified_time":"2025-09-08T09:36:56+00:00","og_image":[{"url":"https:\/\/wortie.com\/cdn-cgi\/image\/format=auto\/app\/uploads\/sites\/6\/2022\/07\/hand-wortie-hero-start.png","type":"","width":"","height":""}],"twitter_card":"summary_large_image","twitter_misc":{"Dur\u00e9e de lecture est.":"2 minutes"},"schema":{"@context":"https:\/\/schema.org","@graph":[{"@type":"WebPage","@id":"https:\/\/wortie.com\/be\/fr\/","url":"https:\/\/wortie.com\/be\/fr\/","name":"Page d'accueil - Wortie","isPartOf":{"@id":"https:\/\/wortie.com\/be\/fr\/#website"},"primaryImageOfPage":{"@id":"https:\/\/wortie.com\/be\/fr\/#primaryimage"},"image":{"@id":"https:\/\/wortie.com\/be\/fr\/#primaryimage"},"thumbnailUrl":"https:\/\/wortie.com\/cdn-cgi\/image\/format=auto\/app\/uploads\/sites\/6\/2022\/07\/hand-wortie-hero-start.png","datePublished":"2022-07-06T10:06:45+00:00","dateModified":"2025-09-08T09:36:56+00:00","description":"Pr\u00e9cis et efficace, il convient \u00e0 toute la famille \u00e0 partir de 4 ans. Supprime les verrues et les verrues plantaires rapidement, une seule application suffit.","breadcrumb":{"@id":"https:\/\/wortie.com\/be\/fr\/#breadcrumb"},"inLanguage":"fr-BE","potentialAction":[{"@type":"ReadAction","target":["https:\/\/wortie.com\/be\/fr\/"]}]},{"@type":"ImageObject","inLanguage":"fr-BE","@id":"https:\/\/wortie.com\/be\/fr\/#primaryimage","url":"https:\/\/wortie.com\/cdn-cgi\/image\/format=auto\/app\/uploads\/sites\/6\/2022\/07\/hand-wortie-hero-start.png","contentUrl":"https:\/\/wortie.com\/cdn-cgi\/image\/format=auto\/app\/uploads\/sites\/6\/2022\/07\/hand-wortie-hero-start.png"},{"@type":"BreadcrumbList","@id":"https:\/\/wortie.com\/be\/fr\/#breadcrumb","itemListElement":[{"@type":"ListItem","position":1,"name":"Home","item":"https:\/\/wortie.com\/be\/fr\/"},{"@type":"ListItem","position":2,"name":"Page d&#8217;accueil"}]},{"@type":"WebSite","@id":"https:\/\/wortie.com\/be\/fr\/#website","url":"https:\/\/wortie.com\/be\/fr\/","name":"Wortie","description":"","publisher":{"@id":"https:\/\/wortie.com\/be\/fr\/#organization"},"potentialAction":[{"@type":"SearchAction","target":{"@type":"EntryPoint","urlTemplate":"https:\/\/wortie.com\/be\/fr\/?s={search_term_string}"},"query-input":{"@type":"PropertyValueSpecification","valueRequired":true,"valueName":"search_term_string"}}],"inLanguage":"fr-BE"},{"@type":"Organization","@id":"https:\/\/wortie.com\/be\/fr\/#organization","name":"Wortie","url":"https:\/\/wortie.com\/be\/fr\/","logo":{"@type":"ImageObject","inLanguage":"fr-BE","@id":"https:\/\/wortie.com\/be\/fr\/#\/schema\/logo\/image\/","url":"https:\/\/wortie.com\/app\/uploads\/sites\/6\/2022\/07\/wortie-logotype.png","contentUrl":"https:\/\/wortie.com\/app\/uploads\/sites\/6\/2022\/07\/wortie-logotype.png","width":116,"height":40,"caption":"Wortie"},"image":{"@id":"https:\/\/wortie.com\/be\/fr\/#\/schema\/logo\/image\/"}}]}},"_links":{"self":[{"href":"https:\/\/wortie.com\/be\/fr\/wp-json\/wp\/v2\/pages\/163","targetHints":{"allow":["GET"]}}],"collection":[{"href":"https:\/\/wortie.com\/be\/fr\/wp-json\/wp\/v2\/pages"}],"about":[{"href":"https:\/\/wortie.com\/be\/fr\/wp-json\/wp\/v2\/types\/page"}],"author":[{"embeddable":true,"href":"https:\/\/wortie.com\/be\/fr\/wp-json\/wp\/v2\/users\/2"}],"replies":[{"embeddable":true,"href":"https:\/\/wortie.com\/be\/fr\/wp-json\/wp\/v2\/comments?post=163"}],"version-history":[{"count":11,"href":"https:\/\/wortie.com\/be\/fr\/wp-json\/wp\/v2\/pages\/163\/revisions"}],"predecessor-version":[{"id":250,"href":"https:\/\/wortie.com\/be\/fr\/wp-json\/wp\/v2\/pages\/163\/revisions\/250"}],"wp:attachment":[{"href":"https:\/\/wortie.com\/be\/fr\/wp-json\/wp\/v2\/media?parent=163"}],"wp:term":[{"taxonomy":"from-article-database","embeddable":true,"href":"https:\/\/wortie.com\/be\/fr\/wp-json\/wp\/v2\/from-article-database?post=163"}],"curies":[{"name":"wp","href":"https:\/\/api.w.org\/{rel}","templated":true}]}}