{"id":148,"date":"2022-07-08T14:20:45","date_gmt":"2022-07-08T12:20:45","guid":{"rendered":"https:\/\/wortie.com\/be\/product\/wortie-cool\/"},"modified":"2026-02-25T09:52:01","modified_gmt":"2026-02-25T08:52:01","slug":"wortie-cool","status":"publish","type":"product","link":"https:\/\/wortie.com\/be\/fr\/produit\/wortie-cool\/","title":{"rendered":"Wortie Freeze"},"content":{"rendered":"\n<div class=\"wp-block-karopharma-accordions is-style-secondary\"><div class=\"container\">\n<details class=\"wp-block-karopharma-accordion\"><summary><h2 class=\"accordion-title\">Mode d&#8217;emploi<\/h2><\/summary><div class=\"accordion-content\">\n<section class=\"wp-block-karopharma-videos videos undefined\"><div class=\"videos-wrapper\">\n<div class=\"wp-block-karopharma-video\"><div class=\"video-wrapper\"><iframe loading=\"lazy\" frameborder=\"0\" allowfullscreen allow=\"accelerometer; encrypted-media; gyroscope; picture-in-picture\" data-src=\"https:\/\/www.youtube.com\/embed\/gUne9GUt1I0?autoplay=1\"><\/iframe><picture><source media=\"(max-width: 550px)\" srcset=\"https:\/\/img.youtube.com\/vi\/gUne9GUt1I0\/mqdefault.jpg\"\/><source media=\"(max-width: 800px)\" srcset=\"https:\/\/img.youtube.com\/vi\/gUne9GUt1I0\/hqdefault.jpg\"\/><img decoding=\"async\" width=\"1280\" height=\"720\" loading=\"lazy\" src=\"https:\/\/img.youtube.com\/vi\/gUne9GUt1I0\/maxresdefault.jpg\" alt=\"Embedded YouTube video player thumbnail\"\/><\/picture><div class=\"video-trigger group\"><div class=\"video-trigger__circle group-hover:opacity-[85%]\"><svg width=\"14\" height=\"16\" viewBox=\"0 0 14 16\" fill=\"none\" xmlns=\"http:\/\/www.w3.org\/2000\/svg\"><path d=\"M13.2625 6.70935L2.2625 0.206225C1.36875 -0.3219 0 0.1906 0 1.49685V14.5C0 15.6719 1.27188 16.3781 2.2625 15.7906L13.2625 9.2906C14.2437 8.71248 14.2469 7.28748 13.2625 6.70935V6.70935Z\" fill=\"white\"><\/path><\/svg><\/div><\/div><\/div><\/div>\n<\/div><\/section>\n\n\n\n<div class=\"wp-block-karopharma-several-images-with-text several-images-with-text\"><div class=\"container large col-1 content-align-none\" test-data=\"inner-content\">\n<section class=\"wp-block-karopharma-image-with-text image-with-text image-with-text__full-width\"><div class=\"image-with-text-container \"><div class=\"image-with-text-container-image-container\"><img decoding=\"async\" loading=\"lazy\" src=\"https:\/\/wortie.com\/cdn-cgi\/image\/format=auto\/app\/uploads\/sites\/6\/2022\/07\/instruction_wortie_1.png\" alt=\"\"\/><\/div><div class=\"image-with-text-container-content\" style=\"text-align:left\" data-test=\"content\"><div class=\"content\"><p class=\"body\" data-test=\"body\">Placez le flacon verticalement sur une table et enlevez le capuchon.<\/p>\n<div class=\"wp-block-buttons is-layout-flex wp-block-buttons-is-layout-flex\"><\/div>\n<\/div><\/div><\/div><\/section>\n\n\n\n<section class=\"wp-block-karopharma-image-with-text image-with-text image-with-text__full-width\"><div class=\"image-with-text-container \"><div class=\"image-with-text-container-image-container\"><img decoding=\"async\" loading=\"lazy\" src=\"https:\/\/wortie.com\/cdn-cgi\/image\/format=auto\/app\/uploads\/sites\/6\/2022\/07\/instruction_wortie_2.png\" alt=\"\"\/><\/div><div class=\"image-with-text-container-content\" style=\"text-align:left\" data-test=\"content\"><div class=\"content\"><p class=\"body\" data-test=\"body\">Replacez le capuchon en l\u2019alignant sur l&rsquo;ic\u00f4ne du flocon.<\/p>\n<div class=\"wp-block-buttons is-layout-flex wp-block-buttons-is-layout-flex\"><\/div>\n<\/div><\/div><\/div><\/section>\n\n\n\n<section class=\"wp-block-karopharma-image-with-text image-with-text image-with-text__full-width\"><div class=\"image-with-text-container \"><div class=\"image-with-text-container-image-container\"><img decoding=\"async\" loading=\"lazy\" src=\"https:\/\/wortie.com\/cdn-cgi\/image\/format=auto\/app\/uploads\/sites\/6\/2022\/07\/instruction_wortie_3.png\" alt=\"\"\/><\/div><div class=\"image-with-text-container-content\" style=\"text-align:left\" data-test=\"content\"><div class=\"content\"><p class=\"body\" data-test=\"body\">Appuyer sur le capuchon pendant 3 secondes. (NE PAS D\u00c9PASSER 3 SECONDES). Vous allez maintenant entendre le son d&rsquo;activation.<\/p>\n<div class=\"wp-block-buttons is-layout-flex wp-block-buttons-is-layout-flex\"><\/div>\n<\/div><\/div><\/div><\/section>\n\n\n\n<section class=\"wp-block-karopharma-image-with-text image-with-text image-with-text__full-width\"><div class=\"image-with-text-container \"><div class=\"image-with-text-container-image-container\"><img decoding=\"async\" loading=\"lazy\" src=\"https:\/\/wortie.com\/cdn-cgi\/image\/format=auto\/app\/uploads\/sites\/6\/2022\/07\/instruction_wortie_4.png\" alt=\"\"\/><\/div><div class=\"image-with-text-container-content\" style=\"text-align:left\" data-test=\"content\"><div class=\"content\"><p class=\"body\" data-test=\"body\">Appliquez avec pr\u00e9cision l\u2019embout m\u00e9tallique gel\u00e9 sur la verrue. Verrue (main) : pendant 20 secondes. Verrue (pied) : 40 secondes.<\/p>\n<div class=\"wp-block-buttons is-layout-flex wp-block-buttons-is-layout-flex\"><\/div>\n<\/div><\/div><\/div><\/section>\n<\/div><\/div>\n<\/div><\/details>\n\n\n\n<details class=\"wp-block-karopharma-accordion\"><summary><h2 class=\"accordion-title\">Comment fonctionne Wortie?<\/h2><\/summary><div class=\"accordion-content\">\n<p>Wortie cong\u00e8le avec pr\u00e9cision la verrue ou la verrue plantaire jusqu&rsquo;au c\u0153ur gr\u00e2ce \u00e0 son embout de pr\u00e9cision unique, et permet ainsi d\u2019\u00e9liminer la verrue. La forme de l&#8217;embout m\u00e9tallique de pr\u00e9cision Wortie permet une application pr\u00e9cise du froid qui est limit\u00e9e \u00e0 la verrue ou \u00e0 la verrue plantaire en \u00e9vitant d\u2019endommager la peau saine environnante. Cette approche permet une application nettement moins douloureuse.<\/p>\n<\/div><\/details>\n\n\n\n<details class=\"wp-block-karopharma-accordion\"><summary><h2 class=\"accordion-title\">Comment savoir si le flacon Wortie est vide?<\/h2><\/summary><div class=\"accordion-content\">\n<p>Si l&#8217;embout m\u00e9tallique ne refroidit plus apr\u00e8s l&rsquo;activation, votre flacon Wortie est vide.<\/p>\n\n\n\n<p>Wortie permet 18 applications.<\/p>\n<\/div><\/details>\n\n\n\n<details class=\"wp-block-karopharma-accordion\"><summary><h2 class=\"accordion-title\">Conseil<\/h2><\/summary><div class=\"accordion-content\">\n<p>Dans certains cas, il peut \u00eatre utile de faire tremper la r\u00e9gion de la verrue dans de l&rsquo;eau chaude pendant quelques minutes avant d&rsquo;utiliser Wortie, afin d&rsquo;aider le froid \u00e0 p\u00e9n\u00e9trer dans la peau calleuse qui s&rsquo;est form\u00e9e sur la verrue.<\/p>\n<\/div><\/details>\n<\/div><\/div>\n","protected":false},"excerpt":{"rendered":"<p>Pr\u00e9cis et efficace, il convient \u00e0 toute la famille \u00e0 partir de 4 ans. Supprime les verrues et les verrues plantaires rapidement, une seule application suffit.<\/p>\n","protected":false},"featured_media":400,"comment_status":"closed","ping_status":"closed","template":"","meta":{"_acf_changed":false,"footnotes":""},"product_brand":[],"product_cat":[],"product_tag":[],"class_list":{"0":"post-148","1":"product","2":"type-product","3":"status-publish","4":"has-post-thumbnail","7":"first","8":"instock","9":"shipping-taxable","10":"product-type-simple"},"acf":[],"yoast_head":"<!-- This site is optimized with the Yoast SEO plugin v26.6 - https:\/\/yoast.com\/wordpress\/plugins\/seo\/ -->\n<title>Wortie Freeze - Wortie<\/title>\n<meta name=\"description\" content=\"Embout de cong\u00e9lation en m\u00e9tal de pr\u00e9cision. Produit une cong\u00e9lation plus concentr\u00e9e que les autres marques.\" \/>\n<meta name=\"robots\" content=\"index, follow, max-snippet:-1, max-image-preview:large, max-video-preview:-1\" \/>\n<link rel=\"canonical\" href=\"https:\/\/wortie.com\/be\/fr\/produit\/wortie-cool\/\" \/>\n<meta property=\"og:locale\" content=\"fr_FR\" \/>\n<meta property=\"og:type\" content=\"article\" \/>\n<meta property=\"og:title\" content=\"Wortie Freeze - Wortie\" \/>\n<meta property=\"og:description\" content=\"Embout de cong\u00e9lation en m\u00e9tal de pr\u00e9cision. Produit une cong\u00e9lation plus concentr\u00e9e que les autres marques.\" \/>\n<meta property=\"og:url\" content=\"https:\/\/wortie.com\/be\/fr\/produit\/wortie-cool\/\" \/>\n<meta property=\"og:site_name\" content=\"Wortie\" \/>\n<meta property=\"article:modified_time\" content=\"2026-02-25T08:52:01+00:00\" \/>\n<meta property=\"og:image\" content=\"https:\/\/wortie.com\/app\/uploads\/sites\/6\/2022\/07\/WortieFreeze-Be.png\" \/>\n\t<meta property=\"og:image:width\" content=\"800\" \/>\n\t<meta property=\"og:image:height\" content=\"800\" \/>\n\t<meta property=\"og:image:type\" content=\"image\/png\" \/>\n<meta name=\"twitter:card\" content=\"summary_large_image\" \/>\n<meta name=\"twitter:label1\" content=\"Dur\u00e9e de lecture est.\" \/>\n\t<meta name=\"twitter:data1\" content=\"3 minutes\" \/>\n<script type=\"application\/ld+json\" class=\"yoast-schema-graph\">{\"@context\":\"https:\/\/schema.org\",\"@graph\":[{\"@type\":\"WebPage\",\"@id\":\"https:\/\/wortie.com\/be\/fr\/produit\/wortie-cool\/\",\"url\":\"https:\/\/wortie.com\/be\/fr\/produit\/wortie-cool\/\",\"name\":\"Wortie Freeze - Wortie\",\"isPartOf\":{\"@id\":\"https:\/\/wortie.com\/be\/fr\/#website\"},\"primaryImageOfPage\":{\"@id\":\"https:\/\/wortie.com\/be\/fr\/produit\/wortie-cool\/#primaryimage\"},\"image\":{\"@id\":\"https:\/\/wortie.com\/be\/fr\/produit\/wortie-cool\/#primaryimage\"},\"thumbnailUrl\":\"https:\/\/wortie.com\/app\/uploads\/sites\/6\/2022\/07\/WortieFreeze-Be.png\",\"datePublished\":\"2022-07-08T12:20:45+00:00\",\"dateModified\":\"2026-02-25T08:52:01+00:00\",\"description\":\"Embout de cong\u00e9lation en m\u00e9tal de pr\u00e9cision. Produit une cong\u00e9lation plus concentr\u00e9e que les autres marques.\",\"breadcrumb\":{\"@id\":\"https:\/\/wortie.com\/be\/fr\/produit\/wortie-cool\/#breadcrumb\"},\"inLanguage\":\"fr-BE\",\"potentialAction\":[{\"@type\":\"ReadAction\",\"target\":[\"https:\/\/wortie.com\/be\/fr\/produit\/wortie-cool\/\"]}]},{\"@type\":\"ImageObject\",\"inLanguage\":\"fr-BE\",\"@id\":\"https:\/\/wortie.com\/be\/fr\/produit\/wortie-cool\/#primaryimage\",\"url\":\"https:\/\/wortie.com\/app\/uploads\/sites\/6\/2022\/07\/WortieFreeze-Be.png\",\"contentUrl\":\"https:\/\/wortie.com\/app\/uploads\/sites\/6\/2022\/07\/WortieFreeze-Be.png\",\"width\":800,\"height\":800,\"caption\":\"WortieFreeze\"},{\"@type\":\"BreadcrumbList\",\"@id\":\"https:\/\/wortie.com\/be\/fr\/produit\/wortie-cool\/#breadcrumb\",\"itemListElement\":[{\"@type\":\"ListItem\",\"position\":1,\"name\":\"Home\",\"item\":\"https:\/\/wortie.com\/be\/fr\/\"},{\"@type\":\"ListItem\",\"position\":2,\"name\":\"Produits\",\"item\":\"https:\/\/wortie.com\/be\/nl\/producten\/\"},{\"@type\":\"ListItem\",\"position\":3,\"name\":\"Wortie Freeze\"}]},{\"@type\":\"WebSite\",\"@id\":\"https:\/\/wortie.com\/be\/fr\/#website\",\"url\":\"https:\/\/wortie.com\/be\/fr\/\",\"name\":\"Wortie\",\"description\":\"\",\"publisher\":{\"@id\":\"https:\/\/wortie.com\/be\/fr\/#organization\"},\"potentialAction\":[{\"@type\":\"SearchAction\",\"target\":{\"@type\":\"EntryPoint\",\"urlTemplate\":\"https:\/\/wortie.com\/be\/fr\/?s={search_term_string}\"},\"query-input\":{\"@type\":\"PropertyValueSpecification\",\"valueRequired\":true,\"valueName\":\"search_term_string\"}}],\"inLanguage\":\"fr-BE\"},{\"@type\":\"Organization\",\"@id\":\"https:\/\/wortie.com\/be\/fr\/#organization\",\"name\":\"Wortie\",\"url\":\"https:\/\/wortie.com\/be\/fr\/\",\"logo\":{\"@type\":\"ImageObject\",\"inLanguage\":\"fr-BE\",\"@id\":\"https:\/\/wortie.com\/be\/fr\/#\/schema\/logo\/image\/\",\"url\":\"https:\/\/wortie.com\/app\/uploads\/sites\/6\/2022\/07\/wortie-logotype.png\",\"contentUrl\":\"https:\/\/wortie.com\/app\/uploads\/sites\/6\/2022\/07\/wortie-logotype.png\",\"width\":116,\"height\":40,\"caption\":\"Wortie\"},\"image\":{\"@id\":\"https:\/\/wortie.com\/be\/fr\/#\/schema\/logo\/image\/\"}}]}<\/script>\n<!-- \/ Yoast SEO plugin. -->","yoast_head_json":{"title":"Wortie Freeze - Wortie","description":"Embout de cong\u00e9lation en m\u00e9tal de pr\u00e9cision. Produit une cong\u00e9lation plus concentr\u00e9e que les autres marques.","robots":{"index":"index","follow":"follow","max-snippet":"max-snippet:-1","max-image-preview":"max-image-preview:large","max-video-preview":"max-video-preview:-1"},"canonical":"https:\/\/wortie.com\/be\/fr\/produit\/wortie-cool\/","og_locale":"fr_FR","og_type":"article","og_title":"Wortie Freeze - Wortie","og_description":"Embout de cong\u00e9lation en m\u00e9tal de pr\u00e9cision. Produit une cong\u00e9lation plus concentr\u00e9e que les autres marques.","og_url":"https:\/\/wortie.com\/be\/fr\/produit\/wortie-cool\/","og_site_name":"Wortie","article_modified_time":"2026-02-25T08:52:01+00:00","og_image":[{"width":800,"height":800,"url":"https:\/\/wortie.com\/app\/uploads\/sites\/6\/2022\/07\/WortieFreeze-Be.png","type":"image\/png"}],"twitter_card":"summary_large_image","twitter_misc":{"Dur\u00e9e de lecture est.":"3 minutes"},"schema":{"@context":"https:\/\/schema.org","@graph":[{"@type":"WebPage","@id":"https:\/\/wortie.com\/be\/fr\/produit\/wortie-cool\/","url":"https:\/\/wortie.com\/be\/fr\/produit\/wortie-cool\/","name":"Wortie Freeze - Wortie","isPartOf":{"@id":"https:\/\/wortie.com\/be\/fr\/#website"},"primaryImageOfPage":{"@id":"https:\/\/wortie.com\/be\/fr\/produit\/wortie-cool\/#primaryimage"},"image":{"@id":"https:\/\/wortie.com\/be\/fr\/produit\/wortie-cool\/#primaryimage"},"thumbnailUrl":"https:\/\/wortie.com\/app\/uploads\/sites\/6\/2022\/07\/WortieFreeze-Be.png","datePublished":"2022-07-08T12:20:45+00:00","dateModified":"2026-02-25T08:52:01+00:00","description":"Embout de cong\u00e9lation en m\u00e9tal de pr\u00e9cision. Produit une cong\u00e9lation plus concentr\u00e9e que les autres marques.","breadcrumb":{"@id":"https:\/\/wortie.com\/be\/fr\/produit\/wortie-cool\/#breadcrumb"},"inLanguage":"fr-BE","potentialAction":[{"@type":"ReadAction","target":["https:\/\/wortie.com\/be\/fr\/produit\/wortie-cool\/"]}]},{"@type":"ImageObject","inLanguage":"fr-BE","@id":"https:\/\/wortie.com\/be\/fr\/produit\/wortie-cool\/#primaryimage","url":"https:\/\/wortie.com\/app\/uploads\/sites\/6\/2022\/07\/WortieFreeze-Be.png","contentUrl":"https:\/\/wortie.com\/app\/uploads\/sites\/6\/2022\/07\/WortieFreeze-Be.png","width":800,"height":800,"caption":"WortieFreeze"},{"@type":"BreadcrumbList","@id":"https:\/\/wortie.com\/be\/fr\/produit\/wortie-cool\/#breadcrumb","itemListElement":[{"@type":"ListItem","position":1,"name":"Home","item":"https:\/\/wortie.com\/be\/fr\/"},{"@type":"ListItem","position":2,"name":"Produits","item":"https:\/\/wortie.com\/be\/nl\/producten\/"},{"@type":"ListItem","position":3,"name":"Wortie Freeze"}]},{"@type":"WebSite","@id":"https:\/\/wortie.com\/be\/fr\/#website","url":"https:\/\/wortie.com\/be\/fr\/","name":"Wortie","description":"","publisher":{"@id":"https:\/\/wortie.com\/be\/fr\/#organization"},"potentialAction":[{"@type":"SearchAction","target":{"@type":"EntryPoint","urlTemplate":"https:\/\/wortie.com\/be\/fr\/?s={search_term_string}"},"query-input":{"@type":"PropertyValueSpecification","valueRequired":true,"valueName":"search_term_string"}}],"inLanguage":"fr-BE"},{"@type":"Organization","@id":"https:\/\/wortie.com\/be\/fr\/#organization","name":"Wortie","url":"https:\/\/wortie.com\/be\/fr\/","logo":{"@type":"ImageObject","inLanguage":"fr-BE","@id":"https:\/\/wortie.com\/be\/fr\/#\/schema\/logo\/image\/","url":"https:\/\/wortie.com\/app\/uploads\/sites\/6\/2022\/07\/wortie-logotype.png","contentUrl":"https:\/\/wortie.com\/app\/uploads\/sites\/6\/2022\/07\/wortie-logotype.png","width":116,"height":40,"caption":"Wortie"},"image":{"@id":"https:\/\/wortie.com\/be\/fr\/#\/schema\/logo\/image\/"}}]}},"_links":{"self":[{"href":"https:\/\/wortie.com\/be\/fr\/wp-json\/wp\/v2\/product\/148","targetHints":{"allow":["GET"]}}],"collection":[{"href":"https:\/\/wortie.com\/be\/fr\/wp-json\/wp\/v2\/product"}],"about":[{"href":"https:\/\/wortie.com\/be\/fr\/wp-json\/wp\/v2\/types\/product"}],"replies":[{"embeddable":true,"href":"https:\/\/wortie.com\/be\/fr\/wp-json\/wp\/v2\/comments?post=148"}],"version-history":[{"count":10,"href":"https:\/\/wortie.com\/be\/fr\/wp-json\/wp\/v2\/product\/148\/revisions"}],"predecessor-version":[{"id":481,"href":"https:\/\/wortie.com\/be\/fr\/wp-json\/wp\/v2\/product\/148\/revisions\/481"}],"wp:featuredmedia":[{"embeddable":true,"href":"https:\/\/wortie.com\/be\/fr\/wp-json\/wp\/v2\/media\/400"}],"wp:attachment":[{"href":"https:\/\/wortie.com\/be\/fr\/wp-json\/wp\/v2\/media?parent=148"}],"wp:term":[{"taxonomy":"product_brand","embeddable":true,"href":"https:\/\/wortie.com\/be\/fr\/wp-json\/wp\/v2\/product_brand?post=148"},{"taxonomy":"product_cat","embeddable":true,"href":"https:\/\/wortie.com\/be\/fr\/wp-json\/wp\/v2\/product_cat?post=148"},{"taxonomy":"product_tag","embeddable":true,"href":"https:\/\/wortie.com\/be\/fr\/wp-json\/wp\/v2\/product_tag?post=148"}],"curies":[{"name":"wp","href":"https:\/\/api.w.org\/{rel}","templated":true}]}}