{"id":322,"date":"2025-01-31T07:54:29","date_gmt":"2025-01-31T06:54:29","guid":{"rendered":"https:\/\/wortie.com\/be\/?post_type=product&#038;p=322"},"modified":"2025-09-08T11:36:32","modified_gmt":"2025-09-08T09:36:32","slug":"wortie-freeze-pro","status":"publish","type":"product","link":"https:\/\/wortie.com\/be\/fr\/produit\/wortie-freeze-pro\/","title":{"rendered":"Wortie Freeze Pro"},"content":{"rendered":"\n<div class=\"wp-block-karopharma-accordions is-style-secondary\"><div class=\"container\">\n<details class=\"wp-block-karopharma-accordion\"><summary><h2 class=\"accordion-title\">Utilisation<\/h2><\/summary><div class=\"accordion-content\">\n<div class=\"wp-block-karopharma-several-images-with-text several-images-with-text\"><div class=\"container large col-1 content-align-none\" test-data=\"inner-content\">\n<section class=\"wp-block-karopharma-image-with-text image-with-text image-with-text__full-width\"><div class=\"image-with-text-container \"><div class=\"image-with-text-container-image-container\"><img decoding=\"async\" loading=\"lazy\" src=\"https:\/\/wortie.com\/cdn-cgi\/image\/format=auto\/app\/uploads\/sites\/2\/2022\/06\/instruction_wortie_1.png\" alt=\"Instruktion 1\"\/><\/div><div class=\"image-with-text-container-content\" style=\"text-align:left\" data-test=\"content\"><div class=\"content\"><p class=\"body\" data-test=\"body\"><strong>1. Ne retirez pas le capuchon transparent.<br><\/strong><br>Tournez compl\u00e8tement la partie blanche du stylo dans le sens de la fl\u00e8che jusqu\u2019\u00e0 ce que vous entendiez un clic sonore.  Tournez fermement, il faut faire preuve de force pour briser la protection interne.<br><br><strong>Si cette instruction n\u2019est pas respect\u00e9e, le stylo n\u2019est pas activ\u00e9 et pas pr\u00eat \u00e0 \u00eatre utilis\u00e9.<\/strong><\/p>\n<div class=\"wp-block-buttons is-layout-flex wp-block-buttons-is-layout-flex\"><\/div>\n<\/div><\/div><\/div><\/section>\n\n\n\n<section class=\"wp-block-karopharma-image-with-text image-with-text image-with-text__full-width\"><div class=\"image-with-text-container \"><div class=\"image-with-text-container-image-container\"><img decoding=\"async\" loading=\"lazy\" src=\"https:\/\/wortie.com\/cdn-cgi\/image\/format=auto\/app\/uploads\/sites\/2\/2022\/06\/instruction_wortie_2.png\" alt=\"Instruktion 2\"\/><\/div><div class=\"image-with-text-container-content\" style=\"text-align:left\" data-test=\"content\"><div class=\"content\"><p class=\"body\" data-test=\"body\"><strong>2. Placez le stylo sur une surface plane et solide (ex. une table) avec le capuchon transparent orient\u00e9 vers le bas.<br><\/strong><br>Tenez le capuchon transparent d\u2019une main et appuyez fermement sur la partie blanche du stylo avec l\u2019autre main pendant 7 secondes. Utilisez une horloge pour \u00e9valuer le temps. Essayez de respecter le plus fid\u00e8lement possible le temps d\u2019activation de 7 secondes. Vous pourrez voir se former une pastille de glace blanche.<\/p>\n<div class=\"wp-block-buttons is-layout-flex wp-block-buttons-is-layout-flex\"><\/div>\n<\/div><\/div><\/div><\/section>\n\n\n\n<section class=\"wp-block-karopharma-image-with-text image-with-text image-with-text__full-width\"><div class=\"image-with-text-container \"><div class=\"image-with-text-container-image-container\"><img decoding=\"async\" loading=\"lazy\" src=\"https:\/\/wortie.com\/cdn-cgi\/image\/format=auto\/app\/uploads\/sites\/2\/2022\/06\/instruction_wortie_3.png\" alt=\"Instruktion 3\"\/><\/div><div class=\"image-with-text-container-content\" style=\"text-align:left\" data-test=\"content\"><div class=\"content\"><p class=\"body\" data-test=\"body\"><strong>3. Retirez le capuchon transparent.<br><\/strong><br>Si une pastille de glace blanche se forme \u00e0 la pointe du stylo, utilisez imm\u00e9diatement<br>le stylo conform\u00e9ment \u00e0 <strong>l\u2019\u00c9TAPE 4. TRAITEMENT<\/strong><br> Si vous ne voyez pas de pastille de glace blanche ou si elle est tomb\u00e9e ou coinc\u00e9e dans le bouchon transparent, replacez<br>le bouchon transparent et r\u00e9p\u00e9tez <strong>l\u2019\u00c9TAPE 2. ACTIVATION<\/strong><\/p>\n<div class=\"wp-block-buttons is-layout-flex wp-block-buttons-is-layout-flex\"><\/div>\n<\/div><\/div><\/div><\/section>\n\n\n\n<section class=\"wp-block-karopharma-image-with-text image-with-text image-with-text__full-width\"><div class=\"image-with-text-container \"><div class=\"image-with-text-container-image-container\"><img decoding=\"async\" loading=\"lazy\" src=\"https:\/\/wortie.com\/cdn-cgi\/image\/format=auto\/app\/uploads\/sites\/2\/2022\/06\/instruction_wortie_4.png\" alt=\"Instruktion 4\"\/><\/div><div class=\"image-with-text-container-content\" style=\"text-align:left\" data-test=\"content\"><div class=\"content\"><p class=\"body\" data-test=\"body\"><strong>4. Appuyez fermement la pastille de glace<br>contre la verrue :<br><\/strong><br>Sur peau mince (mains, doigts, bras,<br>orteils, partie sup\u00e9rieure ou c\u00f4t\u00e9 des pieds, etc).<br>Sur peau calleuse et \u00e9paisse (plantes des pieds).<br><br><strong>Une mauvaise utilisation ou un contact prolong\u00e9 avec la verrue peut causer des l\u00e9sions cutan\u00e9es ou nerveuses.<\/strong><\/p>\n<div class=\"wp-block-buttons is-layout-flex wp-block-buttons-is-layout-flex\"><\/div>\n<\/div><\/div><\/div><\/section>\n<\/div><\/div>\n\n\n\n<p><strong>Apr\u00e8s le traitement :<\/strong> <br>Replacez le capuchon transparent sur le stylo et mettez-le au frigo dans son emballage d\u2019origine (avec la notice). <\/p>\n\n\n\n<p><strong>Ne pas conserver au cong\u00e9lateur.<\/strong><\/p>\n\n\n\n<p><strong>Pour le meilleur des r\u00e9sultats<br><\/strong>Avant le traitement : Laissez tremper le pied dans de l\u2019eau ti\u00e8de pendant 5 minutes, puis retirez la peau calleuse\/dure avec une lime. S\u00e9chez soigneusement avant de poursuivre le traitement. Lime non-incluse.<\/p>\n<\/div><\/details>\n\n\n\n<details class=\"wp-block-karopharma-accordion\"><summary><h2 class=\"accordion-title\">Comment fonctionne Wortie Freeze Pro?<\/h2><\/summary><div class=\"accordion-content\">\n<p>Le Wortie Freeze Pro contient du CO2. Lorsqu&rsquo;il est activ\u00e9, le gaz se dilate et forme une pastille de glace super refroidie.<\/p>\n<\/div><\/details>\n\n\n\n<details class=\"wp-block-karopharma-accordion\"><summary><h2 class=\"accordion-title\">Wortie Freeze Pro est-il sans danger pour les enfants ?<\/h2><\/summary><div class=\"accordion-content\">\n<p>Wortie Freeze Pro est sans danger pour les enfants de plus de 4 ans.<\/p>\n<\/div><\/details>\n\n\n\n<details class=\"wp-block-karopharma-accordion\"><summary><h2 class=\"accordion-title\">J&rsquo;ai utilis\u00e9 Wortie Freeze Pro. Combien de temps faut-il pour que ma verrue se d\u00e9tache ?<\/h2><\/summary><div class=\"accordion-content\">\n<p>Wortie Freeze Pro est une m\u00e9thode de traitement efficace et rapide pour \u00e9liminer les verrues et verrues plantaires en les gelant de mani\u00e8re directe et precise, provoquant la disparition de la verrue ou la verrue plantaire en 10 \u00e0 14 jours, g\u00e9n\u00e9ralement apr\u00e8s une seule application. La verrue est d\u00e9truite et sera \u00e9limin\u00e9e gr\u00e2ce \u00e0 la desquamation naturelle de la peau. Dans la plupart des cas, la verrue dispara\u00eetra apr\u00e8s un seul traitement. Les verrues plus anciennes ou de grande taille peuvent n\u00e9cessiter plus d\u2019un traitement, surtout dans le cas de verrues plantaires.<\/p>\n\n\n\n<p>Si la verrue, ou une partie de celle-ci, ne dispara\u00eet pas apr\u00e8s 14 jours, r\u00e9p\u00e9tez le traitement (\u00e9tapes 2, 3 et 4).<\/p>\n\n\n\n<p>Si une verrue ne dispara\u00eet pas apr\u00e8s 3 traitements, contactez votre m\u00e9decin. N&rsquo;oubliez pas de toujours laisser passer 14 jours avant le prochain traitement.<\/p>\n<\/div><\/details>\n\n\n\n<details class=\"wp-block-karopharma-accordion\"><summary><h2 class=\"accordion-title\">Que contient Wortie Freeze Pro ?<\/h2><\/summary><div class=\"accordion-content\">\n<p>Wortie Freeze Pro contient du CO2.<\/p>\n<\/div><\/details>\n<\/div><\/div>\n","protected":false},"excerpt":{"rendered":"<p>G\u00e8le m\u00eame les verrues les plus tenaces en quelques secondes<\/p>\n","protected":false},"featured_media":416,"comment_status":"closed","ping_status":"closed","template":"","meta":{"_acf_changed":false,"footnotes":""},"product_brand":[],"product_cat":[],"product_tag":[],"class_list":{"0":"post-322","1":"product","2":"type-product","3":"status-publish","4":"has-post-thumbnail","7":"first","8":"instock","9":"shipping-taxable","10":"product-type-simple"},"acf":[],"yoast_head":"<!-- This site is optimized with the Yoast SEO plugin v26.6 - https:\/\/yoast.com\/wordpress\/plugins\/seo\/ -->\n<title>Wortie Freeze Pro - Wortie<\/title>\n<meta name=\"description\" content=\"Produit anti-verrues Cryo Freeze, facile \u00e0 utiliser. \u00e0 partir de 4 ans\" \/>\n<meta name=\"robots\" content=\"index, follow, max-snippet:-1, max-image-preview:large, max-video-preview:-1\" \/>\n<link rel=\"canonical\" href=\"https:\/\/wortie.com\/be\/fr\/produit\/wortie-freeze-pro\/\" \/>\n<meta property=\"og:locale\" content=\"fr_FR\" \/>\n<meta property=\"og:type\" content=\"article\" \/>\n<meta property=\"og:title\" content=\"Wortie Freeze Pro - Wortie\" \/>\n<meta property=\"og:description\" content=\"Produit anti-verrues Cryo Freeze, facile \u00e0 utiliser. \u00e0 partir de 4 ans\" \/>\n<meta property=\"og:url\" content=\"https:\/\/wortie.com\/be\/fr\/produit\/wortie-freeze-pro\/\" \/>\n<meta property=\"og:site_name\" content=\"Wortie\" \/>\n<meta property=\"article:modified_time\" content=\"2025-09-08T09:36:32+00:00\" \/>\n<meta property=\"og:image\" content=\"https:\/\/wortie.com\/app\/uploads\/sites\/6\/2023\/12\/wortie-freeze-pro-be.png\" \/>\n\t<meta property=\"og:image:width\" content=\"800\" \/>\n\t<meta property=\"og:image:height\" content=\"800\" \/>\n\t<meta property=\"og:image:type\" content=\"image\/png\" \/>\n<meta name=\"twitter:card\" content=\"summary_large_image\" \/>\n<meta name=\"twitter:label1\" content=\"Dur\u00e9e de lecture est.\" \/>\n\t<meta name=\"twitter:data1\" content=\"4 minutes\" \/>\n<script type=\"application\/ld+json\" class=\"yoast-schema-graph\">{\"@context\":\"https:\/\/schema.org\",\"@graph\":[{\"@type\":\"WebPage\",\"@id\":\"https:\/\/wortie.com\/be\/fr\/produit\/wortie-freeze-pro\/\",\"url\":\"https:\/\/wortie.com\/be\/fr\/produit\/wortie-freeze-pro\/\",\"name\":\"Wortie Freeze Pro - Wortie\",\"isPartOf\":{\"@id\":\"https:\/\/wortie.com\/be\/fr\/#website\"},\"primaryImageOfPage\":{\"@id\":\"https:\/\/wortie.com\/be\/fr\/produit\/wortie-freeze-pro\/#primaryimage\"},\"image\":{\"@id\":\"https:\/\/wortie.com\/be\/fr\/produit\/wortie-freeze-pro\/#primaryimage\"},\"thumbnailUrl\":\"https:\/\/wortie.com\/app\/uploads\/sites\/6\/2023\/12\/wortie-freeze-pro-be.png\",\"datePublished\":\"2025-01-31T06:54:29+00:00\",\"dateModified\":\"2025-09-08T09:36:32+00:00\",\"description\":\"Produit anti-verrues Cryo Freeze, facile \u00e0 utiliser. \u00e0 partir de 4 ans\",\"breadcrumb\":{\"@id\":\"https:\/\/wortie.com\/be\/fr\/produit\/wortie-freeze-pro\/#breadcrumb\"},\"inLanguage\":\"fr-BE\",\"potentialAction\":[{\"@type\":\"ReadAction\",\"target\":[\"https:\/\/wortie.com\/be\/fr\/produit\/wortie-freeze-pro\/\"]}]},{\"@type\":\"ImageObject\",\"inLanguage\":\"fr-BE\",\"@id\":\"https:\/\/wortie.com\/be\/fr\/produit\/wortie-freeze-pro\/#primaryimage\",\"url\":\"https:\/\/wortie.com\/app\/uploads\/sites\/6\/2023\/12\/wortie-freeze-pro-be.png\",\"contentUrl\":\"https:\/\/wortie.com\/app\/uploads\/sites\/6\/2023\/12\/wortie-freeze-pro-be.png\",\"width\":800,\"height\":800,\"caption\":\"wortie-freeze-pro\"},{\"@type\":\"BreadcrumbList\",\"@id\":\"https:\/\/wortie.com\/be\/fr\/produit\/wortie-freeze-pro\/#breadcrumb\",\"itemListElement\":[{\"@type\":\"ListItem\",\"position\":1,\"name\":\"Home\",\"item\":\"https:\/\/wortie.com\/be\/fr\/\"},{\"@type\":\"ListItem\",\"position\":2,\"name\":\"Produits\",\"item\":\"https:\/\/wortie.com\/be\/nl\/producten\/\"},{\"@type\":\"ListItem\",\"position\":3,\"name\":\"Wortie Freeze Pro\"}]},{\"@type\":\"WebSite\",\"@id\":\"https:\/\/wortie.com\/be\/fr\/#website\",\"url\":\"https:\/\/wortie.com\/be\/fr\/\",\"name\":\"Wortie\",\"description\":\"\",\"publisher\":{\"@id\":\"https:\/\/wortie.com\/be\/fr\/#organization\"},\"potentialAction\":[{\"@type\":\"SearchAction\",\"target\":{\"@type\":\"EntryPoint\",\"urlTemplate\":\"https:\/\/wortie.com\/be\/fr\/?s={search_term_string}\"},\"query-input\":{\"@type\":\"PropertyValueSpecification\",\"valueRequired\":true,\"valueName\":\"search_term_string\"}}],\"inLanguage\":\"fr-BE\"},{\"@type\":\"Organization\",\"@id\":\"https:\/\/wortie.com\/be\/fr\/#organization\",\"name\":\"Wortie\",\"url\":\"https:\/\/wortie.com\/be\/fr\/\",\"logo\":{\"@type\":\"ImageObject\",\"inLanguage\":\"fr-BE\",\"@id\":\"https:\/\/wortie.com\/be\/fr\/#\/schema\/logo\/image\/\",\"url\":\"https:\/\/wortie.com\/app\/uploads\/sites\/6\/2022\/07\/wortie-logotype.png\",\"contentUrl\":\"https:\/\/wortie.com\/app\/uploads\/sites\/6\/2022\/07\/wortie-logotype.png\",\"width\":116,\"height\":40,\"caption\":\"Wortie\"},\"image\":{\"@id\":\"https:\/\/wortie.com\/be\/fr\/#\/schema\/logo\/image\/\"}}]}<\/script>\n<!-- \/ Yoast SEO plugin. -->","yoast_head_json":{"title":"Wortie Freeze Pro - Wortie","description":"Produit anti-verrues Cryo Freeze, facile \u00e0 utiliser. \u00e0 partir de 4 ans","robots":{"index":"index","follow":"follow","max-snippet":"max-snippet:-1","max-image-preview":"max-image-preview:large","max-video-preview":"max-video-preview:-1"},"canonical":"https:\/\/wortie.com\/be\/fr\/produit\/wortie-freeze-pro\/","og_locale":"fr_FR","og_type":"article","og_title":"Wortie Freeze Pro - Wortie","og_description":"Produit anti-verrues Cryo Freeze, facile \u00e0 utiliser. \u00e0 partir de 4 ans","og_url":"https:\/\/wortie.com\/be\/fr\/produit\/wortie-freeze-pro\/","og_site_name":"Wortie","article_modified_time":"2025-09-08T09:36:32+00:00","og_image":[{"width":800,"height":800,"url":"https:\/\/wortie.com\/app\/uploads\/sites\/6\/2023\/12\/wortie-freeze-pro-be.png","type":"image\/png"}],"twitter_card":"summary_large_image","twitter_misc":{"Dur\u00e9e de lecture est.":"4 minutes"},"schema":{"@context":"https:\/\/schema.org","@graph":[{"@type":"WebPage","@id":"https:\/\/wortie.com\/be\/fr\/produit\/wortie-freeze-pro\/","url":"https:\/\/wortie.com\/be\/fr\/produit\/wortie-freeze-pro\/","name":"Wortie Freeze Pro - Wortie","isPartOf":{"@id":"https:\/\/wortie.com\/be\/fr\/#website"},"primaryImageOfPage":{"@id":"https:\/\/wortie.com\/be\/fr\/produit\/wortie-freeze-pro\/#primaryimage"},"image":{"@id":"https:\/\/wortie.com\/be\/fr\/produit\/wortie-freeze-pro\/#primaryimage"},"thumbnailUrl":"https:\/\/wortie.com\/app\/uploads\/sites\/6\/2023\/12\/wortie-freeze-pro-be.png","datePublished":"2025-01-31T06:54:29+00:00","dateModified":"2025-09-08T09:36:32+00:00","description":"Produit anti-verrues Cryo Freeze, facile \u00e0 utiliser. \u00e0 partir de 4 ans","breadcrumb":{"@id":"https:\/\/wortie.com\/be\/fr\/produit\/wortie-freeze-pro\/#breadcrumb"},"inLanguage":"fr-BE","potentialAction":[{"@type":"ReadAction","target":["https:\/\/wortie.com\/be\/fr\/produit\/wortie-freeze-pro\/"]}]},{"@type":"ImageObject","inLanguage":"fr-BE","@id":"https:\/\/wortie.com\/be\/fr\/produit\/wortie-freeze-pro\/#primaryimage","url":"https:\/\/wortie.com\/app\/uploads\/sites\/6\/2023\/12\/wortie-freeze-pro-be.png","contentUrl":"https:\/\/wortie.com\/app\/uploads\/sites\/6\/2023\/12\/wortie-freeze-pro-be.png","width":800,"height":800,"caption":"wortie-freeze-pro"},{"@type":"BreadcrumbList","@id":"https:\/\/wortie.com\/be\/fr\/produit\/wortie-freeze-pro\/#breadcrumb","itemListElement":[{"@type":"ListItem","position":1,"name":"Home","item":"https:\/\/wortie.com\/be\/fr\/"},{"@type":"ListItem","position":2,"name":"Produits","item":"https:\/\/wortie.com\/be\/nl\/producten\/"},{"@type":"ListItem","position":3,"name":"Wortie Freeze Pro"}]},{"@type":"WebSite","@id":"https:\/\/wortie.com\/be\/fr\/#website","url":"https:\/\/wortie.com\/be\/fr\/","name":"Wortie","description":"","publisher":{"@id":"https:\/\/wortie.com\/be\/fr\/#organization"},"potentialAction":[{"@type":"SearchAction","target":{"@type":"EntryPoint","urlTemplate":"https:\/\/wortie.com\/be\/fr\/?s={search_term_string}"},"query-input":{"@type":"PropertyValueSpecification","valueRequired":true,"valueName":"search_term_string"}}],"inLanguage":"fr-BE"},{"@type":"Organization","@id":"https:\/\/wortie.com\/be\/fr\/#organization","name":"Wortie","url":"https:\/\/wortie.com\/be\/fr\/","logo":{"@type":"ImageObject","inLanguage":"fr-BE","@id":"https:\/\/wortie.com\/be\/fr\/#\/schema\/logo\/image\/","url":"https:\/\/wortie.com\/app\/uploads\/sites\/6\/2022\/07\/wortie-logotype.png","contentUrl":"https:\/\/wortie.com\/app\/uploads\/sites\/6\/2022\/07\/wortie-logotype.png","width":116,"height":40,"caption":"Wortie"},"image":{"@id":"https:\/\/wortie.com\/be\/fr\/#\/schema\/logo\/image\/"}}]}},"_links":{"self":[{"href":"https:\/\/wortie.com\/be\/fr\/wp-json\/wp\/v2\/product\/322","targetHints":{"allow":["GET"]}}],"collection":[{"href":"https:\/\/wortie.com\/be\/fr\/wp-json\/wp\/v2\/product"}],"about":[{"href":"https:\/\/wortie.com\/be\/fr\/wp-json\/wp\/v2\/types\/product"}],"replies":[{"embeddable":true,"href":"https:\/\/wortie.com\/be\/fr\/wp-json\/wp\/v2\/comments?post=322"}],"version-history":[{"count":7,"href":"https:\/\/wortie.com\/be\/fr\/wp-json\/wp\/v2\/product\/322\/revisions"}],"predecessor-version":[{"id":421,"href":"https:\/\/wortie.com\/be\/fr\/wp-json\/wp\/v2\/product\/322\/revisions\/421"}],"wp:featuredmedia":[{"embeddable":true,"href":"https:\/\/wortie.com\/be\/fr\/wp-json\/wp\/v2\/media\/416"}],"wp:attachment":[{"href":"https:\/\/wortie.com\/be\/fr\/wp-json\/wp\/v2\/media?parent=322"}],"wp:term":[{"taxonomy":"product_brand","embeddable":true,"href":"https:\/\/wortie.com\/be\/fr\/wp-json\/wp\/v2\/product_brand?post=322"},{"taxonomy":"product_cat","embeddable":true,"href":"https:\/\/wortie.com\/be\/fr\/wp-json\/wp\/v2\/product_cat?post=322"},{"taxonomy":"product_tag","embeddable":true,"href":"https:\/\/wortie.com\/be\/fr\/wp-json\/wp\/v2\/product_tag?post=322"}],"curies":[{"name":"wp","href":"https:\/\/api.w.org\/{rel}","templated":true}]}}