{"id":49,"date":"2023-12-05T10:44:50","date_gmt":"2023-12-05T08:44:50","guid":{"rendered":"https:\/\/wortie.com\/ee\/?page_id=49"},"modified":"2025-09-08T13:44:01","modified_gmt":"2025-09-08T10:44:01","slug":"kkk","status":"publish","type":"page","link":"https:\/\/wortie.com\/ee\/kkk\/","title":{"rendered":"KKK"},"content":{"rendered":"\n<div class=\"wp-block-karopharma-background-image-with-text-v2 background-image-with-text-v2 undefined content-position-center fixed-height-layout\" datatest=\"root\"><div class=\"background-image-with-text-wrapper\"><picture class=\"background-image-with-text-image\"><source media=\"(max-width: 560px)\" srcset=\"https:\/\/wortie.com\/cdn-cgi\/image\/format=auto,width=560\/app\/uploads\/sites\/13\/2023\/12\/FAQ.jpg\"\/><source media=\"(max-width: 800px)\" srcset=\"https:\/\/wortie.com\/cdn-cgi\/image\/format=auto,width=800\/app\/uploads\/sites\/13\/2023\/12\/FAQ.jpg\"\/><source media=\"(max-width: 1920px)\" srcset=\"https:\/\/wortie.com\/cdn-cgi\/image\/format=auto,width=1920\/app\/uploads\/sites\/13\/2023\/12\/FAQ.jpg\"\/><img decoding=\"async\" width=\"1920\" height=\"747\" datatest=\"background-image\" loading=\"lazy\" class=\"object-center object-cover\" src=\"https:\/\/wortie.com\/cdn-cgi\/image\/format=auto\/app\/uploads\/sites\/13\/2023\/12\/FAQ.jpg\" alt=\"FAQ\"\/><\/picture><div datatest=\"content-wrapper\" class=\"background-image-with-text-content-wrapper container max-w-medium text-alignment-left  pt-large pb-large\"><div class=\"content\"><h1 datatest=\"heading\" class=\"\">KKK1<\/h1>\n<div class=\"wp-block-buttons is-layout-flex wp-block-buttons-is-layout-flex\"><\/div>\n<\/div><\/div><\/div><\/div>\n\n\n\n<div class=\"wp-block-karopharma-accordions\"><div class=\"container\">\n<details class=\"wp-block-karopharma-accordion\"><summary><h2 class=\"accordion-title\">Kuidas Wortie toimib?<\/h2><\/summary><div class=\"accordion-content\">\n<p>T\u00e4nu eriti t\u00e4psele dosaatorile k\u00fclmutab Wortie tavalise soolat\u00fc\u00fcka l\u00e4binisti, mille j\u00e4rel soolat\u00fc\u00fcgas eemaldub. Wortie soolat\u00fc\u00fcgaste eemaldamise vahendi metallotsiku kuju v\u00f5imaldab vahendi asetada t\u00e4pselt ja valutult soolat\u00fc\u00fckale, m\u00f5jutamata seejuures \u00fcmbritsevat nahka.<\/p>\n<\/div><\/details>\n\n\n\n<details class=\"wp-block-karopharma-accordion\"><summary><h2 class=\"accordion-title\">Milline on Wortie koostis?<\/h2><\/summary><div class=\"accordion-content\">\n<p>Dimet\u00fc\u00fcleeter (DME) \u2013 gaas, mis vabanemisel jahutab Wortie metallotsiku v\u00e4ga madala temperatuurini.<\/p>\n<\/div><\/details>\n\n\n\n<details class=\"wp-block-karopharma-accordion\"><summary><h2 class=\"accordion-title\">Kas Wortie on ohutu lastele?<\/h2><\/summary><div class=\"accordion-content\">\n<p>Wortie soolat\u00fc\u00fcgaste eemaldamise vahend sobib 4-aastastele ja vanematele lastele.<\/p>\n\n\n\n<p>Wortie Advanced soolat\u00fc\u00fcgaste eemaldamise vahend sobib 12-aastastele ja vanematele lastele.<\/p>\n\n\n\n<p>Kuna Wortie k\u00fclmutab metallotsiku abil, v\u00f5ib k\u00fclmutamise tugevust kontrollida kasutamise ajal, reguleerides mahuti koonuse soolat\u00fc\u00fckale vajutamise tugevust: vajutades tugevamini, katab ja k\u00fclmutab metallotsik soolat\u00fc\u00fcka suurema pinna, vajutades v\u00e4hem on otsiku kokkupuutepind soolat\u00fc\u00fckaga v\u00e4iksem &#8211; nii v\u00f5ib ravida ohutult ja usaldusv\u00e4\u00e4rselt v\u00e4iksemaid soolat\u00fc\u00fckaid.<\/p>\n<\/div><\/details>\n\n\n\n<details class=\"wp-block-karopharma-accordion\"><summary><h2 class=\"accordion-title\">Minu soolat\u00fc\u00fcgas ei eemaldunud peale \u00fchte protseduuri. Mida peaksin tegema?<\/h2><\/summary><div class=\"accordion-content\">\n<p>Enne Wortie kasutamist on teatud juhtudel kasulik leotada soolat\u00fc\u00fcgast m\u00f5ned minutid soojas vees, et vahend toimiks kergemini l\u00e4bi soolat\u00fc\u00fckale moodustunud sarvestunud naha.<\/p>\n\n\n\n<p>Iga mitteeemaldunud soolat\u00fc\u00fcgast ravige eraldi, pidage protseduuride vahel v\u00e4hemalt kaks n\u00e4dalat vahet.<\/p>\n\n\n\n<p>Vanade ja t\u00f5rksate soolat\u00fc\u00fcgaste ravimiseks kasutage Wortie Advanced.<\/p>\n<\/div><\/details>\n\n\n\n<details class=\"wp-block-karopharma-accordion\"><summary><h2 class=\"accordion-title\">Kui kaua on tarvis oodata, et soolat\u00fc\u00fcgas eemalduks?<\/h2><\/summary><div class=\"accordion-content\">\n<p>Tavaliselt kaob v\u00f5i eemaldub soolat\u00fc\u00fcgas 10-14 p\u00e4eva peale kasutamist, j\u00e4ttes asemele terve naha.<\/p>\n\n\n\n<p>Kui vahendit on tarvis kasutada veelkord, peaks seda tegema mitte varem, kui kasutamisest on m\u00f6\u00f6dunud 14 p\u00e4eva.<\/p>\n<\/div><\/details>\n<\/div><\/div>\n\n\n\n<script type=\"application\/ld+json\">\n{\n  \"@context\": \"https:\/\/schema.org\",\n  \"@type\": \"FAQPage\",\n  \"mainEntity\": [\n    {\n      \"@type\": \"Question\",\n      \"name\": \"Kuidas Wortie toimib?\",\n      \"acceptedAnswer\": {\n        \"@type\": \"Answer\",\n        \"text\": \"<p>T\u00e4nu eriti t\u00e4psele dosaatorile k\u00fclmutab Wortie tavalise soolat\u00fc\u00fcka l\u00e4binisti, mille j\u00e4rel soolat\u00fc\u00fcgas eemaldub. Wortie soolat\u00fc\u00fcgaste eemaldamise vahendi metallotsiku kuju v\u00f5imaldab vahendi asetada t\u00e4pselt ja valutult soolat\u00fc\u00fckale, m\u00f5jutamata seejuures \u00fcmbritsevat nahka.<\/p>\"\n      }\n    },\n    {\n      \"@type\": \"Question\",\n      \"name\": \"Milline on Wortie koostis?\",\n      \"acceptedAnswer\": {\n        \"@type\": \"Answer\",\n        \"text\": \"<p>Dimet\u00fc\u00fcleeter (DME) \u2013 gaas, mis vabanemisel jahutab Wortie metallotsiku v\u00e4ga madala temperatuurini.<\/p>\"\n      }\n    },\n    {\n      \"@type\": \"Question\",\n      \"name\": \"Kas Wortie on ohutu lastele?\",\n      \"acceptedAnswer\": {\n        \"@type\": \"Answer\",\n        \"text\": \"<p>Wortie soolat\u00fc\u00fcgaste eemaldamise vahend sobib 4-aastastele ja vanematele lastele.<\/p>\\n<p>Wortie Advanced soolat\u00fc\u00fcgaste eemaldamise vahend sobib 12-aastastele ja vanematele lastele.<\/p>\\n<p>Kuna Wortie k\u00fclmutab metallotsiku abil, v\u00f5ib k\u00fclmutamise tugevust kontrollida kasutamise ajal, reguleerides mahuti koonuse soolat\u00fc\u00fckale vajutamise tugevust: vajutades tugevamini, katab ja k\u00fclmutab metallotsik soolat\u00fc\u00fcka suurema pinna, vajutades v\u00e4hem on otsiku kokkupuutepind soolat\u00fc\u00fckaga v\u00e4iksem \u2013 nii v\u00f5ib ravida ohutult ja usaldusv\u00e4\u00e4rselt v\u00e4iksemaid soolat\u00fc\u00fckaid.<\/p>\"\n      }\n    },\n    {\n      \"@type\": \"Question\",\n      \"name\": \"Minu soolat\u00fc\u00fcgas ei eemaldunud peale \u00fchte protseduuri. Mida peaksin tegema?\",\n      \"acceptedAnswer\": {\n        \"@type\": \"Answer\",\n        \"text\": \"<p>Enne Wortie kasutamist on teatud juhtudel kasulik leotada soolat\u00fc\u00fcgast m\u00f5ned minutid soojas vees, et vahend toimiks kergemini l\u00e4bi soolat\u00fc\u00fckale moodustunud sarvestunud naha.<\/p>\\n<p>Iga mitteeemaldunud soolat\u00fc\u00fcgast ravige eraldi, pidage protseduuride vahel v\u00e4hemalt kaks n\u00e4dalat vahet.<\/p>\\n<p>Vanade ja t\u00f5rksate soolat\u00fc\u00fcgaste ravimiseks kasutage Wortie Advanced.<\/p>\"\n      }\n    },\n    {\n      \"@type\": \"Question\",\n      \"name\": \"Kui kaua on tarvis oodata, et soolat\u00fc\u00fcgas eemalduks?\",\n      \"acceptedAnswer\": {\n        \"@type\": \"Answer\",\n        \"text\": \"<p>Tavaliselt kaob v\u00f5i eemaldub soolat\u00fc\u00fcgas 10-14 p\u00e4eva peale kasutamist, j\u00e4ttes asemele terve naha.<\/p>\\n<p>Kui vahendit on tarvis kasutada veelkord, peaks seda tegema mitte varem, kui kasutamisest on m\u00f6\u00f6dunud 14 p\u00e4eva.<\/p>\"\n      }\n    }\n  ]\n}\n<\/script>\n","protected":false},"excerpt":{"rendered":"","protected":false},"author":2,"featured_media":0,"parent":0,"menu_order":0,"comment_status":"closed","ping_status":"closed","template":"","meta":{"_acf_changed":false,"footnotes":""},"from-article-database":[],"class_list":["post-49","page","type-page","status-publish","hentry"],"acf":[],"yoast_head":"<!-- This site is optimized with the Yoast SEO plugin v26.6 - https:\/\/yoast.com\/wordpress\/plugins\/seo\/ -->\n<title>KKK - Wortie<\/title>\n<meta name=\"description\" content=\"Kuidas Wortie toimib? Milline on Wortie koostis? Kas Wortie on ohutu lastele? Minu soolat\u00fc\u00fcgas ei eemaldunud peale \u00fchte protseduuri. Mida peaksin tegema?\" \/>\n<meta name=\"robots\" content=\"index, follow, max-snippet:-1, max-image-preview:large, max-video-preview:-1\" \/>\n<link rel=\"canonical\" href=\"https:\/\/wortie.com\/ee\/kkk\/\" \/>\n<meta property=\"og:locale\" content=\"et_EE\" \/>\n<meta property=\"og:type\" content=\"article\" \/>\n<meta property=\"og:title\" content=\"KKK - Wortie\" \/>\n<meta property=\"og:description\" content=\"Kuidas Wortie toimib? Milline on Wortie koostis? Kas Wortie on ohutu lastele? Minu soolat\u00fc\u00fcgas ei eemaldunud peale \u00fchte protseduuri. Mida peaksin tegema?\" \/>\n<meta property=\"og:url\" content=\"https:\/\/wortie.com\/ee\/kkk\/\" \/>\n<meta property=\"og:site_name\" content=\"Wortie\" \/>\n<meta property=\"article:modified_time\" content=\"2025-09-08T10:44:01+00:00\" \/>\n<meta property=\"og:image\" content=\"https:\/\/wortie.com\/cdn-cgi\/image\/format=auto\/app\/uploads\/sites\/13\/2023\/12\/FAQ.jpg\" \/>\n<meta name=\"twitter:card\" content=\"summary_large_image\" \/>\n<meta name=\"twitter:label1\" content=\"Est. reading time\" \/>\n\t<meta name=\"twitter:data1\" content=\"2 minutes\" \/>\n<script type=\"application\/ld+json\" class=\"yoast-schema-graph\">{\"@context\":\"https:\/\/schema.org\",\"@graph\":[{\"@type\":\"WebPage\",\"@id\":\"https:\/\/wortie.com\/ee\/kkk\/\",\"url\":\"https:\/\/wortie.com\/ee\/kkk\/\",\"name\":\"KKK - Wortie\",\"isPartOf\":{\"@id\":\"https:\/\/wortie.com\/ee\/#website\"},\"primaryImageOfPage\":{\"@id\":\"https:\/\/wortie.com\/ee\/kkk\/#primaryimage\"},\"image\":{\"@id\":\"https:\/\/wortie.com\/ee\/kkk\/#primaryimage\"},\"thumbnailUrl\":\"https:\/\/wortie.com\/cdn-cgi\/image\/format=auto\/app\/uploads\/sites\/13\/2023\/12\/FAQ.jpg\",\"datePublished\":\"2023-12-05T08:44:50+00:00\",\"dateModified\":\"2025-09-08T10:44:01+00:00\",\"description\":\"Kuidas Wortie toimib? Milline on Wortie koostis? Kas Wortie on ohutu lastele? Minu soolat\u00fc\u00fcgas ei eemaldunud peale \u00fchte protseduuri. Mida peaksin tegema?\",\"breadcrumb\":{\"@id\":\"https:\/\/wortie.com\/ee\/kkk\/#breadcrumb\"},\"inLanguage\":\"et-EE\",\"potentialAction\":[{\"@type\":\"ReadAction\",\"target\":[\"https:\/\/wortie.com\/ee\/kkk\/\"]}]},{\"@type\":\"ImageObject\",\"inLanguage\":\"et-EE\",\"@id\":\"https:\/\/wortie.com\/ee\/kkk\/#primaryimage\",\"url\":\"https:\/\/wortie.com\/cdn-cgi\/image\/format=auto\/app\/uploads\/sites\/13\/2023\/12\/FAQ.jpg\",\"contentUrl\":\"https:\/\/wortie.com\/cdn-cgi\/image\/format=auto\/app\/uploads\/sites\/13\/2023\/12\/FAQ.jpg\"},{\"@type\":\"BreadcrumbList\",\"@id\":\"https:\/\/wortie.com\/ee\/kkk\/#breadcrumb\",\"itemListElement\":[{\"@type\":\"ListItem\",\"position\":1,\"name\":\"Home\",\"item\":\"https:\/\/wortie.com\/ee\/\"},{\"@type\":\"ListItem\",\"position\":2,\"name\":\"KKK\"}]},{\"@type\":\"WebSite\",\"@id\":\"https:\/\/wortie.com\/ee\/#website\",\"url\":\"https:\/\/wortie.com\/ee\/\",\"name\":\"Wortie\",\"description\":\"\",\"publisher\":{\"@id\":\"https:\/\/wortie.com\/ee\/#organization\"},\"potentialAction\":[{\"@type\":\"SearchAction\",\"target\":{\"@type\":\"EntryPoint\",\"urlTemplate\":\"https:\/\/wortie.com\/ee\/?s={search_term_string}\"},\"query-input\":{\"@type\":\"PropertyValueSpecification\",\"valueRequired\":true,\"valueName\":\"search_term_string\"}}],\"inLanguage\":\"et-EE\"},{\"@type\":\"Organization\",\"@id\":\"https:\/\/wortie.com\/ee\/#organization\",\"name\":\"Wortie\",\"url\":\"https:\/\/wortie.com\/ee\/\",\"logo\":{\"@type\":\"ImageObject\",\"inLanguage\":\"et-EE\",\"@id\":\"https:\/\/wortie.com\/ee\/#\/schema\/logo\/image\/\",\"url\":\"https:\/\/wortie.com\/app\/uploads\/sites\/13\/2023\/12\/wortie-logotype.png\",\"contentUrl\":\"https:\/\/wortie.com\/app\/uploads\/sites\/13\/2023\/12\/wortie-logotype.png\",\"width\":116,\"height\":40,\"caption\":\"Wortie\"},\"image\":{\"@id\":\"https:\/\/wortie.com\/ee\/#\/schema\/logo\/image\/\"}}]}<\/script>\n<!-- \/ Yoast SEO plugin. -->","yoast_head_json":{"title":"KKK - Wortie","description":"Kuidas Wortie toimib? Milline on Wortie koostis? Kas Wortie on ohutu lastele? Minu soolat\u00fc\u00fcgas ei eemaldunud peale \u00fchte protseduuri. Mida peaksin tegema?","robots":{"index":"index","follow":"follow","max-snippet":"max-snippet:-1","max-image-preview":"max-image-preview:large","max-video-preview":"max-video-preview:-1"},"canonical":"https:\/\/wortie.com\/ee\/kkk\/","og_locale":"et_EE","og_type":"article","og_title":"KKK - Wortie","og_description":"Kuidas Wortie toimib? Milline on Wortie koostis? Kas Wortie on ohutu lastele? Minu soolat\u00fc\u00fcgas ei eemaldunud peale \u00fchte protseduuri. Mida peaksin tegema?","og_url":"https:\/\/wortie.com\/ee\/kkk\/","og_site_name":"Wortie","article_modified_time":"2025-09-08T10:44:01+00:00","og_image":[{"url":"https:\/\/wortie.com\/cdn-cgi\/image\/format=auto\/app\/uploads\/sites\/13\/2023\/12\/FAQ.jpg","type":"","width":"","height":""}],"twitter_card":"summary_large_image","twitter_misc":{"Est. reading time":"2 minutes"},"schema":{"@context":"https:\/\/schema.org","@graph":[{"@type":"WebPage","@id":"https:\/\/wortie.com\/ee\/kkk\/","url":"https:\/\/wortie.com\/ee\/kkk\/","name":"KKK - Wortie","isPartOf":{"@id":"https:\/\/wortie.com\/ee\/#website"},"primaryImageOfPage":{"@id":"https:\/\/wortie.com\/ee\/kkk\/#primaryimage"},"image":{"@id":"https:\/\/wortie.com\/ee\/kkk\/#primaryimage"},"thumbnailUrl":"https:\/\/wortie.com\/cdn-cgi\/image\/format=auto\/app\/uploads\/sites\/13\/2023\/12\/FAQ.jpg","datePublished":"2023-12-05T08:44:50+00:00","dateModified":"2025-09-08T10:44:01+00:00","description":"Kuidas Wortie toimib? Milline on Wortie koostis? Kas Wortie on ohutu lastele? Minu soolat\u00fc\u00fcgas ei eemaldunud peale \u00fchte protseduuri. Mida peaksin tegema?","breadcrumb":{"@id":"https:\/\/wortie.com\/ee\/kkk\/#breadcrumb"},"inLanguage":"et-EE","potentialAction":[{"@type":"ReadAction","target":["https:\/\/wortie.com\/ee\/kkk\/"]}]},{"@type":"ImageObject","inLanguage":"et-EE","@id":"https:\/\/wortie.com\/ee\/kkk\/#primaryimage","url":"https:\/\/wortie.com\/cdn-cgi\/image\/format=auto\/app\/uploads\/sites\/13\/2023\/12\/FAQ.jpg","contentUrl":"https:\/\/wortie.com\/cdn-cgi\/image\/format=auto\/app\/uploads\/sites\/13\/2023\/12\/FAQ.jpg"},{"@type":"BreadcrumbList","@id":"https:\/\/wortie.com\/ee\/kkk\/#breadcrumb","itemListElement":[{"@type":"ListItem","position":1,"name":"Home","item":"https:\/\/wortie.com\/ee\/"},{"@type":"ListItem","position":2,"name":"KKK"}]},{"@type":"WebSite","@id":"https:\/\/wortie.com\/ee\/#website","url":"https:\/\/wortie.com\/ee\/","name":"Wortie","description":"","publisher":{"@id":"https:\/\/wortie.com\/ee\/#organization"},"potentialAction":[{"@type":"SearchAction","target":{"@type":"EntryPoint","urlTemplate":"https:\/\/wortie.com\/ee\/?s={search_term_string}"},"query-input":{"@type":"PropertyValueSpecification","valueRequired":true,"valueName":"search_term_string"}}],"inLanguage":"et-EE"},{"@type":"Organization","@id":"https:\/\/wortie.com\/ee\/#organization","name":"Wortie","url":"https:\/\/wortie.com\/ee\/","logo":{"@type":"ImageObject","inLanguage":"et-EE","@id":"https:\/\/wortie.com\/ee\/#\/schema\/logo\/image\/","url":"https:\/\/wortie.com\/app\/uploads\/sites\/13\/2023\/12\/wortie-logotype.png","contentUrl":"https:\/\/wortie.com\/app\/uploads\/sites\/13\/2023\/12\/wortie-logotype.png","width":116,"height":40,"caption":"Wortie"},"image":{"@id":"https:\/\/wortie.com\/ee\/#\/schema\/logo\/image\/"}}]}},"_links":{"self":[{"href":"https:\/\/wortie.com\/ee\/wp-json\/wp\/v2\/pages\/49","targetHints":{"allow":["GET"]}}],"collection":[{"href":"https:\/\/wortie.com\/ee\/wp-json\/wp\/v2\/pages"}],"about":[{"href":"https:\/\/wortie.com\/ee\/wp-json\/wp\/v2\/types\/page"}],"author":[{"embeddable":true,"href":"https:\/\/wortie.com\/ee\/wp-json\/wp\/v2\/users\/2"}],"replies":[{"embeddable":true,"href":"https:\/\/wortie.com\/ee\/wp-json\/wp\/v2\/comments?post=49"}],"version-history":[{"count":9,"href":"https:\/\/wortie.com\/ee\/wp-json\/wp\/v2\/pages\/49\/revisions"}],"predecessor-version":[{"id":150,"href":"https:\/\/wortie.com\/ee\/wp-json\/wp\/v2\/pages\/49\/revisions\/150"}],"wp:attachment":[{"href":"https:\/\/wortie.com\/ee\/wp-json\/wp\/v2\/media?parent=49"}],"wp:term":[{"taxonomy":"from-article-database","embeddable":true,"href":"https:\/\/wortie.com\/ee\/wp-json\/wp\/v2\/from-article-database?post=49"}],"curies":[{"name":"wp","href":"https:\/\/api.w.org\/{rel}","templated":true}]}}