{"id":5,"date":"2023-12-05T06:11:29","date_gmt":"2023-12-05T06:11:29","guid":{"rendered":"https:\/\/wortie.com\/ee\/?page_id=5"},"modified":"2024-01-16T09:36:24","modified_gmt":"2024-01-16T07:36:24","slug":"wortie","status":"publish","type":"page","link":"https:\/\/wortie.com\/ee\/","title":{"rendered":"Wortie"},"content":{"rendered":"\n<div class=\"wp-block-karopharma-product-promotion text-align-right pt-none pb-medium bg-center bg-cover bg-no-repeat\" style=\"background-image:url(https:\/\/wortie.com\/cdn-cgi\/image\/format=auto\/app\/uploads\/sites\/13\/2023\/12\/Startpage-bg.jpg)\"><div class=\"container max-w-large\">\n<div class=\"wp-block-group is-layout-flow wp-block-group-is-layout-flow\">\n<figure class=\"wp-block-image size-full\"><img loading=\"lazy\" decoding=\"async\" width=\"500\" height=\"735\" src=\"https:\/\/wortie.com\/app\/uploads\/sites\/13\/2023\/12\/hand-wortie-hero-start_new-1.png\" alt=\"hand-wortie-hero-start_new\" class=\"wp-image-43\" srcset=\"https:\/\/wortie.com\/app\/uploads\/sites\/13\/2023\/12\/hand-wortie-hero-start_new-1.png 500w, https:\/\/wortie.com\/app\/uploads\/sites\/13\/2023\/12\/hand-wortie-hero-start_new-1-218x320.png 218w\" sizes=\"auto, (max-width: 500px) 100vw, 500px\" \/><\/figure>\n<\/div>\n\n\n\n<div class=\"wp-block-group is-layout-flow wp-block-group-is-layout-flow\">\n<h1 class=\"title is-style-heading-large wp-block-heading\"><strong>T\u00f5hus vahend tavaliste ja jalataldade soolat\u00fc\u00fcgaste eemaldamiseks<\/strong><\/h1>\n\n\n\n<h2 class=\"heading is-style-heading-h1 wp-block-heading\"><\/h2>\n\n\n\n<ul class=\"is-style-default wp-block-list\"><li>Toimib juba peale esimest kasutamist<\/li><li>T\u00e4pselt doseeriv otsik v\u00f5imaldab v\u00e4ltida soolat\u00fc\u00fcgast \u00fcmbritseva naha kahjustamist<\/li><li>Suurep\u00e4rane k\u00fclmutamismeetod<\/li><\/ul>\n\n\n\n<div class=\"wp-block-buttons is-layout-flex wp-block-buttons-is-layout-flex\">\n<div class=\"wp-block-button\"><a class=\"wp-block-button__link\" href=\"https:\/\/wortie.com\/ee\/tooted\/\">Meie tooted<\/a><\/div>\n<\/div>\n<\/div>\n<\/div><\/div>\n\n\n<div class=\"product-list wp-block-karopharma-product-list\" data-testid=\"product-list\">\n      <div class=\"swiper-container\">\n      <div class=\"swiper\">\n        <div class=\"swiper-wrapper\">\n                      <div class=\"swiper-slide\">\n              <div class=\"product-card\" data-testid=\"product-card\">\n  <a\n    href=https:\/\/wortie.com\/ee\/toode\/wortie-advanced\/\n    class=\"product-card-link\"\n    title=\"Wortie advanced\"\n  >\n  <figure class=\"product-card-image\" data-testid=\"product-image\">\n                          <img decoding=\"async\" src=\"https:\/\/wortie.com\/cdn-cgi\/image\/width=700,format=auto\/app\/uploads\/sites\/13\/2023\/12\/Wortie-Advanced.png\"\n        srcset=\"https:\/\/wortie.com\/cdn-cgi\/image\/width=250,format=auto\/app\/uploads\/sites\/13\/2023\/12\/Wortie-Advanced.png 250w,\n                https:\/\/wortie.com\/cdn-cgi\/image\/width=500,format=auto\/app\/uploads\/sites\/13\/2023\/12\/Wortie-Advanced.png 500w,\n                https:\/\/wortie.com\/cdn-cgi\/image\/width=700,format=auto\/app\/uploads\/sites\/13\/2023\/12\/Wortie-Advanced.png 700w\"\n        sizes=\"(max-width: 400px) 250px, (max-width: 800px) 500px, 700px\"\n        alt=\"Wortie Advanced\"\n        class=\"img\">\n            <\/figure>\n    <div class=\"product-card-content\">\n      <div class=\"heading-wrapper\">\n        <h2 class=\"heading\">Wortie advanced<\/h2>\n      <\/div>\n      <div class=\"product-card-description\">Tavaliste ja jalatalla soolat\u00fc\u00fcgaste eemaldamise komplekt. T\u00e4pne ja efektiivne. Sobib lastele alates 12. eluaastast. K\u00f5rvaldab vanad tavalised ja jalataldade soolat\u00fc\u00fckad juba peale esimest kasutamist.<\/div>\n                      <\/div>\n  <\/a>\n          <div class=\"button-wrapper buy-now no-resellers\" data-testid=\"buy-now\">\n          <div class=\"buy-now-container dropdown-container\">\n    <a\n      class=\"theme-button button-primary-color rounded-button\"\n      href=\"https:\/\/www.benu.ee\/wortie\/wortie-advanced-extra-strong-soolatuugeemaldaja-12-50ml\" onclick=\"dataLayer.push({'event':'ga_event', 'eventCategory':'Click on Reseller', 'eventAction':'Benu', 'eventLabel':'Wortie advanced', 'eventValue': undefined})\" rel=\"noopener\" target=\"_blank\" title=\"Benu\"\n      data-testid=\"buy-now-reseller\">\n      Osta kohe\n    <\/a>\n    <\/div>\n  <\/div>\n  <\/div>\n            <\/div>\n                      <div class=\"swiper-slide\">\n              <div class=\"product-card\" data-testid=\"product-card\">\n  <a\n    href=https:\/\/wortie.com\/ee\/toode\/wortie-cool\/\n    class=\"product-card-link\"\n    title=\"Wortie cool\"\n  >\n  <figure class=\"product-card-image\" data-testid=\"product-image\">\n                          <img decoding=\"async\" src=\"https:\/\/wortie.com\/cdn-cgi\/image\/width=700,format=auto\/app\/uploads\/sites\/13\/2023\/12\/Wortie-Cool.png\"\n        srcset=\"https:\/\/wortie.com\/cdn-cgi\/image\/width=250,format=auto\/app\/uploads\/sites\/13\/2023\/12\/Wortie-Cool.png 250w,\n                https:\/\/wortie.com\/cdn-cgi\/image\/width=500,format=auto\/app\/uploads\/sites\/13\/2023\/12\/Wortie-Cool.png 500w,\n                https:\/\/wortie.com\/cdn-cgi\/image\/width=700,format=auto\/app\/uploads\/sites\/13\/2023\/12\/Wortie-Cool.png 700w\"\n        sizes=\"(max-width: 400px) 250px, (max-width: 800px) 500px, 700px\"\n        alt=\"Wortie Cool\"\n        class=\"img\">\n            <\/figure>\n    <div class=\"product-card-content\">\n      <div class=\"heading-wrapper\">\n        <h2 class=\"heading\">Wortie cool<\/h2>\n      <\/div>\n      <div class=\"product-card-description\">T\u00e4pne ja efektiivne vahend, sobib kasutamiseks k\u00f5ikidele pereliikmetele alates 4 aasta vanusest. K\u00f5rvaldab soolat\u00fc\u00fckad jalataldadel ja mujalt juba peale esimest kasutamist. <\/div>\n                      <\/div>\n  <\/a>\n          <div class=\"button-wrapper buy-now \" data-testid=\"buy-now\">\n      <div class=\"buy-now-container dropdown-container\">\n      <div class=\"theme-button button-primary-color dropdown-link\" aria-label=\"Osta kohe\">\n          Osta kohe <i class=\"dropdown\"><\/i>\n      <\/div>\n      <ul class=\"reseller-list submenu\">\n                    <li>\n              <a\n                href=\"https:\/\/www.apotheka.ee\/wortie-soolatuugaste-eemaldaja-50ml-pmm0110972ee\" onclick=\"dataLayer.push({'event':'ga_event', 'eventCategory':'Click on Reseller', 'eventAction':'Apotheka', 'eventLabel':'Wortie cool', 'eventValue': undefined})\" rel=\"noopener\" target=\"_blank\" title=\"Apotheka\"\n                data-testid=\"buy-now-reseller\">\n                <i class=\"fa-solid fa-arrow-right\"><\/i> Apotheka\n              <\/a>\n          <\/li>\n                    <li>\n              <a\n                href=\"https:\/\/www.benu.ee\/wortie\/wortie-advanced-cool-soolatuugeemaldaja-4-50ml\" onclick=\"dataLayer.push({'event':'ga_event', 'eventCategory':'Click on Reseller', 'eventAction':'Benu', 'eventLabel':'Wortie cool', 'eventValue': undefined})\" rel=\"noopener\" target=\"_blank\" title=\"Benu\"\n                data-testid=\"buy-now-reseller\">\n                <i class=\"fa-solid fa-arrow-right\"><\/i> Benu\n              <\/a>\n          <\/li>\n                <\/ul>\n    <\/div>\n  <\/div>\n  <\/div>\n            <\/div>\n                  <\/div>\n        <div class=\"swiper-scrollbar\"><\/div>\n      <\/div>\n    <\/div>\n  <\/div>\n\n\n\n<div class=\"wp-block-karopharma-free-text pt-large pb-medium bg-center bg-cover bg-no-repeat  is-style-secondary\" style=\"background-image:url()\"><div class=\"free-text-wrapper container max-w-medium text-center\">\n<h2 class=\"is-style-heading-h2 wp-block-heading\">Teave soolat\u00fc\u00fcgaste ja nende ravimise kohta<\/h2>\n<\/div><\/div>\n\n\n\n<div class=\"wp-block-karopharma-several-images-with-text several-images-with-text is-style-secondary\"><div class=\"container large col-1 content-align-none\" test-data=\"inner-content\">\n<section class=\"wp-block-karopharma-image-with-text image-with-text image-with-text__full-width\"><div class=\"image-with-text-container \"><div class=\"image-with-text-container-image-container\"><img decoding=\"async\" loading=\"lazy\" src=\"https:\/\/wortie.com\/cdn-cgi\/image\/format=auto\/app\/uploads\/sites\/13\/2023\/12\/what-are-warts.jpeg\" alt=\"Mis on soolat\u00fc\u00fckad?\"\/><\/div><div class=\"image-with-text-container-content\" style=\"text-align:left\" data-test=\"content\"><div class=\"content\"><p class=\"body\" data-test=\"body\"><strong>Mis on soolat\u00fc\u00fckad?<\/strong><br><br>Soolat\u00fc\u00fcgas on v\u00e4ike moodustis inimese k\u00e4tel v\u00f5i jalgadel. See sarnaneb k\u00f5vale villile v\u00f5i v\u00e4iksele, konarliku pinnaga lillkapsataolisele moodustisele. Soolat\u00fc\u00fckad on tihtipeale nahav\u00e4rvi ja k\u00f5vad, kuid need v\u00f5ivad olla ka tumedat, pruuni v\u00f5i hallikasvalget v\u00e4rvi, lamedad v\u00f5i tasased, k\u00e4snja, sarvestunud pinnaga.<\/p>\n<div class=\"wp-block-buttons is-layout-flex wp-block-buttons-is-layout-flex\"><\/div>\n<\/div><\/div><\/div><\/section>\n\n\n\n<section class=\"wp-block-karopharma-image-with-text image-with-text image-with-text__full-width\"><div class=\"image-with-text-container \"><div class=\"image-with-text-container-image-container\"><img decoding=\"async\" loading=\"lazy\" src=\"https:\/\/wortie.com\/cdn-cgi\/image\/format=auto\/app\/uploads\/sites\/13\/2023\/12\/hand-feet.jpg\" alt=\"Soolat\u00fc\u00fcgaste ravimine lastel\"\/><\/div><div class=\"image-with-text-container-content\" style=\"text-align:left\" data-test=\"content\"><div class=\"content\"><p class=\"body\" data-test=\"body\"><strong>Soolat\u00fc\u00fcgaste ravimine lastel<\/strong><br><br>Kui soolat\u00fc\u00fcgast on tarvis tingimata ravida, valige k\u00f5igepealt midagi ohutut, lihtsat ja valutut. Wartie cool tavaliste ja jalatalla soolat\u00fc\u00fcgaste eemaldamise vahend sobib 4 aastastele ja vanematele lastele, Wartie advanced &#8211; 12 aastastele ja vanematele lastele.<\/p>\n<div class=\"wp-block-buttons is-layout-flex wp-block-buttons-is-layout-flex\"><\/div>\n<\/div><\/div><\/div><\/section>\n<\/div><\/div>\n","protected":false},"excerpt":{"rendered":"","protected":false},"author":2,"featured_media":0,"parent":0,"menu_order":0,"comment_status":"closed","ping_status":"closed","template":"","meta":{"_acf_changed":false,"footnotes":""},"from-article-database":[],"class_list":["post-5","page","type-page","status-publish","hentry"],"acf":[],"yoast_head":"<!-- This site is optimized with the Yoast SEO plugin v26.6 - https:\/\/yoast.com\/wordpress\/plugins\/seo\/ -->\n<title>Wortie - Wortie<\/title>\n<meta name=\"description\" content=\"T\u00f5hus vahend tavaliste ja jalataldade soolat\u00fc\u00fcgaste eemaldamiseks.\" \/>\n<meta name=\"robots\" content=\"index, follow, max-snippet:-1, max-image-preview:large, max-video-preview:-1\" \/>\n<link rel=\"canonical\" href=\"https:\/\/wortie.com\/ee\/\" \/>\n<meta property=\"og:locale\" content=\"et_EE\" \/>\n<meta property=\"og:type\" content=\"article\" \/>\n<meta property=\"og:title\" content=\"Wortie - Wortie\" \/>\n<meta property=\"og:description\" content=\"T\u00f5hus vahend tavaliste ja jalataldade soolat\u00fc\u00fcgaste eemaldamiseks.\" \/>\n<meta property=\"og:url\" content=\"https:\/\/wortie.com\/ee\/\" \/>\n<meta property=\"og:site_name\" content=\"Wortie\" \/>\n<meta property=\"article:modified_time\" content=\"2024-01-16T07:36:24+00:00\" \/>\n<meta property=\"og:image\" content=\"https:\/\/wortie.com\/app\/uploads\/sites\/13\/2023\/12\/hand-wortie-hero-start_new-1.png\" \/>\n<meta name=\"twitter:card\" content=\"summary_large_image\" \/>\n<meta name=\"twitter:label1\" content=\"Est. reading time\" \/>\n\t<meta name=\"twitter:data1\" content=\"2 minutes\" \/>\n<script type=\"application\/ld+json\" class=\"yoast-schema-graph\">{\"@context\":\"https:\/\/schema.org\",\"@graph\":[{\"@type\":\"WebPage\",\"@id\":\"https:\/\/wortie.com\/ee\/\",\"url\":\"https:\/\/wortie.com\/ee\/\",\"name\":\"Wortie - Wortie\",\"isPartOf\":{\"@id\":\"https:\/\/wortie.com\/ee\/#website\"},\"primaryImageOfPage\":{\"@id\":\"https:\/\/wortie.com\/ee\/#primaryimage\"},\"image\":{\"@id\":\"https:\/\/wortie.com\/ee\/#primaryimage\"},\"thumbnailUrl\":\"https:\/\/wortie.com\/app\/uploads\/sites\/13\/2023\/12\/hand-wortie-hero-start_new-1.png\",\"datePublished\":\"2023-12-05T06:11:29+00:00\",\"dateModified\":\"2024-01-16T07:36:24+00:00\",\"description\":\"T\u00f5hus vahend tavaliste ja jalataldade soolat\u00fc\u00fcgaste eemaldamiseks.\",\"breadcrumb\":{\"@id\":\"https:\/\/wortie.com\/ee\/#breadcrumb\"},\"inLanguage\":\"et-EE\",\"potentialAction\":[{\"@type\":\"ReadAction\",\"target\":[\"https:\/\/wortie.com\/ee\/\"]}]},{\"@type\":\"ImageObject\",\"inLanguage\":\"et-EE\",\"@id\":\"https:\/\/wortie.com\/ee\/#primaryimage\",\"url\":\"https:\/\/wortie.com\/app\/uploads\/sites\/13\/2023\/12\/hand-wortie-hero-start_new-1.png\",\"contentUrl\":\"https:\/\/wortie.com\/app\/uploads\/sites\/13\/2023\/12\/hand-wortie-hero-start_new-1.png\"},{\"@type\":\"BreadcrumbList\",\"@id\":\"https:\/\/wortie.com\/ee\/#breadcrumb\",\"itemListElement\":[{\"@type\":\"ListItem\",\"position\":1,\"name\":\"Home\",\"item\":\"https:\/\/wortie.com\/ee\/\"},{\"@type\":\"ListItem\",\"position\":2,\"name\":\"Wortie\"}]},{\"@type\":\"WebSite\",\"@id\":\"https:\/\/wortie.com\/ee\/#website\",\"url\":\"https:\/\/wortie.com\/ee\/\",\"name\":\"Wortie\",\"description\":\"\",\"publisher\":{\"@id\":\"https:\/\/wortie.com\/ee\/#organization\"},\"potentialAction\":[{\"@type\":\"SearchAction\",\"target\":{\"@type\":\"EntryPoint\",\"urlTemplate\":\"https:\/\/wortie.com\/ee\/?s={search_term_string}\"},\"query-input\":{\"@type\":\"PropertyValueSpecification\",\"valueRequired\":true,\"valueName\":\"search_term_string\"}}],\"inLanguage\":\"et-EE\"},{\"@type\":\"Organization\",\"@id\":\"https:\/\/wortie.com\/ee\/#organization\",\"name\":\"Wortie\",\"url\":\"https:\/\/wortie.com\/ee\/\",\"logo\":{\"@type\":\"ImageObject\",\"inLanguage\":\"et-EE\",\"@id\":\"https:\/\/wortie.com\/ee\/#\/schema\/logo\/image\/\",\"url\":\"https:\/\/wortie.com\/app\/uploads\/sites\/13\/2023\/12\/wortie-logotype.png\",\"contentUrl\":\"https:\/\/wortie.com\/app\/uploads\/sites\/13\/2023\/12\/wortie-logotype.png\",\"width\":116,\"height\":40,\"caption\":\"Wortie\"},\"image\":{\"@id\":\"https:\/\/wortie.com\/ee\/#\/schema\/logo\/image\/\"}}]}<\/script>\n<!-- \/ Yoast SEO plugin. -->","yoast_head_json":{"title":"Wortie - Wortie","description":"T\u00f5hus vahend tavaliste ja jalataldade soolat\u00fc\u00fcgaste eemaldamiseks.","robots":{"index":"index","follow":"follow","max-snippet":"max-snippet:-1","max-image-preview":"max-image-preview:large","max-video-preview":"max-video-preview:-1"},"canonical":"https:\/\/wortie.com\/ee\/","og_locale":"et_EE","og_type":"article","og_title":"Wortie - Wortie","og_description":"T\u00f5hus vahend tavaliste ja jalataldade soolat\u00fc\u00fcgaste eemaldamiseks.","og_url":"https:\/\/wortie.com\/ee\/","og_site_name":"Wortie","article_modified_time":"2024-01-16T07:36:24+00:00","og_image":[{"url":"https:\/\/wortie.com\/app\/uploads\/sites\/13\/2023\/12\/hand-wortie-hero-start_new-1.png","type":"","width":"","height":""}],"twitter_card":"summary_large_image","twitter_misc":{"Est. reading time":"2 minutes"},"schema":{"@context":"https:\/\/schema.org","@graph":[{"@type":"WebPage","@id":"https:\/\/wortie.com\/ee\/","url":"https:\/\/wortie.com\/ee\/","name":"Wortie - Wortie","isPartOf":{"@id":"https:\/\/wortie.com\/ee\/#website"},"primaryImageOfPage":{"@id":"https:\/\/wortie.com\/ee\/#primaryimage"},"image":{"@id":"https:\/\/wortie.com\/ee\/#primaryimage"},"thumbnailUrl":"https:\/\/wortie.com\/app\/uploads\/sites\/13\/2023\/12\/hand-wortie-hero-start_new-1.png","datePublished":"2023-12-05T06:11:29+00:00","dateModified":"2024-01-16T07:36:24+00:00","description":"T\u00f5hus vahend tavaliste ja jalataldade soolat\u00fc\u00fcgaste eemaldamiseks.","breadcrumb":{"@id":"https:\/\/wortie.com\/ee\/#breadcrumb"},"inLanguage":"et-EE","potentialAction":[{"@type":"ReadAction","target":["https:\/\/wortie.com\/ee\/"]}]},{"@type":"ImageObject","inLanguage":"et-EE","@id":"https:\/\/wortie.com\/ee\/#primaryimage","url":"https:\/\/wortie.com\/app\/uploads\/sites\/13\/2023\/12\/hand-wortie-hero-start_new-1.png","contentUrl":"https:\/\/wortie.com\/app\/uploads\/sites\/13\/2023\/12\/hand-wortie-hero-start_new-1.png"},{"@type":"BreadcrumbList","@id":"https:\/\/wortie.com\/ee\/#breadcrumb","itemListElement":[{"@type":"ListItem","position":1,"name":"Home","item":"https:\/\/wortie.com\/ee\/"},{"@type":"ListItem","position":2,"name":"Wortie"}]},{"@type":"WebSite","@id":"https:\/\/wortie.com\/ee\/#website","url":"https:\/\/wortie.com\/ee\/","name":"Wortie","description":"","publisher":{"@id":"https:\/\/wortie.com\/ee\/#organization"},"potentialAction":[{"@type":"SearchAction","target":{"@type":"EntryPoint","urlTemplate":"https:\/\/wortie.com\/ee\/?s={search_term_string}"},"query-input":{"@type":"PropertyValueSpecification","valueRequired":true,"valueName":"search_term_string"}}],"inLanguage":"et-EE"},{"@type":"Organization","@id":"https:\/\/wortie.com\/ee\/#organization","name":"Wortie","url":"https:\/\/wortie.com\/ee\/","logo":{"@type":"ImageObject","inLanguage":"et-EE","@id":"https:\/\/wortie.com\/ee\/#\/schema\/logo\/image\/","url":"https:\/\/wortie.com\/app\/uploads\/sites\/13\/2023\/12\/wortie-logotype.png","contentUrl":"https:\/\/wortie.com\/app\/uploads\/sites\/13\/2023\/12\/wortie-logotype.png","width":116,"height":40,"caption":"Wortie"},"image":{"@id":"https:\/\/wortie.com\/ee\/#\/schema\/logo\/image\/"}}]}},"_links":{"self":[{"href":"https:\/\/wortie.com\/ee\/wp-json\/wp\/v2\/pages\/5","targetHints":{"allow":["GET"]}}],"collection":[{"href":"https:\/\/wortie.com\/ee\/wp-json\/wp\/v2\/pages"}],"about":[{"href":"https:\/\/wortie.com\/ee\/wp-json\/wp\/v2\/types\/page"}],"author":[{"embeddable":true,"href":"https:\/\/wortie.com\/ee\/wp-json\/wp\/v2\/users\/2"}],"replies":[{"embeddable":true,"href":"https:\/\/wortie.com\/ee\/wp-json\/wp\/v2\/comments?post=5"}],"version-history":[{"count":7,"href":"https:\/\/wortie.com\/ee\/wp-json\/wp\/v2\/pages\/5\/revisions"}],"predecessor-version":[{"id":138,"href":"https:\/\/wortie.com\/ee\/wp-json\/wp\/v2\/pages\/5\/revisions\/138"}],"wp:attachment":[{"href":"https:\/\/wortie.com\/ee\/wp-json\/wp\/v2\/media?parent=5"}],"wp:term":[{"taxonomy":"from-article-database","embeddable":true,"href":"https:\/\/wortie.com\/ee\/wp-json\/wp\/v2\/from-article-database?post=5"}],"curies":[{"name":"wp","href":"https:\/\/api.w.org\/{rel}","templated":true}]}}