{"id":53,"date":"2023-12-05T10:47:20","date_gmt":"2023-12-05T08:47:20","guid":{"rendered":"https:\/\/wortie.com\/ee\/?post_type=product&#038;p=53"},"modified":"2025-12-17T10:36:25","modified_gmt":"2025-12-17T08:36:25","slug":"wortie-advanced","status":"publish","type":"product","link":"https:\/\/wortie.com\/ee\/toode\/wortie-advanced\/","title":{"rendered":"Wortie advanced"},"content":{"rendered":"\n<div class=\"wp-block-karopharma-accordions is-style-secondary\"><div class=\"container\">\n<details class=\"wp-block-karopharma-accordion\"><summary><h2 class=\"accordion-title\">Kasutamine<\/h2><\/summary><div class=\"accordion-content\">\n<div class=\"wp-block-karopharma-several-images-with-text several-images-with-text\"><div class=\"container large col-1 content-align-none\" test-data=\"inner-content\">\n<section class=\"wp-block-karopharma-image-with-text image-with-text image-with-text__full-width\"><div class=\"image-with-text-container \"><div class=\"image-with-text-container-image-container\"><img decoding=\"async\" loading=\"lazy\" src=\"https:\/\/wortie.com\/cdn-cgi\/image\/format=auto\/app\/uploads\/sites\/13\/2023\/12\/instruction_wortie_1.png\" alt=\"instruction_wortie_1\"\/><\/div><div class=\"image-with-text-container-content\" style=\"text-align:left\" data-test=\"content\"><div class=\"content\"><p class=\"body\" data-test=\"body\">Asetage konteiner vertikaalselt lauale ja eemaldage kork.<\/p>\n<div class=\"wp-block-buttons is-layout-flex wp-block-buttons-is-layout-flex\"><\/div>\n<\/div><\/div><\/div><\/section>\n\n\n\n<section class=\"wp-block-karopharma-image-with-text image-with-text image-with-text__full-width\"><div class=\"image-with-text-container \"><div class=\"image-with-text-container-image-container\"><img decoding=\"async\" loading=\"lazy\" src=\"https:\/\/wortie.com\/cdn-cgi\/image\/format=auto\/app\/uploads\/sites\/13\/2023\/12\/instruction_wortie_2.png\" alt=\"instruction_wortie_2\"\/><\/div><div class=\"image-with-text-container-content\" style=\"text-align:left\" data-test=\"content\"><div class=\"content\"><p class=\"body\" data-test=\"body\">Asetage kaas kohale ja keerake kohakuti lumehelbe pildiga konteineril.<\/p>\n<div class=\"wp-block-buttons is-layout-flex wp-block-buttons-is-layout-flex\"><\/div>\n<\/div><\/div><\/div><\/section>\n\n\n\n<section class=\"wp-block-karopharma-image-with-text image-with-text image-with-text__full-width\"><div class=\"image-with-text-container \"><div class=\"image-with-text-container-image-container\"><img decoding=\"async\" loading=\"lazy\" src=\"https:\/\/wortie.com\/cdn-cgi\/image\/format=auto\/app\/uploads\/sites\/13\/2023\/12\/instruction_wortie_3.png\" alt=\"instruction_wortie_3\"\/><\/div><div class=\"image-with-text-container-content\" style=\"text-align:left\" data-test=\"content\"><div class=\"content\"><p class=\"body\" data-test=\"body\">Vajutage kork alla 3 sekundiks (MITTE KAUEM KUI 3 SEKUNDIT). Kuulete aktiveerumise heli.<\/p>\n<div class=\"wp-block-buttons is-layout-flex wp-block-buttons-is-layout-flex\"><\/div>\n<\/div><\/div><\/div><\/section>\n\n\n\n<section class=\"wp-block-karopharma-image-with-text image-with-text image-with-text__full-width\"><div class=\"image-with-text-container \"><div class=\"image-with-text-container-image-container\"><img decoding=\"async\" loading=\"lazy\" src=\"https:\/\/wortie.com\/cdn-cgi\/image\/format=auto\/app\/uploads\/sites\/13\/2023\/12\/instruction_wortie_4.png\" alt=\"instruction_wortie_4\"\/><\/div><div class=\"image-with-text-container-content\" style=\"text-align:left\" data-test=\"content\"><div class=\"content\"><p class=\"body\" data-test=\"body\">Asetage metallotsik hoolikalt soolat\u00fc\u00fckale. Soolat\u00fc\u00fcgas k\u00e4el &#8211; 20 sekundiks, soolat\u00fc\u00fcgas jalatallal &#8211; 40 sekundiks.<\/p>\n<div class=\"wp-block-buttons is-layout-flex wp-block-buttons-is-layout-flex\"><\/div>\n<\/div><\/div><\/div><\/section>\n<\/div><\/div>\n\n\n\n<p><strong>SOOVITUS<\/strong>: Kui teie nahk on tundlik (st kui peale protseduuri on raske k\u00f5ndida), v\u00f5ite peale protseduuri panna tundlikule soolat\u00fc\u00fckale vahtplaastri. V\u00f5tke plaaster ettevaatlikult v\u00e4lja ja kleepige plaastri kleepuv pool allapoole, auk tundliku koha vastas.<\/p>\n<\/div><\/details>\n<\/div><\/div>\n","protected":false},"excerpt":{"rendered":"<p>Tavaliste ja jalatalla soolat\u00fc\u00fcgaste eemaldamise komplekt. T\u00e4pne ja efektiivne. Sobib lastele alates 12. eluaastast. K\u00f5rvaldab vanad tavalised ja jalataldade soolat\u00fc\u00fckad juba peale esimest kasutamist.<\/p>\n","protected":false},"featured_media":98,"comment_status":"closed","ping_status":"closed","template":"","meta":{"_acf_changed":false,"footnotes":""},"product_brand":[],"product_cat":[15],"product_tag":[],"class_list":{"0":"post-53","1":"product","2":"type-product","3":"status-publish","4":"has-post-thumbnail","6":"product_cat-uncategorized","8":"first","9":"instock","10":"shipping-taxable","11":"product-type-simple"},"acf":[],"yoast_head":"<!-- This site is optimized with the Yoast SEO plugin v26.6 - https:\/\/yoast.com\/wordpress\/plugins\/seo\/ -->\n<title>Wortie advanced - Wortie<\/title>\n<meta name=\"description\" content=\"Wortie Advanced eemaldab vanad, k\u00f5vad tavalised ja jalataldade soolat\u00fc\u00fckad. Geel suurendab k\u00fclmutamisefekti.\" \/>\n<meta name=\"robots\" content=\"index, follow, max-snippet:-1, max-image-preview:large, max-video-preview:-1\" \/>\n<link rel=\"canonical\" href=\"https:\/\/wortie.com\/ee\/toode\/wortie-advanced\/\" \/>\n<meta property=\"og:locale\" content=\"et_EE\" \/>\n<meta property=\"og:type\" content=\"article\" \/>\n<meta property=\"og:title\" content=\"Wortie advanced - Wortie\" \/>\n<meta property=\"og:description\" content=\"Wortie Advanced eemaldab vanad, k\u00f5vad tavalised ja jalataldade soolat\u00fc\u00fckad. Geel suurendab k\u00fclmutamisefekti.\" \/>\n<meta property=\"og:url\" content=\"https:\/\/wortie.com\/ee\/toode\/wortie-advanced\/\" \/>\n<meta property=\"og:site_name\" content=\"Wortie\" \/>\n<meta property=\"article:modified_time\" content=\"2025-12-17T08:36:25+00:00\" \/>\n<meta property=\"og:image\" content=\"https:\/\/wortie.com\/app\/uploads\/sites\/13\/2023\/12\/Wortie-Advanced.png\" \/>\n\t<meta property=\"og:image:width\" content=\"800\" \/>\n\t<meta property=\"og:image:height\" content=\"800\" \/>\n\t<meta property=\"og:image:type\" content=\"image\/png\" \/>\n<meta name=\"twitter:card\" content=\"summary_large_image\" \/>\n<meta name=\"twitter:label1\" content=\"Est. reading time\" \/>\n\t<meta name=\"twitter:data1\" content=\"2 minutes\" \/>\n<script type=\"application\/ld+json\" class=\"yoast-schema-graph\">{\"@context\":\"https:\/\/schema.org\",\"@graph\":[{\"@type\":\"WebPage\",\"@id\":\"https:\/\/wortie.com\/ee\/toode\/wortie-advanced\/\",\"url\":\"https:\/\/wortie.com\/ee\/toode\/wortie-advanced\/\",\"name\":\"Wortie advanced - Wortie\",\"isPartOf\":{\"@id\":\"https:\/\/wortie.com\/ee\/#website\"},\"primaryImageOfPage\":{\"@id\":\"https:\/\/wortie.com\/ee\/toode\/wortie-advanced\/#primaryimage\"},\"image\":{\"@id\":\"https:\/\/wortie.com\/ee\/toode\/wortie-advanced\/#primaryimage\"},\"thumbnailUrl\":\"https:\/\/wortie.com\/app\/uploads\/sites\/13\/2023\/12\/Wortie-Advanced.png\",\"datePublished\":\"2023-12-05T08:47:20+00:00\",\"dateModified\":\"2025-12-17T08:36:25+00:00\",\"description\":\"Wortie Advanced eemaldab vanad, k\u00f5vad tavalised ja jalataldade soolat\u00fc\u00fckad. Geel suurendab k\u00fclmutamisefekti.\",\"breadcrumb\":{\"@id\":\"https:\/\/wortie.com\/ee\/toode\/wortie-advanced\/#breadcrumb\"},\"inLanguage\":\"et-EE\",\"potentialAction\":[{\"@type\":\"ReadAction\",\"target\":[\"https:\/\/wortie.com\/ee\/toode\/wortie-advanced\/\"]}]},{\"@type\":\"ImageObject\",\"inLanguage\":\"et-EE\",\"@id\":\"https:\/\/wortie.com\/ee\/toode\/wortie-advanced\/#primaryimage\",\"url\":\"https:\/\/wortie.com\/app\/uploads\/sites\/13\/2023\/12\/Wortie-Advanced.png\",\"contentUrl\":\"https:\/\/wortie.com\/app\/uploads\/sites\/13\/2023\/12\/Wortie-Advanced.png\",\"width\":800,\"height\":800,\"caption\":\"Wortie Advanced\"},{\"@type\":\"BreadcrumbList\",\"@id\":\"https:\/\/wortie.com\/ee\/toode\/wortie-advanced\/#breadcrumb\",\"itemListElement\":[{\"@type\":\"ListItem\",\"position\":1,\"name\":\"Home\",\"item\":\"https:\/\/wortie.com\/ee\/\"},{\"@type\":\"ListItem\",\"position\":2,\"name\":\"Tooted\",\"item\":\"https:\/\/wortie.com\/ee\/tooted\/\"},{\"@type\":\"ListItem\",\"position\":3,\"name\":\"Wortie advanced\"}]},{\"@type\":\"WebSite\",\"@id\":\"https:\/\/wortie.com\/ee\/#website\",\"url\":\"https:\/\/wortie.com\/ee\/\",\"name\":\"Wortie\",\"description\":\"\",\"publisher\":{\"@id\":\"https:\/\/wortie.com\/ee\/#organization\"},\"potentialAction\":[{\"@type\":\"SearchAction\",\"target\":{\"@type\":\"EntryPoint\",\"urlTemplate\":\"https:\/\/wortie.com\/ee\/?s={search_term_string}\"},\"query-input\":{\"@type\":\"PropertyValueSpecification\",\"valueRequired\":true,\"valueName\":\"search_term_string\"}}],\"inLanguage\":\"et-EE\"},{\"@type\":\"Organization\",\"@id\":\"https:\/\/wortie.com\/ee\/#organization\",\"name\":\"Wortie\",\"url\":\"https:\/\/wortie.com\/ee\/\",\"logo\":{\"@type\":\"ImageObject\",\"inLanguage\":\"et-EE\",\"@id\":\"https:\/\/wortie.com\/ee\/#\/schema\/logo\/image\/\",\"url\":\"https:\/\/wortie.com\/app\/uploads\/sites\/13\/2023\/12\/wortie-logotype.png\",\"contentUrl\":\"https:\/\/wortie.com\/app\/uploads\/sites\/13\/2023\/12\/wortie-logotype.png\",\"width\":116,\"height\":40,\"caption\":\"Wortie\"},\"image\":{\"@id\":\"https:\/\/wortie.com\/ee\/#\/schema\/logo\/image\/\"}}]}<\/script>\n<!-- \/ Yoast SEO plugin. -->","yoast_head_json":{"title":"Wortie advanced - Wortie","description":"Wortie Advanced eemaldab vanad, k\u00f5vad tavalised ja jalataldade soolat\u00fc\u00fckad. Geel suurendab k\u00fclmutamisefekti.","robots":{"index":"index","follow":"follow","max-snippet":"max-snippet:-1","max-image-preview":"max-image-preview:large","max-video-preview":"max-video-preview:-1"},"canonical":"https:\/\/wortie.com\/ee\/toode\/wortie-advanced\/","og_locale":"et_EE","og_type":"article","og_title":"Wortie advanced - Wortie","og_description":"Wortie Advanced eemaldab vanad, k\u00f5vad tavalised ja jalataldade soolat\u00fc\u00fckad. Geel suurendab k\u00fclmutamisefekti.","og_url":"https:\/\/wortie.com\/ee\/toode\/wortie-advanced\/","og_site_name":"Wortie","article_modified_time":"2025-12-17T08:36:25+00:00","og_image":[{"width":800,"height":800,"url":"https:\/\/wortie.com\/app\/uploads\/sites\/13\/2023\/12\/Wortie-Advanced.png","type":"image\/png"}],"twitter_card":"summary_large_image","twitter_misc":{"Est. reading time":"2 minutes"},"schema":{"@context":"https:\/\/schema.org","@graph":[{"@type":"WebPage","@id":"https:\/\/wortie.com\/ee\/toode\/wortie-advanced\/","url":"https:\/\/wortie.com\/ee\/toode\/wortie-advanced\/","name":"Wortie advanced - Wortie","isPartOf":{"@id":"https:\/\/wortie.com\/ee\/#website"},"primaryImageOfPage":{"@id":"https:\/\/wortie.com\/ee\/toode\/wortie-advanced\/#primaryimage"},"image":{"@id":"https:\/\/wortie.com\/ee\/toode\/wortie-advanced\/#primaryimage"},"thumbnailUrl":"https:\/\/wortie.com\/app\/uploads\/sites\/13\/2023\/12\/Wortie-Advanced.png","datePublished":"2023-12-05T08:47:20+00:00","dateModified":"2025-12-17T08:36:25+00:00","description":"Wortie Advanced eemaldab vanad, k\u00f5vad tavalised ja jalataldade soolat\u00fc\u00fckad. Geel suurendab k\u00fclmutamisefekti.","breadcrumb":{"@id":"https:\/\/wortie.com\/ee\/toode\/wortie-advanced\/#breadcrumb"},"inLanguage":"et-EE","potentialAction":[{"@type":"ReadAction","target":["https:\/\/wortie.com\/ee\/toode\/wortie-advanced\/"]}]},{"@type":"ImageObject","inLanguage":"et-EE","@id":"https:\/\/wortie.com\/ee\/toode\/wortie-advanced\/#primaryimage","url":"https:\/\/wortie.com\/app\/uploads\/sites\/13\/2023\/12\/Wortie-Advanced.png","contentUrl":"https:\/\/wortie.com\/app\/uploads\/sites\/13\/2023\/12\/Wortie-Advanced.png","width":800,"height":800,"caption":"Wortie Advanced"},{"@type":"BreadcrumbList","@id":"https:\/\/wortie.com\/ee\/toode\/wortie-advanced\/#breadcrumb","itemListElement":[{"@type":"ListItem","position":1,"name":"Home","item":"https:\/\/wortie.com\/ee\/"},{"@type":"ListItem","position":2,"name":"Tooted","item":"https:\/\/wortie.com\/ee\/tooted\/"},{"@type":"ListItem","position":3,"name":"Wortie advanced"}]},{"@type":"WebSite","@id":"https:\/\/wortie.com\/ee\/#website","url":"https:\/\/wortie.com\/ee\/","name":"Wortie","description":"","publisher":{"@id":"https:\/\/wortie.com\/ee\/#organization"},"potentialAction":[{"@type":"SearchAction","target":{"@type":"EntryPoint","urlTemplate":"https:\/\/wortie.com\/ee\/?s={search_term_string}"},"query-input":{"@type":"PropertyValueSpecification","valueRequired":true,"valueName":"search_term_string"}}],"inLanguage":"et-EE"},{"@type":"Organization","@id":"https:\/\/wortie.com\/ee\/#organization","name":"Wortie","url":"https:\/\/wortie.com\/ee\/","logo":{"@type":"ImageObject","inLanguage":"et-EE","@id":"https:\/\/wortie.com\/ee\/#\/schema\/logo\/image\/","url":"https:\/\/wortie.com\/app\/uploads\/sites\/13\/2023\/12\/wortie-logotype.png","contentUrl":"https:\/\/wortie.com\/app\/uploads\/sites\/13\/2023\/12\/wortie-logotype.png","width":116,"height":40,"caption":"Wortie"},"image":{"@id":"https:\/\/wortie.com\/ee\/#\/schema\/logo\/image\/"}}]}},"_links":{"self":[{"href":"https:\/\/wortie.com\/ee\/wp-json\/wp\/v2\/product\/53","targetHints":{"allow":["GET"]}}],"collection":[{"href":"https:\/\/wortie.com\/ee\/wp-json\/wp\/v2\/product"}],"about":[{"href":"https:\/\/wortie.com\/ee\/wp-json\/wp\/v2\/types\/product"}],"replies":[{"embeddable":true,"href":"https:\/\/wortie.com\/ee\/wp-json\/wp\/v2\/comments?post=53"}],"version-history":[{"count":10,"href":"https:\/\/wortie.com\/ee\/wp-json\/wp\/v2\/product\/53\/revisions"}],"predecessor-version":[{"id":152,"href":"https:\/\/wortie.com\/ee\/wp-json\/wp\/v2\/product\/53\/revisions\/152"}],"wp:featuredmedia":[{"embeddable":true,"href":"https:\/\/wortie.com\/ee\/wp-json\/wp\/v2\/media\/98"}],"wp:attachment":[{"href":"https:\/\/wortie.com\/ee\/wp-json\/wp\/v2\/media?parent=53"}],"wp:term":[{"taxonomy":"product_brand","embeddable":true,"href":"https:\/\/wortie.com\/ee\/wp-json\/wp\/v2\/product_brand?post=53"},{"taxonomy":"product_cat","embeddable":true,"href":"https:\/\/wortie.com\/ee\/wp-json\/wp\/v2\/product_cat?post=53"},{"taxonomy":"product_tag","embeddable":true,"href":"https:\/\/wortie.com\/ee\/wp-json\/wp\/v2\/product_tag?post=53"}],"curies":[{"name":"wp","href":"https:\/\/api.w.org\/{rel}","templated":true}]}}