{"id":7,"date":"2023-05-02T05:59:24","date_gmt":"2023-05-02T05:59:24","guid":{"rendered":"https:\/\/wortie.com\/es\/?page_id=7"},"modified":"2023-06-28T13:35:21","modified_gmt":"2023-06-28T11:35:21","slug":"wortie","status":"publish","type":"page","link":"https:\/\/wortie.com\/es\/","title":{"rendered":"Wortie"},"content":{"rendered":"\n<div class=\"wp-block-karopharma-product-promotion text-align-right pt-none pb-medium bg-center bg-cover bg-no-repeat\" style=\"background-image:url(https:\/\/wortie.com\/cdn-cgi\/image\/format=auto\/app\/uploads\/sites\/10\/2023\/05\/Startpage-bg.jpg)\"><div class=\"container max-w-large\">\n<div class=\"wp-block-group is-layout-flow wp-block-group-is-layout-flow\">\n<figure class=\"wp-block-image size-full\"><img loading=\"lazy\" decoding=\"async\" width=\"400\" height=\"535\" src=\"https:\/\/wortie.com\/app\/uploads\/sites\/10\/2023\/05\/hero-start.png\" alt=\"hero-start-wortie\" class=\"wp-image-46\" srcset=\"https:\/\/wortie.com\/app\/uploads\/sites\/10\/2023\/05\/hero-start.png 400w, https:\/\/wortie.com\/app\/uploads\/sites\/10\/2023\/05\/hero-start-239x320.png 239w\" sizes=\"auto, (max-width: 400px) 100vw, 400px\" \/><\/figure>\n<\/div>\n\n\n\n<div class=\"wp-block-group is-layout-flow wp-block-group-is-layout-flow\">\n<h1 class=\"title is-style-heading-large wp-block-heading\">Tratamiento para las verrugas comunes y plantares<\/h1>\n\n\n\n<h2 class=\"heading is-style-heading-h1 wp-block-heading\"><\/h2>\n\n\n\n<ul class=\"is-style-default wp-block-list\"><li>Tratamiento f\u00e1cil de utilizar en casa<\/li><li>Adecuado para ni\u00f1os a partir de los 4 a\u00f1os<\/li><li>Se aplica en tan s\u00f3lo unos segundos<\/li><\/ul>\n\n\n\n<div class=\"wp-block-buttons is-layout-flex wp-block-buttons-is-layout-flex\">\n<div class=\"wp-block-button\"><a class=\"wp-block-button__link\" href=\"https:\/\/wortie.com\/es\/productos\/\">Vea nuestos productos<\/a><\/div>\n<\/div>\n<\/div>\n<\/div><\/div>\n\n\n<div class=\"product-list wp-block-karopharma-product-list\" data-testid=\"product-list\">\n      <div class=\"swiper-container\">\n      <div class=\"swiper\">\n        <div class=\"swiper-wrapper\">\n                      <div class=\"swiper-slide\">\n              <div class=\"product-card\" data-testid=\"product-card\">\n  <a\n    href=https:\/\/wortie.com\/es\/producto\/wortie-cool\/\n    class=\"product-card-link\"\n    title=\"Wortie Cool\"\n  >\n  <figure class=\"product-card-image\" data-testid=\"product-image\">\n                          <img decoding=\"async\" src=\"https:\/\/wortie.com\/cdn-cgi\/image\/width=700,format=auto\/app\/uploads\/sites\/10\/2023\/05\/wortie_cool_es.png\"\n        srcset=\"https:\/\/wortie.com\/cdn-cgi\/image\/width=250,format=auto\/app\/uploads\/sites\/10\/2023\/05\/wortie_cool_es.png 250w,\n                https:\/\/wortie.com\/cdn-cgi\/image\/width=500,format=auto\/app\/uploads\/sites\/10\/2023\/05\/wortie_cool_es.png 500w,\n                https:\/\/wortie.com\/cdn-cgi\/image\/width=700,format=auto\/app\/uploads\/sites\/10\/2023\/05\/wortie_cool_es.png 700w\"\n        sizes=\"(max-width: 400px) 250px, (max-width: 800px) 500px, 700px\"\n        alt=\"Wortie Cool\"\n        class=\"img\">\n            <\/figure>\n    <div class=\"product-card-content\">\n      <div class=\"heading-wrapper\">\n        <h2 class=\"heading\">Wortie Cool<\/h2>\n      <\/div>\n      <div class=\"product-card-description\">Tratamiento de precisi\u00f3n con punta met\u00e1lica para las verrugas comunes y plantares. Cumple con la normativa de productos sanitarios. CPSP19123CAT<\/div>\n                      <\/div>\n  <\/a>\n          <div class=\"button-wrapper buy-now no-resellers\" data-testid=\"buy-now\">\n          <div class=\"buy-now-container dropdown-container\">\n    <a\n      class=\"theme-button button-primary-color rounded-button\"\n      href=\"https:\/\/www.atida.com\/es-es\/wortie-tratamiento-anti-verrugas-50-ml-new?queryID=8ba32c8f0fa8febe60a8a00da0e7e879&amp;objectID=62568&amp;indexName=atida_es_es_products\" onclick=\"dataLayer.push({'event':'ga_event', 'eventCategory':'Click on Reseller', 'eventAction':'atida Mifarma', 'eventLabel':'Wortie Cool', 'eventValue': undefined})\" rel=\"noopener\" target=\"_blank\" title=\"atida Mifarma\"\n      data-testid=\"buy-now-reseller\">\n      Comprar ahora\n    <\/a>\n    <\/div>\n  <\/div>\n  <\/div>\n            <\/div>\n                  <\/div>\n        <div class=\"swiper-scrollbar\"><\/div>\n      <\/div>\n    <\/div>\n  <\/div>\n\n\n\n<div class=\"wp-block-karopharma-free-text pt-large pb-medium bg-center bg-cover bg-no-repeat  is-style-secondary\" style=\"background-image:url()\"><div class=\"free-text-wrapper container max-w-medium text-center\">\n<h2 class=\"is-style-heading-h2 wp-block-heading\">Acerca de las verrugas y el tratamiento de las verrugas<\/h2>\n<\/div><\/div>\n\n\n\n<div class=\"wp-block-karopharma-several-images-with-text several-images-with-text is-style-secondary\"><div class=\"container large col-1 content-align-none\" test-data=\"inner-content\">\n<section class=\"wp-block-karopharma-image-with-text image-with-text image-with-text__full-width\"><div class=\"image-with-text-container \"><div class=\"image-with-text-container-image-container\"><img decoding=\"async\" loading=\"lazy\" src=\"https:\/\/wortie.com\/cdn-cgi\/image\/format=auto\/app\/uploads\/sites\/2\/2022\/06\/shutterstock_105224906.jpeg\" alt=\"Vad \u00e4r v\u00e5rtor\"\/><\/div><div class=\"image-with-text-container-content\" style=\"text-align:left\" data-test=\"content\"><div class=\"content\"><p class=\"body\" data-test=\"body\"><strong>\u00bfQu\u00e9 son las verrugas comunes?<\/strong><br><br>Una verruga com\u00fan es una peque\u00f1a protuberancia cut\u00e1nea que aparece en las manos o los pies. Tiene el aspecto de una ampolla s\u00f3lida o una coliflor min\u00fascula. Su textura es \u00e1spera. Las verrugas comunes son con frecuencia del mismo color de la piel y \u00e1speras al tacto, aunque tambi\u00e9n pueden ser oscuras (marr\u00f3n o gris oscuro), planas, rugosas y lisas. Las verrugas comunes pueden tener una superficie rugosa o \u00abverrugosa\u00bb. A menudo se puede ver un peque\u00f1o punto negro en el centro de cada mancha escamosa, debido a un capilar sangu\u00edneo coagulado. Existen varios tipos de verrugas v\u00edricas. Las verrugas comunes aparecen con m\u00e1s frecuencia en la parte posterior de los dedos de las manos o de los pies y en las rodillas.<\/p>\n<div class=\"wp-block-buttons is-layout-flex wp-block-buttons-is-layout-flex\"><\/div>\n<\/div><\/div><\/div><\/section>\n\n\n\n<section class=\"wp-block-karopharma-image-with-text image-with-text image-with-text__full-width\"><div class=\"image-with-text-container \"><div class=\"image-with-text-container-image-container\"><img decoding=\"async\" loading=\"lazy\" src=\"https:\/\/wortie.com\/cdn-cgi\/image\/format=auto\/app\/uploads\/sites\/2\/2022\/06\/hand-feet.jpg\" alt=\"V\u00e5rtbehandling \/ V\u00e5rtbehandling f\u00f6r barn\"\/><\/div><div class=\"image-with-text-container-content\" style=\"text-align:left\" data-test=\"content\"><div class=\"content\"><p class=\"body\" data-test=\"body\"><strong>Tratamiento de las verrugas<\/strong><br><br>Para muchas personas los remedios caseros son el primer paso para tratar de eliminar una verruga. Algunos de estos tratamientos pueden tener \u00e9xito, pero suelen ser lentos, o pueden no funcionar del todo. Pero lo m\u00e1s importante es reforzar nuestro sistema inmunitario y detener la propagaci\u00f3n de las verrugas. Se deben adoptar medidas de prevenci\u00f3n como no caminar descalzo, no compartir art\u00edculos de higiene personal, no tocar las verrugas (de uno mismo y de los dem\u00e1s), llevar chancletas en las zonas comunales de los centros deportivos, como saunas, piscinas y duchas.<\/p>\n<div class=\"wp-block-buttons is-layout-flex wp-block-buttons-is-layout-flex\"><\/div>\n<\/div><\/div><\/div><\/section>\n<\/div><\/div>\n","protected":false},"excerpt":{"rendered":"","protected":false},"author":2,"featured_media":0,"parent":0,"menu_order":0,"comment_status":"closed","ping_status":"closed","template":"","meta":{"_acf_changed":false,"footnotes":""},"from-article-database":[],"class_list":["post-7","page","type-page","status-publish","hentry"],"acf":[],"yoast_head":"<!-- This site is optimized with the Yoast SEO plugin v26.6 - https:\/\/yoast.com\/wordpress\/plugins\/seo\/ -->\n<title>Wortie - Wortie<\/title>\n<meta name=\"description\" content=\"Tratamiento f\u00e1cil de utilizar en casa, Adecuado para ni\u00f1os a partir de los 4 a\u00f1os, Se aplica en tan s\u00f3lo unos segundos\" \/>\n<meta name=\"robots\" content=\"index, follow, max-snippet:-1, max-image-preview:large, max-video-preview:-1\" \/>\n<link rel=\"canonical\" href=\"https:\/\/wortie.com\/es\/\" \/>\n<meta property=\"og:locale\" content=\"es_ES\" \/>\n<meta property=\"og:type\" content=\"article\" \/>\n<meta property=\"og:title\" content=\"Wortie - Wortie\" \/>\n<meta property=\"og:description\" content=\"Tratamiento f\u00e1cil de utilizar en casa, Adecuado para ni\u00f1os a partir de los 4 a\u00f1os, Se aplica en tan s\u00f3lo unos segundos\" \/>\n<meta property=\"og:url\" content=\"https:\/\/wortie.com\/es\/\" \/>\n<meta property=\"og:site_name\" content=\"Wortie\" \/>\n<meta property=\"article:modified_time\" content=\"2023-06-28T11:35:21+00:00\" \/>\n<meta property=\"og:image\" content=\"https:\/\/wortie.com\/app\/uploads\/sites\/10\/2023\/05\/hero-start.png\" \/>\n<meta name=\"twitter:card\" content=\"summary_large_image\" \/>\n<meta name=\"twitter:label1\" content=\"Tiempo de lectura\" \/>\n\t<meta name=\"twitter:data1\" content=\"2 minutos\" \/>\n<script type=\"application\/ld+json\" class=\"yoast-schema-graph\">{\"@context\":\"https:\/\/schema.org\",\"@graph\":[{\"@type\":\"WebPage\",\"@id\":\"https:\/\/wortie.com\/es\/\",\"url\":\"https:\/\/wortie.com\/es\/\",\"name\":\"Wortie - Wortie\",\"isPartOf\":{\"@id\":\"https:\/\/wortie.com\/es\/#website\"},\"primaryImageOfPage\":{\"@id\":\"https:\/\/wortie.com\/es\/#primaryimage\"},\"image\":{\"@id\":\"https:\/\/wortie.com\/es\/#primaryimage\"},\"thumbnailUrl\":\"https:\/\/wortie.com\/app\/uploads\/sites\/10\/2023\/05\/hero-start.png\",\"datePublished\":\"2023-05-02T05:59:24+00:00\",\"dateModified\":\"2023-06-28T11:35:21+00:00\",\"description\":\"Tratamiento f\u00e1cil de utilizar en casa, Adecuado para ni\u00f1os a partir de los 4 a\u00f1os, Se aplica en tan s\u00f3lo unos segundos\",\"breadcrumb\":{\"@id\":\"https:\/\/wortie.com\/es\/#breadcrumb\"},\"inLanguage\":\"es\",\"potentialAction\":[{\"@type\":\"ReadAction\",\"target\":[\"https:\/\/wortie.com\/es\/\"]}]},{\"@type\":\"ImageObject\",\"inLanguage\":\"es\",\"@id\":\"https:\/\/wortie.com\/es\/#primaryimage\",\"url\":\"https:\/\/wortie.com\/app\/uploads\/sites\/10\/2023\/05\/hero-start.png\",\"contentUrl\":\"https:\/\/wortie.com\/app\/uploads\/sites\/10\/2023\/05\/hero-start.png\"},{\"@type\":\"BreadcrumbList\",\"@id\":\"https:\/\/wortie.com\/es\/#breadcrumb\",\"itemListElement\":[{\"@type\":\"ListItem\",\"position\":1,\"name\":\"Home\",\"item\":\"https:\/\/wortie.com\/es\/\"},{\"@type\":\"ListItem\",\"position\":2,\"name\":\"Wortie\"}]},{\"@type\":\"WebSite\",\"@id\":\"https:\/\/wortie.com\/es\/#website\",\"url\":\"https:\/\/wortie.com\/es\/\",\"name\":\"Wortie\",\"description\":\"\",\"publisher\":{\"@id\":\"https:\/\/wortie.com\/es\/#organization\"},\"potentialAction\":[{\"@type\":\"SearchAction\",\"target\":{\"@type\":\"EntryPoint\",\"urlTemplate\":\"https:\/\/wortie.com\/es\/?s={search_term_string}\"},\"query-input\":{\"@type\":\"PropertyValueSpecification\",\"valueRequired\":true,\"valueName\":\"search_term_string\"}}],\"inLanguage\":\"es\"},{\"@type\":\"Organization\",\"@id\":\"https:\/\/wortie.com\/es\/#organization\",\"name\":\"Wortie\",\"url\":\"https:\/\/wortie.com\/es\/\",\"logo\":{\"@type\":\"ImageObject\",\"inLanguage\":\"es\",\"@id\":\"https:\/\/wortie.com\/es\/#\/schema\/logo\/image\/\",\"url\":\"https:\/\/wortie.com\/app\/uploads\/sites\/10\/2023\/05\/wortie-logotype.png\",\"contentUrl\":\"https:\/\/wortie.com\/app\/uploads\/sites\/10\/2023\/05\/wortie-logotype.png\",\"width\":116,\"height\":40,\"caption\":\"Wortie\"},\"image\":{\"@id\":\"https:\/\/wortie.com\/es\/#\/schema\/logo\/image\/\"}}]}<\/script>\n<!-- \/ Yoast SEO plugin. -->","yoast_head_json":{"title":"Wortie - Wortie","description":"Tratamiento f\u00e1cil de utilizar en casa, Adecuado para ni\u00f1os a partir de los 4 a\u00f1os, Se aplica en tan s\u00f3lo unos segundos","robots":{"index":"index","follow":"follow","max-snippet":"max-snippet:-1","max-image-preview":"max-image-preview:large","max-video-preview":"max-video-preview:-1"},"canonical":"https:\/\/wortie.com\/es\/","og_locale":"es_ES","og_type":"article","og_title":"Wortie - Wortie","og_description":"Tratamiento f\u00e1cil de utilizar en casa, Adecuado para ni\u00f1os a partir de los 4 a\u00f1os, Se aplica en tan s\u00f3lo unos segundos","og_url":"https:\/\/wortie.com\/es\/","og_site_name":"Wortie","article_modified_time":"2023-06-28T11:35:21+00:00","og_image":[{"url":"https:\/\/wortie.com\/app\/uploads\/sites\/10\/2023\/05\/hero-start.png","type":"","width":"","height":""}],"twitter_card":"summary_large_image","twitter_misc":{"Tiempo de lectura":"2 minutos"},"schema":{"@context":"https:\/\/schema.org","@graph":[{"@type":"WebPage","@id":"https:\/\/wortie.com\/es\/","url":"https:\/\/wortie.com\/es\/","name":"Wortie - Wortie","isPartOf":{"@id":"https:\/\/wortie.com\/es\/#website"},"primaryImageOfPage":{"@id":"https:\/\/wortie.com\/es\/#primaryimage"},"image":{"@id":"https:\/\/wortie.com\/es\/#primaryimage"},"thumbnailUrl":"https:\/\/wortie.com\/app\/uploads\/sites\/10\/2023\/05\/hero-start.png","datePublished":"2023-05-02T05:59:24+00:00","dateModified":"2023-06-28T11:35:21+00:00","description":"Tratamiento f\u00e1cil de utilizar en casa, Adecuado para ni\u00f1os a partir de los 4 a\u00f1os, Se aplica en tan s\u00f3lo unos segundos","breadcrumb":{"@id":"https:\/\/wortie.com\/es\/#breadcrumb"},"inLanguage":"es","potentialAction":[{"@type":"ReadAction","target":["https:\/\/wortie.com\/es\/"]}]},{"@type":"ImageObject","inLanguage":"es","@id":"https:\/\/wortie.com\/es\/#primaryimage","url":"https:\/\/wortie.com\/app\/uploads\/sites\/10\/2023\/05\/hero-start.png","contentUrl":"https:\/\/wortie.com\/app\/uploads\/sites\/10\/2023\/05\/hero-start.png"},{"@type":"BreadcrumbList","@id":"https:\/\/wortie.com\/es\/#breadcrumb","itemListElement":[{"@type":"ListItem","position":1,"name":"Home","item":"https:\/\/wortie.com\/es\/"},{"@type":"ListItem","position":2,"name":"Wortie"}]},{"@type":"WebSite","@id":"https:\/\/wortie.com\/es\/#website","url":"https:\/\/wortie.com\/es\/","name":"Wortie","description":"","publisher":{"@id":"https:\/\/wortie.com\/es\/#organization"},"potentialAction":[{"@type":"SearchAction","target":{"@type":"EntryPoint","urlTemplate":"https:\/\/wortie.com\/es\/?s={search_term_string}"},"query-input":{"@type":"PropertyValueSpecification","valueRequired":true,"valueName":"search_term_string"}}],"inLanguage":"es"},{"@type":"Organization","@id":"https:\/\/wortie.com\/es\/#organization","name":"Wortie","url":"https:\/\/wortie.com\/es\/","logo":{"@type":"ImageObject","inLanguage":"es","@id":"https:\/\/wortie.com\/es\/#\/schema\/logo\/image\/","url":"https:\/\/wortie.com\/app\/uploads\/sites\/10\/2023\/05\/wortie-logotype.png","contentUrl":"https:\/\/wortie.com\/app\/uploads\/sites\/10\/2023\/05\/wortie-logotype.png","width":116,"height":40,"caption":"Wortie"},"image":{"@id":"https:\/\/wortie.com\/es\/#\/schema\/logo\/image\/"}}]}},"_links":{"self":[{"href":"https:\/\/wortie.com\/es\/wp-json\/wp\/v2\/pages\/7","targetHints":{"allow":["GET"]}}],"collection":[{"href":"https:\/\/wortie.com\/es\/wp-json\/wp\/v2\/pages"}],"about":[{"href":"https:\/\/wortie.com\/es\/wp-json\/wp\/v2\/types\/page"}],"author":[{"embeddable":true,"href":"https:\/\/wortie.com\/es\/wp-json\/wp\/v2\/users\/2"}],"replies":[{"embeddable":true,"href":"https:\/\/wortie.com\/es\/wp-json\/wp\/v2\/comments?post=7"}],"version-history":[{"count":7,"href":"https:\/\/wortie.com\/es\/wp-json\/wp\/v2\/pages\/7\/revisions"}],"predecessor-version":[{"id":54,"href":"https:\/\/wortie.com\/es\/wp-json\/wp\/v2\/pages\/7\/revisions\/54"}],"wp:attachment":[{"href":"https:\/\/wortie.com\/es\/wp-json\/wp\/v2\/media?parent=7"}],"wp:term":[{"taxonomy":"from-article-database","embeddable":true,"href":"https:\/\/wortie.com\/es\/wp-json\/wp\/v2\/from-article-database?post=7"}],"curies":[{"name":"wp","href":"https:\/\/api.w.org\/{rel}","templated":true}]}}