{"id":4,"date":"2023-12-07T09:25:44","date_gmt":"2023-12-07T09:25:44","guid":{"rendered":"https:\/\/wortie.com\/lt\/?page_id=4"},"modified":"2024-01-16T09:37:48","modified_gmt":"2024-01-16T07:37:48","slug":"wortie","status":"publish","type":"page","link":"https:\/\/wortie.com\/lt\/","title":{"rendered":"Wortie"},"content":{"rendered":"\n<div class=\"wp-block-karopharma-product-promotion text-align-right pt-none pb-medium bg-center bg-cover bg-no-repeat\" style=\"background-image:url(https:\/\/wortie.com\/cdn-cgi\/image\/format=auto\/app\/uploads\/sites\/15\/2023\/12\/Startpage-bg.jpg)\"><div class=\"container max-w-large\">\n<div class=\"wp-block-group is-layout-flow wp-block-group-is-layout-flow\">\n<figure class=\"wp-block-image size-full\"><img loading=\"lazy\" decoding=\"async\" width=\"500\" height=\"735\" src=\"https:\/\/wortie.com\/app\/uploads\/sites\/15\/2023\/12\/hand-wortie-hero-start_new.png\" alt=\"hand-wortie-hero-start_new\" class=\"wp-image-54\" srcset=\"https:\/\/wortie.com\/app\/uploads\/sites\/15\/2023\/12\/hand-wortie-hero-start_new.png 500w, https:\/\/wortie.com\/app\/uploads\/sites\/15\/2023\/12\/hand-wortie-hero-start_new-218x320.png 218w\" sizes=\"auto, (max-width: 500px) 100vw, 500px\" \/><\/figure>\n<\/div>\n\n\n\n<div class=\"wp-block-group is-layout-flow wp-block-group-is-layout-flow\">\n<h1 class=\"title is-style-heading-huge wp-block-heading\">Veiksminga paprast\u0173j\u0173 ir p\u0117d\u0173 karp\u0173 \u0161alinimo priemon\u0117<\/h1>\n\n\n\n<h2 class=\"heading is-style-heading-h1 wp-block-heading\"><\/h2>\n\n\n\n<ul class=\"is-style-default wp-block-list\"><li>Veikia jau po pirmojo panaudojimo<\/li><li>Tikslus antgalis lengvam naudojimui nesukeliant \u017ealos aplink karp\u0105 esan\u010diai odai<\/li><li>Puikiai pritaikytas \u0161aldymo metodas<\/li><\/ul>\n\n\n\n<div class=\"wp-block-buttons is-layout-flex wp-block-buttons-is-layout-flex\">\n<div class=\"wp-block-button\"><a class=\"wp-block-button__link\" href=\"https:\/\/wortie.com\/lt\/produktai\/\">M\u016bs\u0173 produktai<\/a><\/div>\n<\/div>\n<\/div>\n<\/div><\/div>\n\n\n<div class=\"product-list wp-block-karopharma-product-list\" data-testid=\"product-list\">\n      <div class=\"swiper-container\">\n      <div class=\"swiper\">\n        <div class=\"swiper-wrapper\">\n                      <div class=\"swiper-slide\">\n              <div class=\"product-card\" data-testid=\"product-card\">\n  <a\n    href=https:\/\/wortie.com\/lt\/product\/wortie-cool\/\n    class=\"product-card-link\"\n    title=\"Wortie cool\"\n  >\n  <figure class=\"product-card-image\" data-testid=\"product-image\">\n                          <img decoding=\"async\" src=\"https:\/\/wortie.com\/cdn-cgi\/image\/width=700,format=auto\/app\/uploads\/sites\/15\/2023\/12\/Wortie-Cool.png\"\n        srcset=\"https:\/\/wortie.com\/cdn-cgi\/image\/width=250,format=auto\/app\/uploads\/sites\/15\/2023\/12\/Wortie-Cool.png 250w,\n                https:\/\/wortie.com\/cdn-cgi\/image\/width=500,format=auto\/app\/uploads\/sites\/15\/2023\/12\/Wortie-Cool.png 500w,\n                https:\/\/wortie.com\/cdn-cgi\/image\/width=700,format=auto\/app\/uploads\/sites\/15\/2023\/12\/Wortie-Cool.png 700w\"\n        sizes=\"(max-width: 400px) 250px, (max-width: 800px) 500px, 700px\"\n        alt=\"Wortie Cool\"\n        class=\"img\">\n            <\/figure>\n    <div class=\"product-card-content\">\n      <div class=\"heading-wrapper\">\n        <h2 class=\"heading\">Wortie cool<\/h2>\n      <\/div>\n      <div class=\"product-card-description\">Tiksli ir efektyvi priemon\u0117, tinkama naudoti visiems \u0161eimos nariams nuo 4 met\u0173 am\u017eiaus. \u0160alina paprast\u0105sias ir p\u0117d\u0173 karpas jau po pirmojo panaudojimo. <\/div>\n                      <\/div>\n  <\/a>\n          <div class=\"button-wrapper buy-now \" data-testid=\"buy-now\">\n      <div class=\"buy-now-container dropdown-container\">\n      <div class=\"theme-button button-primary-color dropdown-link\" aria-label=\"Pirkti dabar\">\n          Pirkti dabar <i class=\"dropdown\"><\/i>\n      <\/div>\n      <ul class=\"reseller-list submenu\">\n                    <li>\n              <a\n                href=\"https:\/\/camelia.lt\/medicinos-priemone\/106954-wartie-cool-paprastuju-ir-pedu-karpu-salinimo-priemone-50-ml-8718053572444.html\" onclick=\"dataLayer.push({'event':'ga_event', 'eventCategory':'Click on Reseller', 'eventAction':'Camelia', 'eventLabel':'Wortie cool', 'eventValue': undefined})\" rel=\"noopener\" target=\"_blank\" title=\"Camelia\"\n                data-testid=\"buy-now-reseller\">\n                <i class=\"fa-solid fa-arrow-right\"><\/i> Camelia\n              <\/a>\n          <\/li>\n                    <li>\n              <a\n                href=\"https:\/\/www.eurovaistine.lt\/wortie-cool-paprastuju-karpu-ir-pedu-karpu-salinimo-priemone-nuo-4-m-50-ml\" onclick=\"dataLayer.push({'event':'ga_event', 'eventCategory':'Click on Reseller', 'eventAction':'Euro vaistine', 'eventLabel':'Wortie cool', 'eventValue': undefined})\" rel=\"noopener\" target=\"_blank\" title=\"Euro vaistine\"\n                data-testid=\"buy-now-reseller\">\n                <i class=\"fa-solid fa-arrow-right\"><\/i> Euro vaistine\n              <\/a>\n          <\/li>\n                    <li>\n              <a\n                href=\"https:\/\/www.gintarine.lt\/wortie-karpu-ir-pedu-karpu-salinimo-priemone-50-ml\" onclick=\"dataLayer.push({'event':'ga_event', 'eventCategory':'Click on Reseller', 'eventAction':'Gintarine vaistine', 'eventLabel':'Wortie cool', 'eventValue': undefined})\" rel=\"noopener\" target=\"_blank\" title=\"Gintarine vaistine\"\n                data-testid=\"buy-now-reseller\">\n                <i class=\"fa-solid fa-arrow-right\"><\/i> Gintarine vaistine\n              <\/a>\n          <\/li>\n                    <li>\n              <a\n                href=\"https:\/\/www.manovaistine.lt\/preparatas-nuo-karpu-grybelio-nuospaudu-wortie-karpu-ir-pedu-karpu-salinimo-priemone\" onclick=\"dataLayer.push({'event':'ga_event', 'eventCategory':'Click on Reseller', 'eventAction':'Mano vaistine', 'eventLabel':'Wortie cool', 'eventValue': undefined})\" rel=\"noopener\" target=\"_blank\" title=\"Mano vaistine\"\n                data-testid=\"buy-now-reseller\">\n                <i class=\"fa-solid fa-arrow-right\"><\/i> Mano vaistine\n              <\/a>\n          <\/li>\n                <\/ul>\n    <\/div>\n  <\/div>\n  <\/div>\n            <\/div>\n                      <div class=\"swiper-slide\">\n              <div class=\"product-card\" data-testid=\"product-card\">\n  <a\n    href=https:\/\/wortie.com\/lt\/product\/wortie-advanced\/\n    class=\"product-card-link\"\n    title=\"Wortie advanced\"\n  >\n  <figure class=\"product-card-image\" data-testid=\"product-image\">\n                          <img decoding=\"async\" src=\"https:\/\/wortie.com\/cdn-cgi\/image\/width=700,format=auto\/app\/uploads\/sites\/15\/2023\/12\/Wortie-Advanced.png\"\n        srcset=\"https:\/\/wortie.com\/cdn-cgi\/image\/width=250,format=auto\/app\/uploads\/sites\/15\/2023\/12\/Wortie-Advanced.png 250w,\n                https:\/\/wortie.com\/cdn-cgi\/image\/width=500,format=auto\/app\/uploads\/sites\/15\/2023\/12\/Wortie-Advanced.png 500w,\n                https:\/\/wortie.com\/cdn-cgi\/image\/width=700,format=auto\/app\/uploads\/sites\/15\/2023\/12\/Wortie-Advanced.png 700w\"\n        sizes=\"(max-width: 400px) 250px, (max-width: 800px) 500px, 700px\"\n        alt=\"Wortie Advanced\"\n        class=\"img\">\n            <\/figure>\n    <div class=\"product-card-content\">\n      <div class=\"heading-wrapper\">\n        <h2 class=\"heading\">Wortie advanced<\/h2>\n      <\/div>\n      <div class=\"product-card-description\">Paprast\u0173j\u0173 ir p\u0117d\u0173 karp\u0173 \u0161alinimo rinkinys. Tikslus ir efektyvus. Tinka naudoti nuo 12 met\u0173. Pa\u0161alina \u012fsisen\u0117jusias ir p\u0117d\u0173 karpas jau po pirmojo panaudojimo.<\/div>\n                      <\/div>\n  <\/a>\n      <div class=\"button-wrapper\">\n    <a\n      href=https:\/\/wortie.com\/lt\/product\/wortie-advanced\/\n      target=_self\n      class=\"theme-button button-primary-color rounded-button\"\n      rel=\"noopener\"\n      title=\"Skaityti daugiau\"\n    >\n       Skaityti daugiau\n    <\/a>\n<\/div>  <\/div>\n            <\/div>\n                  <\/div>\n        <div class=\"swiper-scrollbar\"><\/div>\n      <\/div>\n    <\/div>\n  <\/div>\n\n\n\n<div class=\"wp-block-karopharma-free-text pt-large pb-medium bg-center bg-cover bg-no-repeat  is-style-secondary\" style=\"background-image:url()\"><div class=\"free-text-wrapper container max-w-medium text-center\">\n<h2 class=\"is-style-heading-h2 wp-block-heading\">Informacija apie karpas ir j\u0173 gydym\u0105<\/h2>\n<\/div><\/div>\n\n\n\n<div class=\"wp-block-karopharma-several-images-with-text several-images-with-text is-style-secondary\"><div class=\"container large col-1 content-align-none\" test-data=\"inner-content\">\n<section class=\"wp-block-karopharma-image-with-text image-with-text image-with-text__full-width\"><div class=\"image-with-text-container \"><div class=\"image-with-text-container-image-container\"><img decoding=\"async\" loading=\"lazy\" src=\"https:\/\/wortie.com\/cdn-cgi\/image\/format=auto\/app\/uploads\/sites\/15\/2023\/12\/what-are-warts.jpeg\" alt=\"what-are-warts\"\/><\/div><div class=\"image-with-text-container-content\" style=\"text-align:left\" data-test=\"content\"><div class=\"content\"><p class=\"body\" data-test=\"body\"><strong>Karpos \u2013 kas tai?<\/strong><br><br>Karpa yra nedidel\u0117 atauga ant \u017emogaus rank\u0173 arba koj\u0173. Ji pana\u0161i \u012f kiet\u0105 p\u016bslel\u0119 arba ma\u017e\u0105 grubl\u0117t\u0105 ataug\u0105. Karpos da\u017eniausiai yra odos spalvos ir kietos, ta\u010diau jos taip pat gali b\u016bti tamsios, rudos ar pilkai juodos spalvos, plok\u0161\u010dios ar lygios su karp\u0117tu, rag\u0117tu pavir\u0161iumi.<\/p>\n<div class=\"wp-block-buttons is-layout-flex wp-block-buttons-is-layout-flex\"><\/div>\n<\/div><\/div><\/div><\/section>\n\n\n\n<section class=\"wp-block-karopharma-image-with-text image-with-text image-with-text__full-width\"><div class=\"image-with-text-container \"><div class=\"image-with-text-container-image-container\"><img decoding=\"async\" loading=\"lazy\" src=\"https:\/\/wortie.com\/cdn-cgi\/image\/format=auto\/app\/uploads\/sites\/15\/2023\/12\/hand-feet.jpg\" alt=\"hand-feet\"\/><\/div><div class=\"image-with-text-container-content\" style=\"text-align:left\" data-test=\"content\"><div class=\"content\"><p class=\"body\" data-test=\"body\"><strong>Karp\u0173 gydymas vaikams<\/strong><br><br>Jei b\u016btina gydyti karpas, pirmiausia pasirinkite k\u0105 nors saugaus, paprasto ir neskausmingo. &#8222;Wartie cool&#8221; paprast\u0173j\u0173 ir p\u0117d\u0173 karp\u0173 \u0161alinimo priemon\u0117 tinka 4 met\u0173 ir vyresniems vaikams, &#8222;Wartie advanced&#8221; &#8211; 12 met\u0173 ir vyresniems vaikams.<\/p>\n<div class=\"wp-block-buttons is-layout-flex wp-block-buttons-is-layout-flex\"><\/div>\n<\/div><\/div><\/div><\/section>\n<\/div><\/div>\n","protected":false},"excerpt":{"rendered":"","protected":false},"author":2,"featured_media":0,"parent":0,"menu_order":0,"comment_status":"closed","ping_status":"closed","template":"","meta":{"_acf_changed":false,"footnotes":""},"from-article-database":[],"class_list":["post-4","page","type-page","status-publish","hentry"],"acf":[],"yoast_head":"<!-- This site is optimized with the Yoast SEO plugin v26.6 - https:\/\/yoast.com\/wordpress\/plugins\/seo\/ -->\n<title>Wortie - Wortie<\/title>\n<meta name=\"description\" content=\"Veiksminga paprast\u0173j\u0173 ir p\u0117d\u0173 karp\u0173 \u0161alinimo priemon\u0117: Veikia jau po pirmojo panaudojimo, Tikslus antgalis lengvam naudojimui nesukeliant \u017ealos aplink karp\u0105 esan\u010diai odai\" \/>\n<meta name=\"robots\" content=\"index, follow, max-snippet:-1, max-image-preview:large, max-video-preview:-1\" \/>\n<link rel=\"canonical\" href=\"https:\/\/wortie.com\/lt\/\" \/>\n<meta property=\"og:locale\" content=\"lt_LT\" \/>\n<meta property=\"og:type\" content=\"article\" \/>\n<meta property=\"og:title\" content=\"Wortie - Wortie\" \/>\n<meta property=\"og:description\" content=\"Veiksminga paprast\u0173j\u0173 ir p\u0117d\u0173 karp\u0173 \u0161alinimo priemon\u0117: Veikia jau po pirmojo panaudojimo, Tikslus antgalis lengvam naudojimui nesukeliant \u017ealos aplink karp\u0105 esan\u010diai odai\" \/>\n<meta property=\"og:url\" content=\"https:\/\/wortie.com\/lt\/\" \/>\n<meta property=\"og:site_name\" content=\"Wortie\" \/>\n<meta property=\"article:modified_time\" content=\"2024-01-16T07:37:48+00:00\" \/>\n<meta property=\"og:image\" content=\"https:\/\/wortie.com\/app\/uploads\/sites\/15\/2023\/12\/hand-wortie-hero-start_new.png\" \/>\n<meta name=\"twitter:card\" content=\"summary_large_image\" \/>\n<meta name=\"twitter:label1\" content=\"Est. reading time\" \/>\n\t<meta name=\"twitter:data1\" content=\"2 minut\u0117s\" \/>\n<script type=\"application\/ld+json\" class=\"yoast-schema-graph\">{\"@context\":\"https:\/\/schema.org\",\"@graph\":[{\"@type\":\"WebPage\",\"@id\":\"https:\/\/wortie.com\/lt\/\",\"url\":\"https:\/\/wortie.com\/lt\/\",\"name\":\"Wortie - Wortie\",\"isPartOf\":{\"@id\":\"https:\/\/wortie.com\/lt\/#website\"},\"primaryImageOfPage\":{\"@id\":\"https:\/\/wortie.com\/lt\/#primaryimage\"},\"image\":{\"@id\":\"https:\/\/wortie.com\/lt\/#primaryimage\"},\"thumbnailUrl\":\"https:\/\/wortie.com\/app\/uploads\/sites\/15\/2023\/12\/hand-wortie-hero-start_new.png\",\"datePublished\":\"2023-12-07T09:25:44+00:00\",\"dateModified\":\"2024-01-16T07:37:48+00:00\",\"description\":\"Veiksminga paprast\u0173j\u0173 ir p\u0117d\u0173 karp\u0173 \u0161alinimo priemon\u0117: Veikia jau po pirmojo panaudojimo, Tikslus antgalis lengvam naudojimui nesukeliant \u017ealos aplink karp\u0105 esan\u010diai odai\",\"breadcrumb\":{\"@id\":\"https:\/\/wortie.com\/lt\/#breadcrumb\"},\"inLanguage\":\"lt-LT\",\"potentialAction\":[{\"@type\":\"ReadAction\",\"target\":[\"https:\/\/wortie.com\/lt\/\"]}]},{\"@type\":\"ImageObject\",\"inLanguage\":\"lt-LT\",\"@id\":\"https:\/\/wortie.com\/lt\/#primaryimage\",\"url\":\"https:\/\/wortie.com\/app\/uploads\/sites\/15\/2023\/12\/hand-wortie-hero-start_new.png\",\"contentUrl\":\"https:\/\/wortie.com\/app\/uploads\/sites\/15\/2023\/12\/hand-wortie-hero-start_new.png\"},{\"@type\":\"BreadcrumbList\",\"@id\":\"https:\/\/wortie.com\/lt\/#breadcrumb\",\"itemListElement\":[{\"@type\":\"ListItem\",\"position\":1,\"name\":\"Home\",\"item\":\"https:\/\/wortie.com\/lt\/\"},{\"@type\":\"ListItem\",\"position\":2,\"name\":\"Wortie\"}]},{\"@type\":\"WebSite\",\"@id\":\"https:\/\/wortie.com\/lt\/#website\",\"url\":\"https:\/\/wortie.com\/lt\/\",\"name\":\"Wortie\",\"description\":\"\",\"publisher\":{\"@id\":\"https:\/\/wortie.com\/lt\/#organization\"},\"potentialAction\":[{\"@type\":\"SearchAction\",\"target\":{\"@type\":\"EntryPoint\",\"urlTemplate\":\"https:\/\/wortie.com\/lt\/?s={search_term_string}\"},\"query-input\":{\"@type\":\"PropertyValueSpecification\",\"valueRequired\":true,\"valueName\":\"search_term_string\"}}],\"inLanguage\":\"lt-LT\"},{\"@type\":\"Organization\",\"@id\":\"https:\/\/wortie.com\/lt\/#organization\",\"name\":\"Wortie\",\"url\":\"https:\/\/wortie.com\/lt\/\",\"logo\":{\"@type\":\"ImageObject\",\"inLanguage\":\"lt-LT\",\"@id\":\"https:\/\/wortie.com\/lt\/#\/schema\/logo\/image\/\",\"url\":\"https:\/\/wortie.com\/app\/uploads\/sites\/15\/2023\/12\/wortie-logotype.png\",\"contentUrl\":\"https:\/\/wortie.com\/app\/uploads\/sites\/15\/2023\/12\/wortie-logotype.png\",\"width\":116,\"height\":40,\"caption\":\"Wortie\"},\"image\":{\"@id\":\"https:\/\/wortie.com\/lt\/#\/schema\/logo\/image\/\"}}]}<\/script>\n<!-- \/ Yoast SEO plugin. -->","yoast_head_json":{"title":"Wortie - Wortie","description":"Veiksminga paprast\u0173j\u0173 ir p\u0117d\u0173 karp\u0173 \u0161alinimo priemon\u0117: Veikia jau po pirmojo panaudojimo, Tikslus antgalis lengvam naudojimui nesukeliant \u017ealos aplink karp\u0105 esan\u010diai odai","robots":{"index":"index","follow":"follow","max-snippet":"max-snippet:-1","max-image-preview":"max-image-preview:large","max-video-preview":"max-video-preview:-1"},"canonical":"https:\/\/wortie.com\/lt\/","og_locale":"lt_LT","og_type":"article","og_title":"Wortie - Wortie","og_description":"Veiksminga paprast\u0173j\u0173 ir p\u0117d\u0173 karp\u0173 \u0161alinimo priemon\u0117: Veikia jau po pirmojo panaudojimo, Tikslus antgalis lengvam naudojimui nesukeliant \u017ealos aplink karp\u0105 esan\u010diai odai","og_url":"https:\/\/wortie.com\/lt\/","og_site_name":"Wortie","article_modified_time":"2024-01-16T07:37:48+00:00","og_image":[{"url":"https:\/\/wortie.com\/app\/uploads\/sites\/15\/2023\/12\/hand-wortie-hero-start_new.png","type":"","width":"","height":""}],"twitter_card":"summary_large_image","twitter_misc":{"Est. reading time":"2 minut\u0117s"},"schema":{"@context":"https:\/\/schema.org","@graph":[{"@type":"WebPage","@id":"https:\/\/wortie.com\/lt\/","url":"https:\/\/wortie.com\/lt\/","name":"Wortie - Wortie","isPartOf":{"@id":"https:\/\/wortie.com\/lt\/#website"},"primaryImageOfPage":{"@id":"https:\/\/wortie.com\/lt\/#primaryimage"},"image":{"@id":"https:\/\/wortie.com\/lt\/#primaryimage"},"thumbnailUrl":"https:\/\/wortie.com\/app\/uploads\/sites\/15\/2023\/12\/hand-wortie-hero-start_new.png","datePublished":"2023-12-07T09:25:44+00:00","dateModified":"2024-01-16T07:37:48+00:00","description":"Veiksminga paprast\u0173j\u0173 ir p\u0117d\u0173 karp\u0173 \u0161alinimo priemon\u0117: Veikia jau po pirmojo panaudojimo, Tikslus antgalis lengvam naudojimui nesukeliant \u017ealos aplink karp\u0105 esan\u010diai odai","breadcrumb":{"@id":"https:\/\/wortie.com\/lt\/#breadcrumb"},"inLanguage":"lt-LT","potentialAction":[{"@type":"ReadAction","target":["https:\/\/wortie.com\/lt\/"]}]},{"@type":"ImageObject","inLanguage":"lt-LT","@id":"https:\/\/wortie.com\/lt\/#primaryimage","url":"https:\/\/wortie.com\/app\/uploads\/sites\/15\/2023\/12\/hand-wortie-hero-start_new.png","contentUrl":"https:\/\/wortie.com\/app\/uploads\/sites\/15\/2023\/12\/hand-wortie-hero-start_new.png"},{"@type":"BreadcrumbList","@id":"https:\/\/wortie.com\/lt\/#breadcrumb","itemListElement":[{"@type":"ListItem","position":1,"name":"Home","item":"https:\/\/wortie.com\/lt\/"},{"@type":"ListItem","position":2,"name":"Wortie"}]},{"@type":"WebSite","@id":"https:\/\/wortie.com\/lt\/#website","url":"https:\/\/wortie.com\/lt\/","name":"Wortie","description":"","publisher":{"@id":"https:\/\/wortie.com\/lt\/#organization"},"potentialAction":[{"@type":"SearchAction","target":{"@type":"EntryPoint","urlTemplate":"https:\/\/wortie.com\/lt\/?s={search_term_string}"},"query-input":{"@type":"PropertyValueSpecification","valueRequired":true,"valueName":"search_term_string"}}],"inLanguage":"lt-LT"},{"@type":"Organization","@id":"https:\/\/wortie.com\/lt\/#organization","name":"Wortie","url":"https:\/\/wortie.com\/lt\/","logo":{"@type":"ImageObject","inLanguage":"lt-LT","@id":"https:\/\/wortie.com\/lt\/#\/schema\/logo\/image\/","url":"https:\/\/wortie.com\/app\/uploads\/sites\/15\/2023\/12\/wortie-logotype.png","contentUrl":"https:\/\/wortie.com\/app\/uploads\/sites\/15\/2023\/12\/wortie-logotype.png","width":116,"height":40,"caption":"Wortie"},"image":{"@id":"https:\/\/wortie.com\/lt\/#\/schema\/logo\/image\/"}}]}},"_links":{"self":[{"href":"https:\/\/wortie.com\/lt\/wp-json\/wp\/v2\/pages\/4","targetHints":{"allow":["GET"]}}],"collection":[{"href":"https:\/\/wortie.com\/lt\/wp-json\/wp\/v2\/pages"}],"about":[{"href":"https:\/\/wortie.com\/lt\/wp-json\/wp\/v2\/types\/page"}],"author":[{"embeddable":true,"href":"https:\/\/wortie.com\/lt\/wp-json\/wp\/v2\/users\/2"}],"replies":[{"embeddable":true,"href":"https:\/\/wortie.com\/lt\/wp-json\/wp\/v2\/comments?post=4"}],"version-history":[{"count":8,"href":"https:\/\/wortie.com\/lt\/wp-json\/wp\/v2\/pages\/4\/revisions"}],"predecessor-version":[{"id":110,"href":"https:\/\/wortie.com\/lt\/wp-json\/wp\/v2\/pages\/4\/revisions\/110"}],"wp:attachment":[{"href":"https:\/\/wortie.com\/lt\/wp-json\/wp\/v2\/media?parent=4"}],"wp:term":[{"taxonomy":"from-article-database","embeddable":true,"href":"https:\/\/wortie.com\/lt\/wp-json\/wp\/v2\/from-article-database?post=4"}],"curies":[{"name":"wp","href":"https:\/\/api.w.org\/{rel}","templated":true}]}}