{"id":44,"date":"2023-12-07T15:43:51","date_gmt":"2023-12-07T13:43:51","guid":{"rendered":"https:\/\/wortie.com\/lt\/?page_id=44"},"modified":"2024-01-16T09:37:40","modified_gmt":"2024-01-16T07:37:40","slug":"apie-wortie","status":"publish","type":"page","link":"https:\/\/wortie.com\/lt\/apie-wortie\/","title":{"rendered":"Apie &#8222;Wortie&#8221;"},"content":{"rendered":"\n<div class=\"wp-block-karopharma-background-image-with-text-v2 background-image-with-text-v2 undefined content-position-left fixed-height-layout\" datatest=\"root\"><div class=\"background-image-with-text-wrapper\"><picture class=\"background-image-with-text-image\"><source media=\"(max-width: 560px)\" srcset=\"https:\/\/wortie.com\/cdn-cgi\/image\/format=auto,width=560\/app\/uploads\/sites\/15\/2024\/01\/about-wortie-a02.jpg\"\/><source media=\"(max-width: 800px)\" srcset=\"https:\/\/wortie.com\/cdn-cgi\/image\/format=auto,width=800\/app\/uploads\/sites\/15\/2024\/01\/about-wortie-a02.jpg\"\/><source media=\"(max-width: 1920px)\" srcset=\"https:\/\/wortie.com\/cdn-cgi\/image\/format=auto,width=1920\/app\/uploads\/sites\/15\/2024\/01\/about-wortie-a02.jpg\"\/><img decoding=\"async\" width=\"1920\" height=\"721\" datatest=\"background-image\" loading=\"lazy\" class=\"object-center object-cover\" src=\"https:\/\/wortie.com\/cdn-cgi\/image\/format=auto\/app\/uploads\/sites\/15\/2024\/01\/about-wortie-a02.jpg\" alt=\"Apie \u201cWortie\u201d\"\/><\/picture><div datatest=\"content-wrapper\" class=\"background-image-with-text-content-wrapper container max-w-small text-alignment-left bg-box pt-large pb-large\"><div class=\"content\"><h1 datatest=\"heading\" class=\"\">Apie &#8222;Wortie&#8221;<\/h1>\n<div class=\"wp-block-buttons is-layout-flex wp-block-buttons-is-layout-flex\"><\/div>\n<\/div><\/div><\/div><\/div>\n\n\n\n<div class=\"wp-block-karopharma-free-text pt-large pb-large bg-center bg-cover bg-no-repeat\" style=\"background-image:url()\"><div class=\"free-text-wrapper container max-w-medium text-left\">\n<p class=\"has-text-align-center is-style-paragraph-preamble\">&#8222;Wortie&#8221; yra saugus karp\u0173 \u0161alinimo b\u016bdas jums ir j\u016bs\u0173 \u0161eimos nariams. Savo asortimente turime produkt\u0173 tinkan\u010di\u0173 4 met\u0173 ir vyresniems vaikams &#8211; tirpal\u0173, pleistr\u0173 ir \u0161aldan\u010di\u0173 produkt\u0173. Tikslus antgalis leid\u017eia saugiai gydyti tiek rank\u0173, tiek koj\u0173 karpas, u\u017e\u0161aldant jas taip, kaip ir vizito pas gydytoj\u0105 metu.<\/p>\n<\/div><\/div>\n\n\n<div class=\"product-list wp-block-karopharma-product-list\" data-testid=\"product-list\">\n      <div class=\"swiper-container\">\n      <div class=\"swiper\">\n        <div class=\"swiper-wrapper\">\n                      <div class=\"swiper-slide\">\n              <div class=\"product-card\" data-testid=\"product-card\">\n  <a\n    href=https:\/\/wortie.com\/lt\/product\/wortie-cool\/\n    class=\"product-card-link\"\n    title=\"Wortie cool\"\n  >\n  <figure class=\"product-card-image\" data-testid=\"product-image\">\n                          <img decoding=\"async\" src=\"https:\/\/wortie.com\/cdn-cgi\/image\/width=700,format=auto\/app\/uploads\/sites\/15\/2023\/12\/Wortie-Cool.png\"\n        srcset=\"https:\/\/wortie.com\/cdn-cgi\/image\/width=250,format=auto\/app\/uploads\/sites\/15\/2023\/12\/Wortie-Cool.png 250w,\n                https:\/\/wortie.com\/cdn-cgi\/image\/width=500,format=auto\/app\/uploads\/sites\/15\/2023\/12\/Wortie-Cool.png 500w,\n                https:\/\/wortie.com\/cdn-cgi\/image\/width=700,format=auto\/app\/uploads\/sites\/15\/2023\/12\/Wortie-Cool.png 700w\"\n        sizes=\"(max-width: 400px) 250px, (max-width: 800px) 500px, 700px\"\n        alt=\"Wortie Cool\"\n        class=\"img\">\n            <\/figure>\n    <div class=\"product-card-content\">\n      <div class=\"heading-wrapper\">\n        <h2 class=\"heading\">Wortie cool<\/h2>\n      <\/div>\n      <div class=\"product-card-description\">Tiksli ir efektyvi priemon\u0117, tinkama naudoti visiems \u0161eimos nariams nuo 4 met\u0173 am\u017eiaus. \u0160alina paprast\u0105sias ir p\u0117d\u0173 karpas jau po pirmojo panaudojimo. <\/div>\n                      <\/div>\n  <\/a>\n          <div class=\"button-wrapper buy-now \" data-testid=\"buy-now\">\n      <div class=\"buy-now-container dropdown-container\">\n      <div class=\"theme-button button-primary-color dropdown-link\" aria-label=\"Pirkti dabar\">\n          Pirkti dabar <i class=\"dropdown\"><\/i>\n      <\/div>\n      <ul class=\"reseller-list submenu\">\n                    <li>\n              <a\n                href=\"https:\/\/camelia.lt\/medicinos-priemone\/106954-wartie-cool-paprastuju-ir-pedu-karpu-salinimo-priemone-50-ml-8718053572444.html\" onclick=\"dataLayer.push({'event':'ga_event', 'eventCategory':'Click on Reseller', 'eventAction':'Camelia', 'eventLabel':'Wortie cool', 'eventValue': undefined})\" rel=\"noopener\" target=\"_blank\" title=\"Camelia\"\n                data-testid=\"buy-now-reseller\">\n                <i class=\"fa-solid fa-arrow-right\"><\/i> Camelia\n              <\/a>\n          <\/li>\n                    <li>\n              <a\n                href=\"https:\/\/www.eurovaistine.lt\/wortie-cool-paprastuju-karpu-ir-pedu-karpu-salinimo-priemone-nuo-4-m-50-ml\" onclick=\"dataLayer.push({'event':'ga_event', 'eventCategory':'Click on Reseller', 'eventAction':'Euro vaistine', 'eventLabel':'Wortie cool', 'eventValue': undefined})\" rel=\"noopener\" target=\"_blank\" title=\"Euro vaistine\"\n                data-testid=\"buy-now-reseller\">\n                <i class=\"fa-solid fa-arrow-right\"><\/i> Euro vaistine\n              <\/a>\n          <\/li>\n                    <li>\n              <a\n                href=\"https:\/\/www.gintarine.lt\/wortie-karpu-ir-pedu-karpu-salinimo-priemone-50-ml\" onclick=\"dataLayer.push({'event':'ga_event', 'eventCategory':'Click on Reseller', 'eventAction':'Gintarine vaistine', 'eventLabel':'Wortie cool', 'eventValue': undefined})\" rel=\"noopener\" target=\"_blank\" title=\"Gintarine vaistine\"\n                data-testid=\"buy-now-reseller\">\n                <i class=\"fa-solid fa-arrow-right\"><\/i> Gintarine vaistine\n              <\/a>\n          <\/li>\n                    <li>\n              <a\n                href=\"https:\/\/www.manovaistine.lt\/preparatas-nuo-karpu-grybelio-nuospaudu-wortie-karpu-ir-pedu-karpu-salinimo-priemone\" onclick=\"dataLayer.push({'event':'ga_event', 'eventCategory':'Click on Reseller', 'eventAction':'Mano vaistine', 'eventLabel':'Wortie cool', 'eventValue': undefined})\" rel=\"noopener\" target=\"_blank\" title=\"Mano vaistine\"\n                data-testid=\"buy-now-reseller\">\n                <i class=\"fa-solid fa-arrow-right\"><\/i> Mano vaistine\n              <\/a>\n          <\/li>\n                <\/ul>\n    <\/div>\n  <\/div>\n  <\/div>\n            <\/div>\n                      <div class=\"swiper-slide\">\n              <div class=\"product-card\" data-testid=\"product-card\">\n  <a\n    href=https:\/\/wortie.com\/lt\/product\/wortie-advanced\/\n    class=\"product-card-link\"\n    title=\"Wortie advanced\"\n  >\n  <figure class=\"product-card-image\" data-testid=\"product-image\">\n                          <img decoding=\"async\" src=\"https:\/\/wortie.com\/cdn-cgi\/image\/width=700,format=auto\/app\/uploads\/sites\/15\/2023\/12\/Wortie-Advanced.png\"\n        srcset=\"https:\/\/wortie.com\/cdn-cgi\/image\/width=250,format=auto\/app\/uploads\/sites\/15\/2023\/12\/Wortie-Advanced.png 250w,\n                https:\/\/wortie.com\/cdn-cgi\/image\/width=500,format=auto\/app\/uploads\/sites\/15\/2023\/12\/Wortie-Advanced.png 500w,\n                https:\/\/wortie.com\/cdn-cgi\/image\/width=700,format=auto\/app\/uploads\/sites\/15\/2023\/12\/Wortie-Advanced.png 700w\"\n        sizes=\"(max-width: 400px) 250px, (max-width: 800px) 500px, 700px\"\n        alt=\"Wortie Advanced\"\n        class=\"img\">\n            <\/figure>\n    <div class=\"product-card-content\">\n      <div class=\"heading-wrapper\">\n        <h2 class=\"heading\">Wortie advanced<\/h2>\n      <\/div>\n      <div class=\"product-card-description\">Paprast\u0173j\u0173 ir p\u0117d\u0173 karp\u0173 \u0161alinimo rinkinys. Tikslus ir efektyvus. Tinka naudoti nuo 12 met\u0173. Pa\u0161alina \u012fsisen\u0117jusias ir p\u0117d\u0173 karpas jau po pirmojo panaudojimo.<\/div>\n                      <\/div>\n  <\/a>\n      <div class=\"button-wrapper\">\n    <a\n      href=https:\/\/wortie.com\/lt\/product\/wortie-advanced\/\n      target=_self\n      class=\"theme-button button-primary-color rounded-button\"\n      rel=\"noopener\"\n      title=\"Skaityti daugiau\"\n    >\n       Skaityti daugiau\n    <\/a>\n<\/div>  <\/div>\n            <\/div>\n                  <\/div>\n        <div class=\"swiper-scrollbar\"><\/div>\n      <\/div>\n    <\/div>\n  <\/div>\n","protected":false},"excerpt":{"rendered":"","protected":false},"author":2,"featured_media":0,"parent":0,"menu_order":0,"comment_status":"closed","ping_status":"closed","template":"","meta":{"_acf_changed":false,"footnotes":""},"from-article-database":[],"class_list":["post-44","page","type-page","status-publish","hentry"],"acf":[],"yoast_head":"<!-- This site is optimized with the Yoast SEO plugin v26.6 - https:\/\/yoast.com\/wordpress\/plugins\/seo\/ -->\n<title>Apie &quot;Wortie&quot; - Wortie<\/title>\n<meta name=\"description\" content=\"&quot;Wortie&quot; yra saugus karp\u0173 \u0161alinimo b\u016bdas jums ir j\u016bs\u0173 \u0161eimos nariams. Savo asortimente turime produkt\u0173 tinkan\u010di\u0173 4 met\u0173 ir vyresniems vaikams - tirpal\u0173, pleistr\u0173 ir \u0161aldan\u010di\u0173 produkt\u0173.\" \/>\n<meta name=\"robots\" content=\"index, follow, max-snippet:-1, max-image-preview:large, max-video-preview:-1\" \/>\n<link rel=\"canonical\" href=\"https:\/\/wortie.com\/lt\/apie-wortie\/\" \/>\n<meta property=\"og:locale\" content=\"lt_LT\" \/>\n<meta property=\"og:type\" content=\"article\" \/>\n<meta property=\"og:title\" content=\"Apie &quot;Wortie&quot; - Wortie\" \/>\n<meta property=\"og:description\" content=\"&quot;Wortie&quot; yra saugus karp\u0173 \u0161alinimo b\u016bdas jums ir j\u016bs\u0173 \u0161eimos nariams. Savo asortimente turime produkt\u0173 tinkan\u010di\u0173 4 met\u0173 ir vyresniems vaikams - tirpal\u0173, pleistr\u0173 ir \u0161aldan\u010di\u0173 produkt\u0173.\" \/>\n<meta property=\"og:url\" content=\"https:\/\/wortie.com\/lt\/apie-wortie\/\" \/>\n<meta property=\"og:site_name\" content=\"Wortie\" \/>\n<meta property=\"article:modified_time\" content=\"2024-01-16T07:37:40+00:00\" \/>\n<meta property=\"og:image\" content=\"https:\/\/wortie.com\/cdn-cgi\/image\/format=auto\/app\/uploads\/sites\/15\/2024\/01\/about-wortie-a02.jpg\" \/>\n<meta name=\"twitter:card\" content=\"summary_large_image\" \/>\n<meta name=\"twitter:label1\" content=\"Est. reading time\" \/>\n\t<meta name=\"twitter:data1\" content=\"1 minut\u0117\" \/>\n<script type=\"application\/ld+json\" class=\"yoast-schema-graph\">{\"@context\":\"https:\/\/schema.org\",\"@graph\":[{\"@type\":\"WebPage\",\"@id\":\"https:\/\/wortie.com\/lt\/apie-wortie\/\",\"url\":\"https:\/\/wortie.com\/lt\/apie-wortie\/\",\"name\":\"Apie \\\"Wortie\\\" - Wortie\",\"isPartOf\":{\"@id\":\"https:\/\/wortie.com\/lt\/#website\"},\"primaryImageOfPage\":{\"@id\":\"https:\/\/wortie.com\/lt\/apie-wortie\/#primaryimage\"},\"image\":{\"@id\":\"https:\/\/wortie.com\/lt\/apie-wortie\/#primaryimage\"},\"thumbnailUrl\":\"https:\/\/wortie.com\/cdn-cgi\/image\/format=auto\/app\/uploads\/sites\/15\/2024\/01\/about-wortie-a02.jpg\",\"datePublished\":\"2023-12-07T13:43:51+00:00\",\"dateModified\":\"2024-01-16T07:37:40+00:00\",\"description\":\"\\\"Wortie\\\" yra saugus karp\u0173 \u0161alinimo b\u016bdas jums ir j\u016bs\u0173 \u0161eimos nariams. Savo asortimente turime produkt\u0173 tinkan\u010di\u0173 4 met\u0173 ir vyresniems vaikams - tirpal\u0173, pleistr\u0173 ir \u0161aldan\u010di\u0173 produkt\u0173.\",\"breadcrumb\":{\"@id\":\"https:\/\/wortie.com\/lt\/apie-wortie\/#breadcrumb\"},\"inLanguage\":\"lt-LT\",\"potentialAction\":[{\"@type\":\"ReadAction\",\"target\":[\"https:\/\/wortie.com\/lt\/apie-wortie\/\"]}]},{\"@type\":\"ImageObject\",\"inLanguage\":\"lt-LT\",\"@id\":\"https:\/\/wortie.com\/lt\/apie-wortie\/#primaryimage\",\"url\":\"https:\/\/wortie.com\/cdn-cgi\/image\/format=auto\/app\/uploads\/sites\/15\/2024\/01\/about-wortie-a02.jpg\",\"contentUrl\":\"https:\/\/wortie.com\/cdn-cgi\/image\/format=auto\/app\/uploads\/sites\/15\/2024\/01\/about-wortie-a02.jpg\"},{\"@type\":\"BreadcrumbList\",\"@id\":\"https:\/\/wortie.com\/lt\/apie-wortie\/#breadcrumb\",\"itemListElement\":[{\"@type\":\"ListItem\",\"position\":1,\"name\":\"Home\",\"item\":\"https:\/\/wortie.com\/lt\/\"},{\"@type\":\"ListItem\",\"position\":2,\"name\":\"Apie \u201eWortie\u201c\"}]},{\"@type\":\"WebSite\",\"@id\":\"https:\/\/wortie.com\/lt\/#website\",\"url\":\"https:\/\/wortie.com\/lt\/\",\"name\":\"Wortie\",\"description\":\"\",\"publisher\":{\"@id\":\"https:\/\/wortie.com\/lt\/#organization\"},\"potentialAction\":[{\"@type\":\"SearchAction\",\"target\":{\"@type\":\"EntryPoint\",\"urlTemplate\":\"https:\/\/wortie.com\/lt\/?s={search_term_string}\"},\"query-input\":{\"@type\":\"PropertyValueSpecification\",\"valueRequired\":true,\"valueName\":\"search_term_string\"}}],\"inLanguage\":\"lt-LT\"},{\"@type\":\"Organization\",\"@id\":\"https:\/\/wortie.com\/lt\/#organization\",\"name\":\"Wortie\",\"url\":\"https:\/\/wortie.com\/lt\/\",\"logo\":{\"@type\":\"ImageObject\",\"inLanguage\":\"lt-LT\",\"@id\":\"https:\/\/wortie.com\/lt\/#\/schema\/logo\/image\/\",\"url\":\"https:\/\/wortie.com\/app\/uploads\/sites\/15\/2023\/12\/wortie-logotype.png\",\"contentUrl\":\"https:\/\/wortie.com\/app\/uploads\/sites\/15\/2023\/12\/wortie-logotype.png\",\"width\":116,\"height\":40,\"caption\":\"Wortie\"},\"image\":{\"@id\":\"https:\/\/wortie.com\/lt\/#\/schema\/logo\/image\/\"}}]}<\/script>\n<!-- \/ Yoast SEO plugin. -->","yoast_head_json":{"title":"Apie \"Wortie\" - Wortie","description":"\"Wortie\" yra saugus karp\u0173 \u0161alinimo b\u016bdas jums ir j\u016bs\u0173 \u0161eimos nariams. Savo asortimente turime produkt\u0173 tinkan\u010di\u0173 4 met\u0173 ir vyresniems vaikams - tirpal\u0173, pleistr\u0173 ir \u0161aldan\u010di\u0173 produkt\u0173.","robots":{"index":"index","follow":"follow","max-snippet":"max-snippet:-1","max-image-preview":"max-image-preview:large","max-video-preview":"max-video-preview:-1"},"canonical":"https:\/\/wortie.com\/lt\/apie-wortie\/","og_locale":"lt_LT","og_type":"article","og_title":"Apie \"Wortie\" - Wortie","og_description":"\"Wortie\" yra saugus karp\u0173 \u0161alinimo b\u016bdas jums ir j\u016bs\u0173 \u0161eimos nariams. Savo asortimente turime produkt\u0173 tinkan\u010di\u0173 4 met\u0173 ir vyresniems vaikams - tirpal\u0173, pleistr\u0173 ir \u0161aldan\u010di\u0173 produkt\u0173.","og_url":"https:\/\/wortie.com\/lt\/apie-wortie\/","og_site_name":"Wortie","article_modified_time":"2024-01-16T07:37:40+00:00","og_image":[{"url":"https:\/\/wortie.com\/cdn-cgi\/image\/format=auto\/app\/uploads\/sites\/15\/2024\/01\/about-wortie-a02.jpg","type":"","width":"","height":""}],"twitter_card":"summary_large_image","twitter_misc":{"Est. reading time":"1 minut\u0117"},"schema":{"@context":"https:\/\/schema.org","@graph":[{"@type":"WebPage","@id":"https:\/\/wortie.com\/lt\/apie-wortie\/","url":"https:\/\/wortie.com\/lt\/apie-wortie\/","name":"Apie \"Wortie\" - Wortie","isPartOf":{"@id":"https:\/\/wortie.com\/lt\/#website"},"primaryImageOfPage":{"@id":"https:\/\/wortie.com\/lt\/apie-wortie\/#primaryimage"},"image":{"@id":"https:\/\/wortie.com\/lt\/apie-wortie\/#primaryimage"},"thumbnailUrl":"https:\/\/wortie.com\/cdn-cgi\/image\/format=auto\/app\/uploads\/sites\/15\/2024\/01\/about-wortie-a02.jpg","datePublished":"2023-12-07T13:43:51+00:00","dateModified":"2024-01-16T07:37:40+00:00","description":"\"Wortie\" yra saugus karp\u0173 \u0161alinimo b\u016bdas jums ir j\u016bs\u0173 \u0161eimos nariams. Savo asortimente turime produkt\u0173 tinkan\u010di\u0173 4 met\u0173 ir vyresniems vaikams - tirpal\u0173, pleistr\u0173 ir \u0161aldan\u010di\u0173 produkt\u0173.","breadcrumb":{"@id":"https:\/\/wortie.com\/lt\/apie-wortie\/#breadcrumb"},"inLanguage":"lt-LT","potentialAction":[{"@type":"ReadAction","target":["https:\/\/wortie.com\/lt\/apie-wortie\/"]}]},{"@type":"ImageObject","inLanguage":"lt-LT","@id":"https:\/\/wortie.com\/lt\/apie-wortie\/#primaryimage","url":"https:\/\/wortie.com\/cdn-cgi\/image\/format=auto\/app\/uploads\/sites\/15\/2024\/01\/about-wortie-a02.jpg","contentUrl":"https:\/\/wortie.com\/cdn-cgi\/image\/format=auto\/app\/uploads\/sites\/15\/2024\/01\/about-wortie-a02.jpg"},{"@type":"BreadcrumbList","@id":"https:\/\/wortie.com\/lt\/apie-wortie\/#breadcrumb","itemListElement":[{"@type":"ListItem","position":1,"name":"Home","item":"https:\/\/wortie.com\/lt\/"},{"@type":"ListItem","position":2,"name":"Apie \u201eWortie\u201c"}]},{"@type":"WebSite","@id":"https:\/\/wortie.com\/lt\/#website","url":"https:\/\/wortie.com\/lt\/","name":"Wortie","description":"","publisher":{"@id":"https:\/\/wortie.com\/lt\/#organization"},"potentialAction":[{"@type":"SearchAction","target":{"@type":"EntryPoint","urlTemplate":"https:\/\/wortie.com\/lt\/?s={search_term_string}"},"query-input":{"@type":"PropertyValueSpecification","valueRequired":true,"valueName":"search_term_string"}}],"inLanguage":"lt-LT"},{"@type":"Organization","@id":"https:\/\/wortie.com\/lt\/#organization","name":"Wortie","url":"https:\/\/wortie.com\/lt\/","logo":{"@type":"ImageObject","inLanguage":"lt-LT","@id":"https:\/\/wortie.com\/lt\/#\/schema\/logo\/image\/","url":"https:\/\/wortie.com\/app\/uploads\/sites\/15\/2023\/12\/wortie-logotype.png","contentUrl":"https:\/\/wortie.com\/app\/uploads\/sites\/15\/2023\/12\/wortie-logotype.png","width":116,"height":40,"caption":"Wortie"},"image":{"@id":"https:\/\/wortie.com\/lt\/#\/schema\/logo\/image\/"}}]}},"_links":{"self":[{"href":"https:\/\/wortie.com\/lt\/wp-json\/wp\/v2\/pages\/44","targetHints":{"allow":["GET"]}}],"collection":[{"href":"https:\/\/wortie.com\/lt\/wp-json\/wp\/v2\/pages"}],"about":[{"href":"https:\/\/wortie.com\/lt\/wp-json\/wp\/v2\/types\/page"}],"author":[{"embeddable":true,"href":"https:\/\/wortie.com\/lt\/wp-json\/wp\/v2\/users\/2"}],"replies":[{"embeddable":true,"href":"https:\/\/wortie.com\/lt\/wp-json\/wp\/v2\/comments?post=44"}],"version-history":[{"count":3,"href":"https:\/\/wortie.com\/lt\/wp-json\/wp\/v2\/pages\/44\/revisions"}],"predecessor-version":[{"id":109,"href":"https:\/\/wortie.com\/lt\/wp-json\/wp\/v2\/pages\/44\/revisions\/109"}],"wp:attachment":[{"href":"https:\/\/wortie.com\/lt\/wp-json\/wp\/v2\/media?parent=44"}],"wp:term":[{"taxonomy":"from-article-database","embeddable":true,"href":"https:\/\/wortie.com\/lt\/wp-json\/wp\/v2\/from-article-database?post=44"}],"curies":[{"name":"wp","href":"https:\/\/api.w.org\/{rel}","templated":true}]}}