{"id":5,"date":"2023-12-06T08:23:22","date_gmt":"2023-12-06T08:23:22","guid":{"rendered":"https:\/\/wortie.com\/lv\/?page_id=5"},"modified":"2024-01-16T09:37:18","modified_gmt":"2024-01-16T07:37:18","slug":"wortie","status":"publish","type":"page","link":"https:\/\/wortie.com\/lv\/","title":{"rendered":"Wortie"},"content":{"rendered":"\n<div class=\"wp-block-karopharma-product-promotion text-align-right pt-none pb-medium bg-center bg-cover bg-no-repeat\" style=\"background-image:url(https:\/\/wortie.com\/cdn-cgi\/image\/format=auto\/app\/uploads\/sites\/14\/2023\/12\/Startpage-bg.jpg)\"><div class=\"container max-w-large\">\n<div class=\"wp-block-group is-layout-flow wp-block-group-is-layout-flow\">\n<figure class=\"wp-block-image size-full\"><img loading=\"lazy\" decoding=\"async\" width=\"500\" height=\"735\" src=\"https:\/\/wortie.com\/app\/uploads\/sites\/14\/2023\/12\/hand-wortie-hero-start_new.png\" alt=\"hand-wortie-hero-start_new\" class=\"wp-image-60\" srcset=\"https:\/\/wortie.com\/app\/uploads\/sites\/14\/2023\/12\/hand-wortie-hero-start_new.png 500w, https:\/\/wortie.com\/app\/uploads\/sites\/14\/2023\/12\/hand-wortie-hero-start_new-218x320.png 218w\" sizes=\"auto, (max-width: 500px) 100vw, 500px\" \/><\/figure>\n<\/div>\n\n\n\n<div class=\"wp-block-group is-layout-flow wp-block-group-is-layout-flow\">\n<h1 class=\"title is-style-heading-huge wp-block-heading\">Efekt\u012bvs l\u012bdzeklis pret parastaj\u0101m un p\u0113du k\u0101rp\u0101m<\/h1>\n\n\n\n<h2 class=\"heading is-style-heading-h1 wp-block-heading\"><\/h2>\n\n\n\n<ul class=\"is-style-default wp-block-list\"><li>Darbojas jau p\u0113c pirm\u0101s lieto\u0161anas reizes<\/li><li>Prec\u012bzs uzgalis \u0113rtai uzkl\u0101\u0161anai, nekait\u0113jot \u0101dai ap k\u0101rpu<\/li><li>Lieliski piel\u0101gota sald\u0113\u0161anas metode<\/li><\/ul>\n\n\n\n<div class=\"wp-block-buttons is-layout-flex wp-block-buttons-is-layout-flex\">\n<div class=\"wp-block-button\"><a class=\"wp-block-button__link\" href=\"https:\/\/wortie.com\/lv\/produkti\/\">M\u016bsu produkti<\/a><\/div>\n<\/div>\n<\/div>\n<\/div><\/div>\n\n\n<div class=\"product-list wp-block-karopharma-product-list\" data-testid=\"product-list\">\n      <div class=\"swiper-container\">\n      <div class=\"swiper\">\n        <div class=\"swiper-wrapper\">\n                      <div class=\"swiper-slide\">\n              <div class=\"product-card\" data-testid=\"product-card\">\n  <a\n    href=https:\/\/wortie.com\/lv\/produkts\/wortie-cool\/\n    class=\"product-card-link\"\n    title=\"\u201eWortie cool\u201d\"\n  >\n  <figure class=\"product-card-image\" data-testid=\"product-image\">\n                          <img decoding=\"async\" src=\"https:\/\/wortie.com\/cdn-cgi\/image\/width=700,format=auto\/app\/uploads\/sites\/14\/2023\/12\/Wortie-Cool.png\"\n        srcset=\"https:\/\/wortie.com\/cdn-cgi\/image\/width=250,format=auto\/app\/uploads\/sites\/14\/2023\/12\/Wortie-Cool.png 250w,\n                https:\/\/wortie.com\/cdn-cgi\/image\/width=500,format=auto\/app\/uploads\/sites\/14\/2023\/12\/Wortie-Cool.png 500w,\n                https:\/\/wortie.com\/cdn-cgi\/image\/width=700,format=auto\/app\/uploads\/sites\/14\/2023\/12\/Wortie-Cool.png 700w\"\n        sizes=\"(max-width: 400px) 250px, (max-width: 800px) 500px, 700px\"\n        alt=\"Wortie Cool\"\n        class=\"img\">\n            <\/figure>\n    <div class=\"product-card-content\">\n      <div class=\"heading-wrapper\">\n        <h2 class=\"heading\">\u201eWortie cool\u201d<\/h2>\n      <\/div>\n      <div class=\"product-card-description\">Prec\u012bzs un efekt\u012bvs instruments, kas piem\u0113rots visiem \u0123imenes locek\u013ciem no 4 gadu vecuma. Likvid\u0113 parast\u0101s un p\u0113du k\u0101rpas jau p\u0113c pirm\u0101s lieto\u0161anas reizes. <\/div>\n                      <\/div>\n  <\/a>\n          <div class=\"button-wrapper buy-now no-resellers\" data-testid=\"buy-now\">\n          <div class=\"buy-now-container dropdown-container\">\n    <a\n      class=\"theme-button button-primary-color rounded-button\"\n      href=\"https:\/\/internetaptieka.lv\/wortie-krioterapijas-lidzeklis-karpu-un-varzacu-likvidesanai\" onclick=\"dataLayer.push({'event':'ga_event', 'eventCategory':'Click on Reseller', 'eventAction':' InternetAptieka', 'eventLabel':'\u201eWortie cool\u201d', 'eventValue': undefined})\" rel=\"noopener\" target=\"_blank\" title=\" InternetAptieka\"\n      data-testid=\"buy-now-reseller\">\n      Pirkt tagad\n    <\/a>\n    <\/div>\n  <\/div>\n  <\/div>\n            <\/div>\n                  <\/div>\n        <div class=\"swiper-scrollbar\"><\/div>\n      <\/div>\n    <\/div>\n  <\/div>\n\n\n\n<div class=\"wp-block-karopharma-free-text pt-large pb-medium bg-center bg-cover bg-no-repeat  is-style-secondary\" style=\"background-image:url()\"><div class=\"free-text-wrapper container max-w-medium text-center\">\n<h2 class=\"is-style-heading-h2 wp-block-heading\">Inform\u0101cija par k\u0101rp\u0101m un to \u0101rst\u0113\u0161anu<\/h2>\n<\/div><\/div>\n\n\n\n<div class=\"wp-block-karopharma-several-images-with-text several-images-with-text is-style-secondary\"><div class=\"container large col-1 content-align-none\" test-data=\"inner-content\">\n<section class=\"wp-block-karopharma-image-with-text image-with-text image-with-text__full-width\"><div class=\"image-with-text-container \"><div class=\"image-with-text-container-image-container\"><img decoding=\"async\" loading=\"lazy\" src=\"https:\/\/wortie.com\/cdn-cgi\/image\/format=auto\/app\/uploads\/sites\/14\/2023\/12\/what-are-warts.jpeg\" alt=\"K\u0101rpas \u2013 kas tas ir?\"\/><\/div><div class=\"image-with-text-container-content\" style=\"text-align:left\" data-test=\"content\"><div class=\"content\"><p class=\"body\" data-test=\"body\"><strong>K\u0101rpas \u2013 kas tas ir?<\/strong><br><br>K\u0101rpa ir neliels izaugums uz cilv\u0113ka rok\u0101m vai k\u0101j\u0101m. T\u0101 izskat\u0101s k\u0101 ciets p\u016bsl\u012btis vai neliels, raupj\u0161 izaugums. K\u0101rpas visbie\u017e\u0101k ir \u0101das kr\u0101s\u0101 un cietas, ta\u010du t\u0101s var b\u016bt ar\u012b tum\u0161as, br\u016bn\u0101 vai pel\u0113c\u012bgi meln\u0101 kr\u0101s\u0101, plakanas vai plakanas ar grubu\u013cainu, p\u0101rragotu virsmu.<\/p>\n<div class=\"wp-block-buttons is-layout-flex wp-block-buttons-is-layout-flex\"><\/div>\n<\/div><\/div><\/div><\/section>\n\n\n\n<section class=\"wp-block-karopharma-image-with-text image-with-text image-with-text__full-width\"><div class=\"image-with-text-container \"><div class=\"image-with-text-container-image-container\"><img decoding=\"async\" loading=\"lazy\" src=\"https:\/\/wortie.com\/cdn-cgi\/image\/format=auto\/app\/uploads\/sites\/14\/2023\/12\/hand-feet-1.jpg\" alt=\"K\u0101rpu \u0101rst\u0113\u0161ana b\u0113rniem\"\/><\/div><div class=\"image-with-text-container-content\" style=\"text-align:left\" data-test=\"content\"><div class=\"content\"><p class=\"body\" data-test=\"body\"><strong>K\u0101rpu \u0101rst\u0113\u0161ana b\u0113rniem<\/strong><br><br>Ja nepiecie\u0161ams \u0101rst\u0113t k\u0101rpas, vispirms izv\u0113lieties kaut ko dro\u0161u, vienk\u0101r\u0161u un nes\u0101p\u012bgu. \u201eWartie cool\u201d parasto un p\u0113du k\u0101rpu likvid\u0113\u0161anas l\u012bdzeklis ir piem\u0113rots b\u0113rniem no 4 gadu vecuma, \u201eWartie advanced\u201d \u2013 b\u0113rniem no 12 gadu vecuma.<\/p>\n<div class=\"wp-block-buttons is-layout-flex wp-block-buttons-is-layout-flex\"><\/div>\n<\/div><\/div><\/div><\/section>\n<\/div><\/div>\n","protected":false},"excerpt":{"rendered":"","protected":false},"author":2,"featured_media":0,"parent":0,"menu_order":0,"comment_status":"closed","ping_status":"closed","template":"","meta":{"_acf_changed":false,"footnotes":""},"from-article-database":[],"class_list":["post-5","page","type-page","status-publish","hentry"],"acf":[],"yoast_head":"<!-- This site is optimized with the Yoast SEO plugin v26.6 - https:\/\/yoast.com\/wordpress\/plugins\/seo\/ -->\n<title>Wortie - Wortie<\/title>\n<meta name=\"description\" content=\"Efekt\u012bvs l\u012bdzeklis pret parastaj\u0101m un p\u0113du k\u0101rp\u0101m: Darbojas jau p\u0113c pirm\u0101s lieto\u0161anas reizes, Prec\u012bzs uzgalis \u0113rtai uzkl\u0101\u0161anai, nekait\u0113jot \u0101dai ap k\u0101rpu\" \/>\n<meta name=\"robots\" content=\"index, follow, max-snippet:-1, max-image-preview:large, max-video-preview:-1\" \/>\n<link rel=\"canonical\" href=\"https:\/\/wortie.com\/lv\/\" \/>\n<meta property=\"og:locale\" content=\"lv_LV\" \/>\n<meta property=\"og:type\" content=\"article\" \/>\n<meta property=\"og:title\" content=\"Wortie - Wortie\" \/>\n<meta property=\"og:description\" content=\"Efekt\u012bvs l\u012bdzeklis pret parastaj\u0101m un p\u0113du k\u0101rp\u0101m: Darbojas jau p\u0113c pirm\u0101s lieto\u0161anas reizes, Prec\u012bzs uzgalis \u0113rtai uzkl\u0101\u0161anai, nekait\u0113jot \u0101dai ap k\u0101rpu\" \/>\n<meta property=\"og:url\" content=\"https:\/\/wortie.com\/lv\/\" \/>\n<meta property=\"og:site_name\" content=\"Wortie\" \/>\n<meta property=\"article:modified_time\" content=\"2024-01-16T07:37:18+00:00\" \/>\n<meta property=\"og:image\" content=\"https:\/\/wortie.com\/app\/uploads\/sites\/14\/2023\/12\/hand-wortie-hero-start_new.png\" \/>\n<meta name=\"twitter:card\" content=\"summary_large_image\" \/>\n<meta name=\"twitter:label1\" content=\"Est. reading time\" \/>\n\t<meta name=\"twitter:data1\" content=\"2 minutes\" \/>\n<script type=\"application\/ld+json\" class=\"yoast-schema-graph\">{\"@context\":\"https:\/\/schema.org\",\"@graph\":[{\"@type\":\"WebPage\",\"@id\":\"https:\/\/wortie.com\/lv\/\",\"url\":\"https:\/\/wortie.com\/lv\/\",\"name\":\"Wortie - Wortie\",\"isPartOf\":{\"@id\":\"https:\/\/wortie.com\/lv\/#website\"},\"primaryImageOfPage\":{\"@id\":\"https:\/\/wortie.com\/lv\/#primaryimage\"},\"image\":{\"@id\":\"https:\/\/wortie.com\/lv\/#primaryimage\"},\"thumbnailUrl\":\"https:\/\/wortie.com\/app\/uploads\/sites\/14\/2023\/12\/hand-wortie-hero-start_new.png\",\"datePublished\":\"2023-12-06T08:23:22+00:00\",\"dateModified\":\"2024-01-16T07:37:18+00:00\",\"description\":\"Efekt\u012bvs l\u012bdzeklis pret parastaj\u0101m un p\u0113du k\u0101rp\u0101m: Darbojas jau p\u0113c pirm\u0101s lieto\u0161anas reizes, Prec\u012bzs uzgalis \u0113rtai uzkl\u0101\u0161anai, nekait\u0113jot \u0101dai ap k\u0101rpu\",\"breadcrumb\":{\"@id\":\"https:\/\/wortie.com\/lv\/#breadcrumb\"},\"inLanguage\":\"lv-LV\",\"potentialAction\":[{\"@type\":\"ReadAction\",\"target\":[\"https:\/\/wortie.com\/lv\/\"]}]},{\"@type\":\"ImageObject\",\"inLanguage\":\"lv-LV\",\"@id\":\"https:\/\/wortie.com\/lv\/#primaryimage\",\"url\":\"https:\/\/wortie.com\/app\/uploads\/sites\/14\/2023\/12\/hand-wortie-hero-start_new.png\",\"contentUrl\":\"https:\/\/wortie.com\/app\/uploads\/sites\/14\/2023\/12\/hand-wortie-hero-start_new.png\"},{\"@type\":\"BreadcrumbList\",\"@id\":\"https:\/\/wortie.com\/lv\/#breadcrumb\",\"itemListElement\":[{\"@type\":\"ListItem\",\"position\":1,\"name\":\"Home\",\"item\":\"https:\/\/wortie.com\/lv\/\"},{\"@type\":\"ListItem\",\"position\":2,\"name\":\"Wortie\"}]},{\"@type\":\"WebSite\",\"@id\":\"https:\/\/wortie.com\/lv\/#website\",\"url\":\"https:\/\/wortie.com\/lv\/\",\"name\":\"Wortie\",\"description\":\"\",\"publisher\":{\"@id\":\"https:\/\/wortie.com\/lv\/#organization\"},\"potentialAction\":[{\"@type\":\"SearchAction\",\"target\":{\"@type\":\"EntryPoint\",\"urlTemplate\":\"https:\/\/wortie.com\/lv\/?s={search_term_string}\"},\"query-input\":{\"@type\":\"PropertyValueSpecification\",\"valueRequired\":true,\"valueName\":\"search_term_string\"}}],\"inLanguage\":\"lv-LV\"},{\"@type\":\"Organization\",\"@id\":\"https:\/\/wortie.com\/lv\/#organization\",\"name\":\"Wortie\",\"url\":\"https:\/\/wortie.com\/lv\/\",\"logo\":{\"@type\":\"ImageObject\",\"inLanguage\":\"lv-LV\",\"@id\":\"https:\/\/wortie.com\/lv\/#\/schema\/logo\/image\/\",\"url\":\"https:\/\/wortie.com\/app\/uploads\/sites\/14\/2023\/12\/wortie-logotype.png\",\"contentUrl\":\"https:\/\/wortie.com\/app\/uploads\/sites\/14\/2023\/12\/wortie-logotype.png\",\"width\":116,\"height\":40,\"caption\":\"Wortie\"},\"image\":{\"@id\":\"https:\/\/wortie.com\/lv\/#\/schema\/logo\/image\/\"}}]}<\/script>\n<!-- \/ Yoast SEO plugin. -->","yoast_head_json":{"title":"Wortie - Wortie","description":"Efekt\u012bvs l\u012bdzeklis pret parastaj\u0101m un p\u0113du k\u0101rp\u0101m: Darbojas jau p\u0113c pirm\u0101s lieto\u0161anas reizes, Prec\u012bzs uzgalis \u0113rtai uzkl\u0101\u0161anai, nekait\u0113jot \u0101dai ap k\u0101rpu","robots":{"index":"index","follow":"follow","max-snippet":"max-snippet:-1","max-image-preview":"max-image-preview:large","max-video-preview":"max-video-preview:-1"},"canonical":"https:\/\/wortie.com\/lv\/","og_locale":"lv_LV","og_type":"article","og_title":"Wortie - Wortie","og_description":"Efekt\u012bvs l\u012bdzeklis pret parastaj\u0101m un p\u0113du k\u0101rp\u0101m: Darbojas jau p\u0113c pirm\u0101s lieto\u0161anas reizes, Prec\u012bzs uzgalis \u0113rtai uzkl\u0101\u0161anai, nekait\u0113jot \u0101dai ap k\u0101rpu","og_url":"https:\/\/wortie.com\/lv\/","og_site_name":"Wortie","article_modified_time":"2024-01-16T07:37:18+00:00","og_image":[{"url":"https:\/\/wortie.com\/app\/uploads\/sites\/14\/2023\/12\/hand-wortie-hero-start_new.png","type":"","width":"","height":""}],"twitter_card":"summary_large_image","twitter_misc":{"Est. reading time":"2 minutes"},"schema":{"@context":"https:\/\/schema.org","@graph":[{"@type":"WebPage","@id":"https:\/\/wortie.com\/lv\/","url":"https:\/\/wortie.com\/lv\/","name":"Wortie - Wortie","isPartOf":{"@id":"https:\/\/wortie.com\/lv\/#website"},"primaryImageOfPage":{"@id":"https:\/\/wortie.com\/lv\/#primaryimage"},"image":{"@id":"https:\/\/wortie.com\/lv\/#primaryimage"},"thumbnailUrl":"https:\/\/wortie.com\/app\/uploads\/sites\/14\/2023\/12\/hand-wortie-hero-start_new.png","datePublished":"2023-12-06T08:23:22+00:00","dateModified":"2024-01-16T07:37:18+00:00","description":"Efekt\u012bvs l\u012bdzeklis pret parastaj\u0101m un p\u0113du k\u0101rp\u0101m: Darbojas jau p\u0113c pirm\u0101s lieto\u0161anas reizes, Prec\u012bzs uzgalis \u0113rtai uzkl\u0101\u0161anai, nekait\u0113jot \u0101dai ap k\u0101rpu","breadcrumb":{"@id":"https:\/\/wortie.com\/lv\/#breadcrumb"},"inLanguage":"lv-LV","potentialAction":[{"@type":"ReadAction","target":["https:\/\/wortie.com\/lv\/"]}]},{"@type":"ImageObject","inLanguage":"lv-LV","@id":"https:\/\/wortie.com\/lv\/#primaryimage","url":"https:\/\/wortie.com\/app\/uploads\/sites\/14\/2023\/12\/hand-wortie-hero-start_new.png","contentUrl":"https:\/\/wortie.com\/app\/uploads\/sites\/14\/2023\/12\/hand-wortie-hero-start_new.png"},{"@type":"BreadcrumbList","@id":"https:\/\/wortie.com\/lv\/#breadcrumb","itemListElement":[{"@type":"ListItem","position":1,"name":"Home","item":"https:\/\/wortie.com\/lv\/"},{"@type":"ListItem","position":2,"name":"Wortie"}]},{"@type":"WebSite","@id":"https:\/\/wortie.com\/lv\/#website","url":"https:\/\/wortie.com\/lv\/","name":"Wortie","description":"","publisher":{"@id":"https:\/\/wortie.com\/lv\/#organization"},"potentialAction":[{"@type":"SearchAction","target":{"@type":"EntryPoint","urlTemplate":"https:\/\/wortie.com\/lv\/?s={search_term_string}"},"query-input":{"@type":"PropertyValueSpecification","valueRequired":true,"valueName":"search_term_string"}}],"inLanguage":"lv-LV"},{"@type":"Organization","@id":"https:\/\/wortie.com\/lv\/#organization","name":"Wortie","url":"https:\/\/wortie.com\/lv\/","logo":{"@type":"ImageObject","inLanguage":"lv-LV","@id":"https:\/\/wortie.com\/lv\/#\/schema\/logo\/image\/","url":"https:\/\/wortie.com\/app\/uploads\/sites\/14\/2023\/12\/wortie-logotype.png","contentUrl":"https:\/\/wortie.com\/app\/uploads\/sites\/14\/2023\/12\/wortie-logotype.png","width":116,"height":40,"caption":"Wortie"},"image":{"@id":"https:\/\/wortie.com\/lv\/#\/schema\/logo\/image\/"}}]}},"_links":{"self":[{"href":"https:\/\/wortie.com\/lv\/wp-json\/wp\/v2\/pages\/5","targetHints":{"allow":["GET"]}}],"collection":[{"href":"https:\/\/wortie.com\/lv\/wp-json\/wp\/v2\/pages"}],"about":[{"href":"https:\/\/wortie.com\/lv\/wp-json\/wp\/v2\/types\/page"}],"author":[{"embeddable":true,"href":"https:\/\/wortie.com\/lv\/wp-json\/wp\/v2\/users\/2"}],"replies":[{"embeddable":true,"href":"https:\/\/wortie.com\/lv\/wp-json\/wp\/v2\/comments?post=5"}],"version-history":[{"count":6,"href":"https:\/\/wortie.com\/lv\/wp-json\/wp\/v2\/pages\/5\/revisions"}],"predecessor-version":[{"id":120,"href":"https:\/\/wortie.com\/lv\/wp-json\/wp\/v2\/pages\/5\/revisions\/120"}],"wp:attachment":[{"href":"https:\/\/wortie.com\/lv\/wp-json\/wp\/v2\/media?parent=5"}],"wp:term":[{"taxonomy":"from-article-database","embeddable":true,"href":"https:\/\/wortie.com\/lv\/wp-json\/wp\/v2\/from-article-database?post=5"}],"curies":[{"name":"wp","href":"https:\/\/api.w.org\/{rel}","templated":true}]}}