{"id":47,"date":"2022-07-06T14:53:07","date_gmt":"2022-07-06T12:53:07","guid":{"rendered":"https:\/\/wortie.com\/no\/?page_id=47"},"modified":"2025-09-08T11:58:24","modified_gmt":"2025-09-08T09:58:24","slug":"om-wortie","status":"publish","type":"page","link":"https:\/\/wortie.com\/no\/om-wortie\/","title":{"rendered":"Om Wortie"},"content":{"rendered":"\n<div class=\"wp-block-karopharma-background-image-with-text-v2 background-image-with-text-v2 undefined content-position-left fixed-height-layout\" datatest=\"root\"><div class=\"background-image-with-text-wrapper\"><picture class=\"background-image-with-text-image\"><source media=\"(max-width: 560px)\" srcset=\"https:\/\/wortie.com\/cdn-cgi\/image\/format=auto,width=560\/app\/uploads\/sites\/5\/2022\/07\/om-wortie.webp\"\/><source media=\"(max-width: 800px)\" srcset=\"https:\/\/wortie.com\/cdn-cgi\/image\/format=auto,width=800\/app\/uploads\/sites\/5\/2022\/07\/om-wortie.webp\"\/><source media=\"(max-width: 1920px)\" srcset=\"https:\/\/wortie.com\/cdn-cgi\/image\/format=auto,width=1920\/app\/uploads\/sites\/5\/2022\/07\/om-wortie.webp\"\/><img decoding=\"async\" width=\"1920\" height=\"721\" datatest=\"background-image\" loading=\"lazy\" class=\"object-center object-cover\" src=\"https:\/\/wortie.com\/cdn-cgi\/image\/format=auto\/app\/uploads\/sites\/5\/2022\/07\/om-wortie.webp\" alt=\"Background image\"\/><\/picture><div datatest=\"content-wrapper\" class=\"background-image-with-text-content-wrapper container max-w-small text-alignment-left bg-box pt-large pb-large\"><div class=\"content\"><h1 datatest=\"heading\" class=\"\">Om Wortie<\/h1>\n<div class=\"wp-block-buttons is-layout-flex wp-block-buttons-is-layout-flex\"><\/div>\n<\/div><\/div><\/div><\/div>\n\n\n\n<div class=\"wp-block-karopharma-free-text pt-large pb-large bg-center bg-cover bg-no-repeat\" style=\"background-image:url()\"><div class=\"free-text-wrapper container max-w-medium text-left\">\n<p class=\"has-text-align-center is-style-paragraph-preamble\">Wortie er den trygge l\u00f8sningen for dine og familiens vorter. Vi har produkter fra 4 \u00e5r og oppover i form av flytende, plaster og fryseprodukter. V\u00e5r unike presisjonstupp gj\u00f8r det trygt \u00e5 frysebehandle vorter p\u00e5 b\u00e5de hender og f\u00f8tter selv.<\/p>\n<\/div><\/div>\n\n\n<div class=\"product-list wp-block-karopharma-product-list\" data-testid=\"product-list\">\n      <div class=\"swiper-container\">\n      <div class=\"swiper\">\n        <div class=\"swiper-wrapper\">\n                      <div class=\"swiper-slide\">\n              <div class=\"product-card\" data-testid=\"product-card\">\n  <a\n    href=https:\/\/wortie.com\/no\/produkt\/wortie-freeze-pro\/\n    class=\"product-card-link\"\n    title=\"Wortie Freeze Pro\"\n  >\n  <figure class=\"product-card-image\" data-testid=\"product-image\">\n                          <img decoding=\"async\" src=\"https:\/\/wortie.com\/cdn-cgi\/image\/width=700,format=auto\/app\/uploads\/sites\/5\/2024\/01\/wortie-freeze-pro-s-1.png\"\n        srcset=\"https:\/\/wortie.com\/cdn-cgi\/image\/width=250,format=auto\/app\/uploads\/sites\/5\/2024\/01\/wortie-freeze-pro-s-1.png 250w,\n                https:\/\/wortie.com\/cdn-cgi\/image\/width=500,format=auto\/app\/uploads\/sites\/5\/2024\/01\/wortie-freeze-pro-s-1.png 500w,\n                https:\/\/wortie.com\/cdn-cgi\/image\/width=700,format=auto\/app\/uploads\/sites\/5\/2024\/01\/wortie-freeze-pro-s-1.png 700w\"\n        sizes=\"(max-width: 400px) 250px, (max-width: 800px) 500px, 700px\"\n        alt=\"Wortie Freeze Pro\"\n        class=\"img\">\n            <\/figure>\n    <div class=\"product-card-content\">\n      <div class=\"heading-wrapper\">\n        <h2 class=\"heading\">Wortie Freeze Pro<\/h2>\n      <\/div>\n      <div class=\"product-card-description\">Behandler selv de t\u00f8ffeste vortene p\u00e5 noen f\u00e5 sekunder<\/div>\n                      <\/div>\n  <\/a>\n          <div class=\"button-wrapper buy-now \" data-testid=\"buy-now\">\n      <div class=\"buy-now-container dropdown-container\">\n      <div class=\"theme-button button-primary-color dropdown-link\" aria-label=\"Kj\u00f8p n\u00e5\">\n          Kj\u00f8p n\u00e5 <i class=\"dropdown\"><\/i>\n      <\/div>\n      <ul class=\"reseller-list submenu\">\n                    <li>\n              <a\n                href=\"https:\/\/apotekfordeg.no\/produkter\/wortie-freeze-pro\/\" onclick=\"dataLayer.push({'event':'ga_event', 'eventCategory':'Click on Reseller', 'eventAction':'Apotek For Deg', 'eventLabel':'Wortie Freeze Pro', 'eventValue': undefined})\" rel=\"noopener\" target=\"_blank\" title=\"Apotek For Deg\"\n                data-testid=\"buy-now-reseller\">\n                <i class=\"fa-solid fa-arrow-right\"><\/i> Apotek For Deg\n              <\/a>\n          <\/li>\n                    <li>\n              <a\n                href=\"https:\/\/www.apotera.no\/wortie-freeze-pro-14ml\" onclick=\"dataLayer.push({'event':'ga_event', 'eventCategory':'Click on Reseller', 'eventAction':'Apotera', 'eventLabel':'Wortie Freeze Pro', 'eventValue': undefined})\" rel=\"noopener\" target=\"_blank\" title=\"Apotera\"\n                data-testid=\"buy-now-reseller\">\n                <i class=\"fa-solid fa-arrow-right\"><\/i> Apotera\n              <\/a>\n          <\/li>\n                    <li>\n              <a\n                href=\"https:\/\/www.boots.no\/wortie-freeze-pro-14ml-847017\" onclick=\"dataLayer.push({'event':'ga_event', 'eventCategory':'Click on Reseller', 'eventAction':'Boots', 'eventLabel':'Wortie Freeze Pro', 'eventValue': undefined})\" rel=\"noopener\" target=\"_blank\" title=\"Boots\"\n                data-testid=\"buy-now-reseller\">\n                <i class=\"fa-solid fa-arrow-right\"><\/i> Boots\n              <\/a>\n          <\/li>\n                    <li>\n              <a\n                href=\"https:\/\/www.farmasiet.no\/catalog\/hud-og-har\/fotpleie\/wortie-freeze-pro-vortefjerner,5106647\" onclick=\"dataLayer.push({'event':'ga_event', 'eventCategory':'Click on Reseller', 'eventAction':'Farmasiet', 'eventLabel':'Wortie Freeze Pro', 'eventValue': undefined})\" rel=\"noopener\" target=\"_blank\" title=\"Farmasiet\"\n                data-testid=\"buy-now-reseller\">\n                <i class=\"fa-solid fa-arrow-right\"><\/i> Farmasiet\n              <\/a>\n          <\/li>\n                    <li>\n              <a\n                href=\"https:\/\/www.vitusapotek.no\/fotpleie\/vortemiddel\/wortie-freeze-plus-vortefjerner-50-ml-\/p\/962799\" onclick=\"dataLayer.push({'event':'ga_event', 'eventCategory':'Click on Reseller', 'eventAction':'Vitus Apotek', 'eventLabel':'Wortie Freeze Pro', 'eventValue': undefined})\" rel=\"noopener\" target=\"_blank\" title=\"Vitus Apotek\"\n                data-testid=\"buy-now-reseller\">\n                <i class=\"fa-solid fa-arrow-right\"><\/i> Vitus Apotek\n              <\/a>\n          <\/li>\n                <\/ul>\n    <\/div>\n  <\/div>\n  <\/div>\n            <\/div>\n                      <div class=\"swiper-slide\">\n              <div class=\"product-card\" data-testid=\"product-card\">\n  <a\n    href=https:\/\/wortie.com\/no\/produkt\/wortie-plaster\/\n    class=\"product-card-link\"\n    title=\"Wortie\u00a0Plaster\"\n  >\n  <figure class=\"product-card-image\" data-testid=\"product-image\">\n                          <img decoding=\"async\" src=\"https:\/\/wortie.com\/cdn-cgi\/image\/width=700,format=auto\/app\/uploads\/sites\/5\/2022\/07\/wortie_plasters.png\"\n        srcset=\"https:\/\/wortie.com\/cdn-cgi\/image\/width=250,format=auto\/app\/uploads\/sites\/5\/2022\/07\/wortie_plasters.png 250w,\n                https:\/\/wortie.com\/cdn-cgi\/image\/width=500,format=auto\/app\/uploads\/sites\/5\/2022\/07\/wortie_plasters.png 500w,\n                https:\/\/wortie.com\/cdn-cgi\/image\/width=700,format=auto\/app\/uploads\/sites\/5\/2022\/07\/wortie_plasters.png 700w\"\n        sizes=\"(max-width: 400px) 250px, (max-width: 800px) 500px, 700px\"\n        alt=\"\"\n        class=\"img\">\n            <\/figure>\n    <div class=\"product-card-content\">\n      <div class=\"heading-wrapper\">\n        <h2 class=\"heading\">Wortie\u00a0Plaster<\/h2>\n      <\/div>\n      <div class=\"product-card-description\">Plaster for behandle vorter. Trygg og enkel \u00e5 bruke. Passer for hele familien fra 4 \u00e5r.<\/div>\n                      <\/div>\n  <\/a>\n          <div class=\"button-wrapper buy-now \" data-testid=\"buy-now\">\n      <div class=\"buy-now-container dropdown-container\">\n      <div class=\"theme-button button-primary-color dropdown-link\" aria-label=\"Kj\u00f8p n\u00e5\">\n          Kj\u00f8p n\u00e5 <i class=\"dropdown\"><\/i>\n      <\/div>\n      <ul class=\"reseller-list submenu\">\n                    <li>\n              <a\n                href=\"https:\/\/www.apotek1.no\/produkter\/wortie-vorteplaster-846158p\" onclick=\"dataLayer.push({'event':'ga_event', 'eventCategory':'Click on Reseller', 'eventAction':'Apotek1', 'eventLabel':'Wortie\u00a0Plaster', 'eventValue': undefined})\" rel=\"noopener\" target=\"_blank\" title=\"Apotek1\"\n                data-testid=\"buy-now-reseller\">\n                <i class=\"fa-solid fa-arrow-right\"><\/i> Apotek1\n              <\/a>\n          <\/li>\n                    <li>\n              <a\n                href=\"https:\/\/apotekfordeg.no\/produkter\/wortie-vorteplaster-15-stk\/\" onclick=\"dataLayer.push({'event':'ga_event', 'eventCategory':'Click on Reseller', 'eventAction':'Apotek For Deg', 'eventLabel':'Wortie\u00a0Plaster', 'eventValue': undefined})\" rel=\"noopener\" target=\"_blank\" title=\"Apotek For Deg\"\n                data-testid=\"buy-now-reseller\">\n                <i class=\"fa-solid fa-arrow-right\"><\/i> Apotek For Deg\n              <\/a>\n          <\/li>\n                    <li>\n              <a\n                href=\"https:\/\/www.boots.no\/wortie-plaster-846158\" onclick=\"dataLayer.push({'event':'ga_event', 'eventCategory':'Click on Reseller', 'eventAction':'Boots', 'eventLabel':'Wortie\u00a0Plaster', 'eventValue': undefined})\" rel=\"noopener\" target=\"_blank\" title=\"Boots\"\n                data-testid=\"buy-now-reseller\">\n                <i class=\"fa-solid fa-arrow-right\"><\/i> Boots\n              <\/a>\n          <\/li>\n                    <li>\n              <a\n                href=\"https:\/\/www.farmasiet.no\/catalog\/hud-og-har\/fot\/wortie-vorteplaster-15,5008188\" onclick=\"dataLayer.push({'event':'ga_event', 'eventCategory':'Click on Reseller', 'eventAction':'Farmasiet', 'eventLabel':'Wortie\u00a0Plaster', 'eventValue': undefined})\" rel=\"noopener\" target=\"_blank\" title=\"Farmasiet\"\n                data-testid=\"buy-now-reseller\">\n                <i class=\"fa-solid fa-arrow-right\"><\/i> Farmasiet\n              <\/a>\n          <\/li>\n                    <li>\n              <a\n                href=\"https:\/\/www.vitusapotek.no\/fotpleie\/vortemiddel\/wortie-vorteplaster-15-stk\/p\/846158\" onclick=\"dataLayer.push({'event':'ga_event', 'eventCategory':'Click on Reseller', 'eventAction':'Vitus Apotek', 'eventLabel':'Wortie\u00a0Plaster', 'eventValue': undefined})\" rel=\"noopener\" target=\"_blank\" title=\"Vitus Apotek\"\n                data-testid=\"buy-now-reseller\">\n                <i class=\"fa-solid fa-arrow-right\"><\/i> Vitus Apotek\n              <\/a>\n          <\/li>\n                <\/ul>\n    <\/div>\n  <\/div>\n  <\/div>\n            <\/div>\n                      <div class=\"swiper-slide\">\n              <div class=\"product-card\" data-testid=\"product-card\">\n  <a\n    href=https:\/\/wortie.com\/no\/produkt\/wortie-freeze\/\n    class=\"product-card-link\"\n    title=\"Wortie\u00a0Freeze\"\n  >\n  <figure class=\"product-card-image\" data-testid=\"product-image\">\n                          <img decoding=\"async\" src=\"https:\/\/wortie.com\/cdn-cgi\/image\/width=700,format=auto\/app\/uploads\/sites\/5\/2022\/07\/freeze-1.png\"\n        srcset=\"https:\/\/wortie.com\/cdn-cgi\/image\/width=250,format=auto\/app\/uploads\/sites\/5\/2022\/07\/freeze-1.png 250w,\n                https:\/\/wortie.com\/cdn-cgi\/image\/width=500,format=auto\/app\/uploads\/sites\/5\/2022\/07\/freeze-1.png 500w,\n                https:\/\/wortie.com\/cdn-cgi\/image\/width=700,format=auto\/app\/uploads\/sites\/5\/2022\/07\/freeze-1.png 700w\"\n        sizes=\"(max-width: 400px) 250px, (max-width: 800px) 500px, 700px\"\n        alt=\"\"\n        class=\"img\">\n            <\/figure>\n    <div class=\"product-card-content\">\n      <div class=\"heading-wrapper\">\n        <h2 class=\"heading\">Wortie\u00a0Freeze<\/h2>\n      <\/div>\n      <div class=\"product-card-description\">Den n\u00f8yaktige fryse-applikatoren gj\u00f8r det enkelt \u00e5 behandle bare vorten uten \u00e5 skade huden.<\/div>\n                      <\/div>\n  <\/a>\n          <div class=\"button-wrapper buy-now \" data-testid=\"buy-now\">\n      <div class=\"buy-now-container dropdown-container\">\n      <div class=\"theme-button button-primary-color dropdown-link\" aria-label=\"Kj\u00f8p n\u00e5\">\n          Kj\u00f8p n\u00e5 <i class=\"dropdown\"><\/i>\n      <\/div>\n      <ul class=\"reseller-list submenu\">\n                    <li>\n              <a\n                href=\"https:\/\/www.apotek1.no\/produkter\/wortie-vortefjerner-909209p\" onclick=\"dataLayer.push({'event':'ga_event', 'eventCategory':'Click on Reseller', 'eventAction':'Apotek1', 'eventLabel':'Wortie\u00a0Freeze', 'eventValue': undefined})\" rel=\"noopener\" target=\"_blank\" title=\"Apotek1\"\n                data-testid=\"buy-now-reseller\">\n                <i class=\"fa-solid fa-arrow-right\"><\/i> Apotek1\n              <\/a>\n          <\/li>\n                    <li>\n              <a\n                href=\"https:\/\/apotekfordeg.no\/produkter\/wortie-cool-vortefjerner-50ml\/\" onclick=\"dataLayer.push({'event':'ga_event', 'eventCategory':'Click on Reseller', 'eventAction':'Apotek For Deg', 'eventLabel':'Wortie\u00a0Freeze', 'eventValue': undefined})\" rel=\"noopener\" target=\"_blank\" title=\"Apotek For Deg\"\n                data-testid=\"buy-now-reseller\">\n                <i class=\"fa-solid fa-arrow-right\"><\/i> Apotek For Deg\n              <\/a>\n          <\/li>\n                    <li>\n              <a\n                href=\"https:\/\/www.boots.no\/wortie-vortefjerner-50-ml-909209\" onclick=\"dataLayer.push({'event':'ga_event', 'eventCategory':'Click on Reseller', 'eventAction':'Boots', 'eventLabel':'Wortie\u00a0Freeze', 'eventValue': undefined})\" rel=\"noopener\" target=\"_blank\" title=\"Boots\"\n                data-testid=\"buy-now-reseller\">\n                <i class=\"fa-solid fa-arrow-right\"><\/i> Boots\n              <\/a>\n          <\/li>\n                    <li>\n              <a\n                href=\"https:\/\/www.farmasiet.no\/catalog\/hud-og-har\/fotpleie\/wortie-freeze-vortefjerner,5001458\" onclick=\"dataLayer.push({'event':'ga_event', 'eventCategory':'Click on Reseller', 'eventAction':'Farmasiet', 'eventLabel':'Wortie\u00a0Freeze', 'eventValue': undefined})\" rel=\"noopener\" target=\"_blank\" title=\"Farmasiet\"\n                data-testid=\"buy-now-reseller\">\n                <i class=\"fa-solid fa-arrow-right\"><\/i> Farmasiet\n              <\/a>\n          <\/li>\n                    <li>\n              <a\n                href=\"https:\/\/www.vitusapotek.no\/fotpleie\/vortemiddel\/wortie-freeze-vortefjerner-50-ml\/p\/909209\" onclick=\"dataLayer.push({'event':'ga_event', 'eventCategory':'Click on Reseller', 'eventAction':'Vitus Apotek', 'eventLabel':'Wortie\u00a0Freeze', 'eventValue': undefined})\" rel=\"noopener\" target=\"_blank\" title=\"Vitus Apotek\"\n                data-testid=\"buy-now-reseller\">\n                <i class=\"fa-solid fa-arrow-right\"><\/i> Vitus Apotek\n              <\/a>\n          <\/li>\n                <\/ul>\n    <\/div>\n  <\/div>\n  <\/div>\n            <\/div>\n                  <\/div>\n        <div class=\"swiper-scrollbar\"><\/div>\n      <\/div>\n    <\/div>\n  <\/div>\n","protected":false},"excerpt":{"rendered":"","protected":false},"author":2,"featured_media":0,"parent":0,"menu_order":0,"comment_status":"closed","ping_status":"closed","template":"","meta":{"_acf_changed":false,"footnotes":""},"from-article-database":[],"class_list":["post-47","page","type-page","status-publish","hentry"],"acf":[],"yoast_head":"<!-- This site is optimized with the Yoast SEO plugin v26.6 - https:\/\/yoast.com\/wordpress\/plugins\/seo\/ -->\n<title>Om Wortie - Wortie<\/title>\n<meta name=\"description\" content=\"Wortie er den trygge l\u00f8sningen for dine og familiens vorter. Vi har produkter fra 4 \u00e5r og oppover i form av flytende, plaster og fryseprodukter.\" \/>\n<meta name=\"robots\" content=\"index, follow, max-snippet:-1, max-image-preview:large, max-video-preview:-1\" \/>\n<link rel=\"canonical\" href=\"https:\/\/wortie.com\/no\/om-wortie\/\" \/>\n<meta property=\"og:locale\" content=\"nb_NO\" \/>\n<meta property=\"og:type\" content=\"article\" \/>\n<meta property=\"og:title\" content=\"Om Wortie - Wortie\" \/>\n<meta property=\"og:description\" content=\"Wortie er den trygge l\u00f8sningen for dine og familiens vorter. Vi har produkter fra 4 \u00e5r og oppover i form av flytende, plaster og fryseprodukter.\" \/>\n<meta property=\"og:url\" content=\"https:\/\/wortie.com\/no\/om-wortie\/\" \/>\n<meta property=\"og:site_name\" content=\"Wortie\" \/>\n<meta property=\"article:modified_time\" content=\"2025-09-08T09:58:24+00:00\" \/>\n<meta property=\"og:image\" content=\"https:\/\/wortie.com\/cdn-cgi\/image\/format=auto\/app\/uploads\/sites\/5\/2022\/07\/om-wortie.webp\" \/>\n<meta name=\"twitter:card\" content=\"summary_large_image\" \/>\n<meta name=\"twitter:label1\" content=\"Ansl. lesetid\" \/>\n\t<meta name=\"twitter:data1\" content=\"1 minutt\" \/>\n<script type=\"application\/ld+json\" class=\"yoast-schema-graph\">{\"@context\":\"https:\/\/schema.org\",\"@graph\":[{\"@type\":\"WebPage\",\"@id\":\"https:\/\/wortie.com\/no\/om-wortie\/\",\"url\":\"https:\/\/wortie.com\/no\/om-wortie\/\",\"name\":\"Om Wortie - Wortie\",\"isPartOf\":{\"@id\":\"https:\/\/wortie.com\/no\/#website\"},\"primaryImageOfPage\":{\"@id\":\"https:\/\/wortie.com\/no\/om-wortie\/#primaryimage\"},\"image\":{\"@id\":\"https:\/\/wortie.com\/no\/om-wortie\/#primaryimage\"},\"thumbnailUrl\":\"https:\/\/wortie.com\/cdn-cgi\/image\/format=auto\/app\/uploads\/sites\/5\/2022\/07\/om-wortie.webp\",\"datePublished\":\"2022-07-06T12:53:07+00:00\",\"dateModified\":\"2025-09-08T09:58:24+00:00\",\"description\":\"Wortie er den trygge l\u00f8sningen for dine og familiens vorter. Vi har produkter fra 4 \u00e5r og oppover i form av flytende, plaster og fryseprodukter.\",\"breadcrumb\":{\"@id\":\"https:\/\/wortie.com\/no\/om-wortie\/#breadcrumb\"},\"inLanguage\":\"nb-NO\",\"potentialAction\":[{\"@type\":\"ReadAction\",\"target\":[\"https:\/\/wortie.com\/no\/om-wortie\/\"]}]},{\"@type\":\"ImageObject\",\"inLanguage\":\"nb-NO\",\"@id\":\"https:\/\/wortie.com\/no\/om-wortie\/#primaryimage\",\"url\":\"https:\/\/wortie.com\/cdn-cgi\/image\/format=auto\/app\/uploads\/sites\/5\/2022\/07\/om-wortie.webp\",\"contentUrl\":\"https:\/\/wortie.com\/cdn-cgi\/image\/format=auto\/app\/uploads\/sites\/5\/2022\/07\/om-wortie.webp\"},{\"@type\":\"BreadcrumbList\",\"@id\":\"https:\/\/wortie.com\/no\/om-wortie\/#breadcrumb\",\"itemListElement\":[{\"@type\":\"ListItem\",\"position\":1,\"name\":\"Home\",\"item\":\"https:\/\/wortie.com\/no\/\"},{\"@type\":\"ListItem\",\"position\":2,\"name\":\"Om Wortie\"}]},{\"@type\":\"WebSite\",\"@id\":\"https:\/\/wortie.com\/no\/#website\",\"url\":\"https:\/\/wortie.com\/no\/\",\"name\":\"Wortie\",\"description\":\"\",\"publisher\":{\"@id\":\"https:\/\/wortie.com\/no\/#organization\"},\"potentialAction\":[{\"@type\":\"SearchAction\",\"target\":{\"@type\":\"EntryPoint\",\"urlTemplate\":\"https:\/\/wortie.com\/no\/?s={search_term_string}\"},\"query-input\":{\"@type\":\"PropertyValueSpecification\",\"valueRequired\":true,\"valueName\":\"search_term_string\"}}],\"inLanguage\":\"nb-NO\"},{\"@type\":\"Organization\",\"@id\":\"https:\/\/wortie.com\/no\/#organization\",\"name\":\"Wortie\",\"url\":\"https:\/\/wortie.com\/no\/\",\"logo\":{\"@type\":\"ImageObject\",\"inLanguage\":\"nb-NO\",\"@id\":\"https:\/\/wortie.com\/no\/#\/schema\/logo\/image\/\",\"url\":\"https:\/\/wortie.com\/app\/uploads\/sites\/5\/2022\/07\/wortie-logotype.png\",\"contentUrl\":\"https:\/\/wortie.com\/app\/uploads\/sites\/5\/2022\/07\/wortie-logotype.png\",\"width\":116,\"height\":40,\"caption\":\"Wortie\"},\"image\":{\"@id\":\"https:\/\/wortie.com\/no\/#\/schema\/logo\/image\/\"}}]}<\/script>\n<!-- \/ Yoast SEO plugin. -->","yoast_head_json":{"title":"Om Wortie - Wortie","description":"Wortie er den trygge l\u00f8sningen for dine og familiens vorter. Vi har produkter fra 4 \u00e5r og oppover i form av flytende, plaster og fryseprodukter.","robots":{"index":"index","follow":"follow","max-snippet":"max-snippet:-1","max-image-preview":"max-image-preview:large","max-video-preview":"max-video-preview:-1"},"canonical":"https:\/\/wortie.com\/no\/om-wortie\/","og_locale":"nb_NO","og_type":"article","og_title":"Om Wortie - Wortie","og_description":"Wortie er den trygge l\u00f8sningen for dine og familiens vorter. Vi har produkter fra 4 \u00e5r og oppover i form av flytende, plaster og fryseprodukter.","og_url":"https:\/\/wortie.com\/no\/om-wortie\/","og_site_name":"Wortie","article_modified_time":"2025-09-08T09:58:24+00:00","og_image":[{"url":"https:\/\/wortie.com\/cdn-cgi\/image\/format=auto\/app\/uploads\/sites\/5\/2022\/07\/om-wortie.webp","type":"","width":"","height":""}],"twitter_card":"summary_large_image","twitter_misc":{"Ansl. lesetid":"1 minutt"},"schema":{"@context":"https:\/\/schema.org","@graph":[{"@type":"WebPage","@id":"https:\/\/wortie.com\/no\/om-wortie\/","url":"https:\/\/wortie.com\/no\/om-wortie\/","name":"Om Wortie - Wortie","isPartOf":{"@id":"https:\/\/wortie.com\/no\/#website"},"primaryImageOfPage":{"@id":"https:\/\/wortie.com\/no\/om-wortie\/#primaryimage"},"image":{"@id":"https:\/\/wortie.com\/no\/om-wortie\/#primaryimage"},"thumbnailUrl":"https:\/\/wortie.com\/cdn-cgi\/image\/format=auto\/app\/uploads\/sites\/5\/2022\/07\/om-wortie.webp","datePublished":"2022-07-06T12:53:07+00:00","dateModified":"2025-09-08T09:58:24+00:00","description":"Wortie er den trygge l\u00f8sningen for dine og familiens vorter. Vi har produkter fra 4 \u00e5r og oppover i form av flytende, plaster og fryseprodukter.","breadcrumb":{"@id":"https:\/\/wortie.com\/no\/om-wortie\/#breadcrumb"},"inLanguage":"nb-NO","potentialAction":[{"@type":"ReadAction","target":["https:\/\/wortie.com\/no\/om-wortie\/"]}]},{"@type":"ImageObject","inLanguage":"nb-NO","@id":"https:\/\/wortie.com\/no\/om-wortie\/#primaryimage","url":"https:\/\/wortie.com\/cdn-cgi\/image\/format=auto\/app\/uploads\/sites\/5\/2022\/07\/om-wortie.webp","contentUrl":"https:\/\/wortie.com\/cdn-cgi\/image\/format=auto\/app\/uploads\/sites\/5\/2022\/07\/om-wortie.webp"},{"@type":"BreadcrumbList","@id":"https:\/\/wortie.com\/no\/om-wortie\/#breadcrumb","itemListElement":[{"@type":"ListItem","position":1,"name":"Home","item":"https:\/\/wortie.com\/no\/"},{"@type":"ListItem","position":2,"name":"Om Wortie"}]},{"@type":"WebSite","@id":"https:\/\/wortie.com\/no\/#website","url":"https:\/\/wortie.com\/no\/","name":"Wortie","description":"","publisher":{"@id":"https:\/\/wortie.com\/no\/#organization"},"potentialAction":[{"@type":"SearchAction","target":{"@type":"EntryPoint","urlTemplate":"https:\/\/wortie.com\/no\/?s={search_term_string}"},"query-input":{"@type":"PropertyValueSpecification","valueRequired":true,"valueName":"search_term_string"}}],"inLanguage":"nb-NO"},{"@type":"Organization","@id":"https:\/\/wortie.com\/no\/#organization","name":"Wortie","url":"https:\/\/wortie.com\/no\/","logo":{"@type":"ImageObject","inLanguage":"nb-NO","@id":"https:\/\/wortie.com\/no\/#\/schema\/logo\/image\/","url":"https:\/\/wortie.com\/app\/uploads\/sites\/5\/2022\/07\/wortie-logotype.png","contentUrl":"https:\/\/wortie.com\/app\/uploads\/sites\/5\/2022\/07\/wortie-logotype.png","width":116,"height":40,"caption":"Wortie"},"image":{"@id":"https:\/\/wortie.com\/no\/#\/schema\/logo\/image\/"}}]}},"_links":{"self":[{"href":"https:\/\/wortie.com\/no\/wp-json\/wp\/v2\/pages\/47","targetHints":{"allow":["GET"]}}],"collection":[{"href":"https:\/\/wortie.com\/no\/wp-json\/wp\/v2\/pages"}],"about":[{"href":"https:\/\/wortie.com\/no\/wp-json\/wp\/v2\/types\/page"}],"author":[{"embeddable":true,"href":"https:\/\/wortie.com\/no\/wp-json\/wp\/v2\/users\/2"}],"replies":[{"embeddable":true,"href":"https:\/\/wortie.com\/no\/wp-json\/wp\/v2\/comments?post=47"}],"version-history":[{"count":3,"href":"https:\/\/wortie.com\/no\/wp-json\/wp\/v2\/pages\/47\/revisions"}],"predecessor-version":[{"id":113,"href":"https:\/\/wortie.com\/no\/wp-json\/wp\/v2\/pages\/47\/revisions\/113"}],"wp:attachment":[{"href":"https:\/\/wortie.com\/no\/wp-json\/wp\/v2\/media?parent=47"}],"wp:term":[{"taxonomy":"from-article-database","embeddable":true,"href":"https:\/\/wortie.com\/no\/wp-json\/wp\/v2\/from-article-database?post=47"}],"curies":[{"name":"wp","href":"https:\/\/api.w.org\/{rel}","templated":true}]}}