{"id":233,"date":"2024-01-10T08:45:10","date_gmt":"2024-01-10T07:45:10","guid":{"rendered":"https:\/\/wortie.com\/no\/?post_type=product&#038;p=233"},"modified":"2025-09-08T11:58:14","modified_gmt":"2025-09-08T09:58:14","slug":"wortie-freeze-pro","status":"publish","type":"product","link":"https:\/\/wortie.com\/no\/produkt\/wortie-freeze-pro\/","title":{"rendered":"Wortie Freeze Pro"},"content":{"rendered":"\n<div class=\"wp-block-karopharma-accordions is-style-secondary\"><div class=\"container\">\n<details class=\"wp-block-karopharma-accordion\"><summary><h2 class=\"accordion-title\">Brukerveiledning<\/h2><\/summary><div class=\"accordion-content\">\n<div class=\"wp-block-karopharma-several-images-with-text several-images-with-text\"><div class=\"container large col-1 content-align-none\" test-data=\"inner-content\">\n<section class=\"wp-block-karopharma-image-with-text image-with-text image-with-text__full-width\"><div class=\"image-with-text-container \"><div class=\"image-with-text-container-image-container\"><img decoding=\"async\" loading=\"lazy\" src=\"https:\/\/wortie.com\/cdn-cgi\/image\/format=auto\/app\/uploads\/sites\/5\/2024\/01\/step1.png\" alt=\"Wortie Freeze Pro - step1\"\/><\/div><div class=\"image-with-text-container-content\" style=\"text-align:left\" data-test=\"content\"><div class=\"content\"><p class=\"body\" data-test=\"body\"><strong>1. Ikke fjern det gjennomsiktige lokket.<br><\/strong><br>Vri den hvite delen av pennen en hel omdreining i pilens retning til du h\u00f8rer et klikk. Vri kraftig, da det kreves kraft for \u00e5 bryte den indre forseglingen.<br><br>Hvis ikke denne instruksjonen f\u00f8lges, vil pennen ikke bli aktivert og vil ikke v\u00e6re egnet til bruk. Dette trinnet m\u00e5 kun f\u00f8lges ved f\u00f8rste gangs bruk.<\/p>\n<div class=\"wp-block-buttons is-layout-flex wp-block-buttons-is-layout-flex\"><\/div>\n<\/div><\/div><\/div><\/section>\n\n\n\n<section class=\"wp-block-karopharma-image-with-text image-with-text image-with-text__full-width\"><div class=\"image-with-text-container \"><div class=\"image-with-text-container-image-container\"><img decoding=\"async\" loading=\"lazy\" src=\"https:\/\/wortie.com\/cdn-cgi\/image\/format=auto\/app\/uploads\/sites\/5\/2024\/01\/step2.png\" alt=\"Wortie Freeze Pro - step2\"\/><\/div><div class=\"image-with-text-container-content\" style=\"text-align:left\" data-test=\"content\"><div class=\"content\"><p class=\"body\" data-test=\"body\"><strong>2. Plasser pennen p\u00e5 et flatt, fast underlag (f.eks. et bord) med den gjennomsiktige hetten vendt nedover.<br><\/strong><br>Hold den gjennomsiktige hetten med den ene h\u00e5nden, og trykk den hvite delen av pennen hardt ned i 7 sekunder med den andre h\u00e5nden. Bruk en klokke for \u00e5 holde tiden, eller tell til 7. Pr\u00f8v \u00e5 v\u00e6re s\u00e5 presis som mulig i forhold til aktiveringstiden p\u00e5 7 sekunder. Under aktiveringen kan du av og til h\u00f8re en susende og\/eller poppende lyd mens islaget dannes.<\/p>\n<div class=\"wp-block-buttons is-layout-flex wp-block-buttons-is-layout-flex\"><\/div>\n<\/div><\/div><\/div><\/section>\n\n\n\n<section class=\"wp-block-karopharma-image-with-text image-with-text image-with-text__full-width\"><div class=\"image-with-text-container \"><div class=\"image-with-text-container-image-container\"><img decoding=\"async\" loading=\"lazy\" src=\"https:\/\/wortie.com\/cdn-cgi\/image\/format=auto\/app\/uploads\/sites\/5\/2024\/01\/step3.png\" alt=\"Wortie Freeze Pro - step3\"\/><\/div><div class=\"image-with-text-container-content\" style=\"text-align:left\" data-test=\"content\"><div class=\"content\"><p class=\"body\" data-test=\"body\"><strong>3. Fjern det gjennomsiktige lokket.<br><\/strong><br>Hvis det dannes et hvitt islag p\u00e5 pennespissen, skal du bruke pennen umiddelbart ved \u00e5 fortsette med <strong>TRINN 4: BEHANDLE<\/strong>.<br>Hvis du ikke ser et hvitt islag, hvis islaget faller av eller sitter fast i den gjennomsiktige hetten, gjentar du <strong>TRINN 2: AKTIVER.<\/strong><\/p>\n<div class=\"wp-block-buttons is-layout-flex wp-block-buttons-is-layout-flex\"><\/div>\n<\/div><\/div><\/div><\/section>\n\n\n\n<section class=\"wp-block-karopharma-image-with-text image-with-text image-with-text__full-width\"><div class=\"image-with-text-container \"><div class=\"image-with-text-container-image-container\"><img decoding=\"async\" loading=\"lazy\" src=\"https:\/\/wortie.com\/cdn-cgi\/image\/format=auto\/app\/uploads\/sites\/5\/2024\/01\/step4.png\" alt=\"Wortie Freeze Pro - step4\"\/><\/div><div class=\"image-with-text-container-content\" style=\"text-align:left\" data-test=\"content\"><div class=\"content\"><p class=\"body\" data-test=\"body\"><strong>4. Trykk islaget hardt mot vorten og hold fast:<br><\/strong><br><strong>15 sekunder<\/strong> p\u00e5 tynn hud (hender, fingre, armer, t\u00e6r, oversiden\/sidene av f\u00f8ttene).<br><br><strong>40 sekunder<\/strong> p\u00e5 hard, tykk hud (fots\u00e5len).<br><br><strong>Feilbruk eller langvarig bruk p\u00e5 vorten kan f\u00f8re til hud- eller nerveskader.<\/strong><\/p>\n<div class=\"wp-block-buttons is-layout-flex wp-block-buttons-is-layout-flex\"><\/div>\n<\/div><\/div><\/div><\/section>\n<\/div><\/div>\n\n\n\n<p><strong>Etter behandling:<\/strong><br>Sett den gjennomsiktige hetten p\u00e5 pennen og legg den i kj\u00f8leskapet i originalemballasjen (inkl. pakningsvedlegg).<br><strong>M\u00e5 ikke legges i fryseren.<\/strong><\/p>\n\n\n\n<p><strong>For best mulig resultat p\u00e5 fotvorter<br><\/strong>F\u00f8r behandling: Legg f\u00f8rst foten i varmt vann i 5 minutter, og fjern deretter den harde huden med en fil. T\u00f8rk grundig f\u00f8r du fortsetter med behandlingen. Fil er ikke inkludert.<\/p>\n<\/div><\/details>\n\n\n\n<details class=\"wp-block-karopharma-accordion\"><summary><h2 class=\"accordion-title\">Hvordan fungerer Wortie Freeze Pro?<\/h2><\/summary><div class=\"accordion-content\">\n<p>Wortie Freeze Pro inneholder CO2. N\u00e5r gassen aktiveres, utvider den seg og danner et iskaldt islag.<\/p>\n<\/div><\/details>\n\n\n\n<details class=\"wp-block-karopharma-accordion\"><summary><h2 class=\"accordion-title\">Er Wortie Freeze Pro trygt for barn?<\/h2><\/summary><div class=\"accordion-content\">\n<p>Wortie Freeze Pro er trygt for barn fra 4 \u00e5r og oppover.<\/p>\n<\/div><\/details>\n\n\n\n<details class=\"wp-block-karopharma-accordion\"><summary><h2 class=\"accordion-title\">Jeg har brukt Wortie Freeze Pro. Hvor lang tid tar det f\u00f8r vorten eller fotvorten min faller av?<\/h2><\/summary><div class=\"accordion-content\">\n<p>Wortie Freeze Pro er sv\u00e6rt effektiv &#8211; etter bare noen f\u00e5 sekunder n\u00e5r kulden ned til roten av vorten\/fotvorten og bekjemper den. Takket v\u00e6re hudens naturlige fornyelse vil vorten\/fotvorten falle av. I de fleste tilfeller vil \u00e9n behandling v\u00e6re nok. Gamle eller st\u00f8rre vorter\/fotvorter kan trenge en ekstra behandling, spesielt p\u00e5 f\u00f8ttene.<\/p>\n\n\n\n<p>Hvis vorten\/fotvorten, eller deler av den, ikke har forsvunnet etter 14 dager, m\u00e5 du gjenta behandlingen (trinn 2, 3 og 4).<\/p>\n\n\n\n<p>Hvis en vorte\/fotvorte ikke forsvinner etter 3 behandlinger, kontakt lege. Husk alltid \u00e5 la det g\u00e5 14 dager f\u00f8r neste behandling.<\/p>\n<\/div><\/details>\n\n\n\n<details class=\"wp-block-karopharma-accordion\"><summary><h2 class=\"accordion-title\">Hva inneholder Wortie Freeze Pro?<\/h2><\/summary><div class=\"accordion-content\">\n<p>Wortie Freeze Pro inneholder CO2.<\/p>\n<\/div><\/details>\n<\/div><\/div>\n","protected":false},"excerpt":{"rendered":"<p>Behandler selv de t\u00f8ffeste vortene p\u00e5 noen f\u00e5 sekunder<\/p>\n","protected":false},"featured_media":258,"comment_status":"closed","ping_status":"closed","template":"","meta":{"_acf_changed":false,"footnotes":""},"product_brand":[],"product_cat":[16],"product_tag":[],"class_list":{"0":"post-233","1":"product","2":"type-product","3":"status-publish","4":"has-post-thumbnail","6":"product_cat-uncategorized","8":"first","9":"instock","10":"shipping-taxable","11":"product-type-simple"},"acf":[],"yoast_head":"<!-- This site is optimized with the Yoast SEO plugin v26.6 - https:\/\/yoast.com\/wordpress\/plugins\/seo\/ -->\n<title>Wortie Freeze Pro - Wortie<\/title>\n<meta name=\"description\" content=\"Brukervennlig frysebehandling mot de t\u00f8ffeste vortene. Egnet fra 4-\u00e5rsalderen.\" \/>\n<meta name=\"robots\" content=\"index, follow, max-snippet:-1, max-image-preview:large, max-video-preview:-1\" \/>\n<link rel=\"canonical\" href=\"https:\/\/wortie.com\/no\/produkt\/wortie-freeze-pro\/\" \/>\n<meta property=\"og:locale\" content=\"nb_NO\" \/>\n<meta property=\"og:type\" content=\"article\" \/>\n<meta property=\"og:title\" content=\"Wortie Freeze Pro - Wortie\" \/>\n<meta property=\"og:description\" content=\"Brukervennlig frysebehandling mot de t\u00f8ffeste vortene. Egnet fra 4-\u00e5rsalderen.\" \/>\n<meta property=\"og:url\" content=\"https:\/\/wortie.com\/no\/produkt\/wortie-freeze-pro\/\" \/>\n<meta property=\"og:site_name\" content=\"Wortie\" \/>\n<meta property=\"article:modified_time\" content=\"2025-09-08T09:58:14+00:00\" \/>\n<meta property=\"og:image\" content=\"https:\/\/wortie.com\/app\/uploads\/sites\/5\/2024\/01\/wortie-freeze-pro-s-1.png\" \/>\n\t<meta property=\"og:image:width\" content=\"700\" \/>\n\t<meta property=\"og:image:height\" content=\"700\" \/>\n\t<meta property=\"og:image:type\" content=\"image\/png\" \/>\n<meta name=\"twitter:card\" content=\"summary_large_image\" \/>\n<meta name=\"twitter:label1\" content=\"Ansl. lesetid\" \/>\n\t<meta name=\"twitter:data1\" content=\"4 minutter\" \/>\n<script type=\"application\/ld+json\" class=\"yoast-schema-graph\">{\"@context\":\"https:\/\/schema.org\",\"@graph\":[{\"@type\":\"WebPage\",\"@id\":\"https:\/\/wortie.com\/no\/produkt\/wortie-freeze-pro\/\",\"url\":\"https:\/\/wortie.com\/no\/produkt\/wortie-freeze-pro\/\",\"name\":\"Wortie Freeze Pro - Wortie\",\"isPartOf\":{\"@id\":\"https:\/\/wortie.com\/no\/#website\"},\"primaryImageOfPage\":{\"@id\":\"https:\/\/wortie.com\/no\/produkt\/wortie-freeze-pro\/#primaryimage\"},\"image\":{\"@id\":\"https:\/\/wortie.com\/no\/produkt\/wortie-freeze-pro\/#primaryimage\"},\"thumbnailUrl\":\"https:\/\/wortie.com\/app\/uploads\/sites\/5\/2024\/01\/wortie-freeze-pro-s-1.png\",\"datePublished\":\"2024-01-10T07:45:10+00:00\",\"dateModified\":\"2025-09-08T09:58:14+00:00\",\"description\":\"Brukervennlig frysebehandling mot de t\u00f8ffeste vortene. Egnet fra 4-\u00e5rsalderen.\",\"breadcrumb\":{\"@id\":\"https:\/\/wortie.com\/no\/produkt\/wortie-freeze-pro\/#breadcrumb\"},\"inLanguage\":\"nb-NO\",\"potentialAction\":[{\"@type\":\"ReadAction\",\"target\":[\"https:\/\/wortie.com\/no\/produkt\/wortie-freeze-pro\/\"]}]},{\"@type\":\"ImageObject\",\"inLanguage\":\"nb-NO\",\"@id\":\"https:\/\/wortie.com\/no\/produkt\/wortie-freeze-pro\/#primaryimage\",\"url\":\"https:\/\/wortie.com\/app\/uploads\/sites\/5\/2024\/01\/wortie-freeze-pro-s-1.png\",\"contentUrl\":\"https:\/\/wortie.com\/app\/uploads\/sites\/5\/2024\/01\/wortie-freeze-pro-s-1.png\",\"width\":700,\"height\":700,\"caption\":\"Wortie Freeze Pro\"},{\"@type\":\"BreadcrumbList\",\"@id\":\"https:\/\/wortie.com\/no\/produkt\/wortie-freeze-pro\/#breadcrumb\",\"itemListElement\":[{\"@type\":\"ListItem\",\"position\":1,\"name\":\"Home\",\"item\":\"https:\/\/wortie.com\/no\/\"},{\"@type\":\"ListItem\",\"position\":2,\"name\":\"Produkter\",\"item\":\"https:\/\/wortie.com\/no\/produkter\/\"},{\"@type\":\"ListItem\",\"position\":3,\"name\":\"Wortie Freeze Pro\"}]},{\"@type\":\"WebSite\",\"@id\":\"https:\/\/wortie.com\/no\/#website\",\"url\":\"https:\/\/wortie.com\/no\/\",\"name\":\"Wortie\",\"description\":\"\",\"publisher\":{\"@id\":\"https:\/\/wortie.com\/no\/#organization\"},\"potentialAction\":[{\"@type\":\"SearchAction\",\"target\":{\"@type\":\"EntryPoint\",\"urlTemplate\":\"https:\/\/wortie.com\/no\/?s={search_term_string}\"},\"query-input\":{\"@type\":\"PropertyValueSpecification\",\"valueRequired\":true,\"valueName\":\"search_term_string\"}}],\"inLanguage\":\"nb-NO\"},{\"@type\":\"Organization\",\"@id\":\"https:\/\/wortie.com\/no\/#organization\",\"name\":\"Wortie\",\"url\":\"https:\/\/wortie.com\/no\/\",\"logo\":{\"@type\":\"ImageObject\",\"inLanguage\":\"nb-NO\",\"@id\":\"https:\/\/wortie.com\/no\/#\/schema\/logo\/image\/\",\"url\":\"https:\/\/wortie.com\/app\/uploads\/sites\/5\/2022\/07\/wortie-logotype.png\",\"contentUrl\":\"https:\/\/wortie.com\/app\/uploads\/sites\/5\/2022\/07\/wortie-logotype.png\",\"width\":116,\"height\":40,\"caption\":\"Wortie\"},\"image\":{\"@id\":\"https:\/\/wortie.com\/no\/#\/schema\/logo\/image\/\"}}]}<\/script>\n<!-- \/ Yoast SEO plugin. -->","yoast_head_json":{"title":"Wortie Freeze Pro - Wortie","description":"Brukervennlig frysebehandling mot de t\u00f8ffeste vortene. Egnet fra 4-\u00e5rsalderen.","robots":{"index":"index","follow":"follow","max-snippet":"max-snippet:-1","max-image-preview":"max-image-preview:large","max-video-preview":"max-video-preview:-1"},"canonical":"https:\/\/wortie.com\/no\/produkt\/wortie-freeze-pro\/","og_locale":"nb_NO","og_type":"article","og_title":"Wortie Freeze Pro - Wortie","og_description":"Brukervennlig frysebehandling mot de t\u00f8ffeste vortene. Egnet fra 4-\u00e5rsalderen.","og_url":"https:\/\/wortie.com\/no\/produkt\/wortie-freeze-pro\/","og_site_name":"Wortie","article_modified_time":"2025-09-08T09:58:14+00:00","og_image":[{"width":700,"height":700,"url":"https:\/\/wortie.com\/app\/uploads\/sites\/5\/2024\/01\/wortie-freeze-pro-s-1.png","type":"image\/png"}],"twitter_card":"summary_large_image","twitter_misc":{"Ansl. lesetid":"4 minutter"},"schema":{"@context":"https:\/\/schema.org","@graph":[{"@type":"WebPage","@id":"https:\/\/wortie.com\/no\/produkt\/wortie-freeze-pro\/","url":"https:\/\/wortie.com\/no\/produkt\/wortie-freeze-pro\/","name":"Wortie Freeze Pro - Wortie","isPartOf":{"@id":"https:\/\/wortie.com\/no\/#website"},"primaryImageOfPage":{"@id":"https:\/\/wortie.com\/no\/produkt\/wortie-freeze-pro\/#primaryimage"},"image":{"@id":"https:\/\/wortie.com\/no\/produkt\/wortie-freeze-pro\/#primaryimage"},"thumbnailUrl":"https:\/\/wortie.com\/app\/uploads\/sites\/5\/2024\/01\/wortie-freeze-pro-s-1.png","datePublished":"2024-01-10T07:45:10+00:00","dateModified":"2025-09-08T09:58:14+00:00","description":"Brukervennlig frysebehandling mot de t\u00f8ffeste vortene. Egnet fra 4-\u00e5rsalderen.","breadcrumb":{"@id":"https:\/\/wortie.com\/no\/produkt\/wortie-freeze-pro\/#breadcrumb"},"inLanguage":"nb-NO","potentialAction":[{"@type":"ReadAction","target":["https:\/\/wortie.com\/no\/produkt\/wortie-freeze-pro\/"]}]},{"@type":"ImageObject","inLanguage":"nb-NO","@id":"https:\/\/wortie.com\/no\/produkt\/wortie-freeze-pro\/#primaryimage","url":"https:\/\/wortie.com\/app\/uploads\/sites\/5\/2024\/01\/wortie-freeze-pro-s-1.png","contentUrl":"https:\/\/wortie.com\/app\/uploads\/sites\/5\/2024\/01\/wortie-freeze-pro-s-1.png","width":700,"height":700,"caption":"Wortie Freeze Pro"},{"@type":"BreadcrumbList","@id":"https:\/\/wortie.com\/no\/produkt\/wortie-freeze-pro\/#breadcrumb","itemListElement":[{"@type":"ListItem","position":1,"name":"Home","item":"https:\/\/wortie.com\/no\/"},{"@type":"ListItem","position":2,"name":"Produkter","item":"https:\/\/wortie.com\/no\/produkter\/"},{"@type":"ListItem","position":3,"name":"Wortie Freeze Pro"}]},{"@type":"WebSite","@id":"https:\/\/wortie.com\/no\/#website","url":"https:\/\/wortie.com\/no\/","name":"Wortie","description":"","publisher":{"@id":"https:\/\/wortie.com\/no\/#organization"},"potentialAction":[{"@type":"SearchAction","target":{"@type":"EntryPoint","urlTemplate":"https:\/\/wortie.com\/no\/?s={search_term_string}"},"query-input":{"@type":"PropertyValueSpecification","valueRequired":true,"valueName":"search_term_string"}}],"inLanguage":"nb-NO"},{"@type":"Organization","@id":"https:\/\/wortie.com\/no\/#organization","name":"Wortie","url":"https:\/\/wortie.com\/no\/","logo":{"@type":"ImageObject","inLanguage":"nb-NO","@id":"https:\/\/wortie.com\/no\/#\/schema\/logo\/image\/","url":"https:\/\/wortie.com\/app\/uploads\/sites\/5\/2022\/07\/wortie-logotype.png","contentUrl":"https:\/\/wortie.com\/app\/uploads\/sites\/5\/2022\/07\/wortie-logotype.png","width":116,"height":40,"caption":"Wortie"},"image":{"@id":"https:\/\/wortie.com\/no\/#\/schema\/logo\/image\/"}}]}},"_links":{"self":[{"href":"https:\/\/wortie.com\/no\/wp-json\/wp\/v2\/product\/233","targetHints":{"allow":["GET"]}}],"collection":[{"href":"https:\/\/wortie.com\/no\/wp-json\/wp\/v2\/product"}],"about":[{"href":"https:\/\/wortie.com\/no\/wp-json\/wp\/v2\/types\/product"}],"replies":[{"embeddable":true,"href":"https:\/\/wortie.com\/no\/wp-json\/wp\/v2\/comments?post=233"}],"version-history":[{"count":10,"href":"https:\/\/wortie.com\/no\/wp-json\/wp\/v2\/product\/233\/revisions"}],"predecessor-version":[{"id":277,"href":"https:\/\/wortie.com\/no\/wp-json\/wp\/v2\/product\/233\/revisions\/277"}],"wp:featuredmedia":[{"embeddable":true,"href":"https:\/\/wortie.com\/no\/wp-json\/wp\/v2\/media\/258"}],"wp:attachment":[{"href":"https:\/\/wortie.com\/no\/wp-json\/wp\/v2\/media?parent=233"}],"wp:term":[{"taxonomy":"product_brand","embeddable":true,"href":"https:\/\/wortie.com\/no\/wp-json\/wp\/v2\/product_brand?post=233"},{"taxonomy":"product_cat","embeddable":true,"href":"https:\/\/wortie.com\/no\/wp-json\/wp\/v2\/product_cat?post=233"},{"taxonomy":"product_tag","embeddable":true,"href":"https:\/\/wortie.com\/no\/wp-json\/wp\/v2\/product_tag?post=233"}],"curies":[{"name":"wp","href":"https:\/\/api.w.org\/{rel}","templated":true}]}}