{"id":72,"date":"2022-07-07T09:17:46","date_gmt":"2022-07-07T07:17:46","guid":{"rendered":"https:\/\/wortie.com\/no\/?post_type=product&#038;p=72"},"modified":"2025-09-08T11:58:21","modified_gmt":"2025-09-08T09:58:21","slug":"wortie-freeze","status":"publish","type":"product","link":"https:\/\/wortie.com\/no\/produkt\/wortie-freeze\/","title":{"rendered":"Wortie\u00a0Freeze"},"content":{"rendered":"\n<div class=\"wp-block-karopharma-accordions is-style-secondary\"><div class=\"container\">\n<details class=\"wp-block-karopharma-accordion\"><summary><h2 class=\"accordion-title\">Brukerveiledning<\/h2><\/summary><div class=\"accordion-content\">\n<section class=\"wp-block-karopharma-videos videos undefined\"><div class=\"videos-wrapper\">\n<div class=\"wp-block-karopharma-video\"><div class=\"video-wrapper\"><iframe loading=\"lazy\" frameborder=\"0\" allowfullscreen allow=\"accelerometer; encrypted-media; gyroscope; picture-in-picture\" data-src=\"https:\/\/www.youtube.com\/embed\/QNb-20U-SKE?autoplay=1\"><\/iframe><picture><source media=\"(max-width: 550px)\" srcset=\"https:\/\/img.youtube.com\/vi\/QNb-20U-SKE\/mqdefault.jpg\"\/><source media=\"(max-width: 800px)\" srcset=\"https:\/\/img.youtube.com\/vi\/QNb-20U-SKE\/hqdefault.jpg\"\/><img decoding=\"async\" width=\"1280\" height=\"720\" loading=\"lazy\" src=\"https:\/\/img.youtube.com\/vi\/QNb-20U-SKE\/maxresdefault.jpg\" alt=\"Embedded YouTube video player thumbnail\"\/><\/picture><div class=\"video-trigger group\"><div class=\"video-trigger__circle group-hover:opacity-[85%]\"><svg width=\"14\" height=\"16\" viewbox=\"0 0 14 16\" fill=\"none\" xmlns=\"http:\/\/www.w3.org\/2000\/svg\"><path d=\"M13.2625 6.70935L2.2625 0.206225C1.36875 -0.3219 0 0.1906 0 1.49685V14.5C0 15.6719 1.27188 16.3781 2.2625 15.7906L13.2625 9.2906C14.2437 8.71248 14.2469 7.28748 13.2625 6.70935V6.70935Z\" fill=\"white\"><\/path><\/svg><\/div><\/div><\/div><\/div>\n<\/div><\/section>\n\n\n\n<div class=\"wp-block-karopharma-several-images-with-text several-images-with-text\"><div class=\"container large col-1 content-align-none\" test-data=\"inner-content\">\n<section class=\"wp-block-karopharma-image-with-text image-with-text image-with-text__full-width\"><div class=\"image-with-text-container \"><div class=\"image-with-text-container-image-container\"><img decoding=\"async\" loading=\"lazy\" src=\"https:\/\/wortie.com\/cdn-cgi\/image\/format=auto\/app\/uploads\/sites\/5\/2022\/07\/instruction_wortie_1.png\" alt=\"\"\/><\/div><div class=\"image-with-text-container-content\" style=\"text-align:left\" data-test=\"content\"><div class=\"content\"><p class=\"body\" data-test=\"body\">Sett applikatoren oppreist for eksempel p\u00e5 et bord og l\u00f8ft lokket.<\/p>\n<div class=\"wp-block-buttons is-layout-flex wp-block-buttons-is-layout-flex\"><\/div>\n<\/div><\/div><\/div><\/section>\n\n\n\n<section class=\"wp-block-karopharma-image-with-text image-with-text image-with-text__full-width\"><div class=\"image-with-text-container \"><div class=\"image-with-text-container-image-container\"><img decoding=\"async\" loading=\"lazy\" src=\"https:\/\/wortie.com\/cdn-cgi\/image\/format=auto\/app\/uploads\/sites\/5\/2022\/07\/instruction_wortie_2.png\" alt=\"\"\/><\/div><div class=\"image-with-text-container-content\" style=\"text-align:left\" data-test=\"content\"><div class=\"content\"><p class=\"body\" data-test=\"body\">Vri lokket slik at det peker mot fryseikonet. Trykk deretter lokket ned i 3 sekunder.<\/p>\n<div class=\"wp-block-buttons is-layout-flex wp-block-buttons-is-layout-flex\"><\/div>\n<\/div><\/div><\/div><\/section>\n\n\n\n<section class=\"wp-block-karopharma-image-with-text image-with-text image-with-text__full-width\"><div class=\"image-with-text-container \"><div class=\"image-with-text-container-image-container\"><img decoding=\"async\" loading=\"lazy\" src=\"https:\/\/wortie.com\/cdn-cgi\/image\/format=auto\/app\/uploads\/sites\/5\/2022\/07\/instruction_wortie_3.png\" alt=\"\"\/><\/div><div class=\"image-with-text-container-content\" style=\"text-align:left\" data-test=\"content\"><div class=\"content\"><p class=\"body\" data-test=\"body\">Trykk lokket ned i 3 sekunder. Den er ladet og klar n\u00e5r du h\u00f8rer en susende lyd.<\/p>\n<div class=\"wp-block-buttons is-layout-flex wp-block-buttons-is-layout-flex\"><\/div>\n<\/div><\/div><\/div><\/section>\n\n\n\n<section class=\"wp-block-karopharma-image-with-text image-with-text image-with-text__full-width\"><div class=\"image-with-text-container \"><div class=\"image-with-text-container-image-container\"><img decoding=\"async\" loading=\"lazy\" src=\"https:\/\/wortie.com\/cdn-cgi\/image\/format=auto\/app\/uploads\/sites\/5\/2022\/07\/instruction_wortie_4.png\" alt=\"\"\/><\/div><div class=\"image-with-text-container-content\" style=\"text-align:left\" data-test=\"content\"><div class=\"content\"><p class=\"body\" data-test=\"body\">N\u00e5r tuppen er fryst, trykk den mot vorten og hold rolig. 20 sekunder hvis vorten er p\u00e5 h\u00e5nden, 40 sekunder hvis den sitter p\u00e5 foten.<\/p>\n<div class=\"wp-block-buttons is-layout-flex wp-block-buttons-is-layout-flex\"><\/div>\n<\/div><\/div><\/div><\/section>\n<\/div><\/div>\n<\/div><\/details>\n\n\n\n<details class=\"wp-block-karopharma-accordion\"><summary><h2 class=\"accordion-title\">Hvordan virker Wortie?<\/h2><\/summary><div class=\"accordion-content\">\n<p>Wortie fryser n\u00f8yaktig vorten eller fotvorten i kjernen, gjennom sin unike presisjonstupp, som resulterer i at vorten faller av. Den runde spissen p\u00e5 Wortie\u00b4s kryo-tupp f\u00f8rer n\u00f8yaktig behandlingen ned i vorten eller fotvorten, uten \u00e5 skade omkringliggende hud, som resulterer i en p\u00e5f\u00f8ring med mindre smerte.<\/p>\n<\/div><\/details>\n\n\n\n<details class=\"wp-block-karopharma-accordion\"><summary><h2 class=\"accordion-title\">Er Wortie sikker \u00e5 bruke p\u00e5 barn?<\/h2><\/summary><div class=\"accordion-content\">\n<p>JA, Wortie er sikker \u00e5 bruke p\u00e5 barn over 4 \u00e5r.<\/p>\n\n\n\n<p>Takket v\u00e6re den unike utformingen av Wortie, gj\u00f8res behandlingen raskere og oppleves som mindre \u201dskremmende\u201d for barn. Wortie fryser presist p\u00e5 vorten uten at frysegassen som er i flasker kommer i kontakt med huden. Da frysingen skjer med en frysestift kan man enkelt ha kontroll p\u00e5 behandlingen gjennom \u00e5 \u00f8ke eller minske trykket mot h\u00e5nd\/fotvorten. \u00d8kt trykk mot vorten inneb\u00e6rer at en st\u00f8rre del av frysestiften kommer i kontakt med huden, som ogs\u00e5 \u00f8ker omr\u00e5det man fryser. Trykker man kun lett s\u00e5 minsker omr\u00e5det man fryser. Dette gj\u00f8r det effektivt \u00e5 behandle b\u00e5de sm\u00e5 og store h\u00e5nd\/fotvorter.<\/p>\n<\/div><\/details>\n\n\n\n<details class=\"wp-block-karopharma-accordion\"><summary><h2 class=\"accordion-title\">Hvordan bruker man Wortie?<\/h2><\/summary><div class=\"accordion-content\">\n<ol class=\"is-style-default wp-block-list\"><li>Sett applikatoren oppreist for eksempel p\u00e5 et bord og l\u00f8ft lokket.<\/li><li>Vri lokket slik at det peker mot fryseikonet. Trykk deretter lokket ned i 3 sekunder.<\/li><li>Trykk lokket ned i 3 sekunder. Den er ladet og klar n\u00e5r du h\u00f8rer en susende lyd.<\/li><li>N\u00e5r tuppen er fryst, trykk den mot vorten og hold rolig. 20 sekunder hvis vorten er p\u00e5 h\u00e5nden, 40 sekunder hvis den sitter p\u00e5 foten.<\/li><\/ol>\n<\/div><\/details>\n<\/div><\/div>\n","protected":false},"excerpt":{"rendered":"<p>Den n\u00f8yaktige fryse-applikatoren gj\u00f8r det enkelt \u00e5 behandle bare vorten uten \u00e5 skade huden.<\/p>\n","protected":false},"featured_media":119,"comment_status":"closed","ping_status":"closed","template":"","meta":{"_acf_changed":false,"footnotes":""},"product_brand":[],"product_cat":[],"product_tag":[],"class_list":{"0":"post-72","1":"product","2":"type-product","3":"status-publish","4":"has-post-thumbnail","7":"first","8":"instock","9":"shipping-taxable","10":"product-type-simple"},"acf":[],"yoast_head":"<!-- This site is optimized with the Yoast SEO plugin v26.6 - https:\/\/yoast.com\/wordpress\/plugins\/seo\/ -->\n<title>Wortie\u00a0Freeze - Wortie<\/title>\n<meta name=\"description\" content=\"Den n\u00f8yaktige fryse-applikatoren gj\u00f8r det enkelt \u00e5 behandle bare vorten uten \u00e5 skade huden.\" \/>\n<meta name=\"robots\" content=\"index, follow, max-snippet:-1, max-image-preview:large, max-video-preview:-1\" \/>\n<link rel=\"canonical\" href=\"https:\/\/wortie.com\/no\/produkt\/wortie-freeze\/\" \/>\n<meta property=\"og:locale\" content=\"nb_NO\" \/>\n<meta property=\"og:type\" content=\"article\" \/>\n<meta property=\"og:title\" content=\"Wortie\u00a0Freeze - Wortie\" \/>\n<meta property=\"og:description\" content=\"Den n\u00f8yaktige fryse-applikatoren gj\u00f8r det enkelt \u00e5 behandle bare vorten uten \u00e5 skade huden.\" \/>\n<meta property=\"og:url\" content=\"https:\/\/wortie.com\/no\/produkt\/wortie-freeze\/\" \/>\n<meta property=\"og:site_name\" content=\"Wortie\" \/>\n<meta property=\"article:modified_time\" content=\"2025-09-08T09:58:21+00:00\" \/>\n<meta property=\"og:image\" content=\"https:\/\/wortie.com\/app\/uploads\/sites\/5\/2022\/07\/freeze-1.png\" \/>\n\t<meta property=\"og:image:width\" content=\"517\" \/>\n\t<meta property=\"og:image:height\" content=\"517\" \/>\n\t<meta property=\"og:image:type\" content=\"image\/png\" \/>\n<meta name=\"twitter:card\" content=\"summary_large_image\" \/>\n<meta name=\"twitter:label1\" content=\"Ansl. lesetid\" \/>\n\t<meta name=\"twitter:data1\" content=\"3 minutter\" \/>\n<script type=\"application\/ld+json\" class=\"yoast-schema-graph\">{\"@context\":\"https:\/\/schema.org\",\"@graph\":[{\"@type\":\"WebPage\",\"@id\":\"https:\/\/wortie.com\/no\/produkt\/wortie-freeze\/\",\"url\":\"https:\/\/wortie.com\/no\/produkt\/wortie-freeze\/\",\"name\":\"Wortie\u00a0Freeze - Wortie\",\"isPartOf\":{\"@id\":\"https:\/\/wortie.com\/no\/#website\"},\"primaryImageOfPage\":{\"@id\":\"https:\/\/wortie.com\/no\/produkt\/wortie-freeze\/#primaryimage\"},\"image\":{\"@id\":\"https:\/\/wortie.com\/no\/produkt\/wortie-freeze\/#primaryimage\"},\"thumbnailUrl\":\"https:\/\/wortie.com\/app\/uploads\/sites\/5\/2022\/07\/freeze-1.png\",\"datePublished\":\"2022-07-07T07:17:46+00:00\",\"dateModified\":\"2025-09-08T09:58:21+00:00\",\"description\":\"Den n\u00f8yaktige fryse-applikatoren gj\u00f8r det enkelt \u00e5 behandle bare vorten uten \u00e5 skade huden.\",\"breadcrumb\":{\"@id\":\"https:\/\/wortie.com\/no\/produkt\/wortie-freeze\/#breadcrumb\"},\"inLanguage\":\"nb-NO\",\"potentialAction\":[{\"@type\":\"ReadAction\",\"target\":[\"https:\/\/wortie.com\/no\/produkt\/wortie-freeze\/\"]}]},{\"@type\":\"ImageObject\",\"inLanguage\":\"nb-NO\",\"@id\":\"https:\/\/wortie.com\/no\/produkt\/wortie-freeze\/#primaryimage\",\"url\":\"https:\/\/wortie.com\/app\/uploads\/sites\/5\/2022\/07\/freeze-1.png\",\"contentUrl\":\"https:\/\/wortie.com\/app\/uploads\/sites\/5\/2022\/07\/freeze-1.png\",\"width\":517,\"height\":517},{\"@type\":\"BreadcrumbList\",\"@id\":\"https:\/\/wortie.com\/no\/produkt\/wortie-freeze\/#breadcrumb\",\"itemListElement\":[{\"@type\":\"ListItem\",\"position\":1,\"name\":\"Home\",\"item\":\"https:\/\/wortie.com\/no\/\"},{\"@type\":\"ListItem\",\"position\":2,\"name\":\"Produkter\",\"item\":\"https:\/\/wortie.com\/no\/produkter\/\"},{\"@type\":\"ListItem\",\"position\":3,\"name\":\"Wortie\u00a0Freeze\"}]},{\"@type\":\"WebSite\",\"@id\":\"https:\/\/wortie.com\/no\/#website\",\"url\":\"https:\/\/wortie.com\/no\/\",\"name\":\"Wortie\",\"description\":\"\",\"publisher\":{\"@id\":\"https:\/\/wortie.com\/no\/#organization\"},\"potentialAction\":[{\"@type\":\"SearchAction\",\"target\":{\"@type\":\"EntryPoint\",\"urlTemplate\":\"https:\/\/wortie.com\/no\/?s={search_term_string}\"},\"query-input\":{\"@type\":\"PropertyValueSpecification\",\"valueRequired\":true,\"valueName\":\"search_term_string\"}}],\"inLanguage\":\"nb-NO\"},{\"@type\":\"Organization\",\"@id\":\"https:\/\/wortie.com\/no\/#organization\",\"name\":\"Wortie\",\"url\":\"https:\/\/wortie.com\/no\/\",\"logo\":{\"@type\":\"ImageObject\",\"inLanguage\":\"nb-NO\",\"@id\":\"https:\/\/wortie.com\/no\/#\/schema\/logo\/image\/\",\"url\":\"https:\/\/wortie.com\/app\/uploads\/sites\/5\/2022\/07\/wortie-logotype.png\",\"contentUrl\":\"https:\/\/wortie.com\/app\/uploads\/sites\/5\/2022\/07\/wortie-logotype.png\",\"width\":116,\"height\":40,\"caption\":\"Wortie\"},\"image\":{\"@id\":\"https:\/\/wortie.com\/no\/#\/schema\/logo\/image\/\"}}]}<\/script>\n<!-- \/ Yoast SEO plugin. -->","yoast_head_json":{"title":"Wortie\u00a0Freeze - Wortie","description":"Den n\u00f8yaktige fryse-applikatoren gj\u00f8r det enkelt \u00e5 behandle bare vorten uten \u00e5 skade huden.","robots":{"index":"index","follow":"follow","max-snippet":"max-snippet:-1","max-image-preview":"max-image-preview:large","max-video-preview":"max-video-preview:-1"},"canonical":"https:\/\/wortie.com\/no\/produkt\/wortie-freeze\/","og_locale":"nb_NO","og_type":"article","og_title":"Wortie\u00a0Freeze - Wortie","og_description":"Den n\u00f8yaktige fryse-applikatoren gj\u00f8r det enkelt \u00e5 behandle bare vorten uten \u00e5 skade huden.","og_url":"https:\/\/wortie.com\/no\/produkt\/wortie-freeze\/","og_site_name":"Wortie","article_modified_time":"2025-09-08T09:58:21+00:00","og_image":[{"width":517,"height":517,"url":"https:\/\/wortie.com\/app\/uploads\/sites\/5\/2022\/07\/freeze-1.png","type":"image\/png"}],"twitter_card":"summary_large_image","twitter_misc":{"Ansl. lesetid":"3 minutter"},"schema":{"@context":"https:\/\/schema.org","@graph":[{"@type":"WebPage","@id":"https:\/\/wortie.com\/no\/produkt\/wortie-freeze\/","url":"https:\/\/wortie.com\/no\/produkt\/wortie-freeze\/","name":"Wortie\u00a0Freeze - Wortie","isPartOf":{"@id":"https:\/\/wortie.com\/no\/#website"},"primaryImageOfPage":{"@id":"https:\/\/wortie.com\/no\/produkt\/wortie-freeze\/#primaryimage"},"image":{"@id":"https:\/\/wortie.com\/no\/produkt\/wortie-freeze\/#primaryimage"},"thumbnailUrl":"https:\/\/wortie.com\/app\/uploads\/sites\/5\/2022\/07\/freeze-1.png","datePublished":"2022-07-07T07:17:46+00:00","dateModified":"2025-09-08T09:58:21+00:00","description":"Den n\u00f8yaktige fryse-applikatoren gj\u00f8r det enkelt \u00e5 behandle bare vorten uten \u00e5 skade huden.","breadcrumb":{"@id":"https:\/\/wortie.com\/no\/produkt\/wortie-freeze\/#breadcrumb"},"inLanguage":"nb-NO","potentialAction":[{"@type":"ReadAction","target":["https:\/\/wortie.com\/no\/produkt\/wortie-freeze\/"]}]},{"@type":"ImageObject","inLanguage":"nb-NO","@id":"https:\/\/wortie.com\/no\/produkt\/wortie-freeze\/#primaryimage","url":"https:\/\/wortie.com\/app\/uploads\/sites\/5\/2022\/07\/freeze-1.png","contentUrl":"https:\/\/wortie.com\/app\/uploads\/sites\/5\/2022\/07\/freeze-1.png","width":517,"height":517},{"@type":"BreadcrumbList","@id":"https:\/\/wortie.com\/no\/produkt\/wortie-freeze\/#breadcrumb","itemListElement":[{"@type":"ListItem","position":1,"name":"Home","item":"https:\/\/wortie.com\/no\/"},{"@type":"ListItem","position":2,"name":"Produkter","item":"https:\/\/wortie.com\/no\/produkter\/"},{"@type":"ListItem","position":3,"name":"Wortie\u00a0Freeze"}]},{"@type":"WebSite","@id":"https:\/\/wortie.com\/no\/#website","url":"https:\/\/wortie.com\/no\/","name":"Wortie","description":"","publisher":{"@id":"https:\/\/wortie.com\/no\/#organization"},"potentialAction":[{"@type":"SearchAction","target":{"@type":"EntryPoint","urlTemplate":"https:\/\/wortie.com\/no\/?s={search_term_string}"},"query-input":{"@type":"PropertyValueSpecification","valueRequired":true,"valueName":"search_term_string"}}],"inLanguage":"nb-NO"},{"@type":"Organization","@id":"https:\/\/wortie.com\/no\/#organization","name":"Wortie","url":"https:\/\/wortie.com\/no\/","logo":{"@type":"ImageObject","inLanguage":"nb-NO","@id":"https:\/\/wortie.com\/no\/#\/schema\/logo\/image\/","url":"https:\/\/wortie.com\/app\/uploads\/sites\/5\/2022\/07\/wortie-logotype.png","contentUrl":"https:\/\/wortie.com\/app\/uploads\/sites\/5\/2022\/07\/wortie-logotype.png","width":116,"height":40,"caption":"Wortie"},"image":{"@id":"https:\/\/wortie.com\/no\/#\/schema\/logo\/image\/"}}]}},"_links":{"self":[{"href":"https:\/\/wortie.com\/no\/wp-json\/wp\/v2\/product\/72","targetHints":{"allow":["GET"]}}],"collection":[{"href":"https:\/\/wortie.com\/no\/wp-json\/wp\/v2\/product"}],"about":[{"href":"https:\/\/wortie.com\/no\/wp-json\/wp\/v2\/types\/product"}],"replies":[{"embeddable":true,"href":"https:\/\/wortie.com\/no\/wp-json\/wp\/v2\/comments?post=72"}],"version-history":[{"count":10,"href":"https:\/\/wortie.com\/no\/wp-json\/wp\/v2\/product\/72\/revisions"}],"predecessor-version":[{"id":270,"href":"https:\/\/wortie.com\/no\/wp-json\/wp\/v2\/product\/72\/revisions\/270"}],"wp:featuredmedia":[{"embeddable":true,"href":"https:\/\/wortie.com\/no\/wp-json\/wp\/v2\/media\/119"}],"wp:attachment":[{"href":"https:\/\/wortie.com\/no\/wp-json\/wp\/v2\/media?parent=72"}],"wp:term":[{"taxonomy":"product_brand","embeddable":true,"href":"https:\/\/wortie.com\/no\/wp-json\/wp\/v2\/product_brand?post=72"},{"taxonomy":"product_cat","embeddable":true,"href":"https:\/\/wortie.com\/no\/wp-json\/wp\/v2\/product_cat?post=72"},{"taxonomy":"product_tag","embeddable":true,"href":"https:\/\/wortie.com\/no\/wp-json\/wp\/v2\/product_tag?post=72"}],"curies":[{"name":"wp","href":"https:\/\/api.w.org\/{rel}","templated":true}]}}