{"id":81,"date":"2022-07-07T09:44:48","date_gmt":"2022-07-07T07:44:48","guid":{"rendered":"https:\/\/wortie.com\/no\/?post_type=product&#038;p=81"},"modified":"2025-09-08T11:58:19","modified_gmt":"2025-09-08T09:58:19","slug":"wortie-plaster","status":"publish","type":"product","link":"https:\/\/wortie.com\/no\/produkt\/wortie-plaster\/","title":{"rendered":"Wortie\u00a0Plaster"},"content":{"rendered":"\n<div class=\"wp-block-karopharma-accordions is-style-secondary\"><div class=\"container\">\n<details class=\"wp-block-karopharma-accordion\"><summary><h2 class=\"accordion-title\">Brukerveiledning<\/h2><\/summary><div class=\"accordion-content\">\n<section class=\"wp-block-karopharma-videos videos undefined\"><div class=\"videos-wrapper\">\n<div class=\"wp-block-karopharma-video\"><div class=\"video-wrapper\"><iframe loading=\"lazy\" frameborder=\"0\" allowfullscreen allow=\"accelerometer; encrypted-media; gyroscope; picture-in-picture\" data-src=\"https:\/\/www.youtube.com\/embed\/DZkscXY5qeE?autoplay=1\"><\/iframe><picture><source media=\"(max-width: 550px)\" srcset=\"https:\/\/img.youtube.com\/vi\/DZkscXY5qeE\/mqdefault.jpg\"\/><source media=\"(max-width: 800px)\" srcset=\"https:\/\/img.youtube.com\/vi\/DZkscXY5qeE\/hqdefault.jpg\"\/><img decoding=\"async\" width=\"1280\" height=\"720\" loading=\"lazy\" src=\"https:\/\/img.youtube.com\/vi\/DZkscXY5qeE\/maxresdefault.jpg\" alt=\"Embedded YouTube video player thumbnail\"\/><\/picture><div class=\"video-trigger group\"><div class=\"video-trigger__circle group-hover:opacity-[85%]\"><svg width=\"14\" height=\"16\" viewbox=\"0 0 14 16\" fill=\"none\" xmlns=\"http:\/\/www.w3.org\/2000\/svg\"><path d=\"M13.2625 6.70935L2.2625 0.206225C1.36875 -0.3219 0 0.1906 0 1.49685V14.5C0 15.6719 1.27188 16.3781 2.2625 15.7906L13.2625 9.2906C14.2437 8.71248 14.2469 7.28748 13.2625 6.70935V6.70935Z\" fill=\"white\"><\/path><\/svg><\/div><\/div><\/div><\/div>\n<\/div><\/section>\n\n\n\n<p>La plasteret v\u00e6re p\u00e5 hele dagen eller natten (8-12 timer) og fjerner den deretter. Gjenta behandlingen hver dag\/kveld til vorten har forsvunnet helt. Hvis plasteret er st\u00f8rre enn vorten, klipper du det til riktig st\u00f8rrelse, slik at det kun dekker vortens overflate. Plasteret er enkelt \u00e5 klippe til. Anbefalt behandlingsvarighet 7-14 dager.<\/p>\n<\/div><\/details>\n<\/div><\/div>\n","protected":false},"excerpt":{"rendered":"<p>Plaster for behandle vorter. Trygg og enkel \u00e5 bruke. Passer for hele familien fra 4 \u00e5r.<\/p>\n","protected":false},"featured_media":98,"comment_status":"closed","ping_status":"closed","template":"","meta":{"_acf_changed":false,"footnotes":""},"product_brand":[],"product_cat":[],"product_tag":[],"class_list":{"0":"post-81","1":"product","2":"type-product","3":"status-publish","4":"has-post-thumbnail","7":"first","8":"instock","9":"shipping-taxable","10":"product-type-simple"},"acf":[],"yoast_head":"<!-- This site is optimized with the Yoast SEO plugin v26.6 - https:\/\/yoast.com\/wordpress\/plugins\/seo\/ -->\n<title>Wortie\u00a0Plaster - Wortie<\/title>\n<meta name=\"description\" content=\"Plaster for behandle h\u00e5nd- og fotvorter. Trygg og enkel \u00e5 bruke. Passer for hele familien fra 4 \u00e5r.\" \/>\n<meta name=\"robots\" content=\"index, follow, max-snippet:-1, max-image-preview:large, max-video-preview:-1\" \/>\n<link rel=\"canonical\" href=\"https:\/\/wortie.com\/no\/produkt\/wortie-plaster\/\" \/>\n<meta property=\"og:locale\" content=\"nb_NO\" \/>\n<meta property=\"og:type\" content=\"article\" \/>\n<meta property=\"og:title\" content=\"Wortie\u00a0Plaster - Wortie\" \/>\n<meta property=\"og:description\" content=\"Plaster for behandle h\u00e5nd- og fotvorter. Trygg og enkel \u00e5 bruke. Passer for hele familien fra 4 \u00e5r.\" \/>\n<meta property=\"og:url\" content=\"https:\/\/wortie.com\/no\/produkt\/wortie-plaster\/\" \/>\n<meta property=\"og:site_name\" content=\"Wortie\" \/>\n<meta property=\"article:modified_time\" content=\"2025-09-08T09:58:19+00:00\" \/>\n<meta property=\"og:image\" content=\"https:\/\/wortie.com\/app\/uploads\/sites\/5\/2022\/07\/wortie_plasters.png\" \/>\n\t<meta property=\"og:image:width\" content=\"517\" \/>\n\t<meta property=\"og:image:height\" content=\"517\" \/>\n\t<meta property=\"og:image:type\" content=\"image\/png\" \/>\n<meta name=\"twitter:card\" content=\"summary_large_image\" \/>\n<meta name=\"twitter:label1\" content=\"Ansl. lesetid\" \/>\n\t<meta name=\"twitter:data1\" content=\"1 minutt\" \/>\n<script type=\"application\/ld+json\" class=\"yoast-schema-graph\">{\"@context\":\"https:\/\/schema.org\",\"@graph\":[{\"@type\":\"WebPage\",\"@id\":\"https:\/\/wortie.com\/no\/produkt\/wortie-plaster\/\",\"url\":\"https:\/\/wortie.com\/no\/produkt\/wortie-plaster\/\",\"name\":\"Wortie\u00a0Plaster - Wortie\",\"isPartOf\":{\"@id\":\"https:\/\/wortie.com\/no\/#website\"},\"primaryImageOfPage\":{\"@id\":\"https:\/\/wortie.com\/no\/produkt\/wortie-plaster\/#primaryimage\"},\"image\":{\"@id\":\"https:\/\/wortie.com\/no\/produkt\/wortie-plaster\/#primaryimage\"},\"thumbnailUrl\":\"https:\/\/wortie.com\/app\/uploads\/sites\/5\/2022\/07\/wortie_plasters.png\",\"datePublished\":\"2022-07-07T07:44:48+00:00\",\"dateModified\":\"2025-09-08T09:58:19+00:00\",\"description\":\"Plaster for behandle h\u00e5nd- og fotvorter. Trygg og enkel \u00e5 bruke. Passer for hele familien fra 4 \u00e5r.\",\"breadcrumb\":{\"@id\":\"https:\/\/wortie.com\/no\/produkt\/wortie-plaster\/#breadcrumb\"},\"inLanguage\":\"nb-NO\",\"potentialAction\":[{\"@type\":\"ReadAction\",\"target\":[\"https:\/\/wortie.com\/no\/produkt\/wortie-plaster\/\"]}]},{\"@type\":\"ImageObject\",\"inLanguage\":\"nb-NO\",\"@id\":\"https:\/\/wortie.com\/no\/produkt\/wortie-plaster\/#primaryimage\",\"url\":\"https:\/\/wortie.com\/app\/uploads\/sites\/5\/2022\/07\/wortie_plasters.png\",\"contentUrl\":\"https:\/\/wortie.com\/app\/uploads\/sites\/5\/2022\/07\/wortie_plasters.png\",\"width\":517,\"height\":517},{\"@type\":\"BreadcrumbList\",\"@id\":\"https:\/\/wortie.com\/no\/produkt\/wortie-plaster\/#breadcrumb\",\"itemListElement\":[{\"@type\":\"ListItem\",\"position\":1,\"name\":\"Home\",\"item\":\"https:\/\/wortie.com\/no\/\"},{\"@type\":\"ListItem\",\"position\":2,\"name\":\"Produkter\",\"item\":\"https:\/\/wortie.com\/no\/produkter\/\"},{\"@type\":\"ListItem\",\"position\":3,\"name\":\"Wortie\u00a0Plaster\"}]},{\"@type\":\"WebSite\",\"@id\":\"https:\/\/wortie.com\/no\/#website\",\"url\":\"https:\/\/wortie.com\/no\/\",\"name\":\"Wortie\",\"description\":\"\",\"publisher\":{\"@id\":\"https:\/\/wortie.com\/no\/#organization\"},\"potentialAction\":[{\"@type\":\"SearchAction\",\"target\":{\"@type\":\"EntryPoint\",\"urlTemplate\":\"https:\/\/wortie.com\/no\/?s={search_term_string}\"},\"query-input\":{\"@type\":\"PropertyValueSpecification\",\"valueRequired\":true,\"valueName\":\"search_term_string\"}}],\"inLanguage\":\"nb-NO\"},{\"@type\":\"Organization\",\"@id\":\"https:\/\/wortie.com\/no\/#organization\",\"name\":\"Wortie\",\"url\":\"https:\/\/wortie.com\/no\/\",\"logo\":{\"@type\":\"ImageObject\",\"inLanguage\":\"nb-NO\",\"@id\":\"https:\/\/wortie.com\/no\/#\/schema\/logo\/image\/\",\"url\":\"https:\/\/wortie.com\/app\/uploads\/sites\/5\/2022\/07\/wortie-logotype.png\",\"contentUrl\":\"https:\/\/wortie.com\/app\/uploads\/sites\/5\/2022\/07\/wortie-logotype.png\",\"width\":116,\"height\":40,\"caption\":\"Wortie\"},\"image\":{\"@id\":\"https:\/\/wortie.com\/no\/#\/schema\/logo\/image\/\"}}]}<\/script>\n<!-- \/ Yoast SEO plugin. -->","yoast_head_json":{"title":"Wortie\u00a0Plaster - Wortie","description":"Plaster for behandle h\u00e5nd- og fotvorter. Trygg og enkel \u00e5 bruke. Passer for hele familien fra 4 \u00e5r.","robots":{"index":"index","follow":"follow","max-snippet":"max-snippet:-1","max-image-preview":"max-image-preview:large","max-video-preview":"max-video-preview:-1"},"canonical":"https:\/\/wortie.com\/no\/produkt\/wortie-plaster\/","og_locale":"nb_NO","og_type":"article","og_title":"Wortie\u00a0Plaster - Wortie","og_description":"Plaster for behandle h\u00e5nd- og fotvorter. Trygg og enkel \u00e5 bruke. Passer for hele familien fra 4 \u00e5r.","og_url":"https:\/\/wortie.com\/no\/produkt\/wortie-plaster\/","og_site_name":"Wortie","article_modified_time":"2025-09-08T09:58:19+00:00","og_image":[{"width":517,"height":517,"url":"https:\/\/wortie.com\/app\/uploads\/sites\/5\/2022\/07\/wortie_plasters.png","type":"image\/png"}],"twitter_card":"summary_large_image","twitter_misc":{"Ansl. lesetid":"1 minutt"},"schema":{"@context":"https:\/\/schema.org","@graph":[{"@type":"WebPage","@id":"https:\/\/wortie.com\/no\/produkt\/wortie-plaster\/","url":"https:\/\/wortie.com\/no\/produkt\/wortie-plaster\/","name":"Wortie\u00a0Plaster - Wortie","isPartOf":{"@id":"https:\/\/wortie.com\/no\/#website"},"primaryImageOfPage":{"@id":"https:\/\/wortie.com\/no\/produkt\/wortie-plaster\/#primaryimage"},"image":{"@id":"https:\/\/wortie.com\/no\/produkt\/wortie-plaster\/#primaryimage"},"thumbnailUrl":"https:\/\/wortie.com\/app\/uploads\/sites\/5\/2022\/07\/wortie_plasters.png","datePublished":"2022-07-07T07:44:48+00:00","dateModified":"2025-09-08T09:58:19+00:00","description":"Plaster for behandle h\u00e5nd- og fotvorter. Trygg og enkel \u00e5 bruke. Passer for hele familien fra 4 \u00e5r.","breadcrumb":{"@id":"https:\/\/wortie.com\/no\/produkt\/wortie-plaster\/#breadcrumb"},"inLanguage":"nb-NO","potentialAction":[{"@type":"ReadAction","target":["https:\/\/wortie.com\/no\/produkt\/wortie-plaster\/"]}]},{"@type":"ImageObject","inLanguage":"nb-NO","@id":"https:\/\/wortie.com\/no\/produkt\/wortie-plaster\/#primaryimage","url":"https:\/\/wortie.com\/app\/uploads\/sites\/5\/2022\/07\/wortie_plasters.png","contentUrl":"https:\/\/wortie.com\/app\/uploads\/sites\/5\/2022\/07\/wortie_plasters.png","width":517,"height":517},{"@type":"BreadcrumbList","@id":"https:\/\/wortie.com\/no\/produkt\/wortie-plaster\/#breadcrumb","itemListElement":[{"@type":"ListItem","position":1,"name":"Home","item":"https:\/\/wortie.com\/no\/"},{"@type":"ListItem","position":2,"name":"Produkter","item":"https:\/\/wortie.com\/no\/produkter\/"},{"@type":"ListItem","position":3,"name":"Wortie\u00a0Plaster"}]},{"@type":"WebSite","@id":"https:\/\/wortie.com\/no\/#website","url":"https:\/\/wortie.com\/no\/","name":"Wortie","description":"","publisher":{"@id":"https:\/\/wortie.com\/no\/#organization"},"potentialAction":[{"@type":"SearchAction","target":{"@type":"EntryPoint","urlTemplate":"https:\/\/wortie.com\/no\/?s={search_term_string}"},"query-input":{"@type":"PropertyValueSpecification","valueRequired":true,"valueName":"search_term_string"}}],"inLanguage":"nb-NO"},{"@type":"Organization","@id":"https:\/\/wortie.com\/no\/#organization","name":"Wortie","url":"https:\/\/wortie.com\/no\/","logo":{"@type":"ImageObject","inLanguage":"nb-NO","@id":"https:\/\/wortie.com\/no\/#\/schema\/logo\/image\/","url":"https:\/\/wortie.com\/app\/uploads\/sites\/5\/2022\/07\/wortie-logotype.png","contentUrl":"https:\/\/wortie.com\/app\/uploads\/sites\/5\/2022\/07\/wortie-logotype.png","width":116,"height":40,"caption":"Wortie"},"image":{"@id":"https:\/\/wortie.com\/no\/#\/schema\/logo\/image\/"}}]}},"_links":{"self":[{"href":"https:\/\/wortie.com\/no\/wp-json\/wp\/v2\/product\/81","targetHints":{"allow":["GET"]}}],"collection":[{"href":"https:\/\/wortie.com\/no\/wp-json\/wp\/v2\/product"}],"about":[{"href":"https:\/\/wortie.com\/no\/wp-json\/wp\/v2\/types\/product"}],"replies":[{"embeddable":true,"href":"https:\/\/wortie.com\/no\/wp-json\/wp\/v2\/comments?post=81"}],"version-history":[{"count":9,"href":"https:\/\/wortie.com\/no\/wp-json\/wp\/v2\/product\/81\/revisions"}],"predecessor-version":[{"id":269,"href":"https:\/\/wortie.com\/no\/wp-json\/wp\/v2\/product\/81\/revisions\/269"}],"wp:featuredmedia":[{"embeddable":true,"href":"https:\/\/wortie.com\/no\/wp-json\/wp\/v2\/media\/98"}],"wp:attachment":[{"href":"https:\/\/wortie.com\/no\/wp-json\/wp\/v2\/media?parent=81"}],"wp:term":[{"taxonomy":"product_brand","embeddable":true,"href":"https:\/\/wortie.com\/no\/wp-json\/wp\/v2\/product_brand?post=81"},{"taxonomy":"product_cat","embeddable":true,"href":"https:\/\/wortie.com\/no\/wp-json\/wp\/v2\/product_cat?post=81"},{"taxonomy":"product_tag","embeddable":true,"href":"https:\/\/wortie.com\/no\/wp-json\/wp\/v2\/product_tag?post=81"}],"curies":[{"name":"wp","href":"https:\/\/api.w.org\/{rel}","templated":true}]}}