{"id":42,"date":"2022-07-12T09:30:43","date_gmt":"2022-07-12T07:30:43","guid":{"rendered":"https:\/\/wortie.com\/pl\/?page_id=42"},"modified":"2026-02-23T10:39:48","modified_gmt":"2026-02-23T09:39:48","slug":"faq","status":"publish","type":"page","link":"https:\/\/wortie.com\/pl\/faq\/","title":{"rendered":"FAQ"},"content":{"rendered":"\n<div class=\"wp-block-karopharma-background-image-with-text-v2 background-image-with-text-v2 undefined content-position-center fixed-height-layout\" datatest=\"root\"><div class=\"background-image-with-text-wrapper\"><picture class=\"background-image-with-text-image\"><source media=\"(max-width: 560px)\" srcset=\"https:\/\/wortie.com\/cdn-cgi\/image\/format=auto,width=560\/app\/uploads\/sites\/9\/2023\/02\/czp.jpg\"\/><source media=\"(max-width: 800px)\" srcset=\"https:\/\/wortie.com\/cdn-cgi\/image\/format=auto,width=800\/app\/uploads\/sites\/9\/2023\/02\/czp.jpg\"\/><source media=\"(max-width: 1920px)\" srcset=\"https:\/\/wortie.com\/cdn-cgi\/image\/format=auto,width=1920\/app\/uploads\/sites\/9\/2023\/02\/czp.jpg\"\/><img decoding=\"async\" width=\"1920\" height=\"747\" datatest=\"background-image\" loading=\"lazy\" class=\"object-top object-cover\" src=\"https:\/\/wortie.com\/cdn-cgi\/image\/format=auto\/app\/uploads\/sites\/9\/2023\/02\/czp.jpg\" alt=\"czp\"\/><\/picture><div datatest=\"content-wrapper\" class=\"background-image-with-text-content-wrapper container max-w-large text-alignment-left  pt-large pb-large\"><div class=\"content\"><h1 datatest=\"heading\" class=\"\">Cz\u0119sto zadawane pytania<\/h1>\n<div class=\"wp-block-buttons is-layout-flex wp-block-buttons-is-layout-flex\"><\/div>\n<\/div><\/div><\/div><\/div>\n\n\n\n<div class=\"wp-block-karopharma-accordions\"><div class=\"container\">\n<details class=\"wp-block-karopharma-accordion\"><summary><h2 class=\"accordion-title\">Jak dzia\u0142a Wortie?<\/h2><\/summary><div class=\"accordion-content\">\n<p>Wortie dzi\u0119ki wyj\u0105tkowej, precyzyjnej ko\u0144c\u00f3wce zamra\u017ca brodawki zwyk\u0142e i brodawki podeszwowe do rdzenia, zapewniaj\u0105c skuteczne ich usuni\u0119cie.<\/p>\n\n\n\n<p>Kszta\u0142t precyzyjnej metalowej ko\u0144c\u00f3wki Wortie umo\u017cliwia aplikacje dok\u0142adnie na brodawk\u0119, unikaj\u0105c kontaktu z otaczaj\u0105c\u0105 j\u0105, zdrow\u0105 sk\u00f3r\u0105, co sprawia, \u017ce zabieg jest bezbolesny.<\/p>\n<\/div><\/details>\n\n\n\n<details class=\"wp-block-karopharma-accordion\"><summary><h2 class=\"accordion-title\">Jaki jest sk\u0142ad Wortie?<\/h2><\/summary><div class=\"accordion-content\">\n<p>Eter dimetylowy (DME), gaz, kt\u00f3ry po uwolnieniu ch\u0142odzi metalow\u0105 ko\u0144c\u00f3wk\u0119 Wortie.<\/p>\n<\/div><\/details>\n\n\n\n<details class=\"wp-block-karopharma-accordion\"><summary><h2 class=\"accordion-title\">Czy Wortie jest bezpieczny dla dzieci?<\/h2><\/summary><div class=\"accordion-content\">\n<p>Wortie do usuwania brodawek i kurzajek jest bezpieczny dla dzieci, odpowiedni do stosowania od 4. roku \u017cycia.<\/p>\n\n\n\n<p>Wortie zamra\u017ca poprzez precyzyjn\u0105 metalow\u0105 ko\u0144c\u00f3wk\u0119, a si\u0142\u0119 zamra\u017cania mo\u017cna kontrolowa\u0107 przez nacisk wywierany podczas aplikacji. Wi\u0119kszy nacisk oznacza, \u017ce wi\u0119ksza cz\u0119\u015b\u0107 metalowej ko\u0144c\u00f3wk\u0119 dotyka sk\u00f3ry i zamra\u017ca wi\u0119kszy obszar.<\/p>\n\n\n\n<p>Dzi\u0119ki lekkiemu naciskowi kontakt jest zminimalizowany, co pozwala leczy\u0107 mniejsze brodawki z tak\u0105 sam\u0105 precyzj\u0105, komfortem i bezpiecze\u0144stwem.<\/p>\n<\/div><\/details>\n\n\n\n<details class=\"wp-block-karopharma-accordion\"><summary><h2 class=\"accordion-title\">Co nale\u017cy zrobi\u0107 je\u015bli brodawka nie odpadnie po jednym zabiegu?<\/h2><\/summary><div class=\"accordion-content\">\n<p>W niekt\u00f3rych przypadkach mo\u017ce pom\u00f3c namoczenie brodawki w ciep\u0142ej wodzie przez kilka minut przed u\u017cyciem produktu Wortie, aby wspom\u00f3c penetracj\u0119 zimna do zrogowacia\u0142ej sk\u00f3ry, kt\u00f3ra uformowa\u0142a si\u0119 nad ni\u0105.<\/p>\n\n\n\n<p>Je\u015bli jednak konieczne b\u0119dzie powt\u00f3rne zastosowanie leczenia, to nale\u017cy wykona\u0107 je po 14 dniach od poprzedniego u\u017cycia preparatu.<\/p>\n<\/div><\/details>\n\n\n\n<details class=\"wp-block-karopharma-accordion\"><summary><h2 class=\"accordion-title\">Sk\u0105d wiadomo, \u017ce pojemnik Wortie jest pusty?<\/h2><\/summary><div class=\"accordion-content\">\n<p>Pojemnik Wortie jest pusty je\u015bli po aktywacji metalowa ko\u0144c\u00f3wka nie b\u0119dzie zimna. Wortie wystarcza na 18 aplikacji.<\/p>\n<\/div><\/details>\n\n\n\n<details class=\"wp-block-karopharma-accordion\"><summary><h2 class=\"accordion-title\">Po jakim czasie od zastosowania Wortie do zamro\u017cenia brodawka\/kurzajka zniknie?<\/h2><\/summary><div class=\"accordion-content\">\n<p>W ci\u0105gu 10 do 14 dni brodawka zwyk\u0142a lub brodawka podeszwowa stopniowo zaniknie lub odpadnie, ods\u0142aniaj\u0105c zdrow\u0105 sk\u00f3r\u0119.<\/p>\n\n\n\n<p>Je\u015bli jednak konieczne b\u0119dzie powt\u00f3rne zastosowanie leczenia, aplikacj\u0119 nale\u017cy wykona\u0107 po 14 dniach od poprzedniego u\u017cycia preparatu.<\/p>\n<\/div><\/details>\n\n\n\n<details class=\"wp-block-karopharma-accordion\"><summary><h2 class=\"accordion-title\">Co zawiera Wortie Advanced?<\/h2><\/summary><div class=\"accordion-content\">\n<p>Pojemnik z aerozolem: eter dimetylowy.<\/p>\n\n\n\n<p>Tuba z \u017celem przewodz\u0105cym nisk\u0105 temperatur\u0119 (5 ml). <\/p>\n\n\n\n<p>6 piankowych plastr\u00f3w ochronnych.<\/p>\n<\/div><\/details>\n\n\n\n<details class=\"wp-block-karopharma-accordion\"><summary><h2 class=\"accordion-title\">Czy Wortie Advanced mo\u017cna stosowa\u0107 u dzieci?<\/h2><\/summary><div class=\"accordion-content\">\n<p>Wortie Advanced &#8211; Dla doros\u0142ych i dzieci powy\u017cej 12. roku \u017cycia.<\/p>\n<\/div><\/details>\n\n\n\n<details class=\"wp-block-karopharma-accordion\"><summary><h2 class=\"accordion-title\">Spos\u00f3b u\u017cycia Wortie Advanced<\/h2><\/summary><div class=\"accordion-content\">\n<p>Delikatnie \u015bcisn\u0105\u0107 tub\u0119 z \u017celem przewodz\u0105cym nisk\u0105 temperatur\u0119 i na\u0142o\u017cy\u0107 jedn\u0105 kropl\u0119 \u017celu dok\u0142adnie na brodawk\u0119\/kurzajk\u0119.<\/p>\n\n\n\n<ol class=\"is-style-icon wp-block-list\"><li>Postawi\u0107 pojemnik pionowo na stole lub innej p\u0142askiej powierzchni i zdj\u0105\u0107 nasadk\u0119.<\/li><li>Pozostawi\u0107 pojemnik w pozycji pionowej; nast\u0119pnie na\u0142o\u017cy\u0107 nasadk\u0119, dopasowuj\u0105c symbol strza\u0142ki na nasadce do symbolu zamra\u017cania na pojemniku.<\/li><li>Naciska\u0107 w d\u00f3\u0142 nasadk\u0119 przez 3 sekundy (NIE PRZEKRACZA\u0106 3 SEKUND). B\u0119dzie s\u0142ycha\u0107 d\u017awi\u0119k aktywacji (syk).<\/li><li>Zdj\u0105\u0107 nasadk\u0119. Precyzyjne przy\u0142o\u017cy\u0107 sch\u0142odzon\u0105 metalow\u0105 ko\u0144c\u00f3wk\u0119 do brodawki\/kurzajki na d\u0142oni przez 20 sekund, a na stopie przez 40 sekund<\/li><\/ol>\n\n\n\n<p>Je\u015bli brodawka podeszwowa jest szczeg\u00f3lnie bolesna podczas chodzenia lub je\u015bli otaczaj\u0105ca j\u0105 sk\u00f3ra jest wra\u017cliwa po zabiegu, mo\u017cna u\u017cy\u0107 ochronnych plastr\u00f3w piankowych do zabezpieczenia tego obszaru. Ostro\u017cnie odklei\u0107 piankowy plaster i przyklei\u0107 do skory, tak aby wg\u0142\u0119bienie znalaz\u0142o si\u0119 bezpo\u015brednio nad leczon\u0105 brodawk\u0105\/kurzajk\u0105.<\/p>\n<\/div><\/details>\n\n\n\n<details class=\"wp-block-karopharma-accordion\"><summary><h2 class=\"accordion-title\">Sk\u0105d wiadomo, \u017ce pojemnik jest pusty?<\/h2><\/summary><div class=\"accordion-content\">\n<p>Je\u015bli metalowa ko\u0144c\u00f3wka po aktywacji nie jest zimna oznacza to, \u017ce gaz w pojemniku si\u0119 sko\u0144czy\u0142. Opakowanie Wortie Advanced wystarcza na 18 aplikacji.<\/p>\n<\/div><\/details>\n<\/div><\/div>\n\n\n<div class=\"product-list wp-block-karopharma-product-list\" data-testid=\"product-list\">\n      <div class=\"swiper-container\">\n      <div class=\"swiper\">\n        <div class=\"swiper-wrapper\">\n                      <div class=\"swiper-slide\">\n              <div class=\"product-card\" data-testid=\"product-card\">\n  <a\n    href=https:\/\/wortie.com\/pl\/produkt\/wortie-plastry\/\n    class=\"product-card-link\"\n    title=\"Wortie\u00a0Plastry\"\n  >\n  <figure class=\"product-card-image\" data-testid=\"product-image\">\n                          <img decoding=\"async\" src=\"https:\/\/wortie.com\/cdn-cgi\/image\/width=700,format=auto\/app\/uploads\/sites\/9\/2022\/07\/Wortie-Plastry.png\"\n        srcset=\"https:\/\/wortie.com\/cdn-cgi\/image\/width=250,format=auto\/app\/uploads\/sites\/9\/2022\/07\/Wortie-Plastry.png 250w,\n                https:\/\/wortie.com\/cdn-cgi\/image\/width=500,format=auto\/app\/uploads\/sites\/9\/2022\/07\/Wortie-Plastry.png 500w,\n                https:\/\/wortie.com\/cdn-cgi\/image\/width=700,format=auto\/app\/uploads\/sites\/9\/2022\/07\/Wortie-Plastry.png 700w\"\n        sizes=\"(max-width: 400px) 250px, (max-width: 800px) 500px, 700px\"\n        alt=\"Wortie-Plastry\"\n        class=\"img\">\n            <\/figure>\n    <div class=\"product-card-content\">\n      <div class=\"heading-wrapper\">\n        <h2 class=\"heading\">Wortie\u00a0Plastry<\/h2>\n      <\/div>\n      <div class=\"product-card-description\">Bezpieczne i wygodne w u\u017cyciu. Odpowiednie dla dzieci od 4. roku \u017cycia i doros\u0142ych.<\/div>\n                      <\/div>\n  <\/a>\n      <div class=\"button-wrapper\">\n    <a\n      href=https:\/\/wortie.com\/pl\/produkt\/wortie-plastry\/\n      target=_self\n      class=\"theme-button button-primary-color rounded-button\"\n      rel=\"noopener\"\n      title=\"Czytaj wi\u0119cej\"\n    >\n       Czytaj wi\u0119cej\n    <\/a>\n<\/div>  <\/div>\n            <\/div>\n                      <div class=\"swiper-slide\">\n              <div class=\"product-card\" data-testid=\"product-card\">\n  <a\n    href=https:\/\/wortie.com\/pl\/produkt\/wortie-krioterapia\/\n    class=\"product-card-link\"\n    title=\"Wortie\u00a0Krioterapia\"\n  >\n  <figure class=\"product-card-image\" data-testid=\"product-image\">\n                          <img decoding=\"async\" src=\"https:\/\/wortie.com\/cdn-cgi\/image\/width=700,format=auto\/app\/uploads\/sites\/9\/2022\/07\/Wortie-Krioterapia-1.png\"\n        srcset=\"https:\/\/wortie.com\/cdn-cgi\/image\/width=250,format=auto\/app\/uploads\/sites\/9\/2022\/07\/Wortie-Krioterapia-1.png 250w,\n                https:\/\/wortie.com\/cdn-cgi\/image\/width=500,format=auto\/app\/uploads\/sites\/9\/2022\/07\/Wortie-Krioterapia-1.png 500w,\n                https:\/\/wortie.com\/cdn-cgi\/image\/width=700,format=auto\/app\/uploads\/sites\/9\/2022\/07\/Wortie-Krioterapia-1.png 700w\"\n        sizes=\"(max-width: 400px) 250px, (max-width: 800px) 500px, 700px\"\n        alt=\"Wortie-Krioterapia\"\n        class=\"img\">\n            <\/figure>\n    <div class=\"product-card-content\">\n      <div class=\"heading-wrapper\">\n        <h2 class=\"heading\">Wortie\u00a0Krioterapia<\/h2>\n      <\/div>\n      <div class=\"product-card-description\">Skuteczny ju\u017c po 1 aplikacji. Odpowiedni dla dzieci od 4. roku \u017cycia i doros\u0142ych.<\/div>\n                      <\/div>\n  <\/a>\n      <div class=\"button-wrapper\">\n    <a\n      href=https:\/\/wortie.com\/pl\/produkt\/wortie-krioterapia\/\n      target=_self\n      class=\"theme-button button-primary-color rounded-button\"\n      rel=\"noopener\"\n      title=\"Czytaj wi\u0119cej\"\n    >\n       Czytaj wi\u0119cej\n    <\/a>\n<\/div>  <\/div>\n            <\/div>\n                  <\/div>\n        <div class=\"swiper-scrollbar\"><\/div>\n      <\/div>\n    <\/div>\n  <\/div>\n","protected":false},"excerpt":{"rendered":"","protected":false},"author":3,"featured_media":0,"parent":0,"menu_order":0,"comment_status":"closed","ping_status":"closed","template":"","meta":{"_acf_changed":false,"footnotes":""},"from-article-database":[],"class_list":["post-42","page","type-page","status-publish","hentry"],"acf":[],"yoast_head":"<!-- This site is optimized with the Yoast SEO plugin v26.6 - https:\/\/yoast.com\/wordpress\/plugins\/seo\/ -->\n<title>FAQ - Wortie<\/title>\n<meta name=\"description\" content=\"Jak dzia\u0142a Wortie? Jaki jest sk\u0142ad Wortie? Jaki jest sk\u0142ad Wortie? Czy Wortie jest bezpieczny dla dzieci?\" \/>\n<meta name=\"robots\" content=\"index, follow, max-snippet:-1, max-image-preview:large, max-video-preview:-1\" \/>\n<link rel=\"canonical\" href=\"https:\/\/wortie.com\/pl\/faq\/\" \/>\n<meta property=\"og:locale\" content=\"pl_PL\" \/>\n<meta property=\"og:type\" content=\"article\" \/>\n<meta property=\"og:title\" content=\"FAQ - Wortie\" \/>\n<meta property=\"og:description\" content=\"Jak dzia\u0142a Wortie? Jaki jest sk\u0142ad Wortie? Jaki jest sk\u0142ad Wortie? Czy Wortie jest bezpieczny dla dzieci?\" \/>\n<meta property=\"og:url\" content=\"https:\/\/wortie.com\/pl\/faq\/\" \/>\n<meta property=\"og:site_name\" content=\"Wortie\" \/>\n<meta property=\"article:modified_time\" content=\"2026-02-23T09:39:48+00:00\" \/>\n<meta property=\"og:image\" content=\"https:\/\/wortie.com\/cdn-cgi\/image\/format=auto\/app\/uploads\/sites\/9\/2023\/02\/czp.jpg\" \/>\n<meta name=\"twitter:card\" content=\"summary_large_image\" \/>\n<meta name=\"twitter:label1\" content=\"Szacowany czas czytania\" \/>\n\t<meta name=\"twitter:data1\" content=\"3 minuty\" \/>\n<script type=\"application\/ld+json\" class=\"yoast-schema-graph\">{\"@context\":\"https:\/\/schema.org\",\"@graph\":[{\"@type\":\"WebPage\",\"@id\":\"https:\/\/wortie.com\/pl\/faq\/\",\"url\":\"https:\/\/wortie.com\/pl\/faq\/\",\"name\":\"FAQ - Wortie\",\"isPartOf\":{\"@id\":\"https:\/\/wortie.com\/pl\/#website\"},\"primaryImageOfPage\":{\"@id\":\"https:\/\/wortie.com\/pl\/faq\/#primaryimage\"},\"image\":{\"@id\":\"https:\/\/wortie.com\/pl\/faq\/#primaryimage\"},\"thumbnailUrl\":\"https:\/\/wortie.com\/cdn-cgi\/image\/format=auto\/app\/uploads\/sites\/9\/2023\/02\/czp.jpg\",\"datePublished\":\"2022-07-12T07:30:43+00:00\",\"dateModified\":\"2026-02-23T09:39:48+00:00\",\"description\":\"Jak dzia\u0142a Wortie? Jaki jest sk\u0142ad Wortie? Jaki jest sk\u0142ad Wortie? Czy Wortie jest bezpieczny dla dzieci?\",\"breadcrumb\":{\"@id\":\"https:\/\/wortie.com\/pl\/faq\/#breadcrumb\"},\"inLanguage\":\"pl-PL\",\"potentialAction\":[{\"@type\":\"ReadAction\",\"target\":[\"https:\/\/wortie.com\/pl\/faq\/\"]}]},{\"@type\":\"ImageObject\",\"inLanguage\":\"pl-PL\",\"@id\":\"https:\/\/wortie.com\/pl\/faq\/#primaryimage\",\"url\":\"https:\/\/wortie.com\/cdn-cgi\/image\/format=auto\/app\/uploads\/sites\/9\/2023\/02\/czp.jpg\",\"contentUrl\":\"https:\/\/wortie.com\/cdn-cgi\/image\/format=auto\/app\/uploads\/sites\/9\/2023\/02\/czp.jpg\"},{\"@type\":\"BreadcrumbList\",\"@id\":\"https:\/\/wortie.com\/pl\/faq\/#breadcrumb\",\"itemListElement\":[{\"@type\":\"ListItem\",\"position\":1,\"name\":\"Home\",\"item\":\"https:\/\/wortie.com\/pl\/\"},{\"@type\":\"ListItem\",\"position\":2,\"name\":\"FAQ\"}]},{\"@type\":\"WebSite\",\"@id\":\"https:\/\/wortie.com\/pl\/#website\",\"url\":\"https:\/\/wortie.com\/pl\/\",\"name\":\"Wortie\",\"description\":\"\",\"publisher\":{\"@id\":\"https:\/\/wortie.com\/pl\/#organization\"},\"potentialAction\":[{\"@type\":\"SearchAction\",\"target\":{\"@type\":\"EntryPoint\",\"urlTemplate\":\"https:\/\/wortie.com\/pl\/?s={search_term_string}\"},\"query-input\":{\"@type\":\"PropertyValueSpecification\",\"valueRequired\":true,\"valueName\":\"search_term_string\"}}],\"inLanguage\":\"pl-PL\"},{\"@type\":\"Organization\",\"@id\":\"https:\/\/wortie.com\/pl\/#organization\",\"name\":\"Wortie\",\"url\":\"https:\/\/wortie.com\/pl\/\",\"logo\":{\"@type\":\"ImageObject\",\"inLanguage\":\"pl-PL\",\"@id\":\"https:\/\/wortie.com\/pl\/#\/schema\/logo\/image\/\",\"url\":\"https:\/\/wortie.com\/app\/uploads\/sites\/9\/2022\/07\/wortie-logotype.png\",\"contentUrl\":\"https:\/\/wortie.com\/app\/uploads\/sites\/9\/2022\/07\/wortie-logotype.png\",\"width\":116,\"height\":40,\"caption\":\"Wortie\"},\"image\":{\"@id\":\"https:\/\/wortie.com\/pl\/#\/schema\/logo\/image\/\"}}]}<\/script>\n<!-- \/ Yoast SEO plugin. -->","yoast_head_json":{"title":"FAQ - Wortie","description":"Jak dzia\u0142a Wortie? Jaki jest sk\u0142ad Wortie? Jaki jest sk\u0142ad Wortie? Czy Wortie jest bezpieczny dla dzieci?","robots":{"index":"index","follow":"follow","max-snippet":"max-snippet:-1","max-image-preview":"max-image-preview:large","max-video-preview":"max-video-preview:-1"},"canonical":"https:\/\/wortie.com\/pl\/faq\/","og_locale":"pl_PL","og_type":"article","og_title":"FAQ - Wortie","og_description":"Jak dzia\u0142a Wortie? Jaki jest sk\u0142ad Wortie? Jaki jest sk\u0142ad Wortie? Czy Wortie jest bezpieczny dla dzieci?","og_url":"https:\/\/wortie.com\/pl\/faq\/","og_site_name":"Wortie","article_modified_time":"2026-02-23T09:39:48+00:00","og_image":[{"url":"https:\/\/wortie.com\/cdn-cgi\/image\/format=auto\/app\/uploads\/sites\/9\/2023\/02\/czp.jpg","type":"","width":"","height":""}],"twitter_card":"summary_large_image","twitter_misc":{"Szacowany czas czytania":"3 minuty"},"schema":{"@context":"https:\/\/schema.org","@graph":[{"@type":"WebPage","@id":"https:\/\/wortie.com\/pl\/faq\/","url":"https:\/\/wortie.com\/pl\/faq\/","name":"FAQ - Wortie","isPartOf":{"@id":"https:\/\/wortie.com\/pl\/#website"},"primaryImageOfPage":{"@id":"https:\/\/wortie.com\/pl\/faq\/#primaryimage"},"image":{"@id":"https:\/\/wortie.com\/pl\/faq\/#primaryimage"},"thumbnailUrl":"https:\/\/wortie.com\/cdn-cgi\/image\/format=auto\/app\/uploads\/sites\/9\/2023\/02\/czp.jpg","datePublished":"2022-07-12T07:30:43+00:00","dateModified":"2026-02-23T09:39:48+00:00","description":"Jak dzia\u0142a Wortie? Jaki jest sk\u0142ad Wortie? Jaki jest sk\u0142ad Wortie? Czy Wortie jest bezpieczny dla dzieci?","breadcrumb":{"@id":"https:\/\/wortie.com\/pl\/faq\/#breadcrumb"},"inLanguage":"pl-PL","potentialAction":[{"@type":"ReadAction","target":["https:\/\/wortie.com\/pl\/faq\/"]}]},{"@type":"ImageObject","inLanguage":"pl-PL","@id":"https:\/\/wortie.com\/pl\/faq\/#primaryimage","url":"https:\/\/wortie.com\/cdn-cgi\/image\/format=auto\/app\/uploads\/sites\/9\/2023\/02\/czp.jpg","contentUrl":"https:\/\/wortie.com\/cdn-cgi\/image\/format=auto\/app\/uploads\/sites\/9\/2023\/02\/czp.jpg"},{"@type":"BreadcrumbList","@id":"https:\/\/wortie.com\/pl\/faq\/#breadcrumb","itemListElement":[{"@type":"ListItem","position":1,"name":"Home","item":"https:\/\/wortie.com\/pl\/"},{"@type":"ListItem","position":2,"name":"FAQ"}]},{"@type":"WebSite","@id":"https:\/\/wortie.com\/pl\/#website","url":"https:\/\/wortie.com\/pl\/","name":"Wortie","description":"","publisher":{"@id":"https:\/\/wortie.com\/pl\/#organization"},"potentialAction":[{"@type":"SearchAction","target":{"@type":"EntryPoint","urlTemplate":"https:\/\/wortie.com\/pl\/?s={search_term_string}"},"query-input":{"@type":"PropertyValueSpecification","valueRequired":true,"valueName":"search_term_string"}}],"inLanguage":"pl-PL"},{"@type":"Organization","@id":"https:\/\/wortie.com\/pl\/#organization","name":"Wortie","url":"https:\/\/wortie.com\/pl\/","logo":{"@type":"ImageObject","inLanguage":"pl-PL","@id":"https:\/\/wortie.com\/pl\/#\/schema\/logo\/image\/","url":"https:\/\/wortie.com\/app\/uploads\/sites\/9\/2022\/07\/wortie-logotype.png","contentUrl":"https:\/\/wortie.com\/app\/uploads\/sites\/9\/2022\/07\/wortie-logotype.png","width":116,"height":40,"caption":"Wortie"},"image":{"@id":"https:\/\/wortie.com\/pl\/#\/schema\/logo\/image\/"}}]}},"_links":{"self":[{"href":"https:\/\/wortie.com\/pl\/wp-json\/wp\/v2\/pages\/42","targetHints":{"allow":["GET"]}}],"collection":[{"href":"https:\/\/wortie.com\/pl\/wp-json\/wp\/v2\/pages"}],"about":[{"href":"https:\/\/wortie.com\/pl\/wp-json\/wp\/v2\/types\/page"}],"author":[{"embeddable":true,"href":"https:\/\/wortie.com\/pl\/wp-json\/wp\/v2\/users\/3"}],"replies":[{"embeddable":true,"href":"https:\/\/wortie.com\/pl\/wp-json\/wp\/v2\/comments?post=42"}],"version-history":[{"count":7,"href":"https:\/\/wortie.com\/pl\/wp-json\/wp\/v2\/pages\/42\/revisions"}],"predecessor-version":[{"id":165,"href":"https:\/\/wortie.com\/pl\/wp-json\/wp\/v2\/pages\/42\/revisions\/165"}],"wp:attachment":[{"href":"https:\/\/wortie.com\/pl\/wp-json\/wp\/v2\/media?parent=42"}],"wp:term":[{"taxonomy":"from-article-database","embeddable":true,"href":"https:\/\/wortie.com\/pl\/wp-json\/wp\/v2\/from-article-database?post=42"}],"curies":[{"name":"wp","href":"https:\/\/api.w.org\/{rel}","templated":true}]}}