{"id":5,"date":"2022-07-08T11:11:58","date_gmt":"2022-07-08T09:11:58","guid":{"rendered":"https:\/\/wortie.com\/pl\/?page_id=5"},"modified":"2026-02-23T10:39:48","modified_gmt":"2026-02-23T09:39:48","slug":"wortie","status":"publish","type":"page","link":"https:\/\/wortie.com\/pl\/","title":{"rendered":"Wortie"},"content":{"rendered":"\n<div class=\"wp-block-group is-layout-flow wp-block-group-is-layout-flow\">\n<div class=\"wp-block-karopharma-product-promotion text-align-right pt-none pb-none bg-center bg-cover bg-no-repeat\" style=\"background-image:url(https:\/\/wortie.com\/cdn-cgi\/image\/format=auto\/app\/uploads\/sites\/2\/2022\/06\/Startpage-bg.jpg)\"><div class=\"container max-w-large\">\n<div class=\"wp-block-karopharma-product-promotion text-align-center pt-none pb-small bg-center bg-cover bg-no-repeat\" style=\"background-image:url()\"><div class=\"container max-w-medium\">\n<div class=\"wp-block-group is-layout-flow wp-block-group-is-layout-flow\">\n<figure class=\"wp-block-image size-full is-resized\"><img loading=\"lazy\" decoding=\"async\" src=\"https:\/\/wortie.com\/app\/uploads\/sites\/9\/2023\/02\/produkt-promotion.png\" alt=\"Wortie\" class=\"wp-image-130\" width=\"446\" height=\"525\" srcset=\"https:\/\/wortie.com\/app\/uploads\/sites\/9\/2023\/02\/produkt-promotion.png 594w, https:\/\/wortie.com\/app\/uploads\/sites\/9\/2023\/02\/produkt-promotion-272x320.png 272w\" sizes=\"auto, (max-width: 446px) 100vw, 446px\" \/><\/figure>\n<\/div>\n<\/div><\/div>\n\n\n\n<div class=\"wp-block-group is-layout-flow wp-block-group-is-layout-flow\">\n<h1 class=\"title is-style-heading-large wp-block-heading\">Skuteczne usuwanie brodawek i kurzajek<\/h1>\n\n\n\n<h2 class=\"heading is-style-heading-h1 wp-block-heading\"><\/h2>\n\n\n\n<ul class=\"is-style-default wp-block-list\"><li>\u0141atwa w u\u017cyciu domowa metoda leczenia<\/li><li>Skuteczna jak profesjonalne zabiegi<\/li><li>Odpowiednia dla dzieci od 4. roku \u017cycia<\/li><\/ul>\n\n\n\n<div class=\"wp-block-buttons is-layout-flex wp-block-buttons-is-layout-flex\">\n<div class=\"wp-block-button\"><a class=\"wp-block-button__link\" href=\"https:\/\/wortie.com\/pl\/produkty\/\">Wi\u0119cej informacji<\/a><\/div>\n<\/div>\n<\/div>\n<\/div><\/div>\n<\/div>\n\n\n<div class=\"product-list wp-block-karopharma-product-list\" data-testid=\"product-list\">\n      <div class=\"swiper-container\">\n      <div class=\"swiper\">\n        <div class=\"swiper-wrapper\">\n                      <div class=\"swiper-slide\">\n              <div class=\"product-card\" data-testid=\"product-card\">\n  <a\n    href=https:\/\/wortie.com\/pl\/produkt\/wortie-plastry\/\n    class=\"product-card-link\"\n    title=\"Wortie\u00a0Plastry\"\n  >\n  <figure class=\"product-card-image\" data-testid=\"product-image\">\n                          <img decoding=\"async\" src=\"https:\/\/wortie.com\/cdn-cgi\/image\/width=700,format=auto\/app\/uploads\/sites\/9\/2022\/07\/Wortie-Plastry.png\"\n        srcset=\"https:\/\/wortie.com\/cdn-cgi\/image\/width=250,format=auto\/app\/uploads\/sites\/9\/2022\/07\/Wortie-Plastry.png 250w,\n                https:\/\/wortie.com\/cdn-cgi\/image\/width=500,format=auto\/app\/uploads\/sites\/9\/2022\/07\/Wortie-Plastry.png 500w,\n                https:\/\/wortie.com\/cdn-cgi\/image\/width=700,format=auto\/app\/uploads\/sites\/9\/2022\/07\/Wortie-Plastry.png 700w\"\n        sizes=\"(max-width: 400px) 250px, (max-width: 800px) 500px, 700px\"\n        alt=\"Wortie-Plastry\"\n        class=\"img\">\n            <\/figure>\n    <div class=\"product-card-content\">\n      <div class=\"heading-wrapper\">\n        <h2 class=\"heading\">Wortie\u00a0Plastry<\/h2>\n      <\/div>\n      <div class=\"product-card-description\">Bezpieczne i wygodne w u\u017cyciu. Odpowiednie dla dzieci od 4. roku \u017cycia i doros\u0142ych.<\/div>\n                      <\/div>\n  <\/a>\n      <div class=\"button-wrapper\">\n    <a\n      href=https:\/\/wortie.com\/pl\/produkt\/wortie-plastry\/\n      target=_self\n      class=\"theme-button button-primary-color rounded-button\"\n      rel=\"noopener\"\n      title=\"Czytaj wi\u0119cej\"\n    >\n       Czytaj wi\u0119cej\n    <\/a>\n<\/div>  <\/div>\n            <\/div>\n                      <div class=\"swiper-slide\">\n              <div class=\"product-card\" data-testid=\"product-card\">\n  <a\n    href=https:\/\/wortie.com\/pl\/produkt\/wortie-krioterapia\/\n    class=\"product-card-link\"\n    title=\"Wortie\u00a0Krioterapia\"\n  >\n  <figure class=\"product-card-image\" data-testid=\"product-image\">\n                          <img decoding=\"async\" src=\"https:\/\/wortie.com\/cdn-cgi\/image\/width=700,format=auto\/app\/uploads\/sites\/9\/2022\/07\/Wortie-Krioterapia-1.png\"\n        srcset=\"https:\/\/wortie.com\/cdn-cgi\/image\/width=250,format=auto\/app\/uploads\/sites\/9\/2022\/07\/Wortie-Krioterapia-1.png 250w,\n                https:\/\/wortie.com\/cdn-cgi\/image\/width=500,format=auto\/app\/uploads\/sites\/9\/2022\/07\/Wortie-Krioterapia-1.png 500w,\n                https:\/\/wortie.com\/cdn-cgi\/image\/width=700,format=auto\/app\/uploads\/sites\/9\/2022\/07\/Wortie-Krioterapia-1.png 700w\"\n        sizes=\"(max-width: 400px) 250px, (max-width: 800px) 500px, 700px\"\n        alt=\"Wortie-Krioterapia\"\n        class=\"img\">\n            <\/figure>\n    <div class=\"product-card-content\">\n      <div class=\"heading-wrapper\">\n        <h2 class=\"heading\">Wortie\u00a0Krioterapia<\/h2>\n      <\/div>\n      <div class=\"product-card-description\">Skuteczny ju\u017c po 1 aplikacji. Odpowiedni dla dzieci od 4. roku \u017cycia i doros\u0142ych.<\/div>\n                      <\/div>\n  <\/a>\n      <div class=\"button-wrapper\">\n    <a\n      href=https:\/\/wortie.com\/pl\/produkt\/wortie-krioterapia\/\n      target=_self\n      class=\"theme-button button-primary-color rounded-button\"\n      rel=\"noopener\"\n      title=\"Czytaj wi\u0119cej\"\n    >\n       Czytaj wi\u0119cej\n    <\/a>\n<\/div>  <\/div>\n            <\/div>\n                  <\/div>\n        <div class=\"swiper-scrollbar\"><\/div>\n      <\/div>\n    <\/div>\n  <\/div>\n\n\n\n<div class=\"wp-block-karopharma-free-text pt-large pb-medium bg-center bg-cover bg-no-repeat  is-style-secondary\" style=\"background-image:url()\"><div class=\"free-text-wrapper container max-w-medium text-center\">\n<h2 class=\"is-style-heading-h2 wp-block-heading\">O brodawkach\/kurzajkach<\/h2>\n<\/div><\/div>\n\n\n\n<div class=\"wp-block-karopharma-several-images-with-text several-images-with-text is-style-secondary\"><div class=\"container large col-1 content-align-none\" test-data=\"inner-content\">\n<section class=\"wp-block-karopharma-image-with-text image-with-text image-with-text__full-width\"><div class=\"image-with-text-container \"><div class=\"image-with-text-container-image-container\"><img decoding=\"async\" loading=\"lazy\" src=\"https:\/\/wortie.com\/cdn-cgi\/image\/format=auto\/app\/uploads\/sites\/9\/2022\/07\/shutterstock_105224906.jpeg\" alt=\"\"\/><\/div><div class=\"image-with-text-container-content\" style=\"text-align:left\" data-test=\"content\"><div class=\"content\"><p class=\"body\" data-test=\"body\"><strong>Co to s\u0105 brodawki zwyk\u0142e?<br><\/strong><br>Brodawki to niewielkie naro\u015bla na r\u0119kach lub stopach. Wygl\u0105daj\u0105 jak twardy p\u0119cherz lub przypominaj\u0105 ma\u0142y kalafior. Maj\u0105 szorstk\u0105 powierzchni\u0119. Brodawki s\u0105 cz\u0119sto koloru sk\u00f3ry i szorstkie, ale mog\u0105 r\u00f3wnie\u017c by\u0107 ciemne, br\u0105zowe lub szaro-czarne, p\u0142askie, brodawkowate i g\u0142adkie.<\/p>\n<div class=\"wp-block-buttons is-layout-flex wp-block-buttons-is-layout-flex\"><\/div>\n<\/div><\/div><\/div><\/section>\n\n\n\n<section class=\"wp-block-karopharma-image-with-text image-with-text image-with-text__full-width\"><div class=\"image-with-text-container \"><div class=\"image-with-text-container-image-container\"><img decoding=\"async\" loading=\"lazy\" src=\"https:\/\/wortie.com\/cdn-cgi\/image\/format=auto\/app\/uploads\/sites\/9\/2022\/07\/hand-feet.jpeg\" alt=\"\"\/><\/div><div class=\"image-with-text-container-content\" style=\"text-align:left\" data-test=\"content\"><div class=\"content\"><p class=\"body\" data-test=\"body\"><strong>Leczenie brodawek u dzieci<\/strong><br><br>Do usuwania brodawek u dzieci w pierwszej kolejno\u015bci nale\u017cy wybra\u0107 metody bezpieczne, \u0142atwe i bezbolesne. Wortie do usuwania brodawek i kurzajek jest odpowiedni dla dzieci w wieku od 4. roku \u017cycia (4+).<\/p>\n<div class=\"wp-block-buttons is-layout-flex wp-block-buttons-is-layout-flex\"><\/div>\n<\/div><\/div><\/div><\/section>\n<\/div><\/div>\n","protected":false},"excerpt":{"rendered":"","protected":false},"author":2,"featured_media":0,"parent":0,"menu_order":0,"comment_status":"closed","ping_status":"closed","template":"","meta":{"_acf_changed":false,"footnotes":""},"from-article-database":[],"class_list":["post-5","page","type-page","status-publish","hentry"],"acf":[],"yoast_head":"<!-- This site is optimized with the Yoast SEO plugin v26.6 - https:\/\/yoast.com\/wordpress\/plugins\/seo\/ -->\n<title>Wortie - Wortie<\/title>\n<meta name=\"description\" content=\"Wortie dzi\u0119ki wyj\u0105tkowej, precyzyjnej ko\u0144c\u00f3wce zamra\u017ca brodawki zwyk\u0142e i brodawki podeszwowe do rdzenia, zapewniaj\u0105c skuteczne ich usuni\u0119cie.\" \/>\n<meta name=\"robots\" content=\"index, follow, max-snippet:-1, max-image-preview:large, max-video-preview:-1\" \/>\n<link rel=\"canonical\" href=\"https:\/\/wortie.com\/pl\/\" \/>\n<meta property=\"og:locale\" content=\"pl_PL\" \/>\n<meta property=\"og:type\" content=\"article\" \/>\n<meta property=\"og:title\" content=\"Wortie - Wortie\" \/>\n<meta property=\"og:description\" content=\"Wortie dzi\u0119ki wyj\u0105tkowej, precyzyjnej ko\u0144c\u00f3wce zamra\u017ca brodawki zwyk\u0142e i brodawki podeszwowe do rdzenia, zapewniaj\u0105c skuteczne ich usuni\u0119cie.\" \/>\n<meta property=\"og:url\" content=\"https:\/\/wortie.com\/pl\/\" \/>\n<meta property=\"og:site_name\" content=\"Wortie\" \/>\n<meta property=\"article:modified_time\" content=\"2026-02-23T09:39:48+00:00\" \/>\n<meta property=\"og:image\" content=\"https:\/\/wortie.com\/app\/uploads\/sites\/9\/2023\/02\/produkt-promotion.png\" \/>\n\t<meta property=\"og:image:width\" content=\"594\" \/>\n\t<meta property=\"og:image:height\" content=\"700\" \/>\n\t<meta property=\"og:image:type\" content=\"image\/png\" \/>\n<meta name=\"twitter:card\" content=\"summary_large_image\" \/>\n<meta name=\"twitter:label1\" content=\"Szacowany czas czytania\" \/>\n\t<meta name=\"twitter:data1\" content=\"2 minuty\" \/>\n<script type=\"application\/ld+json\" class=\"yoast-schema-graph\">{\"@context\":\"https:\/\/schema.org\",\"@graph\":[{\"@type\":\"WebPage\",\"@id\":\"https:\/\/wortie.com\/pl\/\",\"url\":\"https:\/\/wortie.com\/pl\/\",\"name\":\"Wortie - Wortie\",\"isPartOf\":{\"@id\":\"https:\/\/wortie.com\/pl\/#website\"},\"primaryImageOfPage\":{\"@id\":\"https:\/\/wortie.com\/pl\/#primaryimage\"},\"image\":{\"@id\":\"https:\/\/wortie.com\/pl\/#primaryimage\"},\"thumbnailUrl\":\"https:\/\/wortie.com\/app\/uploads\/sites\/9\/2023\/02\/produkt-promotion.png\",\"datePublished\":\"2022-07-08T09:11:58+00:00\",\"dateModified\":\"2026-02-23T09:39:48+00:00\",\"description\":\"Wortie dzi\u0119ki wyj\u0105tkowej, precyzyjnej ko\u0144c\u00f3wce zamra\u017ca brodawki zwyk\u0142e i brodawki podeszwowe do rdzenia, zapewniaj\u0105c skuteczne ich usuni\u0119cie.\",\"breadcrumb\":{\"@id\":\"https:\/\/wortie.com\/pl\/#breadcrumb\"},\"inLanguage\":\"pl-PL\",\"potentialAction\":[{\"@type\":\"ReadAction\",\"target\":[\"https:\/\/wortie.com\/pl\/\"]}]},{\"@type\":\"ImageObject\",\"inLanguage\":\"pl-PL\",\"@id\":\"https:\/\/wortie.com\/pl\/#primaryimage\",\"url\":\"https:\/\/wortie.com\/app\/uploads\/sites\/9\/2023\/02\/produkt-promotion.png\",\"contentUrl\":\"https:\/\/wortie.com\/app\/uploads\/sites\/9\/2023\/02\/produkt-promotion.png\"},{\"@type\":\"BreadcrumbList\",\"@id\":\"https:\/\/wortie.com\/pl\/#breadcrumb\",\"itemListElement\":[{\"@type\":\"ListItem\",\"position\":1,\"name\":\"Home\",\"item\":\"https:\/\/wortie.com\/pl\/\"},{\"@type\":\"ListItem\",\"position\":2,\"name\":\"Wortie\"}]},{\"@type\":\"WebSite\",\"@id\":\"https:\/\/wortie.com\/pl\/#website\",\"url\":\"https:\/\/wortie.com\/pl\/\",\"name\":\"Wortie\",\"description\":\"\",\"publisher\":{\"@id\":\"https:\/\/wortie.com\/pl\/#organization\"},\"potentialAction\":[{\"@type\":\"SearchAction\",\"target\":{\"@type\":\"EntryPoint\",\"urlTemplate\":\"https:\/\/wortie.com\/pl\/?s={search_term_string}\"},\"query-input\":{\"@type\":\"PropertyValueSpecification\",\"valueRequired\":true,\"valueName\":\"search_term_string\"}}],\"inLanguage\":\"pl-PL\"},{\"@type\":\"Organization\",\"@id\":\"https:\/\/wortie.com\/pl\/#organization\",\"name\":\"Wortie\",\"url\":\"https:\/\/wortie.com\/pl\/\",\"logo\":{\"@type\":\"ImageObject\",\"inLanguage\":\"pl-PL\",\"@id\":\"https:\/\/wortie.com\/pl\/#\/schema\/logo\/image\/\",\"url\":\"https:\/\/wortie.com\/app\/uploads\/sites\/9\/2022\/07\/wortie-logotype.png\",\"contentUrl\":\"https:\/\/wortie.com\/app\/uploads\/sites\/9\/2022\/07\/wortie-logotype.png\",\"width\":116,\"height\":40,\"caption\":\"Wortie\"},\"image\":{\"@id\":\"https:\/\/wortie.com\/pl\/#\/schema\/logo\/image\/\"}}]}<\/script>\n<!-- \/ Yoast SEO plugin. -->","yoast_head_json":{"title":"Wortie - Wortie","description":"Wortie dzi\u0119ki wyj\u0105tkowej, precyzyjnej ko\u0144c\u00f3wce zamra\u017ca brodawki zwyk\u0142e i brodawki podeszwowe do rdzenia, zapewniaj\u0105c skuteczne ich usuni\u0119cie.","robots":{"index":"index","follow":"follow","max-snippet":"max-snippet:-1","max-image-preview":"max-image-preview:large","max-video-preview":"max-video-preview:-1"},"canonical":"https:\/\/wortie.com\/pl\/","og_locale":"pl_PL","og_type":"article","og_title":"Wortie - Wortie","og_description":"Wortie dzi\u0119ki wyj\u0105tkowej, precyzyjnej ko\u0144c\u00f3wce zamra\u017ca brodawki zwyk\u0142e i brodawki podeszwowe do rdzenia, zapewniaj\u0105c skuteczne ich usuni\u0119cie.","og_url":"https:\/\/wortie.com\/pl\/","og_site_name":"Wortie","article_modified_time":"2026-02-23T09:39:48+00:00","og_image":[{"width":594,"height":700,"url":"https:\/\/wortie.com\/app\/uploads\/sites\/9\/2023\/02\/produkt-promotion.png","type":"image\/png"}],"twitter_card":"summary_large_image","twitter_misc":{"Szacowany czas czytania":"2 minuty"},"schema":{"@context":"https:\/\/schema.org","@graph":[{"@type":"WebPage","@id":"https:\/\/wortie.com\/pl\/","url":"https:\/\/wortie.com\/pl\/","name":"Wortie - Wortie","isPartOf":{"@id":"https:\/\/wortie.com\/pl\/#website"},"primaryImageOfPage":{"@id":"https:\/\/wortie.com\/pl\/#primaryimage"},"image":{"@id":"https:\/\/wortie.com\/pl\/#primaryimage"},"thumbnailUrl":"https:\/\/wortie.com\/app\/uploads\/sites\/9\/2023\/02\/produkt-promotion.png","datePublished":"2022-07-08T09:11:58+00:00","dateModified":"2026-02-23T09:39:48+00:00","description":"Wortie dzi\u0119ki wyj\u0105tkowej, precyzyjnej ko\u0144c\u00f3wce zamra\u017ca brodawki zwyk\u0142e i brodawki podeszwowe do rdzenia, zapewniaj\u0105c skuteczne ich usuni\u0119cie.","breadcrumb":{"@id":"https:\/\/wortie.com\/pl\/#breadcrumb"},"inLanguage":"pl-PL","potentialAction":[{"@type":"ReadAction","target":["https:\/\/wortie.com\/pl\/"]}]},{"@type":"ImageObject","inLanguage":"pl-PL","@id":"https:\/\/wortie.com\/pl\/#primaryimage","url":"https:\/\/wortie.com\/app\/uploads\/sites\/9\/2023\/02\/produkt-promotion.png","contentUrl":"https:\/\/wortie.com\/app\/uploads\/sites\/9\/2023\/02\/produkt-promotion.png"},{"@type":"BreadcrumbList","@id":"https:\/\/wortie.com\/pl\/#breadcrumb","itemListElement":[{"@type":"ListItem","position":1,"name":"Home","item":"https:\/\/wortie.com\/pl\/"},{"@type":"ListItem","position":2,"name":"Wortie"}]},{"@type":"WebSite","@id":"https:\/\/wortie.com\/pl\/#website","url":"https:\/\/wortie.com\/pl\/","name":"Wortie","description":"","publisher":{"@id":"https:\/\/wortie.com\/pl\/#organization"},"potentialAction":[{"@type":"SearchAction","target":{"@type":"EntryPoint","urlTemplate":"https:\/\/wortie.com\/pl\/?s={search_term_string}"},"query-input":{"@type":"PropertyValueSpecification","valueRequired":true,"valueName":"search_term_string"}}],"inLanguage":"pl-PL"},{"@type":"Organization","@id":"https:\/\/wortie.com\/pl\/#organization","name":"Wortie","url":"https:\/\/wortie.com\/pl\/","logo":{"@type":"ImageObject","inLanguage":"pl-PL","@id":"https:\/\/wortie.com\/pl\/#\/schema\/logo\/image\/","url":"https:\/\/wortie.com\/app\/uploads\/sites\/9\/2022\/07\/wortie-logotype.png","contentUrl":"https:\/\/wortie.com\/app\/uploads\/sites\/9\/2022\/07\/wortie-logotype.png","width":116,"height":40,"caption":"Wortie"},"image":{"@id":"https:\/\/wortie.com\/pl\/#\/schema\/logo\/image\/"}}]}},"_links":{"self":[{"href":"https:\/\/wortie.com\/pl\/wp-json\/wp\/v2\/pages\/5","targetHints":{"allow":["GET"]}}],"collection":[{"href":"https:\/\/wortie.com\/pl\/wp-json\/wp\/v2\/pages"}],"about":[{"href":"https:\/\/wortie.com\/pl\/wp-json\/wp\/v2\/types\/page"}],"author":[{"embeddable":true,"href":"https:\/\/wortie.com\/pl\/wp-json\/wp\/v2\/users\/2"}],"replies":[{"embeddable":true,"href":"https:\/\/wortie.com\/pl\/wp-json\/wp\/v2\/comments?post=5"}],"version-history":[{"count":8,"href":"https:\/\/wortie.com\/pl\/wp-json\/wp\/v2\/pages\/5\/revisions"}],"predecessor-version":[{"id":135,"href":"https:\/\/wortie.com\/pl\/wp-json\/wp\/v2\/pages\/5\/revisions\/135"}],"wp:attachment":[{"href":"https:\/\/wortie.com\/pl\/wp-json\/wp\/v2\/media?parent=5"}],"wp:term":[{"taxonomy":"from-article-database","embeddable":true,"href":"https:\/\/wortie.com\/pl\/wp-json\/wp\/v2\/from-article-database?post=5"}],"curies":[{"name":"wp","href":"https:\/\/api.w.org\/{rel}","templated":true}]}}