{"id":63,"date":"2022-07-12T10:06:17","date_gmt":"2022-07-12T08:06:17","guid":{"rendered":"https:\/\/wortie.com\/pl\/?post_type=product&#038;p=63"},"modified":"2026-02-23T10:40:59","modified_gmt":"2026-02-23T09:40:59","slug":"wortie-krioterapia","status":"publish","type":"product","link":"https:\/\/wortie.com\/pl\/produkt\/wortie-krioterapia\/","title":{"rendered":"Wortie\u00a0Krioterapia"},"content":{"rendered":"\n<div class=\"wp-block-karopharma-accordions is-style-secondary\"><div class=\"container\">\n<details class=\"wp-block-karopharma-accordion\"><summary><h2 class=\"accordion-title\">Instrukcja u\u017cycia<\/h2><\/summary><div class=\"accordion-content\">\n<section class=\"wp-block-karopharma-videos videos undefined\"><div class=\"videos-wrapper\">\n<div class=\"wp-block-karopharma-video\"><div class=\"video-wrapper\"><iframe loading=\"lazy\" frameborder=\"0\" allowfullscreen allow=\"accelerometer; encrypted-media; gyroscope; picture-in-picture\" data-src=\"https:\/\/www.youtube.com\/embed\/hz7KMKnOWRI?autoplay=1\"><\/iframe><picture><source media=\"(max-width: 550px)\" srcset=\"https:\/\/img.youtube.com\/vi\/hz7KMKnOWRI\/mqdefault.jpg\"\/><source media=\"(max-width: 800px)\" srcset=\"https:\/\/img.youtube.com\/vi\/hz7KMKnOWRI\/hqdefault.jpg\"\/><img decoding=\"async\" width=\"1280\" height=\"720\" loading=\"lazy\" src=\"https:\/\/img.youtube.com\/vi\/hz7KMKnOWRI\/maxresdefault.jpg\" alt=\"Embedded YouTube video player thumbnail\"\/><\/picture><div class=\"video-trigger group\"><div class=\"video-trigger__circle group-hover:opacity-[85%]\"><svg width=\"14\" height=\"16\" viewbox=\"0 0 14 16\" fill=\"none\" xmlns=\"http:\/\/www.w3.org\/2000\/svg\"><path d=\"M13.2625 6.70935L2.2625 0.206225C1.36875 -0.3219 0 0.1906 0 1.49685V14.5C0 15.6719 1.27188 16.3781 2.2625 15.7906L13.2625 9.2906C14.2437 8.71248 14.2469 7.28748 13.2625 6.70935V6.70935Z\" fill=\"white\"><\/path><\/svg><\/div><\/div><\/div><\/div>\n<\/div><\/section>\n\n\n\n<div class=\"wp-block-karopharma-several-images-with-text several-images-with-text\"><div class=\"container large col-1 content-align-none\" test-data=\"inner-content\">\n<section class=\"wp-block-karopharma-image-with-text image-with-text image-with-text__full-width\"><div class=\"image-with-text-container \"><div class=\"image-with-text-container-image-container\"><img decoding=\"async\" loading=\"lazy\" src=\"https:\/\/wortie.com\/cdn-cgi\/image\/format=auto\/app\/uploads\/sites\/9\/2022\/07\/instruction_wortie_1.png\" alt=\"\"\/><\/div><div class=\"image-with-text-container-content\" style=\"text-align:left\" data-test=\"content\"><div class=\"content\"><p class=\"body\" data-test=\"body\">Postawi\u0107 pojemnik na stole lub innej r\u00f3wnej powierzchni i zdj\u0105\u0107 nasadk\u0119.<\/p>\n<div class=\"wp-block-buttons is-layout-flex wp-block-buttons-is-layout-flex\"><\/div>\n<\/div><\/div><\/div><\/section>\n\n\n\n<section class=\"wp-block-karopharma-image-with-text image-with-text image-with-text__full-width\"><div class=\"image-with-text-container \"><div class=\"image-with-text-container-image-container\"><img decoding=\"async\" loading=\"lazy\" src=\"https:\/\/wortie.com\/cdn-cgi\/image\/format=auto\/app\/uploads\/sites\/9\/2022\/07\/instruction_wortie_2.png\" alt=\"\"\/><\/div><div class=\"image-with-text-container-content\" style=\"text-align:left\" data-test=\"content\"><div class=\"content\"><p class=\"body\" data-test=\"body\">Trzymaj\u0105c pojemnik w pozycji pionowej, na\u0142o\u017cy\u0107 ponownie nasadk\u0119 tak, aby symbol strza\u0142ki znalaz\u0142 si\u0119 nad symbolem zamra\u017cania.<\/p>\n<div class=\"wp-block-buttons is-layout-flex wp-block-buttons-is-layout-flex\"><\/div>\n<\/div><\/div><\/div><\/section>\n\n\n\n<section class=\"wp-block-karopharma-image-with-text image-with-text image-with-text__full-width\"><div class=\"image-with-text-container \"><div class=\"image-with-text-container-image-container\"><img decoding=\"async\" loading=\"lazy\" src=\"https:\/\/wortie.com\/cdn-cgi\/image\/format=auto\/app\/uploads\/sites\/9\/2022\/07\/instruction_wortie_3.png\" alt=\"\"\/><\/div><div class=\"image-with-text-container-content\" style=\"text-align:left\" data-test=\"content\"><div class=\"content\"><p class=\"body\" data-test=\"body\">Nast\u0119pnie naciska\u0107 nasadk\u0119 przez 3 sekundy (nie przekracza\u0107 3 sekund). B\u0119dzie s\u0142yszalny d\u017awi\u0119k aktywacji (syk).<\/p>\n<div class=\"wp-block-buttons is-layout-flex wp-block-buttons-is-layout-flex\"><\/div>\n<\/div><\/div><\/div><\/section>\n\n\n\n<section class=\"wp-block-karopharma-image-with-text image-with-text image-with-text__full-width\"><div class=\"image-with-text-container \"><div class=\"image-with-text-container-image-container\"><img decoding=\"async\" loading=\"lazy\" src=\"https:\/\/wortie.com\/cdn-cgi\/image\/format=auto\/app\/uploads\/sites\/9\/2022\/07\/instruction_wortie_4.png\" alt=\"\"\/><\/div><div class=\"image-with-text-container-content\" style=\"text-align:left\" data-test=\"content\"><div class=\"content\"><p class=\"body\" data-test=\"body\">Zdj\u0105\u0107 nasadk\u0119 i sch\u0142odzon\u0105 metalow\u0105 ko\u0144c\u00f3wk\u0119 precyzyjnie przy\u0142o\u017cy\u0107 do kurzajki (brodawki zwyk\u0142ej na d\u0142oni) na 20 sekund, do brodawki podeszwowej (na stopie) na 40 sekund.<\/p>\n<div class=\"wp-block-buttons is-layout-flex wp-block-buttons-is-layout-flex\"><\/div>\n<\/div><\/div><\/div><\/section>\n<\/div><\/div>\n<\/div><\/details>\n\n\n\n<details class=\"wp-block-karopharma-accordion\"><summary><h2 class=\"accordion-title\">Jak dzia\u0142a Wortie?<\/h2><\/summary><div class=\"accordion-content\">\n<p>Wortie dzi\u0119ki wyj\u0105tkowej, precyzyjnej ko\u0144c\u00f3wce zamra\u017ca brodawki zwyk\u0142e i brodawki podeszwowe do rdzenia, zapewniaj\u0105c skuteczne ich usuni\u0119cie.<\/p>\n\n\n\n<p>Kszta\u0142t precyzyjnej metalowej ko\u0144c\u00f3wki Wortie umo\u017cliwia aplikacje dok\u0142adnie na brodawk\u0119, unikaj\u0105c kontaktu z otaczaj\u0105c\u0105 j\u0105, zdrow\u0105 sk\u00f3r\u0105, co sprawia, \u017ce zabieg jest bezbolesny.<\/p>\n<\/div><\/details>\n\n\n\n<details class=\"wp-block-karopharma-accordion\"><summary><h2 class=\"accordion-title\">Jaki jest sk\u0142ad Wortie?<\/h2><\/summary><div class=\"accordion-content\">\n<p>Eter dimetylowy (DME), gaz, kt\u00f3ry po uwolnieniu ch\u0142odzi metalow\u0105 ko\u0144c\u00f3wk\u0119 Wortie.<\/p>\n<\/div><\/details>\n\n\n\n<details class=\"wp-block-karopharma-accordion\"><summary><h2 class=\"accordion-title\">Czy Wortie jest bezpieczny dla dzieci?<\/h2><\/summary><div class=\"accordion-content\">\n<p>Wortie do usuwania brodawek i kurzajek jest bezpieczny dla dzieci, odpowiedni do stosowania od 4. roku \u017cycia.<\/p>\n\n\n\n<p>Wortie zamra\u017ca poprzez precyzyjn\u0105 metalow\u0105 ko\u0144c\u00f3wk\u0119, a si\u0142\u0119 zamra\u017cania mo\u017cna kontrolowa\u0107 przez nacisk wywierany podczas aplikacji. Wi\u0119kszy nacisk oznacza, \u017ce wi\u0119ksza cz\u0119\u015b\u0107 metalowej ko\u0144c\u00f3wk\u0119 dotyka sk\u00f3ry i zamra\u017ca wi\u0119kszy obszar.<\/p>\n\n\n\n<p>Dzi\u0119ki lekkiemu naciskowi kontakt jest zminimalizowany, co pozwala leczy\u0107 mniejsze brodawki z tak\u0105 sam\u0105 precyzj\u0105, komfortem i bezpiecze\u0144stwem.<\/p>\n<\/div><\/details>\n<\/div><\/div>\n","protected":false},"excerpt":{"rendered":"<p>Skuteczny ju\u017c po 1 aplikacji. Odpowiedni dla dzieci od 4. roku \u017cycia i doros\u0142ych.<\/p>\n","protected":false},"featured_media":122,"comment_status":"closed","ping_status":"closed","template":"","meta":{"_acf_changed":false,"footnotes":""},"product_brand":[],"product_cat":[],"product_tag":[],"class_list":{"0":"post-63","1":"product","2":"type-product","3":"status-publish","4":"has-post-thumbnail","7":"first","8":"instock","9":"shipping-taxable","10":"product-type-simple"},"acf":[],"yoast_head":"<!-- This site is optimized with the Yoast SEO plugin v26.6 - https:\/\/yoast.com\/wordpress\/plugins\/seo\/ -->\n<title>Wortie\u00a0Krioterapia - Wortie<\/title>\n<meta name=\"description\" content=\"Wortie\u00a0Krioterapia - Skuteczny ju\u017c po 1 aplikacji. Odpowiedni dla dzieci od 4. roku \u017cycia i doros\u0142ych.\" \/>\n<meta name=\"robots\" content=\"index, follow, max-snippet:-1, max-image-preview:large, max-video-preview:-1\" \/>\n<link rel=\"canonical\" href=\"https:\/\/wortie.com\/pl\/produkt\/wortie-krioterapia\/\" \/>\n<meta property=\"og:locale\" content=\"pl_PL\" \/>\n<meta property=\"og:type\" content=\"article\" \/>\n<meta property=\"og:title\" content=\"Wortie\u00a0Krioterapia - Wortie\" \/>\n<meta property=\"og:description\" content=\"Wortie\u00a0Krioterapia - Skuteczny ju\u017c po 1 aplikacji. Odpowiedni dla dzieci od 4. roku \u017cycia i doros\u0142ych.\" \/>\n<meta property=\"og:url\" content=\"https:\/\/wortie.com\/pl\/produkt\/wortie-krioterapia\/\" \/>\n<meta property=\"og:site_name\" content=\"Wortie\" \/>\n<meta property=\"article:modified_time\" content=\"2026-02-23T09:40:59+00:00\" \/>\n<meta property=\"og:image\" content=\"https:\/\/wortie.com\/app\/uploads\/sites\/9\/2022\/07\/Wortie-Krioterapia-1.png\" \/>\n\t<meta property=\"og:image:width\" content=\"450\" \/>\n\t<meta property=\"og:image:height\" content=\"450\" \/>\n\t<meta property=\"og:image:type\" content=\"image\/png\" \/>\n<meta name=\"twitter:card\" content=\"summary_large_image\" \/>\n<meta name=\"twitter:label1\" content=\"Szacowany czas czytania\" \/>\n\t<meta name=\"twitter:data1\" content=\"3 minuty\" \/>\n<script type=\"application\/ld+json\" class=\"yoast-schema-graph\">{\"@context\":\"https:\/\/schema.org\",\"@graph\":[{\"@type\":\"WebPage\",\"@id\":\"https:\/\/wortie.com\/pl\/produkt\/wortie-krioterapia\/\",\"url\":\"https:\/\/wortie.com\/pl\/produkt\/wortie-krioterapia\/\",\"name\":\"Wortie\u00a0Krioterapia - Wortie\",\"isPartOf\":{\"@id\":\"https:\/\/wortie.com\/pl\/#website\"},\"primaryImageOfPage\":{\"@id\":\"https:\/\/wortie.com\/pl\/produkt\/wortie-krioterapia\/#primaryimage\"},\"image\":{\"@id\":\"https:\/\/wortie.com\/pl\/produkt\/wortie-krioterapia\/#primaryimage\"},\"thumbnailUrl\":\"https:\/\/wortie.com\/app\/uploads\/sites\/9\/2022\/07\/Wortie-Krioterapia-1.png\",\"datePublished\":\"2022-07-12T08:06:17+00:00\",\"dateModified\":\"2026-02-23T09:40:59+00:00\",\"description\":\"Wortie\u00a0Krioterapia - Skuteczny ju\u017c po 1 aplikacji. Odpowiedni dla dzieci od 4. roku \u017cycia i doros\u0142ych.\",\"breadcrumb\":{\"@id\":\"https:\/\/wortie.com\/pl\/produkt\/wortie-krioterapia\/#breadcrumb\"},\"inLanguage\":\"pl-PL\",\"potentialAction\":[{\"@type\":\"ReadAction\",\"target\":[\"https:\/\/wortie.com\/pl\/produkt\/wortie-krioterapia\/\"]}]},{\"@type\":\"ImageObject\",\"inLanguage\":\"pl-PL\",\"@id\":\"https:\/\/wortie.com\/pl\/produkt\/wortie-krioterapia\/#primaryimage\",\"url\":\"https:\/\/wortie.com\/app\/uploads\/sites\/9\/2022\/07\/Wortie-Krioterapia-1.png\",\"contentUrl\":\"https:\/\/wortie.com\/app\/uploads\/sites\/9\/2022\/07\/Wortie-Krioterapia-1.png\",\"width\":450,\"height\":450,\"caption\":\"Wortie-Krioterapia\"},{\"@type\":\"BreadcrumbList\",\"@id\":\"https:\/\/wortie.com\/pl\/produkt\/wortie-krioterapia\/#breadcrumb\",\"itemListElement\":[{\"@type\":\"ListItem\",\"position\":1,\"name\":\"Home\",\"item\":\"https:\/\/wortie.com\/pl\/\"},{\"@type\":\"ListItem\",\"position\":2,\"name\":\"Produkty\",\"item\":\"https:\/\/wortie.com\/pl\/produkty\/\"},{\"@type\":\"ListItem\",\"position\":3,\"name\":\"Wortie\u00a0Krioterapia\"}]},{\"@type\":\"WebSite\",\"@id\":\"https:\/\/wortie.com\/pl\/#website\",\"url\":\"https:\/\/wortie.com\/pl\/\",\"name\":\"Wortie\",\"description\":\"\",\"publisher\":{\"@id\":\"https:\/\/wortie.com\/pl\/#organization\"},\"potentialAction\":[{\"@type\":\"SearchAction\",\"target\":{\"@type\":\"EntryPoint\",\"urlTemplate\":\"https:\/\/wortie.com\/pl\/?s={search_term_string}\"},\"query-input\":{\"@type\":\"PropertyValueSpecification\",\"valueRequired\":true,\"valueName\":\"search_term_string\"}}],\"inLanguage\":\"pl-PL\"},{\"@type\":\"Organization\",\"@id\":\"https:\/\/wortie.com\/pl\/#organization\",\"name\":\"Wortie\",\"url\":\"https:\/\/wortie.com\/pl\/\",\"logo\":{\"@type\":\"ImageObject\",\"inLanguage\":\"pl-PL\",\"@id\":\"https:\/\/wortie.com\/pl\/#\/schema\/logo\/image\/\",\"url\":\"https:\/\/wortie.com\/app\/uploads\/sites\/9\/2022\/07\/wortie-logotype.png\",\"contentUrl\":\"https:\/\/wortie.com\/app\/uploads\/sites\/9\/2022\/07\/wortie-logotype.png\",\"width\":116,\"height\":40,\"caption\":\"Wortie\"},\"image\":{\"@id\":\"https:\/\/wortie.com\/pl\/#\/schema\/logo\/image\/\"}}]}<\/script>\n<!-- \/ Yoast SEO plugin. -->","yoast_head_json":{"title":"Wortie\u00a0Krioterapia - Wortie","description":"Wortie\u00a0Krioterapia - Skuteczny ju\u017c po 1 aplikacji. Odpowiedni dla dzieci od 4. roku \u017cycia i doros\u0142ych.","robots":{"index":"index","follow":"follow","max-snippet":"max-snippet:-1","max-image-preview":"max-image-preview:large","max-video-preview":"max-video-preview:-1"},"canonical":"https:\/\/wortie.com\/pl\/produkt\/wortie-krioterapia\/","og_locale":"pl_PL","og_type":"article","og_title":"Wortie\u00a0Krioterapia - Wortie","og_description":"Wortie\u00a0Krioterapia - Skuteczny ju\u017c po 1 aplikacji. Odpowiedni dla dzieci od 4. roku \u017cycia i doros\u0142ych.","og_url":"https:\/\/wortie.com\/pl\/produkt\/wortie-krioterapia\/","og_site_name":"Wortie","article_modified_time":"2026-02-23T09:40:59+00:00","og_image":[{"width":450,"height":450,"url":"https:\/\/wortie.com\/app\/uploads\/sites\/9\/2022\/07\/Wortie-Krioterapia-1.png","type":"image\/png"}],"twitter_card":"summary_large_image","twitter_misc":{"Szacowany czas czytania":"3 minuty"},"schema":{"@context":"https:\/\/schema.org","@graph":[{"@type":"WebPage","@id":"https:\/\/wortie.com\/pl\/produkt\/wortie-krioterapia\/","url":"https:\/\/wortie.com\/pl\/produkt\/wortie-krioterapia\/","name":"Wortie\u00a0Krioterapia - Wortie","isPartOf":{"@id":"https:\/\/wortie.com\/pl\/#website"},"primaryImageOfPage":{"@id":"https:\/\/wortie.com\/pl\/produkt\/wortie-krioterapia\/#primaryimage"},"image":{"@id":"https:\/\/wortie.com\/pl\/produkt\/wortie-krioterapia\/#primaryimage"},"thumbnailUrl":"https:\/\/wortie.com\/app\/uploads\/sites\/9\/2022\/07\/Wortie-Krioterapia-1.png","datePublished":"2022-07-12T08:06:17+00:00","dateModified":"2026-02-23T09:40:59+00:00","description":"Wortie\u00a0Krioterapia - Skuteczny ju\u017c po 1 aplikacji. Odpowiedni dla dzieci od 4. roku \u017cycia i doros\u0142ych.","breadcrumb":{"@id":"https:\/\/wortie.com\/pl\/produkt\/wortie-krioterapia\/#breadcrumb"},"inLanguage":"pl-PL","potentialAction":[{"@type":"ReadAction","target":["https:\/\/wortie.com\/pl\/produkt\/wortie-krioterapia\/"]}]},{"@type":"ImageObject","inLanguage":"pl-PL","@id":"https:\/\/wortie.com\/pl\/produkt\/wortie-krioterapia\/#primaryimage","url":"https:\/\/wortie.com\/app\/uploads\/sites\/9\/2022\/07\/Wortie-Krioterapia-1.png","contentUrl":"https:\/\/wortie.com\/app\/uploads\/sites\/9\/2022\/07\/Wortie-Krioterapia-1.png","width":450,"height":450,"caption":"Wortie-Krioterapia"},{"@type":"BreadcrumbList","@id":"https:\/\/wortie.com\/pl\/produkt\/wortie-krioterapia\/#breadcrumb","itemListElement":[{"@type":"ListItem","position":1,"name":"Home","item":"https:\/\/wortie.com\/pl\/"},{"@type":"ListItem","position":2,"name":"Produkty","item":"https:\/\/wortie.com\/pl\/produkty\/"},{"@type":"ListItem","position":3,"name":"Wortie\u00a0Krioterapia"}]},{"@type":"WebSite","@id":"https:\/\/wortie.com\/pl\/#website","url":"https:\/\/wortie.com\/pl\/","name":"Wortie","description":"","publisher":{"@id":"https:\/\/wortie.com\/pl\/#organization"},"potentialAction":[{"@type":"SearchAction","target":{"@type":"EntryPoint","urlTemplate":"https:\/\/wortie.com\/pl\/?s={search_term_string}"},"query-input":{"@type":"PropertyValueSpecification","valueRequired":true,"valueName":"search_term_string"}}],"inLanguage":"pl-PL"},{"@type":"Organization","@id":"https:\/\/wortie.com\/pl\/#organization","name":"Wortie","url":"https:\/\/wortie.com\/pl\/","logo":{"@type":"ImageObject","inLanguage":"pl-PL","@id":"https:\/\/wortie.com\/pl\/#\/schema\/logo\/image\/","url":"https:\/\/wortie.com\/app\/uploads\/sites\/9\/2022\/07\/wortie-logotype.png","contentUrl":"https:\/\/wortie.com\/app\/uploads\/sites\/9\/2022\/07\/wortie-logotype.png","width":116,"height":40,"caption":"Wortie"},"image":{"@id":"https:\/\/wortie.com\/pl\/#\/schema\/logo\/image\/"}}]}},"_links":{"self":[{"href":"https:\/\/wortie.com\/pl\/wp-json\/wp\/v2\/product\/63","targetHints":{"allow":["GET"]}}],"collection":[{"href":"https:\/\/wortie.com\/pl\/wp-json\/wp\/v2\/product"}],"about":[{"href":"https:\/\/wortie.com\/pl\/wp-json\/wp\/v2\/types\/product"}],"replies":[{"embeddable":true,"href":"https:\/\/wortie.com\/pl\/wp-json\/wp\/v2\/comments?post=63"}],"version-history":[{"count":9,"href":"https:\/\/wortie.com\/pl\/wp-json\/wp\/v2\/product\/63\/revisions"}],"predecessor-version":[{"id":177,"href":"https:\/\/wortie.com\/pl\/wp-json\/wp\/v2\/product\/63\/revisions\/177"}],"wp:featuredmedia":[{"embeddable":true,"href":"https:\/\/wortie.com\/pl\/wp-json\/wp\/v2\/media\/122"}],"wp:attachment":[{"href":"https:\/\/wortie.com\/pl\/wp-json\/wp\/v2\/media?parent=63"}],"wp:term":[{"taxonomy":"product_brand","embeddable":true,"href":"https:\/\/wortie.com\/pl\/wp-json\/wp\/v2\/product_brand?post=63"},{"taxonomy":"product_cat","embeddable":true,"href":"https:\/\/wortie.com\/pl\/wp-json\/wp\/v2\/product_cat?post=63"},{"taxonomy":"product_tag","embeddable":true,"href":"https:\/\/wortie.com\/pl\/wp-json\/wp\/v2\/product_tag?post=63"}],"curies":[{"name":"wp","href":"https:\/\/api.w.org\/{rel}","templated":true}]}}