{"id":78,"date":"2022-07-12T10:31:33","date_gmt":"2022-07-12T08:31:33","guid":{"rendered":"https:\/\/wortie.com\/pl\/?post_type=product&#038;p=78"},"modified":"2026-02-23T10:39:48","modified_gmt":"2026-02-23T09:39:48","slug":"wortie-plastry","status":"publish","type":"product","link":"https:\/\/wortie.com\/pl\/produkt\/wortie-plastry\/","title":{"rendered":"Wortie\u00a0Plastry"},"content":{"rendered":"\n<div class=\"wp-block-karopharma-accordions is-style-secondary\"><div class=\"container\">\n<details class=\"wp-block-karopharma-accordion\"><summary><h2 class=\"accordion-title\">Spos\u00f3b u\u017cycia plastr\u00f3w Wortie<\/h2><\/summary><div class=\"accordion-content\">\n<p>Odklei\u0107 plaster Wortie od przezroczystej folii i przyklei\u0107 bezpo\u015brednio na brodawk\u0119\/kurzajk\u0119. Je\u015bli plaster jest wi\u0119kszy ni\u017c brodawka\/kurzajka, nale\u017cy przyci\u0105\u0107 go do odpowiedniego rozmiaru, tak aby pokry\u0142 tylko powierzchni\u0119 brodawki\/kurzajki. Zaleca si\u0119 pozostawienie plastra przez ca\u0142y dzie\u0144 lub ca\u0142\u0105 noc (8-12 godzin), a nast\u0119pnie nale\u017cy go usun\u0105\u0107. Kontynuowa\u0107 leczenie (w dzie\u0144 lub w nocy) a\u017c do ca\u0142kowitego usuni\u0119cia brodawki\/kurzajki. Zalecany czas leczenia 7-14 dni.<\/p>\n\n\n\n<p>Wskaz\u00f3wka: Przed przyklejeniem plastra Wortie mo\u017cna moczy\u0107 brodawk\u0119\/kurzajk\u0119 w ciep\u0142ej wodzie przez oko\u0142o 10 minut. Pomaga to zmi\u0119kczy\u0107 sk\u00f3r\u0119.<\/p>\n<\/div><\/details>\n\n\n\n<details class=\"wp-block-karopharma-accordion\"><summary><h2 class=\"accordion-title\">Jak dzia\u0142aj\u0105 plastry Wortie?<\/h2><\/summary><div class=\"accordion-content\">\n<p>Plastry zawieraj\u0105 wysoce skoncentrowany kwas do usuwania brodawek i kurzajek. Kwas ten powoduje chemiczne z\u0142uszczanie i stymuluje odnow\u0119 kom\u00f3rkow\u0105, usuwaj\u0105c z\u0142uszczon\u0105 sk\u00f3r\u0119. Dzi\u0119ki temu tworzy si\u0119 nowa, zdrowa sk\u00f3ra, a brodawka lub kurzajka obumiera i znika.<\/p>\n<\/div><\/details>\n\n\n\n<details class=\"wp-block-karopharma-accordion\"><summary><h2 class=\"accordion-title\">Jaki jest sk\u0142ad plastr\u00f3w Wortie?<\/h2><\/summary><div class=\"accordion-content\">\n<p>Plastry ze 100% bawe\u0142ny z 40% kwasem salicylowym.<\/p>\n<\/div><\/details>\n\n\n\n<details class=\"wp-block-karopharma-accordion\"><summary><h2 class=\"accordion-title\">Czy plastry Wortie s\u0105 bezpieczne dla dzieci?<\/h2><\/summary><div class=\"accordion-content\">\n<p>Plastry Wortie s\u0105 bezpieczne dla dzieci, nie nale\u017cy ich stosowa\u0107 poni\u017cej 4. roku \u017cycia.<\/p>\n<\/div><\/details>\n<\/div><\/div>\n","protected":false},"excerpt":{"rendered":"<p>Bezpieczne i wygodne w u\u017cyciu. Odpowiednie dla dzieci od 4. roku \u017cycia i doros\u0142ych.<\/p>\n","protected":false},"featured_media":123,"comment_status":"closed","ping_status":"closed","template":"","meta":{"_acf_changed":false,"footnotes":""},"product_brand":[],"product_cat":[],"product_tag":[],"class_list":{"0":"post-78","1":"product","2":"type-product","3":"status-publish","4":"has-post-thumbnail","7":"first","8":"instock","9":"shipping-taxable","10":"product-type-simple"},"acf":[],"yoast_head":"<!-- This site is optimized with the Yoast SEO plugin v26.6 - https:\/\/yoast.com\/wordpress\/plugins\/seo\/ -->\n<title>Wortie\u00a0Plastry - Wortie<\/title>\n<meta name=\"description\" content=\"Wortie Plastry - Bezpieczne i wygodne w u\u017cyciu. Odpowiednie dla dzieci od 4. roku \u017cycia i doros\u0142ych.\" \/>\n<meta name=\"robots\" content=\"index, follow, max-snippet:-1, max-image-preview:large, max-video-preview:-1\" \/>\n<link rel=\"canonical\" href=\"https:\/\/wortie.com\/pl\/produkt\/wortie-plastry\/\" \/>\n<meta property=\"og:locale\" content=\"pl_PL\" \/>\n<meta property=\"og:type\" content=\"article\" \/>\n<meta property=\"og:title\" content=\"Wortie\u00a0Plastry - Wortie\" \/>\n<meta property=\"og:description\" content=\"Wortie Plastry - Bezpieczne i wygodne w u\u017cyciu. Odpowiednie dla dzieci od 4. roku \u017cycia i doros\u0142ych.\" \/>\n<meta property=\"og:url\" content=\"https:\/\/wortie.com\/pl\/produkt\/wortie-plastry\/\" \/>\n<meta property=\"og:site_name\" content=\"Wortie\" \/>\n<meta property=\"article:modified_time\" content=\"2026-02-23T09:39:48+00:00\" \/>\n<meta property=\"og:image\" content=\"https:\/\/wortie.com\/app\/uploads\/sites\/9\/2022\/07\/Wortie-Plastry.png\" \/>\n\t<meta property=\"og:image:width\" content=\"450\" \/>\n\t<meta property=\"og:image:height\" content=\"450\" \/>\n\t<meta property=\"og:image:type\" content=\"image\/png\" \/>\n<meta name=\"twitter:card\" content=\"summary_large_image\" \/>\n<meta name=\"twitter:label1\" content=\"Szacowany czas czytania\" \/>\n\t<meta name=\"twitter:data1\" content=\"2 minuty\" \/>\n<script type=\"application\/ld+json\" class=\"yoast-schema-graph\">{\"@context\":\"https:\/\/schema.org\",\"@graph\":[{\"@type\":\"WebPage\",\"@id\":\"https:\/\/wortie.com\/pl\/produkt\/wortie-plastry\/\",\"url\":\"https:\/\/wortie.com\/pl\/produkt\/wortie-plastry\/\",\"name\":\"Wortie\u00a0Plastry - Wortie\",\"isPartOf\":{\"@id\":\"https:\/\/wortie.com\/pl\/#website\"},\"primaryImageOfPage\":{\"@id\":\"https:\/\/wortie.com\/pl\/produkt\/wortie-plastry\/#primaryimage\"},\"image\":{\"@id\":\"https:\/\/wortie.com\/pl\/produkt\/wortie-plastry\/#primaryimage\"},\"thumbnailUrl\":\"https:\/\/wortie.com\/app\/uploads\/sites\/9\/2022\/07\/Wortie-Plastry.png\",\"datePublished\":\"2022-07-12T08:31:33+00:00\",\"dateModified\":\"2026-02-23T09:39:48+00:00\",\"description\":\"Wortie Plastry - Bezpieczne i wygodne w u\u017cyciu. Odpowiednie dla dzieci od 4. roku \u017cycia i doros\u0142ych.\",\"breadcrumb\":{\"@id\":\"https:\/\/wortie.com\/pl\/produkt\/wortie-plastry\/#breadcrumb\"},\"inLanguage\":\"pl-PL\",\"potentialAction\":[{\"@type\":\"ReadAction\",\"target\":[\"https:\/\/wortie.com\/pl\/produkt\/wortie-plastry\/\"]}]},{\"@type\":\"ImageObject\",\"inLanguage\":\"pl-PL\",\"@id\":\"https:\/\/wortie.com\/pl\/produkt\/wortie-plastry\/#primaryimage\",\"url\":\"https:\/\/wortie.com\/app\/uploads\/sites\/9\/2022\/07\/Wortie-Plastry.png\",\"contentUrl\":\"https:\/\/wortie.com\/app\/uploads\/sites\/9\/2022\/07\/Wortie-Plastry.png\",\"width\":450,\"height\":450,\"caption\":\"Wortie-Plastry\"},{\"@type\":\"BreadcrumbList\",\"@id\":\"https:\/\/wortie.com\/pl\/produkt\/wortie-plastry\/#breadcrumb\",\"itemListElement\":[{\"@type\":\"ListItem\",\"position\":1,\"name\":\"Home\",\"item\":\"https:\/\/wortie.com\/pl\/\"},{\"@type\":\"ListItem\",\"position\":2,\"name\":\"Produkty\",\"item\":\"https:\/\/wortie.com\/pl\/produkty\/\"},{\"@type\":\"ListItem\",\"position\":3,\"name\":\"Wortie\u00a0Plastry\"}]},{\"@type\":\"WebSite\",\"@id\":\"https:\/\/wortie.com\/pl\/#website\",\"url\":\"https:\/\/wortie.com\/pl\/\",\"name\":\"Wortie\",\"description\":\"\",\"publisher\":{\"@id\":\"https:\/\/wortie.com\/pl\/#organization\"},\"potentialAction\":[{\"@type\":\"SearchAction\",\"target\":{\"@type\":\"EntryPoint\",\"urlTemplate\":\"https:\/\/wortie.com\/pl\/?s={search_term_string}\"},\"query-input\":{\"@type\":\"PropertyValueSpecification\",\"valueRequired\":true,\"valueName\":\"search_term_string\"}}],\"inLanguage\":\"pl-PL\"},{\"@type\":\"Organization\",\"@id\":\"https:\/\/wortie.com\/pl\/#organization\",\"name\":\"Wortie\",\"url\":\"https:\/\/wortie.com\/pl\/\",\"logo\":{\"@type\":\"ImageObject\",\"inLanguage\":\"pl-PL\",\"@id\":\"https:\/\/wortie.com\/pl\/#\/schema\/logo\/image\/\",\"url\":\"https:\/\/wortie.com\/app\/uploads\/sites\/9\/2022\/07\/wortie-logotype.png\",\"contentUrl\":\"https:\/\/wortie.com\/app\/uploads\/sites\/9\/2022\/07\/wortie-logotype.png\",\"width\":116,\"height\":40,\"caption\":\"Wortie\"},\"image\":{\"@id\":\"https:\/\/wortie.com\/pl\/#\/schema\/logo\/image\/\"}}]}<\/script>\n<!-- \/ Yoast SEO plugin. -->","yoast_head_json":{"title":"Wortie\u00a0Plastry - Wortie","description":"Wortie Plastry - Bezpieczne i wygodne w u\u017cyciu. Odpowiednie dla dzieci od 4. roku \u017cycia i doros\u0142ych.","robots":{"index":"index","follow":"follow","max-snippet":"max-snippet:-1","max-image-preview":"max-image-preview:large","max-video-preview":"max-video-preview:-1"},"canonical":"https:\/\/wortie.com\/pl\/produkt\/wortie-plastry\/","og_locale":"pl_PL","og_type":"article","og_title":"Wortie\u00a0Plastry - Wortie","og_description":"Wortie Plastry - Bezpieczne i wygodne w u\u017cyciu. Odpowiednie dla dzieci od 4. roku \u017cycia i doros\u0142ych.","og_url":"https:\/\/wortie.com\/pl\/produkt\/wortie-plastry\/","og_site_name":"Wortie","article_modified_time":"2026-02-23T09:39:48+00:00","og_image":[{"width":450,"height":450,"url":"https:\/\/wortie.com\/app\/uploads\/sites\/9\/2022\/07\/Wortie-Plastry.png","type":"image\/png"}],"twitter_card":"summary_large_image","twitter_misc":{"Szacowany czas czytania":"2 minuty"},"schema":{"@context":"https:\/\/schema.org","@graph":[{"@type":"WebPage","@id":"https:\/\/wortie.com\/pl\/produkt\/wortie-plastry\/","url":"https:\/\/wortie.com\/pl\/produkt\/wortie-plastry\/","name":"Wortie\u00a0Plastry - Wortie","isPartOf":{"@id":"https:\/\/wortie.com\/pl\/#website"},"primaryImageOfPage":{"@id":"https:\/\/wortie.com\/pl\/produkt\/wortie-plastry\/#primaryimage"},"image":{"@id":"https:\/\/wortie.com\/pl\/produkt\/wortie-plastry\/#primaryimage"},"thumbnailUrl":"https:\/\/wortie.com\/app\/uploads\/sites\/9\/2022\/07\/Wortie-Plastry.png","datePublished":"2022-07-12T08:31:33+00:00","dateModified":"2026-02-23T09:39:48+00:00","description":"Wortie Plastry - Bezpieczne i wygodne w u\u017cyciu. Odpowiednie dla dzieci od 4. roku \u017cycia i doros\u0142ych.","breadcrumb":{"@id":"https:\/\/wortie.com\/pl\/produkt\/wortie-plastry\/#breadcrumb"},"inLanguage":"pl-PL","potentialAction":[{"@type":"ReadAction","target":["https:\/\/wortie.com\/pl\/produkt\/wortie-plastry\/"]}]},{"@type":"ImageObject","inLanguage":"pl-PL","@id":"https:\/\/wortie.com\/pl\/produkt\/wortie-plastry\/#primaryimage","url":"https:\/\/wortie.com\/app\/uploads\/sites\/9\/2022\/07\/Wortie-Plastry.png","contentUrl":"https:\/\/wortie.com\/app\/uploads\/sites\/9\/2022\/07\/Wortie-Plastry.png","width":450,"height":450,"caption":"Wortie-Plastry"},{"@type":"BreadcrumbList","@id":"https:\/\/wortie.com\/pl\/produkt\/wortie-plastry\/#breadcrumb","itemListElement":[{"@type":"ListItem","position":1,"name":"Home","item":"https:\/\/wortie.com\/pl\/"},{"@type":"ListItem","position":2,"name":"Produkty","item":"https:\/\/wortie.com\/pl\/produkty\/"},{"@type":"ListItem","position":3,"name":"Wortie\u00a0Plastry"}]},{"@type":"WebSite","@id":"https:\/\/wortie.com\/pl\/#website","url":"https:\/\/wortie.com\/pl\/","name":"Wortie","description":"","publisher":{"@id":"https:\/\/wortie.com\/pl\/#organization"},"potentialAction":[{"@type":"SearchAction","target":{"@type":"EntryPoint","urlTemplate":"https:\/\/wortie.com\/pl\/?s={search_term_string}"},"query-input":{"@type":"PropertyValueSpecification","valueRequired":true,"valueName":"search_term_string"}}],"inLanguage":"pl-PL"},{"@type":"Organization","@id":"https:\/\/wortie.com\/pl\/#organization","name":"Wortie","url":"https:\/\/wortie.com\/pl\/","logo":{"@type":"ImageObject","inLanguage":"pl-PL","@id":"https:\/\/wortie.com\/pl\/#\/schema\/logo\/image\/","url":"https:\/\/wortie.com\/app\/uploads\/sites\/9\/2022\/07\/wortie-logotype.png","contentUrl":"https:\/\/wortie.com\/app\/uploads\/sites\/9\/2022\/07\/wortie-logotype.png","width":116,"height":40,"caption":"Wortie"},"image":{"@id":"https:\/\/wortie.com\/pl\/#\/schema\/logo\/image\/"}}]}},"_links":{"self":[{"href":"https:\/\/wortie.com\/pl\/wp-json\/wp\/v2\/product\/78","targetHints":{"allow":["GET"]}}],"collection":[{"href":"https:\/\/wortie.com\/pl\/wp-json\/wp\/v2\/product"}],"about":[{"href":"https:\/\/wortie.com\/pl\/wp-json\/wp\/v2\/types\/product"}],"replies":[{"embeddable":true,"href":"https:\/\/wortie.com\/pl\/wp-json\/wp\/v2\/comments?post=78"}],"version-history":[{"count":10,"href":"https:\/\/wortie.com\/pl\/wp-json\/wp\/v2\/product\/78\/revisions"}],"predecessor-version":[{"id":159,"href":"https:\/\/wortie.com\/pl\/wp-json\/wp\/v2\/product\/78\/revisions\/159"}],"wp:featuredmedia":[{"embeddable":true,"href":"https:\/\/wortie.com\/pl\/wp-json\/wp\/v2\/media\/123"}],"wp:attachment":[{"href":"https:\/\/wortie.com\/pl\/wp-json\/wp\/v2\/media?parent=78"}],"wp:term":[{"taxonomy":"product_brand","embeddable":true,"href":"https:\/\/wortie.com\/pl\/wp-json\/wp\/v2\/product_brand?post=78"},{"taxonomy":"product_cat","embeddable":true,"href":"https:\/\/wortie.com\/pl\/wp-json\/wp\/v2\/product_cat?post=78"},{"taxonomy":"product_tag","embeddable":true,"href":"https:\/\/wortie.com\/pl\/wp-json\/wp\/v2\/product_tag?post=78"}],"curies":[{"name":"wp","href":"https:\/\/api.w.org\/{rel}","templated":true}]}}