{"id":138,"date":"2022-06-30T14:26:41","date_gmt":"2022-06-30T12:26:41","guid":{"rendered":"https:\/\/wortie.com\/se\/?page_id=138"},"modified":"2025-09-10T11:53:26","modified_gmt":"2025-09-10T09:53:26","slug":"om-wortie","status":"publish","type":"page","link":"https:\/\/wortie.com\/se\/om-wortie\/","title":{"rendered":"Om Wortie"},"content":{"rendered":"\n<div class=\"wp-block-karopharma-background-image-with-text-v2 background-image-with-text-v2 undefined content-position-left fixed-height-layout\" datatest=\"root\"><div class=\"background-image-with-text-wrapper\"><picture class=\"background-image-with-text-image\"><source media=\"(max-width: 560px)\" srcset=\"https:\/\/wortie.com\/cdn-cgi\/image\/format=auto,width=560\/app\/uploads\/sites\/2\/2022\/07\/om-wortie.jpg\"\/><source media=\"(max-width: 800px)\" srcset=\"https:\/\/wortie.com\/cdn-cgi\/image\/format=auto,width=800\/app\/uploads\/sites\/2\/2022\/07\/om-wortie.jpg\"\/><source media=\"(max-width: 1920px)\" srcset=\"https:\/\/wortie.com\/cdn-cgi\/image\/format=auto,width=1920\/app\/uploads\/sites\/2\/2022\/07\/om-wortie.jpg\"\/><img decoding=\"async\" width=\"1920\" height=\"721\" datatest=\"background-image\" loading=\"lazy\" class=\"object-center object-cover\" src=\"https:\/\/wortie.com\/cdn-cgi\/image\/format=auto\/app\/uploads\/sites\/2\/2022\/07\/om-wortie.jpg\" alt=\"om-wortie\"\/><\/picture><div datatest=\"content-wrapper\" class=\"background-image-with-text-content-wrapper container max-w-small text-alignment-left bg-box pt-large pb-large\"><div class=\"content\"><h1 datatest=\"heading\" class=\"\">Om Wortie<\/h1>\n<div class=\"wp-block-buttons is-layout-flex wp-block-buttons-is-layout-flex\"><\/div>\n<\/div><\/div><\/div><\/div>\n\n\n\n<div class=\"wp-block-karopharma-free-text pt-large pb-large bg-center bg-cover bg-no-repeat\" style=\"background-image:url()\"><div class=\"free-text-wrapper container max-w-medium text-left\">\n<p class=\"has-text-align-center is-style-paragraph-preamble\">Wortie \u00e4r den s\u00e4kra l\u00f6sningen mot dina och din familjs v\u00e5rtor. Vi har produkter fr\u00e5n 4 \u00e5r och upp\u00e5t i form av l\u00f6sning, pl\u00e5ster och frysprodukter. V\u00e5r unika precisionsspets g\u00f6r det s\u00e4kert att frysbehandla v\u00e5rtor p\u00e5 b\u00e5de h\u00e4nder och f\u00f6tter sj\u00e4lv, precis som hos doktorn.<\/p>\n<\/div><\/div>\n\n\n<div class=\"product-list wp-block-karopharma-product-list\" data-testid=\"product-list\">\n      <div class=\"swiper-container\">\n      <div class=\"swiper\">\n        <div class=\"swiper-wrapper\">\n                      <div class=\"swiper-slide\">\n              <div class=\"product-card\" data-testid=\"product-card\">\n  <a\n    href=https:\/\/wortie.com\/se\/produkt\/wortie-freeze-pro\/\n    class=\"product-card-link\"\n    title=\"Wortie Freeze Pro\"\n  >\n  <figure class=\"product-card-image\" data-testid=\"product-image\">\n                          <img decoding=\"async\" src=\"https:\/\/wortie.com\/cdn-cgi\/image\/width=700,format=auto\/app\/uploads\/sites\/2\/2024\/01\/wortie-freeze-pro.png\"\n        srcset=\"https:\/\/wortie.com\/cdn-cgi\/image\/width=250,format=auto\/app\/uploads\/sites\/2\/2024\/01\/wortie-freeze-pro.png 250w,\n                https:\/\/wortie.com\/cdn-cgi\/image\/width=500,format=auto\/app\/uploads\/sites\/2\/2024\/01\/wortie-freeze-pro.png 500w,\n                https:\/\/wortie.com\/cdn-cgi\/image\/width=700,format=auto\/app\/uploads\/sites\/2\/2024\/01\/wortie-freeze-pro.png 700w\"\n        sizes=\"(max-width: 400px) 250px, (max-width: 800px) 500px, 700px\"\n        alt=\"Wortie Freeze Pro\"\n        class=\"img\">\n            <\/figure>\n    <div class=\"product-card-content\">\n      <div class=\"heading-wrapper\">\n        <h2 class=\"heading\">Wortie Freeze Pro<\/h2>\n      <\/div>\n      <div class=\"product-card-description\">Behandlar de besv\u00e4rligaste v\u00e5rtorna p\u00e5 n\u00e5gra sekunder<\/div>\n                      <\/div>\n  <\/a>\n          <div class=\"button-wrapper buy-now \" data-testid=\"buy-now\">\n      <div class=\"buy-now-container dropdown-container\">\n      <div class=\"theme-button button-primary-color dropdown-link\" aria-label=\"K\u00f6p nu\">\n          K\u00f6p nu <i class=\"dropdown\"><\/i>\n      <\/div>\n      <ul class=\"reseller-list submenu\">\n                    <li>\n              <a\n                href=\"https:\/\/www.apohem.se\/hudvard\/hander-fotter\/vartor\/wortie-freeze-pro-14-ml\" onclick=\"dataLayer.push({'event':'ga_event', 'eventCategory':'Click on Reseller', 'eventAction':'Apohem', 'eventLabel':'Wortie Freeze Pro', 'eventValue': undefined})\" rel=\"noopener\" target=\"_blank\" title=\"Apohem\"\n                data-testid=\"buy-now-reseller\">\n                <i class=\"fa-solid fa-arrow-right\"><\/i> Apohem\n              <\/a>\n          <\/li>\n                    <li>\n              <a\n                href=\"https:\/\/www.apotea.se\/wortie-freeze-pro-14-ml\" onclick=\"dataLayer.push({'event':'ga_event', 'eventCategory':'Click on Reseller', 'eventAction':'Apotea', 'eventLabel':'Wortie Freeze Pro', 'eventValue': undefined})\" rel=\"noopener\" target=\"_blank\" title=\"Apotea\"\n                data-testid=\"buy-now-reseller\">\n                <i class=\"fa-solid fa-arrow-right\"><\/i> Apotea\n              <\/a>\n          <\/li>\n                    <li>\n              <a\n                href=\"https:\/\/www.apoteket.se\/produkt\/wortie-14-ml-flaska-1567489\/\" onclick=\"dataLayer.push({'event':'ga_event', 'eventCategory':'Click on Reseller', 'eventAction':'Apoteket', 'eventLabel':'Wortie Freeze Pro', 'eventValue': undefined})\" rel=\"noopener\" target=\"_blank\" title=\"Apoteket\"\n                data-testid=\"buy-now-reseller\">\n                <i class=\"fa-solid fa-arrow-right\"><\/i> Apoteket\n              <\/a>\n          <\/li>\n                    <li>\n              <a\n                href=\"https:\/\/www.apotekhjartat.se\/produkt\/wortie-freeze-pro-14-ml\/\" onclick=\"dataLayer.push({'event':'ga_event', 'eventCategory':'Click on Reseller', 'eventAction':'Apotek Hj\u00e4rtat', 'eventLabel':'Wortie Freeze Pro', 'eventValue': undefined})\" rel=\"noopener\" target=\"_blank\" title=\"Apotek Hj\u00e4rtat\"\n                data-testid=\"buy-now-reseller\">\n                <i class=\"fa-solid fa-arrow-right\"><\/i> Apotek Hj\u00e4rtat\n              <\/a>\n          <\/li>\n                    <li>\n              <a\n                href=\"https:\/\/dozapotek.se\/wortie-freeze-pro-14-ml-798617.html\" onclick=\"dataLayer.push({'event':'ga_event', 'eventCategory':'Click on Reseller', 'eventAction':'Doz Apotek', 'eventLabel':'Wortie Freeze Pro', 'eventValue': undefined})\" rel=\"noopener\" target=\"_blank\" title=\"Doz Apotek\"\n                data-testid=\"buy-now-reseller\">\n                <i class=\"fa-solid fa-arrow-right\"><\/i> Doz Apotek\n              <\/a>\n          <\/li>\n                    <li>\n              <a\n                href=\"https:\/\/www.kronansapotek.se\/wortie-freeze-pro\/p\/798617\/\" onclick=\"dataLayer.push({'event':'ga_event', 'eventCategory':'Click on Reseller', 'eventAction':'Kronans Apotek', 'eventLabel':'Wortie Freeze Pro', 'eventValue': undefined})\" rel=\"noopener\" target=\"_blank\" title=\"Kronans Apotek\"\n                data-testid=\"buy-now-reseller\">\n                <i class=\"fa-solid fa-arrow-right\"><\/i> Kronans Apotek\n              <\/a>\n          <\/li>\n                <\/ul>\n    <\/div>\n  <\/div>\n  <\/div>\n            <\/div>\n                      <div class=\"swiper-slide\">\n              <div class=\"product-card\" data-testid=\"product-card\">\n  <a\n    href=https:\/\/wortie.com\/se\/produkt\/wortie-freeze\/\n    class=\"product-card-link\"\n    title=\"Wortie Freeze\"\n  >\n  <figure class=\"product-card-image\" data-testid=\"product-image\">\n                          <img decoding=\"async\" src=\"https:\/\/wortie.com\/cdn-cgi\/image\/width=700,format=auto\/app\/uploads\/sites\/2\/2022\/06\/Wortie-freeze-1-1.png\"\n        srcset=\"https:\/\/wortie.com\/cdn-cgi\/image\/width=250,format=auto\/app\/uploads\/sites\/2\/2022\/06\/Wortie-freeze-1-1.png 250w,\n                https:\/\/wortie.com\/cdn-cgi\/image\/width=500,format=auto\/app\/uploads\/sites\/2\/2022\/06\/Wortie-freeze-1-1.png 500w,\n                https:\/\/wortie.com\/cdn-cgi\/image\/width=700,format=auto\/app\/uploads\/sites\/2\/2022\/06\/Wortie-freeze-1-1.png 700w\"\n        sizes=\"(max-width: 400px) 250px, (max-width: 800px) 500px, 700px\"\n        alt=\"Wortie Freeze\"\n        class=\"img\">\n            <\/figure>\n    <div class=\"product-card-content\">\n      <div class=\"heading-wrapper\">\n        <h2 class=\"heading\">Wortie Freeze<\/h2>\n      <\/div>\n      <div class=\"product-card-description\">Frysbehandling<\/div>\n                      <\/div>\n  <\/a>\n          <div class=\"button-wrapper buy-now \" data-testid=\"buy-now\">\n      <div class=\"buy-now-container dropdown-container\">\n      <div class=\"theme-button button-primary-color dropdown-link\" aria-label=\"K\u00f6p nu\">\n          K\u00f6p nu <i class=\"dropdown\"><\/i>\n      <\/div>\n      <ul class=\"reseller-list submenu\">\n                    <li>\n              <a\n                href=\"https:\/\/www.apohem.se\/wortie\/wortie-freeze-50-ml\" onclick=\"dataLayer.push({'event':'ga_event', 'eventCategory':'Click on Reseller', 'eventAction':'Apohem', 'eventLabel':'Wortie Freeze', 'eventValue': undefined})\" rel=\"noopener\" target=\"_blank\" title=\"Apohem\"\n                data-testid=\"buy-now-reseller\">\n                <i class=\"fa-solid fa-arrow-right\"><\/i> Apohem\n              <\/a>\n          <\/li>\n                    <li>\n              <a\n                href=\"https:\/\/www.apotea.se\/wortie-freeze-50-ml\" onclick=\"dataLayer.push({'event':'ga_event', 'eventCategory':'Click on Reseller', 'eventAction':'Apotea', 'eventLabel':'Wortie Freeze', 'eventValue': undefined})\" rel=\"noopener\" target=\"_blank\" title=\"Apotea\"\n                data-testid=\"buy-now-reseller\">\n                <i class=\"fa-solid fa-arrow-right\"><\/i> Apotea\n              <\/a>\n          <\/li>\n                    <li>\n              <a\n                href=\"https:\/\/www.apoteket.se\/produkt\/wortie-50-ml-lada-254134\/\" onclick=\"dataLayer.push({'event':'ga_event', 'eventCategory':'Click on Reseller', 'eventAction':'Apoteket', 'eventLabel':'Wortie Freeze', 'eventValue': undefined})\" rel=\"noopener\" target=\"_blank\" title=\"Apoteket\"\n                data-testid=\"buy-now-reseller\">\n                <i class=\"fa-solid fa-arrow-right\"><\/i> Apoteket\n              <\/a>\n          <\/li>\n                    <li>\n              <a\n                href=\"https:\/\/www.apotekhjartat.se\/produkt\/wortie-vartborttagare\/\" onclick=\"dataLayer.push({'event':'ga_event', 'eventCategory':'Click on Reseller', 'eventAction':'Apotek Hj\u00e4rtat', 'eventLabel':'Wortie Freeze', 'eventValue': undefined})\" rel=\"noopener\" target=\"_blank\" title=\"Apotek Hj\u00e4rtat\"\n                data-testid=\"buy-now-reseller\">\n                <i class=\"fa-solid fa-arrow-right\"><\/i> Apotek Hj\u00e4rtat\n              <\/a>\n          <\/li>\n                    <li>\n              <a\n                href=\"https:\/\/dozapotek.se\/wortie-freeze-50-ml-756778.html\" onclick=\"dataLayer.push({'event':'ga_event', 'eventCategory':'Click on Reseller', 'eventAction':'DOZ Apotek', 'eventLabel':'Wortie Freeze', 'eventValue': undefined})\" rel=\"noopener\" target=\"_blank\" title=\"DOZ Apotek\"\n                data-testid=\"buy-now-reseller\">\n                <i class=\"fa-solid fa-arrow-right\"><\/i> DOZ Apotek\n              <\/a>\n          <\/li>\n                    <li>\n              <a\n                href=\"https:\/\/www.kronansapotek.se\/Wortie-Wortie\/p\/756778\/\" onclick=\"dataLayer.push({'event':'ga_event', 'eventCategory':'Click on Reseller', 'eventAction':'Kronans Apotek', 'eventLabel':'Wortie Freeze', 'eventValue': undefined})\" rel=\"noopener\" target=\"_blank\" title=\"Kronans Apotek\"\n                data-testid=\"buy-now-reseller\">\n                <i class=\"fa-solid fa-arrow-right\"><\/i> Kronans Apotek\n              <\/a>\n          <\/li>\n                    <li>\n              <a\n                href=\"https:\/\/www.meds.se\/wortie\/wortie-freeze-50-ml\" onclick=\"dataLayer.push({'event':'ga_event', 'eventCategory':'Click on Reseller', 'eventAction':'Meds', 'eventLabel':'Wortie Freeze', 'eventValue': undefined})\" rel=\"noopener\" target=\"_blank\" title=\"Meds\"\n                data-testid=\"buy-now-reseller\">\n                <i class=\"fa-solid fa-arrow-right\"><\/i> Meds\n              <\/a>\n          <\/li>\n                <\/ul>\n    <\/div>\n  <\/div>\n  <\/div>\n            <\/div>\n                      <div class=\"swiper-slide\">\n              <div class=\"product-card\" data-testid=\"product-card\">\n  <a\n    href=https:\/\/wortie.com\/se\/produkt\/wortie-plasters\/\n    class=\"product-card-link\"\n    title=\"Wortie Plasters\"\n  >\n  <figure class=\"product-card-image\" data-testid=\"product-image\">\n                          <img decoding=\"async\" src=\"https:\/\/wortie.com\/cdn-cgi\/image\/width=700,format=auto\/app\/uploads\/sites\/2\/2022\/06\/wortie_plasters-1.png\"\n        srcset=\"https:\/\/wortie.com\/cdn-cgi\/image\/width=250,format=auto\/app\/uploads\/sites\/2\/2022\/06\/wortie_plasters-1.png 250w,\n                https:\/\/wortie.com\/cdn-cgi\/image\/width=500,format=auto\/app\/uploads\/sites\/2\/2022\/06\/wortie_plasters-1.png 500w,\n                https:\/\/wortie.com\/cdn-cgi\/image\/width=700,format=auto\/app\/uploads\/sites\/2\/2022\/06\/wortie_plasters-1.png 700w\"\n        sizes=\"(max-width: 400px) 250px, (max-width: 800px) 500px, 700px\"\n        alt=\"Wortie Plasters\"\n        class=\"img\">\n            <\/figure>\n    <div class=\"product-card-content\">\n      <div class=\"heading-wrapper\">\n        <h2 class=\"heading\">Wortie Plasters<\/h2>\n      <\/div>\n      <div class=\"product-card-description\">Behandlar &#038; skyddar<\/div>\n                      <\/div>\n  <\/a>\n          <div class=\"button-wrapper buy-now \" data-testid=\"buy-now\">\n      <div class=\"buy-now-container dropdown-container\">\n      <div class=\"theme-button button-primary-color dropdown-link\" aria-label=\"K\u00f6p nu\">\n          K\u00f6p nu <i class=\"dropdown\"><\/i>\n      <\/div>\n      <ul class=\"reseller-list submenu\">\n                    <li>\n              <a\n                href=\"https:\/\/www.apohem.se\/hudvard\/hander-fotter\/vartor\/wortie-vartplaster-15-st\" onclick=\"dataLayer.push({'event':'ga_event', 'eventCategory':'Click on Reseller', 'eventAction':'Apohem', 'eventLabel':'Wortie Plasters', 'eventValue': undefined})\" rel=\"noopener\" target=\"_blank\" title=\"Apohem\"\n                data-testid=\"buy-now-reseller\">\n                <i class=\"fa-solid fa-arrow-right\"><\/i> Apohem\n              <\/a>\n          <\/li>\n                    <li>\n              <a\n                href=\"https:\/\/www.apotea.se\/wortie-plaster-15-st\" onclick=\"dataLayer.push({'event':'ga_event', 'eventCategory':'Click on Reseller', 'eventAction':'Apotea', 'eventLabel':'Wortie Plasters', 'eventValue': undefined})\" rel=\"noopener\" target=\"_blank\" title=\"Apotea\"\n                data-testid=\"buy-now-reseller\">\n                <i class=\"fa-solid fa-arrow-right\"><\/i> Apotea\n              <\/a>\n          <\/li>\n                    <li>\n              <a\n                href=\"https:\/\/www.apotekhjartat.se\/produkt\/wortie-plasters-vartplaster-15-st\/\" onclick=\"dataLayer.push({'event':'ga_event', 'eventCategory':'Click on Reseller', 'eventAction':'Apotek Hj\u00e4rtat', 'eventLabel':'Wortie Plasters', 'eventValue': undefined})\" rel=\"noopener\" target=\"_blank\" title=\"Apotek Hj\u00e4rtat\"\n                data-testid=\"buy-now-reseller\">\n                <i class=\"fa-solid fa-arrow-right\"><\/i> Apotek Hj\u00e4rtat\n              <\/a>\n          <\/li>\n                    <li>\n              <a\n                href=\"https:\/\/dozapotek.se\/wortie-plaster-15-st-776972.html\" onclick=\"dataLayer.push({'event':'ga_event', 'eventCategory':'Click on Reseller', 'eventAction':'DOZ Apotek', 'eventLabel':'Wortie Plasters', 'eventValue': undefined})\" rel=\"noopener\" target=\"_blank\" title=\"DOZ Apotek\"\n                data-testid=\"buy-now-reseller\">\n                <i class=\"fa-solid fa-arrow-right\"><\/i> DOZ Apotek\n              <\/a>\n          <\/li>\n                    <li>\n              <a\n                href=\"https:\/\/www.kronansapotek.se\/Wortie-Plasters\/p\/776972\/\" onclick=\"dataLayer.push({'event':'ga_event', 'eventCategory':'Click on Reseller', 'eventAction':'Kronans Apotek', 'eventLabel':'Wortie Plasters', 'eventValue': undefined})\" rel=\"noopener\" target=\"_blank\" title=\"Kronans Apotek\"\n                data-testid=\"buy-now-reseller\">\n                <i class=\"fa-solid fa-arrow-right\"><\/i> Kronans Apotek\n              <\/a>\n          <\/li>\n                    <li>\n              <a\n                href=\"https:\/\/www.meds.se\/wortie\/wortie-plaster-15-st\" onclick=\"dataLayer.push({'event':'ga_event', 'eventCategory':'Click on Reseller', 'eventAction':'Meds', 'eventLabel':'Wortie Plasters', 'eventValue': undefined})\" rel=\"noopener\" target=\"_blank\" title=\"Meds\"\n                data-testid=\"buy-now-reseller\">\n                <i class=\"fa-solid fa-arrow-right\"><\/i> Meds\n              <\/a>\n          <\/li>\n                <\/ul>\n    <\/div>\n  <\/div>\n  <\/div>\n            <\/div>\n                  <\/div>\n        <div class=\"swiper-scrollbar\"><\/div>\n      <\/div>\n    <\/div>\n  <\/div>\n","protected":false},"excerpt":{"rendered":"","protected":false},"author":2,"featured_media":0,"parent":0,"menu_order":0,"comment_status":"closed","ping_status":"closed","template":"","meta":{"_acf_changed":false,"footnotes":""},"from-article-database":[],"class_list":["post-138","page","type-page","status-publish","hentry"],"acf":[],"yoast_head":"<!-- This site is optimized with the Yoast SEO plugin v26.6 - https:\/\/yoast.com\/wordpress\/plugins\/seo\/ -->\n<title>Om Wortie - Wortie<\/title>\n<meta name=\"description\" content=\"Wortie \u00e4r den s\u00e4kra l\u00f6sningen mot dina och din familjs v\u00e5rtor. Vi har produkter fr\u00e5n 4 \u00e5r och upp\u00e5t i form av l\u00f6sning, pl\u00e5ster och frysprodukter.\" \/>\n<meta name=\"robots\" content=\"index, follow, max-snippet:-1, max-image-preview:large, max-video-preview:-1\" \/>\n<link rel=\"canonical\" href=\"https:\/\/wortie.com\/se\/om-wortie\/\" \/>\n<meta property=\"og:locale\" content=\"sv_SE\" \/>\n<meta property=\"og:type\" content=\"article\" \/>\n<meta property=\"og:title\" content=\"Om Wortie - Wortie\" \/>\n<meta property=\"og:description\" content=\"Wortie \u00e4r den s\u00e4kra l\u00f6sningen mot dina och din familjs v\u00e5rtor. Vi har produkter fr\u00e5n 4 \u00e5r och upp\u00e5t i form av l\u00f6sning, pl\u00e5ster och frysprodukter.\" \/>\n<meta property=\"og:url\" content=\"https:\/\/wortie.com\/se\/om-wortie\/\" \/>\n<meta property=\"og:site_name\" content=\"Wortie\" \/>\n<meta property=\"article:modified_time\" content=\"2025-09-10T09:53:26+00:00\" \/>\n<meta property=\"og:image\" content=\"https:\/\/wortie.com\/cdn-cgi\/image\/format=auto\/app\/uploads\/sites\/2\/2022\/07\/om-wortie.jpg\" \/>\n<meta name=\"twitter:card\" content=\"summary_large_image\" \/>\n<meta name=\"twitter:label1\" content=\"Ber\u00e4knad l\u00e4stid\" \/>\n\t<meta name=\"twitter:data1\" content=\"1 minut\" \/>\n<script type=\"application\/ld+json\" class=\"yoast-schema-graph\">{\"@context\":\"https:\/\/schema.org\",\"@graph\":[{\"@type\":\"WebPage\",\"@id\":\"https:\/\/wortie.com\/se\/om-wortie\/\",\"url\":\"https:\/\/wortie.com\/se\/om-wortie\/\",\"name\":\"Om Wortie - Wortie\",\"isPartOf\":{\"@id\":\"https:\/\/wortie.com\/se\/#website\"},\"primaryImageOfPage\":{\"@id\":\"https:\/\/wortie.com\/se\/om-wortie\/#primaryimage\"},\"image\":{\"@id\":\"https:\/\/wortie.com\/se\/om-wortie\/#primaryimage\"},\"thumbnailUrl\":\"https:\/\/wortie.com\/cdn-cgi\/image\/format=auto\/app\/uploads\/sites\/2\/2022\/07\/om-wortie.jpg\",\"datePublished\":\"2022-06-30T12:26:41+00:00\",\"dateModified\":\"2025-09-10T09:53:26+00:00\",\"description\":\"Wortie \u00e4r den s\u00e4kra l\u00f6sningen mot dina och din familjs v\u00e5rtor. Vi har produkter fr\u00e5n 4 \u00e5r och upp\u00e5t i form av l\u00f6sning, pl\u00e5ster och frysprodukter.\",\"breadcrumb\":{\"@id\":\"https:\/\/wortie.com\/se\/om-wortie\/#breadcrumb\"},\"inLanguage\":\"sv-SE\",\"potentialAction\":[{\"@type\":\"ReadAction\",\"target\":[\"https:\/\/wortie.com\/se\/om-wortie\/\"]}]},{\"@type\":\"ImageObject\",\"inLanguage\":\"sv-SE\",\"@id\":\"https:\/\/wortie.com\/se\/om-wortie\/#primaryimage\",\"url\":\"https:\/\/wortie.com\/cdn-cgi\/image\/format=auto\/app\/uploads\/sites\/2\/2022\/07\/om-wortie.jpg\",\"contentUrl\":\"https:\/\/wortie.com\/cdn-cgi\/image\/format=auto\/app\/uploads\/sites\/2\/2022\/07\/om-wortie.jpg\"},{\"@type\":\"BreadcrumbList\",\"@id\":\"https:\/\/wortie.com\/se\/om-wortie\/#breadcrumb\",\"itemListElement\":[{\"@type\":\"ListItem\",\"position\":1,\"name\":\"Home\",\"item\":\"https:\/\/wortie.com\/se\/\"},{\"@type\":\"ListItem\",\"position\":2,\"name\":\"Om Wortie\"}]},{\"@type\":\"WebSite\",\"@id\":\"https:\/\/wortie.com\/se\/#website\",\"url\":\"https:\/\/wortie.com\/se\/\",\"name\":\"Wortie\",\"description\":\"\",\"publisher\":{\"@id\":\"https:\/\/wortie.com\/se\/#organization\"},\"potentialAction\":[{\"@type\":\"SearchAction\",\"target\":{\"@type\":\"EntryPoint\",\"urlTemplate\":\"https:\/\/wortie.com\/se\/?s={search_term_string}\"},\"query-input\":{\"@type\":\"PropertyValueSpecification\",\"valueRequired\":true,\"valueName\":\"search_term_string\"}}],\"inLanguage\":\"sv-SE\"},{\"@type\":\"Organization\",\"@id\":\"https:\/\/wortie.com\/se\/#organization\",\"name\":\"Wortie\",\"url\":\"https:\/\/wortie.com\/se\/\",\"logo\":{\"@type\":\"ImageObject\",\"inLanguage\":\"sv-SE\",\"@id\":\"https:\/\/wortie.com\/se\/#\/schema\/logo\/image\/\",\"url\":\"https:\/\/wortie.com\/app\/uploads\/sites\/2\/2022\/06\/wortie-logotype.png\",\"contentUrl\":\"https:\/\/wortie.com\/app\/uploads\/sites\/2\/2022\/06\/wortie-logotype.png\",\"width\":116,\"height\":40,\"caption\":\"Wortie\"},\"image\":{\"@id\":\"https:\/\/wortie.com\/se\/#\/schema\/logo\/image\/\"}}]}<\/script>\n<!-- \/ Yoast SEO plugin. -->","yoast_head_json":{"title":"Om Wortie - Wortie","description":"Wortie \u00e4r den s\u00e4kra l\u00f6sningen mot dina och din familjs v\u00e5rtor. Vi har produkter fr\u00e5n 4 \u00e5r och upp\u00e5t i form av l\u00f6sning, pl\u00e5ster och frysprodukter.","robots":{"index":"index","follow":"follow","max-snippet":"max-snippet:-1","max-image-preview":"max-image-preview:large","max-video-preview":"max-video-preview:-1"},"canonical":"https:\/\/wortie.com\/se\/om-wortie\/","og_locale":"sv_SE","og_type":"article","og_title":"Om Wortie - Wortie","og_description":"Wortie \u00e4r den s\u00e4kra l\u00f6sningen mot dina och din familjs v\u00e5rtor. Vi har produkter fr\u00e5n 4 \u00e5r och upp\u00e5t i form av l\u00f6sning, pl\u00e5ster och frysprodukter.","og_url":"https:\/\/wortie.com\/se\/om-wortie\/","og_site_name":"Wortie","article_modified_time":"2025-09-10T09:53:26+00:00","og_image":[{"url":"https:\/\/wortie.com\/cdn-cgi\/image\/format=auto\/app\/uploads\/sites\/2\/2022\/07\/om-wortie.jpg","type":"","width":"","height":""}],"twitter_card":"summary_large_image","twitter_misc":{"Ber\u00e4knad l\u00e4stid":"1 minut"},"schema":{"@context":"https:\/\/schema.org","@graph":[{"@type":"WebPage","@id":"https:\/\/wortie.com\/se\/om-wortie\/","url":"https:\/\/wortie.com\/se\/om-wortie\/","name":"Om Wortie - Wortie","isPartOf":{"@id":"https:\/\/wortie.com\/se\/#website"},"primaryImageOfPage":{"@id":"https:\/\/wortie.com\/se\/om-wortie\/#primaryimage"},"image":{"@id":"https:\/\/wortie.com\/se\/om-wortie\/#primaryimage"},"thumbnailUrl":"https:\/\/wortie.com\/cdn-cgi\/image\/format=auto\/app\/uploads\/sites\/2\/2022\/07\/om-wortie.jpg","datePublished":"2022-06-30T12:26:41+00:00","dateModified":"2025-09-10T09:53:26+00:00","description":"Wortie \u00e4r den s\u00e4kra l\u00f6sningen mot dina och din familjs v\u00e5rtor. Vi har produkter fr\u00e5n 4 \u00e5r och upp\u00e5t i form av l\u00f6sning, pl\u00e5ster och frysprodukter.","breadcrumb":{"@id":"https:\/\/wortie.com\/se\/om-wortie\/#breadcrumb"},"inLanguage":"sv-SE","potentialAction":[{"@type":"ReadAction","target":["https:\/\/wortie.com\/se\/om-wortie\/"]}]},{"@type":"ImageObject","inLanguage":"sv-SE","@id":"https:\/\/wortie.com\/se\/om-wortie\/#primaryimage","url":"https:\/\/wortie.com\/cdn-cgi\/image\/format=auto\/app\/uploads\/sites\/2\/2022\/07\/om-wortie.jpg","contentUrl":"https:\/\/wortie.com\/cdn-cgi\/image\/format=auto\/app\/uploads\/sites\/2\/2022\/07\/om-wortie.jpg"},{"@type":"BreadcrumbList","@id":"https:\/\/wortie.com\/se\/om-wortie\/#breadcrumb","itemListElement":[{"@type":"ListItem","position":1,"name":"Home","item":"https:\/\/wortie.com\/se\/"},{"@type":"ListItem","position":2,"name":"Om Wortie"}]},{"@type":"WebSite","@id":"https:\/\/wortie.com\/se\/#website","url":"https:\/\/wortie.com\/se\/","name":"Wortie","description":"","publisher":{"@id":"https:\/\/wortie.com\/se\/#organization"},"potentialAction":[{"@type":"SearchAction","target":{"@type":"EntryPoint","urlTemplate":"https:\/\/wortie.com\/se\/?s={search_term_string}"},"query-input":{"@type":"PropertyValueSpecification","valueRequired":true,"valueName":"search_term_string"}}],"inLanguage":"sv-SE"},{"@type":"Organization","@id":"https:\/\/wortie.com\/se\/#organization","name":"Wortie","url":"https:\/\/wortie.com\/se\/","logo":{"@type":"ImageObject","inLanguage":"sv-SE","@id":"https:\/\/wortie.com\/se\/#\/schema\/logo\/image\/","url":"https:\/\/wortie.com\/app\/uploads\/sites\/2\/2022\/06\/wortie-logotype.png","contentUrl":"https:\/\/wortie.com\/app\/uploads\/sites\/2\/2022\/06\/wortie-logotype.png","width":116,"height":40,"caption":"Wortie"},"image":{"@id":"https:\/\/wortie.com\/se\/#\/schema\/logo\/image\/"}}]}},"_links":{"self":[{"href":"https:\/\/wortie.com\/se\/wp-json\/wp\/v2\/pages\/138","targetHints":{"allow":["GET"]}}],"collection":[{"href":"https:\/\/wortie.com\/se\/wp-json\/wp\/v2\/pages"}],"about":[{"href":"https:\/\/wortie.com\/se\/wp-json\/wp\/v2\/types\/page"}],"author":[{"embeddable":true,"href":"https:\/\/wortie.com\/se\/wp-json\/wp\/v2\/users\/2"}],"replies":[{"embeddable":true,"href":"https:\/\/wortie.com\/se\/wp-json\/wp\/v2\/comments?post=138"}],"version-history":[{"count":9,"href":"https:\/\/wortie.com\/se\/wp-json\/wp\/v2\/pages\/138\/revisions"}],"predecessor-version":[{"id":279,"href":"https:\/\/wortie.com\/se\/wp-json\/wp\/v2\/pages\/138\/revisions\/279"}],"wp:attachment":[{"href":"https:\/\/wortie.com\/se\/wp-json\/wp\/v2\/media?parent=138"}],"wp:term":[{"taxonomy":"from-article-database","embeddable":true,"href":"https:\/\/wortie.com\/se\/wp-json\/wp\/v2\/from-article-database?post=138"}],"curies":[{"name":"wp","href":"https:\/\/api.w.org\/{rel}","templated":true}]}}